{"id":2173,"date":"2025-04-20T20:27:05","date_gmt":"2025-04-20T18:27:05","guid":{"rendered":"https:\/\/zaverecne-prace.ucimesaweby.sk\/yelyzaveta\/?page_id=2173"},"modified":"2025-04-20T21:04:43","modified_gmt":"2025-04-20T19:04:43","slug":"2173-2","status":"publish","type":"page","link":"https:\/\/zaverecne-prace.ucimesaweby.sk\/yelyzaveta\/2173-2\/","title":{"rendered":""},"content":{"rendered":"\t\t<div data-elementor-type=\"wp-page\" data-elementor-id=\"2173\" class=\"elementor elementor-2173\">\n\t\t\t\t<div class=\"wpr-jarallax elementor-element elementor-element-dcfb448 wpr-jarallax-yes e-flex e-con-boxed wpr-particle-no wpr-parallax-no wpr-sticky-section-no e-con e-parent\" speed-data=\"1.4\" bg-image=\"https:\/\/zaverecne-prace.ucimesaweby.sk\/yelyzaveta\/wp-content\/uploads\/2025\/04\/pavel-s-4VKBTICefMc-unsplash-scaled.jpg\" scroll-effect=\"scroll\" data-id=\"dcfb448\" data-element_type=\"container\" data-settings=\"{&quot;background_background&quot;:&quot;classic&quot;}\">\n\t\t\t\t\t<div class=\"e-con-inner\">\n\t\t<div class=\"elementor-element elementor-element-d21b7e0 e-flex e-con-boxed wpr-particle-no wpr-jarallax-no wpr-parallax-no wpr-sticky-section-no e-con e-child\" data-id=\"d21b7e0\" data-element_type=\"container\">\n\t\t\t\t\t<div class=\"e-con-inner\">\n\t\t\t\t<div class=\"elementor-element elementor-element-e9fd9dc elementor-widget elementor-widget-heading\" data-id=\"e9fd9dc\" data-element_type=\"widget\" data-widget_type=\"heading.default\">\n\t\t\t\t<div class=\"elementor-widget-container\">\n\t\t\t\t\t<h1 class=\"elementor-heading-title elementor-size-default\">\u010cesko<\/h1>\t\t\t\t<\/div>\n\t\t\t\t<\/div>\n\t\t\t\t\t<\/div>\n\t\t\t\t<\/div>\n\t\t\t\t\t<\/div>\n\t\t\t\t<\/div>\n\t\t<div class=\"elementor-element elementor-element-500861b e-flex e-con-boxed wpr-jarallax-no wpr-parallax-no wpr-sticky-section-no e-con e-parent\" data-id=\"500861b\" data-element_type=\"container\">\n\t\t\t\t\t<div class=\"e-con-inner\">\n\t\t<div class=\"elementor-element elementor-element-7dbc6fb e-con-full e-flex wpr-particle-no wpr-jarallax-no wpr-parallax-no wpr-sticky-section-no e-con e-child\" data-id=\"7dbc6fb\" data-element_type=\"container\">\n\t\t\t\t<div class=\"elementor-element elementor-element-6658dc9 elementor-widget elementor-widget-heading\" data-id=\"6658dc9\" data-element_type=\"widget\" data-widget_type=\"heading.default\">\n\t\t\t\t<div class=\"elementor-widget-container\">\n\t\t\t\t\t<h4 class=\"elementor-heading-title elementor-size-default\">Str\u00e1nka zachyt\u00e1va v\u00fdznamn\u00e9 pam\u00e4tihodnosti \u010ceskej republiky, ktor\u00e9 utrpeli \u0161kody po\u010das vojnov\u00fdch konfliktov a ich \u00fasilie o zachovanie historickej hodnoty<\/h4>\t\t\t\t<\/div>\n\t\t\t\t<\/div>\n\t\t\t\t<\/div>\n\t\t\t\t\t<\/div>\n\t\t\t\t<\/div>\n\t\t<div class=\"elementor-element elementor-element-20289f7 e-grid e-con-boxed wpr-particle-no wpr-jarallax-no wpr-parallax-no wpr-sticky-section-no e-con e-parent\" data-id=\"20289f7\" data-element_type=\"container\">\n\t\t\t\t\t<div class=\"e-con-inner\">\n\t\t\t\t<div class=\"elementor-element elementor-element-4b53814 wpr-flip-box-back-align-left wpr-flip-box-animation-fade wpr-flip-box-front-align-center elementor-widget elementor-widget-wpr-flip-box\" data-id=\"4b53814\" data-element_type=\"widget\" data-widget_type=\"wpr-flip-box.default\">\n\t\t\t\t<div class=\"elementor-widget-container\">\n\t\t\t\t\t\t\t\t\n\t\t<div class=\"wpr-flip-box\" data-trigger=\"hover\">\n\t\t\t\n\t\t\t<div class=\"wpr-flip-box-item wpr-flip-box-front wpr-anim-timing-ease-default\">\n\n\t\t\t\t<div class=\"wpr-flip-box-overlay\"><\/div>\n\n\t\t\t\t<div class=\"wpr-flip-box-content\">\n\t\t\t\t\t\n\t\t\t\t\t\t\t\t\t\t\n\t\t\t\t\t\t\t\t\t\t\t<h3 class=\"wpr-flip-box-title\">Kl\u00e1\u0161tor Emauzy<\/h3>\n\t\t\t\t\t\n\t\t\t\t\t\t\t\t\t\t\t<div class=\"wpr-flip-box-description\"><p>Praha<\/p><\/div>\t\t\t\t\t\t\n\t\t\t\t\t\t\n\n\t\t\t\t\t\t\n\n\t\t\t\t<\/div>\n\t\t\t<\/div>\n\n\t\t\t<div class=\"wpr-flip-box-item wpr-flip-box-back wpr-anim-timing-ease-default\">\n\n\t\t\t\t<div class=\"wpr-flip-box-overlay\"><\/div>\n\t\t\t\t\n\t\t\t\t<div class=\"wpr-flip-box-content\">\n\t\t\t\t\t\n\t\t\t\t\t\t\t\t\t\t<a class=\"wpr-flip-box-link\" href=\"#\"><\/a>\t\n\t\t\t\t\t\n\t\t\t\t\t\t\t\t\t\t\n\t\t\t\t\t\n\t\t\t\t\t\t\t\t\t\t\t<div class=\"wpr-flip-box-description\"><p class=\"\" data-start=\"90\" data-end=\"672\">Kl\u00e1\u0161tor Emauzy bol zalo\u017een\u00fd v roku 1347 Karolom IV. ako jedin\u00e9 miesto, kde benedikt\u00edni sl\u00fa\u017eili liturgiu v staroslovien\u010dine. Po\u010das husitsk\u00fdch vojen a \u010fal\u0161\u00edch storo\u010d\u00ed menil duchovn\u00fd aj architektonick\u00fd charakter. Najv\u00e1\u017enej\u0161ie po\u0161kodenie utrpel 14. febru\u00e1ra 1945 pri n\u00e1lete USAF \u2013 boli zni\u010den\u00e9 barokov\u00e9 ve\u017ee, zr\u00fatila sa klenba kostola a vyhoreli gotick\u00e9 \u010dasti budov.<\/p><p class=\"\" data-start=\"90\" data-end=\"672\">Po vojne nasledovala obnova, pri ktorej vznikli ikonick\u00e9 \u017eelezobet\u00f3nov\u00e9 ve\u017ee pod\u013ea n\u00e1vrhu architekta Franti\u0161ka M. \u010cern\u00e9ho. Dnes Emauzy predstavuj\u00fa d\u00f4le\u017eit\u00fd symbol kult\u00farnej obnovy a kontinuity duchovn\u00e9ho \u017eivota v Prahe.<\/p><\/div>\t\t\t\t\t\t\n\t\t\t\t\t\t\n\n\t\t\t\t\t\t\n\n\t\t\t\t<\/div>\n\t\t\t<\/div>\n\t\t<\/div>\n\n\t\t\t\t\t\t<\/div>\n\t\t\t\t<\/div>\n\t\t\t\t<div class=\"elementor-element elementor-element-106b8c9 wpr-flip-box-animation-fade wpr-flip-box-back-align-left wpr-flip-box-front-align-center elementor-widget elementor-widget-wpr-flip-box\" data-id=\"106b8c9\" data-element_type=\"widget\" data-widget_type=\"wpr-flip-box.default\">\n\t\t\t\t<div class=\"elementor-widget-container\">\n\t\t\t\t\t\t\t\t\n\t\t<div class=\"wpr-flip-box\" data-trigger=\"hover\">\n\t\t\t\n\t\t\t<div class=\"wpr-flip-box-item wpr-flip-box-front wpr-anim-timing-ease-default\">\n\n\t\t\t\t<div class=\"wpr-flip-box-overlay\"><\/div>\n\n\t\t\t\t<div class=\"wpr-flip-box-content\">\n\t\t\t\t\t\n\t\t\t\t\t\t\t\t\t\t\n\t\t\t\t\t\t\t\t\t\t\t<h3 class=\"wpr-flip-box-title\">Vinohradsk\u00e1 synag\u00f3ga<\/h3>\n\t\t\t\t\t\n\t\t\t\t\t\t\t\t\t\t\t<div class=\"wpr-flip-box-description\"><p>Praha<\/p><\/div>\t\t\t\t\t\t\n\t\t\t\t\t\t\n\n\t\t\t\t\t\t\n\n\t\t\t\t<\/div>\n\t\t\t<\/div>\n\n\t\t\t<div class=\"wpr-flip-box-item wpr-flip-box-back wpr-anim-timing-ease-default\">\n\n\t\t\t\t<div class=\"wpr-flip-box-overlay\"><\/div>\n\t\t\t\t\n\t\t\t\t<div class=\"wpr-flip-box-content\">\n\t\t\t\t\t\n\t\t\t\t\t\t\t\t\t\t<a class=\"wpr-flip-box-link\" href=\"#\"><\/a>\t\n\t\t\t\t\t\n\t\t\t\t\t\t\t\t\t\t\n\t\t\t\t\t\n\t\t\t\t\t\t\t\t\t\t\t<div class=\"wpr-flip-box-description\"><p>Vinohradsk\u00e1 synag\u00f3ga bola postaven\u00e1 v rokoch 1893 \u2013 1896 pod\u013ea n\u00e1vrhu architekta Wilhelma Stiassneho ako odpove\u010f na rast\u00face \u017eidovsk\u00e9 obyvate\u013estvo v Prahe. Budova v orient\u00e1lnom neorenesan\u010dnom \u0161t\u00fdle mala kapacitu a\u017e 2000 os\u00f4b a patrila k najv\u00e4\u010d\u0161\u00edm synag\u00f3gam sveta.<\/p><p>Po\u010das druhej svetovej vojny bola vyu\u017e\u00edvan\u00e1 ako sklad zhaban\u00e9ho majetku. Tragicky bola zni\u010den\u00e1 14. febru\u00e1ra 1945 po\u010das spojeneck\u00e9ho bombardovania \u2013 vznikol po\u017eiar, ktor\u00fd sa pre z\u00e1kaz z\u00e1sahu hasi\u010dov neroz\u0161\u00edril. Zvy\u0161ky stavby boli v roku 1951 \u00faplne zb\u00faran\u00e9. Dnes na mieste synag\u00f3gy nie s\u00fa zachovan\u00e9 \u017eiadne vidite\u013en\u00e9 pozostatky tejto v\u00fdznamnej pamiatky.<\/p><\/div>\t\t\t\t\t\t\n\t\t\t\t\t\t\n\n\t\t\t\t\t\t\n\n\t\t\t\t<\/div>\n\t\t\t<\/div>\n\t\t<\/div>\n\n\t\t\t\t\t\t<\/div>\n\t\t\t\t<\/div>\n\t\t\t\t\t<\/div>\n\t\t\t\t<\/div>\n\t\t<div class=\"elementor-element elementor-element-8757bd6 e-flex e-con-boxed wpr-particle-no wpr-jarallax-no wpr-parallax-no wpr-sticky-section-no e-con e-parent\" data-id=\"8757bd6\" data-element_type=\"container\">\n\t\t\t\t\t<div class=\"e-con-inner\">\n\t\t\t\t<div class=\"elementor-element elementor-element-a6e6ea3 elementor-widget elementor-widget-spacer\" data-id=\"a6e6ea3\" data-element_type=\"widget\" data-widget_type=\"spacer.default\">\n\t\t\t\t<div class=\"elementor-widget-container\">\n\t\t\t\t\t\t\t<div class=\"elementor-spacer\">\n\t\t\t<div class=\"elementor-spacer-inner\"><\/div>\n\t\t<\/div>\n\t\t\t\t\t\t<\/div>\n\t\t\t\t<\/div>\n\t\t\t\t\t<\/div>\n\t\t\t\t<\/div>\n\t\t\t\t<\/div>\n\t\t","protected":false},"excerpt":{"rendered":"<p>\u010cesko Str\u00e1nka zachyt\u00e1va v\u00fdznamn\u00e9 pam\u00e4tihodnosti \u010ceskej republiky, ktor\u00e9 utrpeli \u0161kody po\u010das vojnov\u00fdch konfliktov a ich \u00fasilie o zachovanie historickej hodnoty Kl\u00e1\u0161tor Emauzy Praha Kl\u00e1\u0161tor Emauzy bol zalo\u017een\u00fd v roku 1347 Karolom IV. ako jedin\u00e9 miesto, kde benedikt\u00edni sl\u00fa\u017eili liturgiu v staroslovien\u010dine. Po\u010das husitsk\u00fdch vojen a \u010fal\u0161\u00edch storo\u010d\u00ed menil duchovn\u00fd aj architektonick\u00fd charakter. Najv\u00e1\u017enej\u0161ie po\u0161kodenie utrpel 14. febru\u00e1ra 1945 pri n\u00e1lete USAF \u2013 boli zni\u010den\u00e9 barokov\u00e9 ve\u017ee, zr\u00fatila sa klenba kostola a vyhoreli gotick\u00e9 \u010dasti budov. Po vojne nasledovala obnova, pri ktorej vznikli ikonick\u00e9 \u017eelezobet\u00f3nov\u00e9 ve\u017ee pod\u013ea n\u00e1vrhu architekta Franti\u0161ka M. \u010cern\u00e9ho. Dnes Emauzy predstavuj\u00fa d\u00f4le\u017eit\u00fd symbol kult\u00farnej obnovy a kontinuity duchovn\u00e9ho \u017eivota v Prahe. Vinohradsk\u00e1 synag\u00f3ga Praha Vinohradsk\u00e1 synag\u00f3ga bola postaven\u00e1 v rokoch 1893 \u2013 1896 pod\u013ea n\u00e1vrhu architekta Wilhelma Stiassneho ako odpove\u010f na rast\u00face \u017eidovsk\u00e9 obyvate\u013estvo v Prahe. Budova v orient\u00e1lnom neorenesan\u010dnom \u0161t\u00fdle mala kapacitu a\u017e 2000 os\u00f4b a patrila k najv\u00e4\u010d\u0161\u00edm synag\u00f3gam sveta. Po\u010das druhej svetovej vojny bola vyu\u017e\u00edvan\u00e1 ako sklad zhaban\u00e9ho majetku. Tragicky bola zni\u010den\u00e1 14. febru\u00e1ra 1945 po\u010das spojeneck\u00e9ho bombardovania \u2013 vznikol po\u017eiar, ktor\u00fd sa pre z\u00e1kaz z\u00e1sahu hasi\u010dov neroz\u0161\u00edril. Zvy\u0161ky stavby boli v roku 1951 \u00faplne zb\u00faran\u00e9. Dnes na mieste synag\u00f3gy nie s\u00fa zachovan\u00e9 \u017eiadne vidite\u013en\u00e9 pozostatky tejto v\u00fdznamnej pamiatky.<\/p>\n","protected":false},"author":1,"featured_media":0,"parent":0,"menu_order":0,"comment_status":"closed","ping_status":"closed","template":"","meta":{"footnotes":""},"class_list":["post-2173","page","type-page","status-publish","hentry"],"_links":{"self":[{"href":"https:\/\/zaverecne-prace.ucimesaweby.sk\/yelyzaveta\/wp-json\/wp\/v2\/pages\/2173","targetHints":{"allow":["GET"]}}],"collection":[{"href":"https:\/\/zaverecne-prace.ucimesaweby.sk\/yelyzaveta\/wp-json\/wp\/v2\/pages"}],"about":[{"href":"https:\/\/zaverecne-prace.ucimesaweby.sk\/yelyzaveta\/wp-json\/wp\/v2\/types\/page"}],"author":[{"embeddable":true,"href":"https:\/\/zaverecne-prace.ucimesaweby.sk\/yelyzaveta\/wp-json\/wp\/v2\/users\/1"}],"replies":[{"embeddable":true,"href":"https:\/\/zaverecne-prace.ucimesaweby.sk\/yelyzaveta\/wp-json\/wp\/v2\/comments?post=2173"}],"version-history":[{"count":15,"href":"https:\/\/zaverecne-prace.ucimesaweby.sk\/yelyzaveta\/wp-json\/wp\/v2\/pages\/2173\/revisions"}],"predecessor-version":[{"id":2207,"href":"https:\/\/zaverecne-prace.ucimesaweby.sk\/yelyzaveta\/wp-json\/wp\/v2\/pages\/2173\/revisions\/2207"}],"wp:attachment":[{"href":"https:\/\/zaverecne-prace.ucimesaweby.sk\/yelyzaveta\/wp-json\/wp\/v2\/media?parent=2173"}],"curies":[{"name":"wp","href":"https:\/\/api.w.org\/{rel}","templated":true}]}}