{"id":2104,"date":"2025-04-20T18:43:18","date_gmt":"2025-04-20T16:43:18","guid":{"rendered":"https:\/\/zaverecne-prace.ucimesaweby.sk\/yelyzaveta\/?page_id=2104"},"modified":"2025-04-20T21:05:25","modified_gmt":"2025-04-20T19:05:25","slug":"polsko","status":"publish","type":"page","link":"https:\/\/zaverecne-prace.ucimesaweby.sk\/yelyzaveta\/polsko\/","title":{"rendered":""},"content":{"rendered":"\t\t<div data-elementor-type=\"wp-page\" data-elementor-id=\"2104\" class=\"elementor elementor-2104\">\n\t\t\t\t<div class=\"wpr-jarallax elementor-element elementor-element-dcfb448 wpr-jarallax-yes e-flex e-con-boxed wpr-particle-no wpr-parallax-no wpr-sticky-section-no e-con e-parent\" speed-data=\"1.4\" bg-image=\"https:\/\/zaverecne-prace.ucimesaweby.sk\/yelyzaveta\/wp-content\/uploads\/2025\/04\/iwona-castiello-d-antonio-KWcQ6_dk_OM-unsplash-scaled.jpg\" scroll-effect=\"scroll\" data-id=\"dcfb448\" data-element_type=\"container\" data-settings=\"{&quot;background_background&quot;:&quot;classic&quot;}\">\n\t\t\t\t\t<div class=\"e-con-inner\">\n\t\t<div class=\"elementor-element elementor-element-d21b7e0 e-flex e-con-boxed wpr-particle-no wpr-jarallax-no wpr-parallax-no wpr-sticky-section-no e-con e-child\" data-id=\"d21b7e0\" data-element_type=\"container\">\n\t\t\t\t\t<div class=\"e-con-inner\">\n\t\t\t\t<div class=\"elementor-element elementor-element-e9fd9dc elementor-widget elementor-widget-heading\" data-id=\"e9fd9dc\" data-element_type=\"widget\" data-widget_type=\"heading.default\">\n\t\t\t\t<div class=\"elementor-widget-container\">\n\t\t\t\t\t<h1 class=\"elementor-heading-title elementor-size-default\">Po\u013esko<\/h1>\t\t\t\t<\/div>\n\t\t\t\t<\/div>\n\t\t\t\t\t<\/div>\n\t\t\t\t<\/div>\n\t\t\t\t\t<\/div>\n\t\t\t\t<\/div>\n\t\t<div class=\"elementor-element elementor-element-500861b e-flex e-con-boxed wpr-jarallax-no wpr-parallax-no wpr-sticky-section-no e-con e-parent\" data-id=\"500861b\" data-element_type=\"container\">\n\t\t\t\t\t<div class=\"e-con-inner\">\n\t\t<div class=\"elementor-element elementor-element-7dbc6fb e-con-full e-flex wpr-particle-no wpr-jarallax-no wpr-parallax-no wpr-sticky-section-no e-con e-child\" data-id=\"7dbc6fb\" data-element_type=\"container\">\n\t\t\t\t<div class=\"elementor-element elementor-element-6658dc9 elementor-widget elementor-widget-heading\" data-id=\"6658dc9\" data-element_type=\"widget\" data-widget_type=\"heading.default\">\n\t\t\t\t<div class=\"elementor-widget-container\">\n\t\t\t\t\t<h4 class=\"elementor-heading-title elementor-size-default\">Na tejto str\u00e1nke sa venujeme po\u013esk\u00fdm kult\u00farnym pamiatkam, ktor\u00e9 boli zni\u010den\u00e9 po\u010das druhej svetovej vojny a nesk\u00f4r obnoven\u00e9 ako symboly historickej pam\u00e4te.<\/h4>\t\t\t\t<\/div>\n\t\t\t\t<\/div>\n\t\t\t\t<\/div>\n\t\t\t\t\t<\/div>\n\t\t\t\t<\/div>\n\t\t<div class=\"elementor-element elementor-element-20289f7 e-grid e-con-boxed wpr-particle-no wpr-jarallax-no wpr-parallax-no wpr-sticky-section-no e-con e-parent\" data-id=\"20289f7\" data-element_type=\"container\">\n\t\t\t\t\t<div class=\"e-con-inner\">\n\t\t\t\t<div class=\"elementor-element elementor-element-4b53814 wpr-flip-box-back-align-left wpr-flip-box-animation-fade wpr-flip-box-front-align-center elementor-widget elementor-widget-wpr-flip-box\" data-id=\"4b53814\" data-element_type=\"widget\" data-widget_type=\"wpr-flip-box.default\">\n\t\t\t\t<div class=\"elementor-widget-container\">\n\t\t\t\t\t\t\t\t\n\t\t<div class=\"wpr-flip-box\" data-trigger=\"hover\">\n\t\t\t\n\t\t\t<div class=\"wpr-flip-box-item wpr-flip-box-front wpr-anim-timing-ease-default\">\n\n\t\t\t\t<div class=\"wpr-flip-box-overlay\"><\/div>\n\n\t\t\t\t<div class=\"wpr-flip-box-content\">\n\t\t\t\t\t\n\t\t\t\t\t\t\t\t\t\t\n\t\t\t\t\t\t\t\t\t\t\t<h3 class=\"wpr-flip-box-title\">Star\u00e9 Mesto <\/h3>\n\t\t\t\t\t\n\t\t\t\t\t\t\t\t\t\t\t<div class=\"wpr-flip-box-description\"><p>Var\u0161ava<\/p><\/div>\t\t\t\t\t\t\n\t\t\t\t\t\t\n\n\t\t\t\t\t\t\n\n\t\t\t\t<\/div>\n\t\t\t<\/div>\n\n\t\t\t<div class=\"wpr-flip-box-item wpr-flip-box-back wpr-anim-timing-ease-default\">\n\n\t\t\t\t<div class=\"wpr-flip-box-overlay\"><\/div>\n\t\t\t\t\n\t\t\t\t<div class=\"wpr-flip-box-content\">\n\t\t\t\t\t\n\t\t\t\t\t\t\t\t\t\t<a class=\"wpr-flip-box-link\" href=\"#\"><\/a>\t\n\t\t\t\t\t\n\t\t\t\t\t\t\t\t\t\t\n\t\t\t\t\t\n\t\t\t\t\t\t\t\t\t\t\t<div class=\"wpr-flip-box-description\"><p>Po\u010das druhej svetovej vojny bolo Star\u00e9 Mesto vo Var\u0161ave zni\u010den\u00e9 na viac ne\u017e 80 %. U\u017e vo febru\u00e1ri 1945 vznikol \u00darad pre obnovu Var\u0161avy, ktor\u00fd koordinoval rekon\u0161trukciu. Odborn\u00edci ozna\u010dili zachovan\u00e9 fragmenty budov, aby ich ochr\u00e1nili, a obnovu realizovali na z\u00e1klade historick\u00fdch kresieb, fotografi\u00ed a zvy\u0161kov stavieb.<\/p><p>Obnova prebiehala do roku 1953 a zah\u0155\u0148ala Kr\u00e1\u013eovsk\u00fd z\u00e1mok, pal\u00e1ce aj hradby. V roku 1980 bolo Star\u00e9 Mesto zap\u00edsan\u00e9 do Zoznamu svetov\u00e9ho dedi\u010dstva UNESCO ako v\u00fdnimo\u010dn\u00fd pr\u00edklad kompletnej povojnovej rekon\u0161trukcie historickej z\u00f3ny. Var\u0161ava sa tak stala symbolom kult\u00farnej odolnosti a obnovy identity..<\/p><\/div>\t\t\t\t\t\t\n\t\t\t\t\t\t\n\n\t\t\t\t\t\t\n\n\t\t\t\t<\/div>\n\t\t\t<\/div>\n\t\t<\/div>\n\n\t\t\t\t\t\t<\/div>\n\t\t\t\t<\/div>\n\t\t\t\t<div class=\"elementor-element elementor-element-106b8c9 wpr-flip-box-animation-fade wpr-flip-box-back-align-left wpr-flip-box-front-align-center elementor-widget elementor-widget-wpr-flip-box\" data-id=\"106b8c9\" data-element_type=\"widget\" data-widget_type=\"wpr-flip-box.default\">\n\t\t\t\t<div class=\"elementor-widget-container\">\n\t\t\t\t\t\t\t\t\n\t\t<div class=\"wpr-flip-box\" data-trigger=\"hover\">\n\t\t\t\n\t\t\t<div class=\"wpr-flip-box-item wpr-flip-box-front wpr-anim-timing-ease-default\">\n\n\t\t\t\t<div class=\"wpr-flip-box-overlay\"><\/div>\n\n\t\t\t\t<div class=\"wpr-flip-box-content\">\n\t\t\t\t\t\n\t\t\t\t\t\t\t\t\t\t\n\t\t\t\t\t\t\t\t\t\t\t<h3 class=\"wpr-flip-box-title\">Kr\u00e1\u013eovsk\u00fd hrad<\/h3>\n\t\t\t\t\t\n\t\t\t\t\t\t\t\t\t\t\t<div class=\"wpr-flip-box-description\"><p>Var\u0161ava<\/p><\/div>\t\t\t\t\t\t\n\t\t\t\t\t\t\n\n\t\t\t\t\t\t\n\n\t\t\t\t<\/div>\n\t\t\t<\/div>\n\n\t\t\t<div class=\"wpr-flip-box-item wpr-flip-box-back wpr-anim-timing-ease-default\">\n\n\t\t\t\t<div class=\"wpr-flip-box-overlay\"><\/div>\n\t\t\t\t\n\t\t\t\t<div class=\"wpr-flip-box-content\">\n\t\t\t\t\t\n\t\t\t\t\t\t\t\t\t\t<a class=\"wpr-flip-box-link\" href=\"#\"><\/a>\t\n\t\t\t\t\t\n\t\t\t\t\t\t\t\t\t\t\n\t\t\t\t\t\n\t\t\t\t\t\t\t\t\t\t\t<div class=\"wpr-flip-box-description\"><p class=\"\" data-start=\"117\" data-end=\"781\">Kr\u00e1\u013eovsk\u00fd z\u00e1mok vznikol koncom 13. storo\u010dia a postupne sa stal s\u00eddlom po\u013esk\u00fdch kr\u00e1\u013eov a politick\u00fdm centrom krajiny. Po\u010das nemeckej okup\u00e1cie bol v septembri 1939 po\u0161koden\u00fd a v novembri 1944 \u00faplne zni\u010den\u00fd v\u00fdbuchmi nacistick\u00fdch jednotiek. Zo stavby sa zachovalo len nieko\u013eko fragmentov.<\/p><p class=\"\" data-start=\"117\" data-end=\"781\">Obnova z\u00e1mku sa za\u010dala a\u017e v roku 1971 z iniciat\u00edvy verejnosti a \u0161t\u00e1tu. Hrub\u00e1 stavba bola dokon\u010den\u00e1 v roku 1974, interi\u00e9ry zre\u0161taurovan\u00e9 do roku 1984, kedy bol z\u00e1mok spr\u00edstupnen\u00fd verejnosti ako symbol n\u00e1rodnej identity a historickej kontinuity Po\u013eska.<\/p><\/div>\t\t\t\t\t\t\n\t\t\t\t\t\t\n\n\t\t\t\t\t\t\n\n\t\t\t\t<\/div>\n\t\t\t<\/div>\n\t\t<\/div>\n\n\t\t\t\t\t\t<\/div>\n\t\t\t\t<\/div>\n\t\t\t\t\t<\/div>\n\t\t\t\t<\/div>\n\t\t<div class=\"elementor-element elementor-element-b44b704 e-flex e-con-boxed wpr-particle-no wpr-jarallax-no wpr-parallax-no wpr-sticky-section-no e-con e-parent\" data-id=\"b44b704\" data-element_type=\"container\">\n\t\t\t\t\t<div class=\"e-con-inner\">\n\t\t\t\t<div class=\"elementor-element elementor-element-f86fc03 wpr-flip-box-animation-fade wpr-flip-box-back-align-left wpr-flip-box-front-align-center elementor-widget elementor-widget-wpr-flip-box\" data-id=\"f86fc03\" data-element_type=\"widget\" data-widget_type=\"wpr-flip-box.default\">\n\t\t\t\t<div class=\"elementor-widget-container\">\n\t\t\t\t\t\t\t\t\n\t\t<div class=\"wpr-flip-box\" data-trigger=\"hover\">\n\t\t\t\n\t\t\t<div class=\"wpr-flip-box-item wpr-flip-box-front wpr-anim-timing-ease-default\">\n\n\t\t\t\t<div class=\"wpr-flip-box-overlay\"><\/div>\n\n\t\t\t\t<div class=\"wpr-flip-box-content\">\n\t\t\t\t\t\n\t\t\t\t\t\t\t\t\t\t\n\t\t\t\t\t\t\t\t\t\t\t<h3 class=\"wpr-flip-box-title\">Kostol sv. J\u00e1na<\/h3>\n\t\t\t\t\t\n\t\t\t\t\t\t\t\t\t\t\t<div class=\"wpr-flip-box-description\"><p>Gdansk<\/p><\/div>\t\t\t\t\t\t\n\t\t\t\t\t\t\n\n\t\t\t\t\t\t\n\n\t\t\t\t<\/div>\n\t\t\t<\/div>\n\n\t\t\t<div class=\"wpr-flip-box-item wpr-flip-box-back wpr-anim-timing-ease-default\">\n\n\t\t\t\t<div class=\"wpr-flip-box-overlay\"><\/div>\n\t\t\t\t\n\t\t\t\t<div class=\"wpr-flip-box-content\">\n\t\t\t\t\t\n\t\t\t\t\t\t\t\t\t\t<a class=\"wpr-flip-box-link\" href=\"#\"><\/a>\t\n\t\t\t\t\t\n\t\t\t\t\t\t\t\t\t\t\n\t\t\t\t\t\n\t\t\t\t\t\t\t\t\t\t\t<div class=\"wpr-flip-box-description\"><p class=\"\" data-start=\"102\" data-end=\"726\">Gotick\u00fd kostol sv. J\u00e1na z 14. storo\u010dia bol v\u00e1\u017ene po\u0161koden\u00fd po\u010das bojov v roku 1945 \u2013 po\u017eiar zni\u010dil strechu a \u010dasti klenieb. Po vojne zost\u00e1val dlhodobo nevyu\u017e\u00edvan\u00fd. Obnova sa za\u010dala a\u017e po roku 1991, ke\u010f bol kostol odovzdan\u00fd Gdanskej arcidiec\u00e9ze. V rokoch 2009 \u2013 2012 prebehla rozsiahla rekon\u0161trukcia v\u010faka Region\u00e1lnemu opera\u010dn\u00e9mu programu.<\/p><p class=\"\" data-start=\"102\" data-end=\"726\">Kostol bol adaptovan\u00fd na kult\u00farne centrum \u2013 obnovili sa fas\u00e1dy, interi\u00e9r, umeleck\u00e9 diela a boli doplnen\u00e9 technol\u00f3gie na organizovanie podujat\u00ed. Dnes ako Centrum sv. J\u00e1na sl\u00fa\u017ei na koncerty, v\u00fdstavy a divadeln\u00e9 predstavenia, sp\u00e1jaj\u00fac historick\u00fa hodnotu s modernou kult\u00farnou funkciou.<\/p><\/div>\t\t\t\t\t\t\n\t\t\t\t\t\t\n\n\t\t\t\t\t\t\n\n\t\t\t\t<\/div>\n\t\t\t<\/div>\n\t\t<\/div>\n\n\t\t\t\t\t\t<\/div>\n\t\t\t\t<\/div>\n\t\t\t\t\t<\/div>\n\t\t\t\t<\/div>\n\t\t<div class=\"elementor-element elementor-element-662e8e8 e-flex e-con-boxed wpr-particle-no wpr-jarallax-no wpr-parallax-no wpr-sticky-section-no e-con e-parent\" data-id=\"662e8e8\" data-element_type=\"container\">\n\t\t\t\t\t<div class=\"e-con-inner\">\n\t\t\t\t<div class=\"elementor-element elementor-element-1048cdf elementor-widget elementor-widget-spacer\" data-id=\"1048cdf\" data-element_type=\"widget\" data-widget_type=\"spacer.default\">\n\t\t\t\t<div class=\"elementor-widget-container\">\n\t\t\t\t\t\t\t<div class=\"elementor-spacer\">\n\t\t\t<div class=\"elementor-spacer-inner\"><\/div>\n\t\t<\/div>\n\t\t\t\t\t\t<\/div>\n\t\t\t\t<\/div>\n\t\t\t\t\t<\/div>\n\t\t\t\t<\/div>\n\t\t\t\t<\/div>\n\t\t","protected":false},"excerpt":{"rendered":"<p>Po\u013esko Na tejto str\u00e1nke sa venujeme po\u013esk\u00fdm kult\u00farnym pamiatkam, ktor\u00e9 boli zni\u010den\u00e9 po\u010das druhej svetovej vojny a nesk\u00f4r obnoven\u00e9 ako symboly historickej pam\u00e4te. Star\u00e9 Mesto Var\u0161ava Po\u010das druhej svetovej vojny bolo Star\u00e9 Mesto vo Var\u0161ave zni\u010den\u00e9 na viac ne\u017e 80 %. U\u017e vo febru\u00e1ri 1945 vznikol \u00darad pre obnovu Var\u0161avy, ktor\u00fd koordinoval rekon\u0161trukciu. Odborn\u00edci ozna\u010dili zachovan\u00e9 fragmenty budov, aby ich ochr\u00e1nili, a obnovu realizovali na z\u00e1klade historick\u00fdch kresieb, fotografi\u00ed a zvy\u0161kov stavieb. Obnova prebiehala do roku 1953 a zah\u0155\u0148ala Kr\u00e1\u013eovsk\u00fd z\u00e1mok, pal\u00e1ce aj hradby. V roku 1980 bolo Star\u00e9 Mesto zap\u00edsan\u00e9 do Zoznamu svetov\u00e9ho dedi\u010dstva UNESCO ako v\u00fdnimo\u010dn\u00fd pr\u00edklad kompletnej povojnovej rekon\u0161trukcie historickej z\u00f3ny. Var\u0161ava sa tak stala symbolom kult\u00farnej odolnosti a obnovy identity.. Kr\u00e1\u013eovsk\u00fd hrad Var\u0161ava Kr\u00e1\u013eovsk\u00fd z\u00e1mok vznikol koncom 13. storo\u010dia a postupne sa stal s\u00eddlom po\u013esk\u00fdch kr\u00e1\u013eov a politick\u00fdm centrom krajiny. Po\u010das nemeckej okup\u00e1cie bol v septembri 1939 po\u0161koden\u00fd a v novembri 1944 \u00faplne zni\u010den\u00fd v\u00fdbuchmi nacistick\u00fdch jednotiek. Zo stavby sa zachovalo len nieko\u013eko fragmentov. Obnova z\u00e1mku sa za\u010dala a\u017e v roku 1971 z iniciat\u00edvy verejnosti a \u0161t\u00e1tu. Hrub\u00e1 stavba bola dokon\u010den\u00e1 v roku 1974, interi\u00e9ry zre\u0161taurovan\u00e9 do roku 1984, kedy bol z\u00e1mok spr\u00edstupnen\u00fd verejnosti ako symbol n\u00e1rodnej identity a historickej kontinuity Po\u013eska. Kostol sv. J\u00e1na Gdansk Gotick\u00fd kostol sv. J\u00e1na z 14. storo\u010dia bol v\u00e1\u017ene po\u0161koden\u00fd po\u010das bojov v roku 1945 \u2013 po\u017eiar zni\u010dil strechu a \u010dasti klenieb. Po vojne zost\u00e1val dlhodobo nevyu\u017e\u00edvan\u00fd. Obnova sa za\u010dala a\u017e po roku 1991, ke\u010f bol kostol odovzdan\u00fd Gdanskej arcidiec\u00e9ze. V rokoch 2009 \u2013 2012 prebehla rozsiahla rekon\u0161trukcia v\u010faka Region\u00e1lnemu opera\u010dn\u00e9mu programu. Kostol bol adaptovan\u00fd na kult\u00farne centrum \u2013 obnovili sa fas\u00e1dy, interi\u00e9r, umeleck\u00e9 diela a boli doplnen\u00e9 technol\u00f3gie na organizovanie podujat\u00ed. Dnes ako Centrum sv. J\u00e1na sl\u00fa\u017ei na koncerty, v\u00fdstavy a divadeln\u00e9 predstavenia, sp\u00e1jaj\u00fac historick\u00fa hodnotu s modernou kult\u00farnou funkciou.<\/p>\n","protected":false},"author":1,"featured_media":0,"parent":0,"menu_order":0,"comment_status":"closed","ping_status":"closed","template":"","meta":{"footnotes":""},"class_list":["post-2104","page","type-page","status-publish","hentry"],"_links":{"self":[{"href":"https:\/\/zaverecne-prace.ucimesaweby.sk\/yelyzaveta\/wp-json\/wp\/v2\/pages\/2104","targetHints":{"allow":["GET"]}}],"collection":[{"href":"https:\/\/zaverecne-prace.ucimesaweby.sk\/yelyzaveta\/wp-json\/wp\/v2\/pages"}],"about":[{"href":"https:\/\/zaverecne-prace.ucimesaweby.sk\/yelyzaveta\/wp-json\/wp\/v2\/types\/page"}],"author":[{"embeddable":true,"href":"https:\/\/zaverecne-prace.ucimesaweby.sk\/yelyzaveta\/wp-json\/wp\/v2\/users\/1"}],"replies":[{"embeddable":true,"href":"https:\/\/zaverecne-prace.ucimesaweby.sk\/yelyzaveta\/wp-json\/wp\/v2\/comments?post=2104"}],"version-history":[{"count":11,"href":"https:\/\/zaverecne-prace.ucimesaweby.sk\/yelyzaveta\/wp-json\/wp\/v2\/pages\/2104\/revisions"}],"predecessor-version":[{"id":2213,"href":"https:\/\/zaverecne-prace.ucimesaweby.sk\/yelyzaveta\/wp-json\/wp\/v2\/pages\/2104\/revisions\/2213"}],"wp:attachment":[{"href":"https:\/\/zaverecne-prace.ucimesaweby.sk\/yelyzaveta\/wp-json\/wp\/v2\/media?parent=2104"}],"curies":[{"name":"wp","href":"https:\/\/api.w.org\/{rel}","templated":true}]}}