{"id":2098,"date":"2025-04-18T01:36:28","date_gmt":"2025-04-17T23:36:28","guid":{"rendered":"https:\/\/zaverecne-prace.ucimesaweby.sk\/yelyzaveta\/?page_id=2098"},"modified":"2025-04-20T20:59:12","modified_gmt":"2025-04-20T18:59:12","slug":"ukrajina","status":"publish","type":"page","link":"https:\/\/zaverecne-prace.ucimesaweby.sk\/yelyzaveta\/ukrajina\/","title":{"rendered":""},"content":{"rendered":"\t\t<div data-elementor-type=\"wp-page\" data-elementor-id=\"2098\" class=\"elementor elementor-2098\">\n\t\t\t\t<div class=\"wpr-jarallax elementor-element elementor-element-dcfb448 wpr-jarallax-yes e-flex e-con-boxed wpr-particle-no wpr-parallax-no wpr-sticky-section-no e-con e-parent\" speed-data=\"1.4\" bg-image=\"https:\/\/zaverecne-prace.ucimesaweby.sk\/yelyzaveta\/wp-content\/uploads\/2025\/04\/glib-albovsky-4aHWCy-qJQY-unsplash-scaled.jpg\" scroll-effect=\"scroll\" data-id=\"dcfb448\" data-element_type=\"container\" data-settings=\"{&quot;background_background&quot;:&quot;classic&quot;}\">\n\t\t\t\t\t<div class=\"e-con-inner\">\n\t\t<div class=\"elementor-element elementor-element-d21b7e0 e-flex e-con-boxed wpr-particle-no wpr-jarallax-no wpr-parallax-no wpr-sticky-section-no e-con e-child\" data-id=\"d21b7e0\" data-element_type=\"container\">\n\t\t\t\t\t<div class=\"e-con-inner\">\n\t\t\t\t<div class=\"elementor-element elementor-element-e9fd9dc elementor-widget elementor-widget-heading\" data-id=\"e9fd9dc\" data-element_type=\"widget\" data-widget_type=\"heading.default\">\n\t\t\t\t<div class=\"elementor-widget-container\">\n\t\t\t\t\t<h1 class=\"elementor-heading-title elementor-size-default\">Ukrajina<\/h1>\t\t\t\t<\/div>\n\t\t\t\t<\/div>\n\t\t\t\t\t<\/div>\n\t\t\t\t<\/div>\n\t\t\t\t\t<\/div>\n\t\t\t\t<\/div>\n\t\t<div class=\"elementor-element elementor-element-500861b e-flex e-con-boxed wpr-jarallax-no wpr-parallax-no wpr-sticky-section-no e-con e-parent\" data-id=\"500861b\" data-element_type=\"container\">\n\t\t\t\t\t<div class=\"e-con-inner\">\n\t\t<div class=\"elementor-element elementor-element-7dbc6fb e-con-full e-flex wpr-particle-no wpr-jarallax-no wpr-parallax-no wpr-sticky-section-no e-con e-child\" data-id=\"7dbc6fb\" data-element_type=\"container\">\n\t\t\t\t<div class=\"elementor-element elementor-element-6658dc9 elementor-widget elementor-widget-heading\" data-id=\"6658dc9\" data-element_type=\"widget\" data-widget_type=\"heading.default\">\n\t\t\t\t<div class=\"elementor-widget-container\">\n\t\t\t\t\t<h4 class=\"elementor-heading-title elementor-size-default\">T\u00e1to \u010das\u0165 dokumentuje kult\u00farne pamiatky na Ukrajine po\u0161koden\u00e9 po\u010das historick\u00fdch udalost\u00ed, pri\u010dom poukazuje na ich v\u00fdznam pre n\u00e1rodn\u00fa identitu a historick\u00fa pam\u00e4\u0165 krajiny<\/h4>\t\t\t\t<\/div>\n\t\t\t\t<\/div>\n\t\t\t\t<\/div>\n\t\t\t\t\t<\/div>\n\t\t\t\t<\/div>\n\t\t<div class=\"elementor-element elementor-element-20289f7 e-grid e-con-boxed wpr-particle-no wpr-jarallax-no wpr-parallax-no wpr-sticky-section-no e-con e-parent\" data-id=\"20289f7\" data-element_type=\"container\">\n\t\t\t\t\t<div class=\"e-con-inner\">\n\t\t\t\t<div class=\"elementor-element elementor-element-4b53814 wpr-flip-box-back-align-left wpr-flip-box-animation-fade wpr-flip-box-front-align-center elementor-widget elementor-widget-wpr-flip-box\" data-id=\"4b53814\" data-element_type=\"widget\" data-widget_type=\"wpr-flip-box.default\">\n\t\t\t\t<div class=\"elementor-widget-container\">\n\t\t\t\t\t\t\t\t\n\t\t<div class=\"wpr-flip-box\" data-trigger=\"hover\">\n\t\t\t\n\t\t\t<div class=\"wpr-flip-box-item wpr-flip-box-front wpr-anim-timing-ease-default\">\n\n\t\t\t\t<div class=\"wpr-flip-box-overlay\"><\/div>\n\n\t\t\t\t<div class=\"wpr-flip-box-content\">\n\t\t\t\t\t\n\t\t\t\t\t\t\t\t\t\t\n\t\t\t\t\t\t\t\t\t\t\t<h3 class=\"wpr-flip-box-title\">Der\u017eprom<\/h3>\n\t\t\t\t\t\n\t\t\t\t\t\t\t\t\t\t\t<div class=\"wpr-flip-box-description\"><p>Charkov<\/p><\/div>\t\t\t\t\t\t\n\t\t\t\t\t\t\n\n\t\t\t\t\t\t\n\n\t\t\t\t<\/div>\n\t\t\t<\/div>\n\n\t\t\t<div class=\"wpr-flip-box-item wpr-flip-box-back wpr-anim-timing-ease-default\">\n\n\t\t\t\t<div class=\"wpr-flip-box-overlay\"><\/div>\n\t\t\t\t\n\t\t\t\t<div class=\"wpr-flip-box-content\">\n\t\t\t\t\t\n\t\t\t\t\t\t\t\t\t\t<a class=\"wpr-flip-box-link\" href=\"#\"><\/a>\t\n\t\t\t\t\t\n\t\t\t\t\t\t\t\t\t\t\n\t\t\t\t\t\n\t\t\t\t\t\t\t\t\t\t\t<div class=\"wpr-flip-box-description\"><p>Der\u017eprom bol postaven\u00fd v rokoch 1925 \u2013 1928 ako symbol industrializ\u00e1cie Ukrajinskej SSR. Navrhnut\u00e1 v \u0161t\u00fdle kon\u0161truktivizmu, pozost\u00e1va z deviatich prepojen\u00fdch blokov a predstavovala vrchol technologickej a architektonickej moderny svojej doby.<\/p><p>Po\u010das druhej svetovej vojny budovu opustili, \u010diasto\u010dne ju po\u0161kodili po\u017eiare, no pokus o vyhodenie do vzduchu sa neuskuto\u010dnil v\u010faka z\u00e1sahu anonymn\u00e9ho jednotlivca. Od roku 2022 bola viackr\u00e1t zasiahnut\u00e1 po\u010das ruskej inv\u00e1zie \u2013 najv\u00e1\u017enej\u0161ie 28. okt\u00f3bra 2024, ke\u010f bomba KAB-500 zni\u010dila tri podla\u017eia. Napriek tomu Der\u017eprom zost\u00e1va d\u00f4le\u017eit\u00fdm symbolom modernizmu a je zaraden\u00fd medzi objekty UNESCO vy\u017eaduj\u00face zv\u00fd\u0161en\u00fa ochranu.<\/p><\/div>\t\t\t\t\t\t\n\t\t\t\t\t\t\n\n\t\t\t\t\t\t\n\n\t\t\t\t<\/div>\n\t\t\t<\/div>\n\t\t<\/div>\n\n\t\t\t\t\t\t<\/div>\n\t\t\t\t<\/div>\n\t\t\t\t<div class=\"elementor-element elementor-element-106b8c9 wpr-flip-box-animation-fade wpr-flip-box-back-align-left wpr-flip-box-front-align-center elementor-widget elementor-widget-wpr-flip-box\" data-id=\"106b8c9\" data-element_type=\"widget\" data-widget_type=\"wpr-flip-box.default\">\n\t\t\t\t<div class=\"elementor-widget-container\">\n\t\t\t\t\t\t\t\t\n\t\t<div class=\"wpr-flip-box\" data-trigger=\"hover\">\n\t\t\t\n\t\t\t<div class=\"wpr-flip-box-item wpr-flip-box-front wpr-anim-timing-ease-default\">\n\n\t\t\t\t<div class=\"wpr-flip-box-overlay\"><\/div>\n\n\t\t\t\t<div class=\"wpr-flip-box-content\">\n\t\t\t\t\t\n\t\t\t\t\t\t\t\t\t\t\n\t\t\t\t\t\t\t\t\t\t\t<h3 class=\"wpr-flip-box-title\">\u013dvovsk\u00e9 duchovn\u00e9 semin\u00e1rium Sv\u00e4t\u00e9ho Ducha<\/h3>\n\t\t\t\t\t\n\t\t\t\t\t\t\t\t\t\t\t<div class=\"wpr-flip-box-description\"><p>\u013dvov<\/p><\/div>\t\t\t\t\t\t\n\t\t\t\t\t\t\n\n\t\t\t\t\t\t\n\n\t\t\t\t<\/div>\n\t\t\t<\/div>\n\n\t\t\t<div class=\"wpr-flip-box-item wpr-flip-box-back wpr-anim-timing-ease-default\">\n\n\t\t\t\t<div class=\"wpr-flip-box-overlay\"><\/div>\n\t\t\t\t\n\t\t\t\t<div class=\"wpr-flip-box-content\">\n\t\t\t\t\t\n\t\t\t\t\t\t\t\t\t\t<a class=\"wpr-flip-box-link\" href=\"#\"><\/a>\t\n\t\t\t\t\t\n\t\t\t\t\t\t\t\t\t\t\n\t\t\t\t\t\n\t\t\t\t\t\t\t\t\t\t\t<div class=\"wpr-flip-box-description\"><p class=\"\" data-start=\"117\" data-end=\"781\">Zalo\u017een\u00e9 v roku 1783 cis\u00e1rom Jozefom II., semin\u00e1rium Sv\u00e4t\u00e9ho Ducha vo \u013dvove sl\u00fa\u017eilo ako prv\u00e1 teologick\u00e1 in\u0161tit\u00facia pre gr\u00e9ckokatol\u00edkov v Hali\u010di, Zakarpatsku a \u010fal\u0161\u00edch regi\u00f3noch. V roku 1930 sa pod veden\u00edm Jozefa Slipyja stalo centrom duchovnej form\u00e1cie Ukrajinskej gr\u00e9ckokatol\u00edckej cirkvi. Po\u010das sovietskej \u00e9ry bolo n\u00e1silne zatvoren\u00e9, majetok konfi\u0161kovan\u00fd a vyu\u010duj\u00faci deportovan\u00ed.<\/p><p class=\"\" data-start=\"117\" data-end=\"781\">Obnoven\u00e9 bolo a\u017e v roku 1990, no p\u00f4vodn\u00e9 budovy z\u00edskala Lvovsk\u00e1 univerzita a v\u00fdu\u010dba bola presunut\u00e1 do obce Rudno. Zo semin\u00e1ra sa zachovala len zvonica, dnes sl\u00fa\u017eiaca ako m\u00fazeum \u201eRusalka Dnistrova\u201c. T\u00e1to pamiatka pripom\u00edna n\u00e1sledky politick\u00fdch repres\u00e1li\u00ed vo\u010di n\u00e1bo\u017eensk\u00fdm in\u0161tit\u00faci\u00e1m.<\/p><\/div>\t\t\t\t\t\t\n\t\t\t\t\t\t\n\n\t\t\t\t\t\t\n\n\t\t\t\t<\/div>\n\t\t\t<\/div>\n\t\t<\/div>\n\n\t\t\t\t\t\t<\/div>\n\t\t\t\t<\/div>\n\t\t\t\t\t<\/div>\n\t\t\t\t<\/div>\n\t\t<div class=\"elementor-element elementor-element-b44b704 e-flex e-con-boxed wpr-particle-no wpr-jarallax-no wpr-parallax-no wpr-sticky-section-no e-con e-parent\" data-id=\"b44b704\" data-element_type=\"container\">\n\t\t\t\t\t<div class=\"e-con-inner\">\n\t\t\t\t<div class=\"elementor-element elementor-element-f86fc03 wpr-flip-box-animation-fade wpr-flip-box-back-align-left wpr-flip-box-front-align-center elementor-widget elementor-widget-wpr-flip-box\" data-id=\"f86fc03\" data-element_type=\"widget\" data-widget_type=\"wpr-flip-box.default\">\n\t\t\t\t<div class=\"elementor-widget-container\">\n\t\t\t\t\t\t\t\t\n\t\t<div class=\"wpr-flip-box\" data-trigger=\"hover\">\n\t\t\t\n\t\t\t<div class=\"wpr-flip-box-item wpr-flip-box-front wpr-anim-timing-ease-default\">\n\n\t\t\t\t<div class=\"wpr-flip-box-overlay\"><\/div>\n\n\t\t\t\t<div class=\"wpr-flip-box-content\">\n\t\t\t\t\t\n\t\t\t\t\t\t\t\t\t\t\n\t\t\t\t\t\t\t\t\t\t\t<h3 class=\"wpr-flip-box-title\">Spaso-Preobra\u017eensk\u00fd katedr\u00e1lny chr\u00e1m<\/h3>\n\t\t\t\t\t\n\t\t\t\t\t\t\t\t\t\t\t<div class=\"wpr-flip-box-description\"><p>Odessa<\/p><\/div>\t\t\t\t\t\t\n\t\t\t\t\t\t\n\n\t\t\t\t\t\t\n\n\t\t\t\t<\/div>\n\t\t\t<\/div>\n\n\t\t\t<div class=\"wpr-flip-box-item wpr-flip-box-back wpr-anim-timing-ease-default\">\n\n\t\t\t\t<div class=\"wpr-flip-box-overlay\"><\/div>\n\t\t\t\t\n\t\t\t\t<div class=\"wpr-flip-box-content\">\n\t\t\t\t\t\n\t\t\t\t\t\t\t\t\t\t<a class=\"wpr-flip-box-link\" href=\"#\"><\/a>\t\n\t\t\t\t\t\n\t\t\t\t\t\t\t\t\t\t\n\t\t\t\t\t\n\t\t\t\t\t\t\t\t\t\t\t<div class=\"wpr-flip-box-description\"><p>Postaven\u00fd v rokoch 1795 \u2013 1808, Spaso-Preobra\u017eensk\u00fd chr\u00e1m sa stal jedn\u00fdm z najv\u00e4\u010d\u0161\u00edch chr\u00e1mov v Ruskej r\u00ed\u0161i a duchovn\u00fdm symbolom Odesy. V roku 1936 bol po\u010das sovietskej \u00e9ry zni\u010den\u00fd. Rekon\u0161trukcia pod\u013ea historick\u00fdch pl\u00e1nov prebiehala v rokoch 1999 \u2013 2010. V noci z 22. na 23. j\u00fala 2023 chr\u00e1m v\u00e1\u017ene po\u0161kodil raketov\u00fd \u00fatok \u2013 bola zni\u010den\u00e1 strecha, naru\u0161en\u00e9 steny a z\u00e1klady. Chr\u00e1m je moment\u00e1lne mimo prev\u00e1dzky. V apr\u00edli 2024 Taliansko ozn\u00e1milo spolupr\u00e1cu s Ukrajinou a UNESCO na jeho obnove, \u010do d\u00e1va n\u00e1dej na z\u00e1chranu tejto v\u00fdnimo\u010dnej pamiatky.<\/p><\/div>\t\t\t\t\t\t\n\t\t\t\t\t\t\n\n\t\t\t\t\t\t\n\n\t\t\t\t<\/div>\n\t\t\t<\/div>\n\t\t<\/div>\n\n\t\t\t\t\t\t<\/div>\n\t\t\t\t<\/div>\n\t\t\t\t\t<\/div>\n\t\t\t\t<\/div>\n\t\t<div class=\"elementor-element elementor-element-59d52cf e-flex e-con-boxed wpr-particle-no wpr-jarallax-no wpr-parallax-no wpr-sticky-section-no e-con e-parent\" data-id=\"59d52cf\" data-element_type=\"container\">\n\t\t\t\t\t<div class=\"e-con-inner\">\n\t\t\t\t<div class=\"elementor-element elementor-element-b948b60 elementor-widget elementor-widget-spacer\" data-id=\"b948b60\" data-element_type=\"widget\" data-widget_type=\"spacer.default\">\n\t\t\t\t<div class=\"elementor-widget-container\">\n\t\t\t\t\t\t\t<div class=\"elementor-spacer\">\n\t\t\t<div class=\"elementor-spacer-inner\"><\/div>\n\t\t<\/div>\n\t\t\t\t\t\t<\/div>\n\t\t\t\t<\/div>\n\t\t\t\t\t<\/div>\n\t\t\t\t<\/div>\n\t\t\t\t<\/div>\n\t\t","protected":false},"excerpt":{"rendered":"<p>Ukrajina T\u00e1to \u010das\u0165 dokumentuje kult\u00farne pamiatky na Ukrajine po\u0161koden\u00e9 po\u010das historick\u00fdch udalost\u00ed, pri\u010dom poukazuje na ich v\u00fdznam pre n\u00e1rodn\u00fa identitu a historick\u00fa pam\u00e4\u0165 krajiny Der\u017eprom Charkov Der\u017eprom bol postaven\u00fd v rokoch 1925 \u2013 1928 ako symbol industrializ\u00e1cie Ukrajinskej SSR. Navrhnut\u00e1 v \u0161t\u00fdle kon\u0161truktivizmu, pozost\u00e1va z deviatich prepojen\u00fdch blokov a predstavovala vrchol technologickej a architektonickej moderny svojej doby. Po\u010das druhej svetovej vojny budovu opustili, \u010diasto\u010dne ju po\u0161kodili po\u017eiare, no pokus o vyhodenie do vzduchu sa neuskuto\u010dnil v\u010faka z\u00e1sahu anonymn\u00e9ho jednotlivca. Od roku 2022 bola viackr\u00e1t zasiahnut\u00e1 po\u010das ruskej inv\u00e1zie \u2013 najv\u00e1\u017enej\u0161ie 28. okt\u00f3bra 2024, ke\u010f bomba KAB-500 zni\u010dila tri podla\u017eia. Napriek tomu Der\u017eprom zost\u00e1va d\u00f4le\u017eit\u00fdm symbolom modernizmu a je zaraden\u00fd medzi objekty UNESCO vy\u017eaduj\u00face zv\u00fd\u0161en\u00fa ochranu. \u013dvovsk\u00e9 duchovn\u00e9 semin\u00e1rium Sv\u00e4t\u00e9ho Ducha \u013dvov Zalo\u017een\u00e9 v roku 1783 cis\u00e1rom Jozefom II., semin\u00e1rium Sv\u00e4t\u00e9ho Ducha vo \u013dvove sl\u00fa\u017eilo ako prv\u00e1 teologick\u00e1 in\u0161tit\u00facia pre gr\u00e9ckokatol\u00edkov v Hali\u010di, Zakarpatsku a \u010fal\u0161\u00edch regi\u00f3noch. V roku 1930 sa pod veden\u00edm Jozefa Slipyja stalo centrom duchovnej form\u00e1cie Ukrajinskej gr\u00e9ckokatol\u00edckej cirkvi. Po\u010das sovietskej \u00e9ry bolo n\u00e1silne zatvoren\u00e9, majetok konfi\u0161kovan\u00fd a vyu\u010duj\u00faci deportovan\u00ed. Obnoven\u00e9 bolo a\u017e v roku 1990, no p\u00f4vodn\u00e9 budovy z\u00edskala Lvovsk\u00e1 univerzita a v\u00fdu\u010dba bola presunut\u00e1 do obce Rudno. Zo semin\u00e1ra sa zachovala len zvonica, dnes sl\u00fa\u017eiaca ako m\u00fazeum \u201eRusalka Dnistrova\u201c. T\u00e1to pamiatka pripom\u00edna n\u00e1sledky politick\u00fdch repres\u00e1li\u00ed vo\u010di n\u00e1bo\u017eensk\u00fdm in\u0161tit\u00faci\u00e1m. Spaso-Preobra\u017eensk\u00fd katedr\u00e1lny chr\u00e1m Odessa Postaven\u00fd v rokoch 1795 \u2013 1808, Spaso-Preobra\u017eensk\u00fd chr\u00e1m sa stal jedn\u00fdm z najv\u00e4\u010d\u0161\u00edch chr\u00e1mov v Ruskej r\u00ed\u0161i a duchovn\u00fdm symbolom Odesy. V roku 1936 bol po\u010das sovietskej \u00e9ry zni\u010den\u00fd. Rekon\u0161trukcia pod\u013ea historick\u00fdch pl\u00e1nov prebiehala v rokoch 1999 \u2013 2010. V noci z 22. na 23. j\u00fala 2023 chr\u00e1m v\u00e1\u017ene po\u0161kodil raketov\u00fd \u00fatok \u2013 bola zni\u010den\u00e1 strecha, naru\u0161en\u00e9 steny a z\u00e1klady. Chr\u00e1m je moment\u00e1lne mimo prev\u00e1dzky. V apr\u00edli 2024 Taliansko ozn\u00e1milo spolupr\u00e1cu s Ukrajinou a UNESCO na jeho obnove, \u010do d\u00e1va n\u00e1dej na z\u00e1chranu tejto v\u00fdnimo\u010dnej pamiatky.<\/p>\n","protected":false},"author":1,"featured_media":0,"parent":0,"menu_order":0,"comment_status":"closed","ping_status":"closed","template":"","meta":{"footnotes":""},"class_list":["post-2098","page","type-page","status-publish","hentry"],"_links":{"self":[{"href":"https:\/\/zaverecne-prace.ucimesaweby.sk\/yelyzaveta\/wp-json\/wp\/v2\/pages\/2098","targetHints":{"allow":["GET"]}}],"collection":[{"href":"https:\/\/zaverecne-prace.ucimesaweby.sk\/yelyzaveta\/wp-json\/wp\/v2\/pages"}],"about":[{"href":"https:\/\/zaverecne-prace.ucimesaweby.sk\/yelyzaveta\/wp-json\/wp\/v2\/types\/page"}],"author":[{"embeddable":true,"href":"https:\/\/zaverecne-prace.ucimesaweby.sk\/yelyzaveta\/wp-json\/wp\/v2\/users\/1"}],"replies":[{"embeddable":true,"href":"https:\/\/zaverecne-prace.ucimesaweby.sk\/yelyzaveta\/wp-json\/wp\/v2\/comments?post=2098"}],"version-history":[{"count":20,"href":"https:\/\/zaverecne-prace.ucimesaweby.sk\/yelyzaveta\/wp-json\/wp\/v2\/pages\/2098\/revisions"}],"predecessor-version":[{"id":2204,"href":"https:\/\/zaverecne-prace.ucimesaweby.sk\/yelyzaveta\/wp-json\/wp\/v2\/pages\/2098\/revisions\/2204"}],"wp:attachment":[{"href":"https:\/\/zaverecne-prace.ucimesaweby.sk\/yelyzaveta\/wp-json\/wp\/v2\/media?parent=2098"}],"curies":[{"name":"wp","href":"https:\/\/api.w.org\/{rel}","templated":true}]}}