{"id":1319,"date":"2025-03-28T01:01:09","date_gmt":"2025-03-28T00:01:09","guid":{"rendered":"https:\/\/zaverecne-prace.ucimesaweby.sk\/yelyzaveta\/about\/"},"modified":"2025-04-20T21:05:04","modified_gmt":"2025-04-20T19:05:04","slug":"slovensko","status":"publish","type":"page","link":"https:\/\/zaverecne-prace.ucimesaweby.sk\/yelyzaveta\/slovensko\/","title":{"rendered":""},"content":{"rendered":"\t\t<div data-elementor-type=\"wp-page\" data-elementor-id=\"1319\" class=\"elementor elementor-1319\">\n\t\t\t\t<div class=\"wpr-jarallax elementor-element elementor-element-dcfb448 wpr-jarallax-yes e-flex e-con-boxed wpr-particle-no wpr-parallax-no wpr-sticky-section-no e-con e-parent\" speed-data=\"1.4\" bg-image=\"https:\/\/zaverecne-prace.ucimesaweby.sk\/yelyzaveta\/wp-content\/uploads\/2025\/03\/placeholder-84.png\" scroll-effect=\"scroll\" data-id=\"dcfb448\" data-element_type=\"container\" data-settings=\"{&quot;background_background&quot;:&quot;classic&quot;}\">\n\t\t\t\t\t<div class=\"e-con-inner\">\n\t\t<div class=\"elementor-element elementor-element-d21b7e0 e-flex e-con-boxed wpr-particle-no wpr-jarallax-no wpr-parallax-no wpr-sticky-section-no e-con e-child\" data-id=\"d21b7e0\" data-element_type=\"container\">\n\t\t\t\t\t<div class=\"e-con-inner\">\n\t\t\t\t<div class=\"elementor-element elementor-element-e9fd9dc elementor-widget elementor-widget-heading\" data-id=\"e9fd9dc\" data-element_type=\"widget\" data-widget_type=\"heading.default\">\n\t\t\t\t<div class=\"elementor-widget-container\">\n\t\t\t\t\t<h1 class=\"elementor-heading-title elementor-size-default\">Slovensko<\/h1>\t\t\t\t<\/div>\n\t\t\t\t<\/div>\n\t\t\t\t\t<\/div>\n\t\t\t\t<\/div>\n\t\t\t\t\t<\/div>\n\t\t\t\t<\/div>\n\t\t<div class=\"elementor-element elementor-element-500861b e-flex e-con-boxed wpr-jarallax-no wpr-parallax-no wpr-sticky-section-no e-con e-parent\" data-id=\"500861b\" data-element_type=\"container\">\n\t\t\t\t\t<div class=\"e-con-inner\">\n\t\t<div class=\"elementor-element elementor-element-7dbc6fb e-con-full e-flex wpr-particle-no wpr-jarallax-no wpr-parallax-no wpr-sticky-section-no e-con e-child\" data-id=\"7dbc6fb\" data-element_type=\"container\">\n\t\t\t\t<div class=\"elementor-element elementor-element-6658dc9 elementor-widget elementor-widget-heading\" data-id=\"6658dc9\" data-element_type=\"widget\" data-widget_type=\"heading.default\">\n\t\t\t\t<div class=\"elementor-widget-container\">\n\t\t\t\t\t<h4 class=\"elementor-heading-title elementor-size-default\">Na tejto str\u00e1nke predstavujeme vybran\u00e9 kult\u00farne pamiatky Slovenska, ktor\u00e9 boli pozna\u010den\u00e9 vojnov\u00fdmi udalos\u0165ami a ich n\u00e1slednou obnovou<\/h4>\t\t\t\t<\/div>\n\t\t\t\t<\/div>\n\t\t\t\t<\/div>\n\t\t\t\t\t<\/div>\n\t\t\t\t<\/div>\n\t\t<div class=\"elementor-element elementor-element-20289f7 e-grid e-con-boxed wpr-particle-no wpr-jarallax-no wpr-parallax-no wpr-sticky-section-no e-con e-parent\" data-id=\"20289f7\" data-element_type=\"container\">\n\t\t\t\t\t<div class=\"e-con-inner\">\n\t\t\t\t<div class=\"elementor-element elementor-element-4b53814 wpr-flip-box-back-align-left wpr-flip-box-animation-fade wpr-flip-box-front-align-center elementor-widget elementor-widget-wpr-flip-box\" data-id=\"4b53814\" data-element_type=\"widget\" data-widget_type=\"wpr-flip-box.default\">\n\t\t\t\t<div class=\"elementor-widget-container\">\n\t\t\t\t\t\t\t\t\n\t\t<div class=\"wpr-flip-box\" data-trigger=\"hover\">\n\t\t\t\n\t\t\t<div class=\"wpr-flip-box-item wpr-flip-box-front wpr-anim-timing-ease-default\">\n\n\t\t\t\t<div class=\"wpr-flip-box-overlay\"><\/div>\n\n\t\t\t\t<div class=\"wpr-flip-box-content\">\n\t\t\t\t\t\n\t\t\t\t\t\t\t\t\t\t\n\t\t\t\t\t\t\t\t\t\t\t<h3 class=\"wpr-flip-box-title\">Slovensk\u00e9 n\u00e1rodn\u00e9 m\u00fazeum<\/h3>\n\t\t\t\t\t\n\t\t\t\t\t\t\t\t\t\t\t<div class=\"wpr-flip-box-description\"><p>Bratislava<\/p><\/div>\t\t\t\t\t\t\n\t\t\t\t\t\t\n\n\t\t\t\t\t\t\n\n\t\t\t\t<\/div>\n\t\t\t<\/div>\n\n\t\t\t<div class=\"wpr-flip-box-item wpr-flip-box-back wpr-anim-timing-ease-default\">\n\n\t\t\t\t<div class=\"wpr-flip-box-overlay\"><\/div>\n\t\t\t\t\n\t\t\t\t<div class=\"wpr-flip-box-content\">\n\t\t\t\t\t\n\t\t\t\t\t\t\t\t\t\t<a class=\"wpr-flip-box-link\" href=\"#\"><\/a>\t\n\t\t\t\t\t\n\t\t\t\t\t\t\t\t\t\t\n\t\t\t\t\t\n\t\t\t\t\t\t\t\t\t\t\t<div class=\"wpr-flip-box-description\"><p>V roku 1944 bolo m\u00fazeum po\u010das bombardovania v\u00fdrazne po\u0161koden\u00e9 \u2013 zni\u010den\u00e9 boli tis\u00edce zbierkov\u00fdch predmetov vr\u00e1tane n\u00e1bytku, archeologick\u00fdch n\u00e1lezov a umeleck\u00fdch diel.<\/p><p>Najvz\u00e1cnej\u0161ie artefakty boli prevent\u00edvne evakuovan\u00e9 na hrad \u010cerven\u00fd Kame\u0148 a do Bojn\u00edc, \u010d\u00edm sa podarilo zachr\u00e1ni\u0165 \u010das\u0165 dedi\u010dstva.<\/p><p>Po vojne nasledovala rozsiahla obnova \u2013 rekon\u0161trukcia budov, doplnenie zbierok a reorganiz\u00e1cia expon\u00e1tov. V\u010faka \u00fasiliu viacer\u00fdch in\u0161tit\u00faci\u00ed sa podarilo obnovi\u0165 ve\u013ek\u00fa \u010das\u0165 zbierok, ktor\u00e9 dnes tvoria z\u00e1klad Slovensk\u00e9ho n\u00e1rodn\u00e9ho m\u00fazea.<\/p><\/div>\t\t\t\t\t\t\n\t\t\t\t\t\t\n\n\t\t\t\t\t\t\n\n\t\t\t\t<\/div>\n\t\t\t<\/div>\n\t\t<\/div>\n\n\t\t\t\t\t\t<\/div>\n\t\t\t\t<\/div>\n\t\t\t\t<div class=\"elementor-element elementor-element-106b8c9 wpr-flip-box-animation-fade wpr-flip-box-back-align-left wpr-flip-box-front-align-center elementor-widget elementor-widget-wpr-flip-box\" data-id=\"106b8c9\" data-element_type=\"widget\" data-widget_type=\"wpr-flip-box.default\">\n\t\t\t\t<div class=\"elementor-widget-container\">\n\t\t\t\t\t\t\t\t\n\t\t<div class=\"wpr-flip-box\" data-trigger=\"hover\">\n\t\t\t\n\t\t\t<div class=\"wpr-flip-box-item wpr-flip-box-front wpr-anim-timing-ease-default\">\n\n\t\t\t\t<div class=\"wpr-flip-box-overlay\"><\/div>\n\n\t\t\t\t<div class=\"wpr-flip-box-content\">\n\t\t\t\t\t\n\t\t\t\t\t\t\t\t\t\t\n\t\t\t\t\t\t\t\t\t\t\t<h3 class=\"wpr-flip-box-title\">Z\u00e1mok Kunerad<\/h3>\n\t\t\t\t\t\n\t\t\t\t\t\t\t\t\t\t\t<div class=\"wpr-flip-box-description\"><p>Kunerad<\/p><\/div>\t\t\t\t\t\t\n\t\t\t\t\t\t\n\n\t\t\t\t\t\t\n\n\t\t\t\t<\/div>\n\t\t\t<\/div>\n\n\t\t\t<div class=\"wpr-flip-box-item wpr-flip-box-back wpr-anim-timing-ease-default\">\n\n\t\t\t\t<div class=\"wpr-flip-box-overlay\"><\/div>\n\t\t\t\t\n\t\t\t\t<div class=\"wpr-flip-box-content\">\n\t\t\t\t\t\n\t\t\t\t\t\t\t\t\t\t<a class=\"wpr-flip-box-link\" href=\"#\"><\/a>\t\n\t\t\t\t\t\n\t\t\t\t\t\t\t\t\t\t\n\t\t\t\t\t\n\t\t\t\t\t\t\t\t\t\t\t<div class=\"wpr-flip-box-description\"><p>Z\u00e1mok v Kunerade bol postaven\u00fd v rokoch 1914 \u2013 1916 gr\u00f3fom Valent\u00ednom Balestr\u00e9mom ako modern\u00e9 rodinn\u00e9 s\u00eddlo in\u0161pirovan\u00e9 franc\u00fazskymi secesn\u00fdmi z\u00e1mkami. Po\u010das Slovensk\u00e9ho n\u00e1rodn\u00e9ho povstania v roku 1944 sl\u00fa\u017eil ako s\u00eddlo 2. partiz\u00e1nskeho \u0161t\u00e1bu a 25. septembra bol vyp\u00e1len\u00fd.<\/p><p>V rokoch 1945 \u2013 1948 pre\u0161iel rekon\u0161trukciou a nesk\u00f4r sl\u00fa\u017eil ako lie\u010deb\u0148a. V roku 1967 bol vyhl\u00e1sen\u00fd za n\u00e1rodn\u00fa kult\u00farnu pamiatku. Po privatiz\u00e1cii v roku 1996 ostal bez vyu\u017eitia a ch\u00e1tral. V rokoch 2010 a 2018 ho po\u0161kodili dva ve\u013ek\u00e9 po\u017eiare. Od roku 2019 prebieha jeho postupn\u00e1 obnova s cie\u013eom navr\u00e1ti\u0165 mu spolo\u010densk\u00fa a rekrea\u010dn\u00fa funkciu.<\/p><\/div>\t\t\t\t\t\t\n\t\t\t\t\t\t\n\n\t\t\t\t\t\t\n\n\t\t\t\t<\/div>\n\t\t\t<\/div>\n\t\t<\/div>\n\n\t\t\t\t\t\t<\/div>\n\t\t\t\t<\/div>\n\t\t\t\t<div class=\"elementor-element elementor-element-fc09b45 wpr-flip-box-animation-fade wpr-flip-box-back-align-left wpr-flip-box-front-align-center elementor-widget elementor-widget-wpr-flip-box\" data-id=\"fc09b45\" data-element_type=\"widget\" data-widget_type=\"wpr-flip-box.default\">\n\t\t\t\t<div class=\"elementor-widget-container\">\n\t\t\t\t\t\t\t\t\n\t\t<div class=\"wpr-flip-box\" data-trigger=\"hover\">\n\t\t\t\n\t\t\t<div class=\"wpr-flip-box-item wpr-flip-box-front wpr-anim-timing-ease-default\">\n\n\t\t\t\t<div class=\"wpr-flip-box-overlay\"><\/div>\n\n\t\t\t\t<div class=\"wpr-flip-box-content\">\n\t\t\t\t\t\n\t\t\t\t\t\t\t\t\t\t\n\t\t\t\t\t\t\t\t\t\t\t<h3 class=\"wpr-flip-box-title\">Ka\u0161tiel Stupava<\/h3>\n\t\t\t\t\t\n\t\t\t\t\t\t\t\t\t\t\t<div class=\"wpr-flip-box-description\"><p>Stupava<\/p><\/div>\t\t\t\t\t\t\n\t\t\t\t\t\t\n\n\t\t\t\t\t\t\n\n\t\t\t\t<\/div>\n\t\t\t<\/div>\n\n\t\t\t<div class=\"wpr-flip-box-item wpr-flip-box-back wpr-anim-timing-ease-default\">\n\n\t\t\t\t<div class=\"wpr-flip-box-overlay\"><\/div>\n\t\t\t\t\n\t\t\t\t<div class=\"wpr-flip-box-content\">\n\t\t\t\t\t\n\t\t\t\t\t\t\t\t\t\t<a class=\"wpr-flip-box-link\" href=\"#\"><\/a>\t\n\t\t\t\t\t\n\t\t\t\t\t\t\t\t\t\t\n\t\t\t\t\t\n\t\t\t\t\t\t\t\t\t\t\t<div class=\"wpr-flip-box-description\"><p class=\"\" data-start=\"130\" data-end=\"685\">Stupavsk\u00fd ka\u0161tie\u013e je v\u00fdznamn\u00e1 barokov\u00e1 pamiatka na mieste p\u00f4vodn\u00e9ho vodn\u00e9ho hradu z roku 1280. V 17. storo\u010d\u00ed ho rod P\u00e1lffyovcov prestaval na rannobarokov\u00fd ka\u0161tie\u013e, nesk\u00f4r ho upravili K\u00e1rolyiovci (1867 \u2013 1945). S\u00fa\u010das\u0165ou are\u00e1lu bol anglick\u00fd park, pivovar, rybn\u00edky a mlyn.<\/p><p class=\"\" data-start=\"130\" data-end=\"685\">Po\u010das druhej svetovej vojny bol ka\u0161tie\u013e opusten\u00fd a po\u0161koden\u00fd, pri\u010dom v roku 1947 po\u017eiar zni\u010dil cel\u00e9 ju\u017en\u00e9 kr\u00eddlo a kaplnka bola zdevastovan\u00e1. V 50. rokoch prebehol re\u0161taurovanie a dnes ka\u0161tie\u013e sl\u00fa\u017ei ako domov soci\u00e1lnych slu\u017eieb. Obnoven\u00e1 kaplnka host\u00ed bohoslu\u017eby aj kult\u00farne podujatia.<\/p><\/div>\t\t\t\t\t\t\n\t\t\t\t\t\t\n\n\t\t\t\t\t\t\n\n\t\t\t\t<\/div>\n\t\t\t<\/div>\n\t\t<\/div>\n\n\t\t\t\t\t\t<\/div>\n\t\t\t\t<\/div>\n\t\t\t\t<div class=\"elementor-element elementor-element-9020178 wpr-flip-box-back-align-left wpr-flip-box-animation-flip wpr-flip-box-animation-3d-yes wpr-flip-box-anim-direction-right wpr-flip-box-front-align-center elementor-widget elementor-widget-wpr-flip-box\" data-id=\"9020178\" data-element_type=\"widget\" data-widget_type=\"wpr-flip-box.default\">\n\t\t\t\t<div class=\"elementor-widget-container\">\n\t\t\t\t\t\t\t\t\n\t\t<div class=\"wpr-flip-box\" data-trigger=\"hover\">\n\t\t\t\n\t\t\t<div class=\"wpr-flip-box-item wpr-flip-box-front wpr-anim-timing-ease-default\">\n\n\t\t\t\t<div class=\"wpr-flip-box-overlay\"><\/div>\n\n\t\t\t\t<div class=\"wpr-flip-box-content\">\n\t\t\t\t\t\n\t\t\t\t\t\t\t\t\t\t\n\t\t\t\t\t\t\t\t\t\t\t<h3 class=\"wpr-flip-box-title\">Ka\u0161tie\u013e Tovarn\u00edky<\/h3>\n\t\t\t\t\t\n\t\t\t\t\t\t\t\t\t\t\t<div class=\"wpr-flip-box-description\"><p>Tovarn\u00edky<\/p><\/div>\t\t\t\t\t\t\n\t\t\t\t\t\t\n\n\t\t\t\t\t\t\n\n\t\t\t\t<\/div>\n\t\t\t<\/div>\n\n\t\t\t<div class=\"wpr-flip-box-item wpr-flip-box-back wpr-anim-timing-ease-default\">\n\n\t\t\t\t<div class=\"wpr-flip-box-overlay\"><\/div>\n\t\t\t\t\n\t\t\t\t<div class=\"wpr-flip-box-content\">\n\t\t\t\t\t\n\t\t\t\t\t\t\t\t\t\t<a class=\"wpr-flip-box-link\" href=\"#\"><\/a>\t\n\t\t\t\t\t\n\t\t\t\t\t\t\t\t\t\t\n\t\t\t\t\t\n\t\t\t\t\t\t\t\t\t\t\t<div class=\"wpr-flip-box-description\"><p>Ka\u0161tie\u013e v Tovarn\u00edkoch bol postaven\u00fd za\u010diatkom 17. storo\u010dia na podnet \u017digmunda Forg\u00e1cha ako nov\u00e9 centrum panstva namiesto Topo\u013e\u010dianskeho hradu. Po st\u00e1ro\u010dia bol s\u00eddlom v\u00fdznamn\u00fdch rodov Forg\u00e1chovcov a nesk\u00f4r Stummerovcov, ktor\u00ed ho v 19. storo\u010d\u00ed modernizovali.<\/p><p>V roku 1945 bol ka\u0161tie\u013e vyrabovan\u00fd vojakmi aj miestnymi obyvate\u013emi, zo zariadenia sa zachovalo len minimum. V 50. rokoch \u010das\u0165 objektu zb\u00farali a materi\u00e1l pou\u017eili na v\u00fdstavbu dru\u017estiev. V 70. rokoch boli za\u010dat\u00e9 snahy o obnovu, niektor\u00e9 \u00fapravy sa podarili, no v\u00e4\u010d\u0161ina pl\u00e1nov ostala nedokon\u010den\u00e1. Dnes ka\u0161tie\u013e ch\u00e1tra a \u010dak\u00e1 na komplexn\u00fa rekon\u0161trukciu a nov\u00e9 vyu\u017eitie.<\/p><\/div>\t\t\t\t\t\t\n\t\t\t\t\t\t\n\n\t\t\t\t\t\t\n\n\t\t\t\t<\/div>\n\t\t\t<\/div>\n\t\t<\/div>\n\n\t\t\t\t\t\t<\/div>\n\t\t\t\t<\/div>\n\t\t\t\t\t<\/div>\n\t\t\t\t<\/div>\n\t\t<div class=\"elementor-element elementor-element-b44b704 e-flex e-con-boxed wpr-particle-no wpr-jarallax-no wpr-parallax-no wpr-sticky-section-no e-con e-parent\" data-id=\"b44b704\" data-element_type=\"container\">\n\t\t\t\t\t<div class=\"e-con-inner\">\n\t\t\t\t<div class=\"elementor-element elementor-element-2d04d7d elementor-widget elementor-widget-spacer\" data-id=\"2d04d7d\" data-element_type=\"widget\" data-widget_type=\"spacer.default\">\n\t\t\t\t<div class=\"elementor-widget-container\">\n\t\t\t\t\t\t\t<div class=\"elementor-spacer\">\n\t\t\t<div class=\"elementor-spacer-inner\"><\/div>\n\t\t<\/div>\n\t\t\t\t\t\t<\/div>\n\t\t\t\t<\/div>\n\t\t\t\t\t<\/div>\n\t\t\t\t<\/div>\n\t\t\t\t<\/div>\n\t\t","protected":false},"excerpt":{"rendered":"<p>Slovensko Na tejto str\u00e1nke predstavujeme vybran\u00e9 kult\u00farne pamiatky Slovenska, ktor\u00e9 boli pozna\u010den\u00e9 vojnov\u00fdmi udalos\u0165ami a ich n\u00e1slednou obnovou Slovensk\u00e9 n\u00e1rodn\u00e9 m\u00fazeum Bratislava V roku 1944 bolo m\u00fazeum po\u010das bombardovania v\u00fdrazne po\u0161koden\u00e9 \u2013 zni\u010den\u00e9 boli tis\u00edce zbierkov\u00fdch predmetov vr\u00e1tane n\u00e1bytku, archeologick\u00fdch n\u00e1lezov a umeleck\u00fdch diel. Najvz\u00e1cnej\u0161ie artefakty boli prevent\u00edvne evakuovan\u00e9 na hrad \u010cerven\u00fd Kame\u0148 a do Bojn\u00edc, \u010d\u00edm sa podarilo zachr\u00e1ni\u0165 \u010das\u0165 dedi\u010dstva. Po vojne nasledovala rozsiahla obnova \u2013 rekon\u0161trukcia budov, doplnenie zbierok a reorganiz\u00e1cia expon\u00e1tov. V\u010faka \u00fasiliu viacer\u00fdch in\u0161tit\u00faci\u00ed sa podarilo obnovi\u0165 ve\u013ek\u00fa \u010das\u0165 zbierok, ktor\u00e9 dnes tvoria z\u00e1klad Slovensk\u00e9ho n\u00e1rodn\u00e9ho m\u00fazea. Z\u00e1mok Kunerad Kunerad Z\u00e1mok v Kunerade bol postaven\u00fd v rokoch 1914 \u2013 1916 gr\u00f3fom Valent\u00ednom Balestr\u00e9mom ako modern\u00e9 rodinn\u00e9 s\u00eddlo in\u0161pirovan\u00e9 franc\u00fazskymi secesn\u00fdmi z\u00e1mkami. Po\u010das Slovensk\u00e9ho n\u00e1rodn\u00e9ho povstania v roku 1944 sl\u00fa\u017eil ako s\u00eddlo 2. partiz\u00e1nskeho \u0161t\u00e1bu a 25. septembra bol vyp\u00e1len\u00fd. V rokoch 1945 \u2013 1948 pre\u0161iel rekon\u0161trukciou a nesk\u00f4r sl\u00fa\u017eil ako lie\u010deb\u0148a. V roku 1967 bol vyhl\u00e1sen\u00fd za n\u00e1rodn\u00fa kult\u00farnu pamiatku. Po privatiz\u00e1cii v roku 1996 ostal bez vyu\u017eitia a ch\u00e1tral. V rokoch 2010 a 2018 ho po\u0161kodili dva ve\u013ek\u00e9 po\u017eiare. Od roku 2019 prebieha jeho postupn\u00e1 obnova s cie\u013eom navr\u00e1ti\u0165 mu spolo\u010densk\u00fa a rekrea\u010dn\u00fa funkciu. Ka\u0161tiel Stupava Stupava Stupavsk\u00fd ka\u0161tie\u013e je v\u00fdznamn\u00e1 barokov\u00e1 pamiatka na mieste p\u00f4vodn\u00e9ho vodn\u00e9ho hradu z roku 1280. V 17. storo\u010d\u00ed ho rod P\u00e1lffyovcov prestaval na rannobarokov\u00fd ka\u0161tie\u013e, nesk\u00f4r ho upravili K\u00e1rolyiovci (1867 \u2013 1945). S\u00fa\u010das\u0165ou are\u00e1lu bol anglick\u00fd park, pivovar, rybn\u00edky a mlyn. Po\u010das druhej svetovej vojny bol ka\u0161tie\u013e opusten\u00fd a po\u0161koden\u00fd, pri\u010dom v roku 1947 po\u017eiar zni\u010dil cel\u00e9 ju\u017en\u00e9 kr\u00eddlo a kaplnka bola zdevastovan\u00e1. V 50. rokoch prebehol re\u0161taurovanie a dnes ka\u0161tie\u013e sl\u00fa\u017ei ako domov soci\u00e1lnych slu\u017eieb. Obnoven\u00e1 kaplnka host\u00ed bohoslu\u017eby aj kult\u00farne podujatia. Ka\u0161tie\u013e Tovarn\u00edky Tovarn\u00edky Ka\u0161tie\u013e v Tovarn\u00edkoch bol postaven\u00fd za\u010diatkom 17. storo\u010dia na podnet \u017digmunda Forg\u00e1cha ako nov\u00e9 centrum panstva namiesto Topo\u013e\u010dianskeho hradu. Po st\u00e1ro\u010dia bol s\u00eddlom v\u00fdznamn\u00fdch rodov Forg\u00e1chovcov a nesk\u00f4r Stummerovcov, ktor\u00ed ho v 19. storo\u010d\u00ed modernizovali. V roku 1945 bol ka\u0161tie\u013e vyrabovan\u00fd vojakmi aj miestnymi obyvate\u013emi, zo zariadenia sa zachovalo len minimum. V 50. rokoch \u010das\u0165 objektu zb\u00farali a materi\u00e1l pou\u017eili na v\u00fdstavbu dru\u017estiev. V 70. rokoch boli za\u010dat\u00e9 snahy o obnovu, niektor\u00e9 \u00fapravy sa podarili, no v\u00e4\u010d\u0161ina pl\u00e1nov ostala nedokon\u010den\u00e1. Dnes ka\u0161tie\u013e ch\u00e1tra a \u010dak\u00e1 na komplexn\u00fa rekon\u0161trukciu a nov\u00e9 vyu\u017eitie.<\/p>\n","protected":false},"author":1,"featured_media":0,"parent":0,"menu_order":0,"comment_status":"closed","ping_status":"closed","template":"","meta":{"footnotes":""},"class_list":["post-1319","page","type-page","status-publish","hentry"],"_links":{"self":[{"href":"https:\/\/zaverecne-prace.ucimesaweby.sk\/yelyzaveta\/wp-json\/wp\/v2\/pages\/1319","targetHints":{"allow":["GET"]}}],"collection":[{"href":"https:\/\/zaverecne-prace.ucimesaweby.sk\/yelyzaveta\/wp-json\/wp\/v2\/pages"}],"about":[{"href":"https:\/\/zaverecne-prace.ucimesaweby.sk\/yelyzaveta\/wp-json\/wp\/v2\/types\/page"}],"author":[{"embeddable":true,"href":"https:\/\/zaverecne-prace.ucimesaweby.sk\/yelyzaveta\/wp-json\/wp\/v2\/users\/1"}],"replies":[{"embeddable":true,"href":"https:\/\/zaverecne-prace.ucimesaweby.sk\/yelyzaveta\/wp-json\/wp\/v2\/comments?post=1319"}],"version-history":[{"count":41,"href":"https:\/\/zaverecne-prace.ucimesaweby.sk\/yelyzaveta\/wp-json\/wp\/v2\/pages\/1319\/revisions"}],"predecessor-version":[{"id":2210,"href":"https:\/\/zaverecne-prace.ucimesaweby.sk\/yelyzaveta\/wp-json\/wp\/v2\/pages\/1319\/revisions\/2210"}],"wp:attachment":[{"href":"https:\/\/zaverecne-prace.ucimesaweby.sk\/yelyzaveta\/wp-json\/wp\/v2\/media?parent=1319"}],"curies":[{"name":"wp","href":"https:\/\/api.w.org\/{rel}","templated":true}]}}