{"id":1318,"date":"2025-03-28T01:01:09","date_gmt":"2025-03-28T00:01:09","guid":{"rendered":"https:\/\/zaverecne-prace.ucimesaweby.sk\/yelyzaveta\/home\/"},"modified":"2025-04-22T08:43:29","modified_gmt":"2025-04-22T06:43:29","slug":"domov","status":"publish","type":"page","link":"https:\/\/zaverecne-prace.ucimesaweby.sk\/yelyzaveta\/","title":{"rendered":""},"content":{"rendered":"\t\t<div data-elementor-type=\"wp-page\" data-elementor-id=\"1318\" class=\"elementor elementor-1318\">\n\t\t\t\t<div class=\"wpr-jarallax elementor-element elementor-element-9e1a3b7 wpr-jarallax-yes e-flex e-con-boxed wpr-particle-no wpr-parallax-no wpr-sticky-section-no e-con e-parent\" speed-data=\"1.4\" bg-image=\"https:\/\/zaverecne-prace.ucimesaweby.sk\/yelyzaveta\/wp-content\/uploads\/2025\/04\/4e8e849-1harkiv-e1745171945898.avif\" scroll-effect=\"scroll\" data-id=\"9e1a3b7\" data-element_type=\"container\" data-settings=\"{&quot;background_background&quot;:&quot;classic&quot;}\">\n\t\t\t\t\t<div class=\"e-con-inner\">\n\t\t<div class=\"elementor-element elementor-element-8f73ee5 e-con-full e-flex wpr-particle-no wpr-jarallax-no wpr-parallax-no wpr-sticky-section-no e-con e-child\" data-id=\"8f73ee5\" data-element_type=\"container\">\n\t\t\t\t<div class=\"elementor-element elementor-element-4a02dab elementor-widget elementor-widget-heading\" data-id=\"4a02dab\" data-element_type=\"widget\" data-widget_type=\"heading.default\">\n\t\t\t\t<div class=\"elementor-widget-container\">\n\t\t\t\t\t<h1 class=\"elementor-heading-title elementor-size-default\">Bakal\u00e1rska pr\u00e1ca <\/h1>\t\t\t\t<\/div>\n\t\t\t\t<\/div>\n\t\t\t\t<div class=\"elementor-element elementor-element-93873aa elementor-widget elementor-widget-heading\" data-id=\"93873aa\" data-element_type=\"widget\" data-widget_type=\"heading.default\">\n\t\t\t\t<div class=\"elementor-widget-container\">\n\t\t\t\t\t<h1 class=\"elementor-heading-title elementor-size-default\">Kult\u00farne dedi\u010dstvo v kontexte vojny<\/h1>\t\t\t\t<\/div>\n\t\t\t\t<\/div>\n\t\t\t\t<div class=\"elementor-element elementor-element-e46045d elementor-widget elementor-widget-text-editor\" data-id=\"e46045d\" data-element_type=\"widget\" data-widget_type=\"text-editor.default\">\n\t\t\t\t<div class=\"elementor-widget-container\">\n\t\t\t\t\t\t\t\t\t<p>Yelyzaveta Leontieva<\/p>\t\t\t\t\t\t\t\t<\/div>\n\t\t\t\t<\/div>\n\t\t\t\t<\/div>\n\t\t\t\t\t<\/div>\n\t\t\t\t<\/div>\n\t\t<div class=\"elementor-element elementor-element-f457a2d e-flex e-con-boxed wpr-particle-no wpr-jarallax-no wpr-parallax-no wpr-sticky-section-no e-con e-parent\" data-id=\"f457a2d\" data-element_type=\"container\">\n\t\t\t\t\t<div class=\"e-con-inner\">\n\t\t<div class=\"elementor-element elementor-element-3b5731b e-con-full e-flex wpr-particle-no wpr-jarallax-no wpr-parallax-no wpr-sticky-section-no e-con e-child\" data-id=\"3b5731b\" data-element_type=\"container\">\n\t\t\t\t<div class=\"elementor-element elementor-element-51a9953 elementor-widget elementor-widget-text-editor\" data-id=\"51a9953\" data-element_type=\"widget\" data-widget_type=\"text-editor.default\">\n\t\t\t\t<div class=\"elementor-widget-container\">\n\t\t\t\t\t\t\t\t\t<p>O pr\u00e1ce<\/p>\t\t\t\t\t\t\t\t<\/div>\n\t\t\t\t<\/div>\n\t\t\t\t<div class=\"elementor-element elementor-element-375584b elementor-widget elementor-widget-heading\" data-id=\"375584b\" data-element_type=\"widget\" data-widget_type=\"heading.default\">\n\t\t\t\t<div class=\"elementor-widget-container\">\n\t\t\t\t\t<h4 class=\"elementor-heading-title elementor-size-default\">Cie\u013eom pr\u00e1ce je pouk\u00e1za\u0165 na d\u00f4sledky ozbrojen\u00fdch konfliktov na kult\u00farne pamiatky a zd\u00f4razni\u0165 ich v\u00fdznam <\/h4>\t\t\t\t<\/div>\n\t\t\t\t<\/div>\n\t\t\t\t<div class=\"elementor-element elementor-element-a98b1b9 elementor-widget__width-initial elementor-widget elementor-widget-text-editor\" data-id=\"a98b1b9\" data-element_type=\"widget\" data-widget_type=\"text-editor.default\">\n\t\t\t\t<div class=\"elementor-widget-container\">\n\t\t\t\t\t\t\t\t\t<p>Na str\u00e1nke n\u00e1jdete digit\u00e1lnu dokument\u00e1ciu vybran\u00fdch kult\u00farnych pamiatok zo Slovenska, \u010ceska, Ukrajiny a Po\u013eska, ktor\u00e9 boli po\u0161koden\u00e9 alebo zni\u010den\u00e9 v d\u00f4sledku vojny. Projekt vizu\u00e1lne interpretuje v\u00fdsledky v\u00fdskumu a poskytuje priestor pre ich uchovanie v digit\u00e1lnej podobe.<\/p>\t\t\t\t\t\t\t\t<\/div>\n\t\t\t\t<\/div>\n\t\t\t\t<\/div>\n\t\t<div class=\"elementor-element elementor-element-162cad4 elementor-hidden-mobile e-con-full e-flex wpr-particle-no wpr-jarallax-no wpr-parallax-no wpr-sticky-section-no e-con e-child\" data-id=\"162cad4\" data-element_type=\"container\">\n\t\t\t\t<div class=\"elementor-element elementor-element-8aee090 elementor-widget elementor-widget-image\" data-id=\"8aee090\" data-element_type=\"widget\" data-widget_type=\"image.default\">\n\t\t\t\t<div class=\"elementor-widget-container\">\n\t\t\t\t\t\t\t\t\t\t\t\t\t\t\t<img fetchpriority=\"high\" decoding=\"async\" width=\"1662\" height=\"2560\" src=\"https:\/\/zaverecne-prace.ucimesaweby.sk\/yelyzaveta\/wp-content\/uploads\/2025\/04\/kristijan-arsov-8iTioeXDOzk-unsplash-scaled.jpg\" class=\"attachment-full size-full wp-image-2156\" alt=\"\" srcset=\"https:\/\/zaverecne-prace.ucimesaweby.sk\/yelyzaveta\/wp-content\/uploads\/2025\/04\/kristijan-arsov-8iTioeXDOzk-unsplash-scaled.jpg 1662w, https:\/\/zaverecne-prace.ucimesaweby.sk\/yelyzaveta\/wp-content\/uploads\/2025\/04\/kristijan-arsov-8iTioeXDOzk-unsplash-195x300.jpg 195w, https:\/\/zaverecne-prace.ucimesaweby.sk\/yelyzaveta\/wp-content\/uploads\/2025\/04\/kristijan-arsov-8iTioeXDOzk-unsplash-665x1024.jpg 665w, https:\/\/zaverecne-prace.ucimesaweby.sk\/yelyzaveta\/wp-content\/uploads\/2025\/04\/kristijan-arsov-8iTioeXDOzk-unsplash-768x1183.jpg 768w, https:\/\/zaverecne-prace.ucimesaweby.sk\/yelyzaveta\/wp-content\/uploads\/2025\/04\/kristijan-arsov-8iTioeXDOzk-unsplash-997x1536.jpg 997w, https:\/\/zaverecne-prace.ucimesaweby.sk\/yelyzaveta\/wp-content\/uploads\/2025\/04\/kristijan-arsov-8iTioeXDOzk-unsplash-1330x2048.jpg 1330w\" sizes=\"(max-width: 1662px) 100vw, 1662px\" \/>\t\t\t\t\t\t\t\t\t\t\t\t\t\t\t<\/div>\n\t\t\t\t<\/div>\n\t\t\t\t<\/div>\n\t\t\t\t\t<\/div>\n\t\t\t\t<\/div>\n\t\t<div class=\"elementor-element elementor-element-96bd614 e-flex e-con-boxed wpr-particle-no wpr-jarallax-no wpr-parallax-no wpr-sticky-section-no e-con e-parent\" data-id=\"96bd614\" data-element_type=\"container\">\n\t\t\t\t\t<div class=\"e-con-inner\">\n\t\t<div class=\"elementor-element elementor-element-f6f7e27 e-flex e-con-boxed wpr-particle-no wpr-jarallax-no wpr-parallax-no wpr-sticky-section-no e-con e-child\" data-id=\"f6f7e27\" data-element_type=\"container\">\n\t\t\t\t\t<div class=\"e-con-inner\">\n\t\t\t\t<div class=\"elementor-element elementor-element-d16f5b6 elementor-widget elementor-widget-heading\" data-id=\"d16f5b6\" data-element_type=\"widget\" data-widget_type=\"heading.default\">\n\t\t\t\t<div class=\"elementor-widget-container\">\n\t\t\t\t\t<h2 class=\"elementor-heading-title elementor-size-default\">Historick\u00e9 a s\u00fa\u010dasn\u00e9 pr\u00edklady po\u0161koden\u00fdch kult\u00farnych pamiatok<\/h2>\t\t\t\t<\/div>\n\t\t\t\t<\/div>\n\t\t\t\t<div class=\"elementor-element elementor-element-49160ad elementor-widget-divider--view-line elementor-widget elementor-widget-divider\" data-id=\"49160ad\" data-element_type=\"widget\" data-widget_type=\"divider.default\">\n\t\t\t\t<div class=\"elementor-widget-container\">\n\t\t\t\t\t\t\t<div class=\"elementor-divider\">\n\t\t\t<span class=\"elementor-divider-separator\">\n\t\t\t\t\t\t<\/span>\n\t\t<\/div>\n\t\t\t\t\t\t<\/div>\n\t\t\t\t<\/div>\n\t\t<div class=\"elementor-element elementor-element-a306a4a e-flex e-con-boxed wpr-particle-no wpr-jarallax-no wpr-parallax-no wpr-sticky-section-no e-con e-child\" data-id=\"a306a4a\" data-element_type=\"container\">\n\t\t\t\t\t<div class=\"e-con-inner\">\n\t\t<div class=\"elementor-element elementor-element-5822dc4 e-flex e-con-boxed wpr-particle-no wpr-jarallax-no wpr-parallax-no wpr-sticky-section-no e-con e-child\" data-id=\"5822dc4\" data-element_type=\"container\">\n\t\t\t\t\t<div class=\"e-con-inner\">\n\t\t\t\t<div class=\"elementor-element elementor-element-85cc8cf elementor-widget elementor-widget-image\" data-id=\"85cc8cf\" data-element_type=\"widget\" data-widget_type=\"image.default\">\n\t\t\t\t<div class=\"elementor-widget-container\">\n\t\t\t\t\t\t\t\t\t\t\t\t\t\t\t\t<a href=\"https:\/\/zaverecne-prace.ucimesaweby.sk\/yelyzaveta\/slovensko\/\">\n\t\t\t\t\t\t\t<img decoding=\"async\" width=\"1080\" height=\"1080\" src=\"https:\/\/zaverecne-prace.ucimesaweby.sk\/yelyzaveta\/wp-content\/uploads\/2025\/03\/Instagram-post-1.png\" class=\"elementor-animation-grow attachment-full size-full wp-image-1996\" alt=\"\" srcset=\"https:\/\/zaverecne-prace.ucimesaweby.sk\/yelyzaveta\/wp-content\/uploads\/2025\/03\/Instagram-post-1.png 1080w, https:\/\/zaverecne-prace.ucimesaweby.sk\/yelyzaveta\/wp-content\/uploads\/2025\/03\/Instagram-post-1-300x300.png 300w, https:\/\/zaverecne-prace.ucimesaweby.sk\/yelyzaveta\/wp-content\/uploads\/2025\/03\/Instagram-post-1-1024x1024.png 1024w, https:\/\/zaverecne-prace.ucimesaweby.sk\/yelyzaveta\/wp-content\/uploads\/2025\/03\/Instagram-post-1-150x150.png 150w, https:\/\/zaverecne-prace.ucimesaweby.sk\/yelyzaveta\/wp-content\/uploads\/2025\/03\/Instagram-post-1-768x768.png 768w\" sizes=\"(max-width: 1080px) 100vw, 1080px\" \/>\t\t\t\t\t\t\t\t<\/a>\n\t\t\t\t\t\t\t\t\t\t\t\t\t\t\t<\/div>\n\t\t\t\t<\/div>\n\t\t\t\t<div class=\"elementor-element elementor-element-66d0917 elementor-widget elementor-widget-image-box\" data-id=\"66d0917\" data-element_type=\"widget\" data-widget_type=\"image-box.default\">\n\t\t\t\t<div class=\"elementor-widget-container\">\n\t\t\t\t\t<div class=\"elementor-image-box-wrapper\"><div class=\"elementor-image-box-content\"><h3 class=\"elementor-image-box-title\">Slovensko<\/h3><\/div><\/div>\t\t\t\t<\/div>\n\t\t\t\t<\/div>\n\t\t\t\t\t<\/div>\n\t\t\t\t<\/div>\n\t\t<div class=\"elementor-element elementor-element-39b81fb e-flex e-con-boxed wpr-particle-no wpr-jarallax-no wpr-parallax-no wpr-sticky-section-no e-con e-child\" data-id=\"39b81fb\" data-element_type=\"container\">\n\t\t\t\t\t<div class=\"e-con-inner\">\n\t\t\t\t<div class=\"elementor-element elementor-element-66dde07 elementor-widget elementor-widget-image\" data-id=\"66dde07\" data-element_type=\"widget\" data-widget_type=\"image.default\">\n\t\t\t\t<div class=\"elementor-widget-container\">\n\t\t\t\t\t\t\t\t\t\t\t\t\t\t\t<img decoding=\"async\" width=\"1080\" height=\"1080\" src=\"https:\/\/zaverecne-prace.ucimesaweby.sk\/yelyzaveta\/wp-content\/uploads\/2025\/03\/Instagram-post-2.png\" class=\"elementor-animation-grow attachment-full size-full wp-image-1997\" alt=\"\" srcset=\"https:\/\/zaverecne-prace.ucimesaweby.sk\/yelyzaveta\/wp-content\/uploads\/2025\/03\/Instagram-post-2.png 1080w, https:\/\/zaverecne-prace.ucimesaweby.sk\/yelyzaveta\/wp-content\/uploads\/2025\/03\/Instagram-post-2-300x300.png 300w, https:\/\/zaverecne-prace.ucimesaweby.sk\/yelyzaveta\/wp-content\/uploads\/2025\/03\/Instagram-post-2-1024x1024.png 1024w, https:\/\/zaverecne-prace.ucimesaweby.sk\/yelyzaveta\/wp-content\/uploads\/2025\/03\/Instagram-post-2-150x150.png 150w, https:\/\/zaverecne-prace.ucimesaweby.sk\/yelyzaveta\/wp-content\/uploads\/2025\/03\/Instagram-post-2-768x768.png 768w\" sizes=\"(max-width: 1080px) 100vw, 1080px\" \/>\t\t\t\t\t\t\t\t\t\t\t\t\t\t\t<\/div>\n\t\t\t\t<\/div>\n\t\t\t\t<div class=\"elementor-element elementor-element-90cb059 elementor-widget elementor-widget-image-box\" data-id=\"90cb059\" data-element_type=\"widget\" data-widget_type=\"image-box.default\">\n\t\t\t\t<div class=\"elementor-widget-container\">\n\t\t\t\t\t<div class=\"elementor-image-box-wrapper\"><div class=\"elementor-image-box-content\"><h3 class=\"elementor-image-box-title\">\u010cesko<\/h3><\/div><\/div>\t\t\t\t<\/div>\n\t\t\t\t<\/div>\n\t\t\t\t\t<\/div>\n\t\t\t\t<\/div>\n\t\t<div class=\"elementor-element elementor-element-58cc1a5 e-con-full e-flex wpr-particle-no wpr-jarallax-no wpr-parallax-no wpr-sticky-section-no e-con e-child\" data-id=\"58cc1a5\" data-element_type=\"container\">\n\t\t\t\t<div class=\"elementor-element elementor-element-42be907 elementor-widget elementor-widget-image\" data-id=\"42be907\" data-element_type=\"widget\" data-widget_type=\"image.default\">\n\t\t\t\t<div class=\"elementor-widget-container\">\n\t\t\t\t\t\t\t\t\t\t\t\t\t\t\t\t<a href=\"https:\/\/zaverecne-prace.ucimesaweby.sk\/yelyzaveta\/ukrajina\/\">\n\t\t\t\t\t\t\t<img loading=\"lazy\" decoding=\"async\" width=\"1080\" height=\"1080\" src=\"https:\/\/zaverecne-prace.ucimesaweby.sk\/yelyzaveta\/wp-content\/uploads\/2025\/03\/Instagram-post-4.png\" class=\"elementor-animation-grow attachment-full size-full wp-image-1999\" alt=\"\" srcset=\"https:\/\/zaverecne-prace.ucimesaweby.sk\/yelyzaveta\/wp-content\/uploads\/2025\/03\/Instagram-post-4.png 1080w, https:\/\/zaverecne-prace.ucimesaweby.sk\/yelyzaveta\/wp-content\/uploads\/2025\/03\/Instagram-post-4-300x300.png 300w, https:\/\/zaverecne-prace.ucimesaweby.sk\/yelyzaveta\/wp-content\/uploads\/2025\/03\/Instagram-post-4-1024x1024.png 1024w, https:\/\/zaverecne-prace.ucimesaweby.sk\/yelyzaveta\/wp-content\/uploads\/2025\/03\/Instagram-post-4-150x150.png 150w, https:\/\/zaverecne-prace.ucimesaweby.sk\/yelyzaveta\/wp-content\/uploads\/2025\/03\/Instagram-post-4-768x768.png 768w\" sizes=\"(max-width: 1080px) 100vw, 1080px\" \/>\t\t\t\t\t\t\t\t<\/a>\n\t\t\t\t\t\t\t\t\t\t\t\t\t\t\t<\/div>\n\t\t\t\t<\/div>\n\t\t\t\t<div class=\"elementor-element elementor-element-9983fd0 elementor-widget elementor-widget-image-box\" data-id=\"9983fd0\" data-element_type=\"widget\" data-widget_type=\"image-box.default\">\n\t\t\t\t<div class=\"elementor-widget-container\">\n\t\t\t\t\t<div class=\"elementor-image-box-wrapper\"><div class=\"elementor-image-box-content\"><h3 class=\"elementor-image-box-title\">Ukrajina<\/h3><\/div><\/div>\t\t\t\t<\/div>\n\t\t\t\t<\/div>\n\t\t\t\t<\/div>\n\t\t<div class=\"elementor-element elementor-element-db379a5 e-flex e-con-boxed wpr-particle-no wpr-jarallax-no wpr-parallax-no wpr-sticky-section-no e-con e-child\" data-id=\"db379a5\" data-element_type=\"container\">\n\t\t\t\t\t<div class=\"e-con-inner\">\n\t\t\t\t<div class=\"elementor-element elementor-element-ece35b4 elementor-widget elementor-widget-image\" data-id=\"ece35b4\" data-element_type=\"widget\" data-widget_type=\"image.default\">\n\t\t\t\t<div class=\"elementor-widget-container\">\n\t\t\t\t\t\t\t\t\t\t\t\t\t\t\t\t<a href=\"https:\/\/zaverecne-prace.ucimesaweby.sk\/yelyzaveta\/polsko\/\">\n\t\t\t\t\t\t\t<img loading=\"lazy\" decoding=\"async\" width=\"1080\" height=\"1080\" src=\"https:\/\/zaverecne-prace.ucimesaweby.sk\/yelyzaveta\/wp-content\/uploads\/2025\/03\/Instagram-post-3.png\" class=\"elementor-animation-grow attachment-full size-full wp-image-1998\" alt=\"\" srcset=\"https:\/\/zaverecne-prace.ucimesaweby.sk\/yelyzaveta\/wp-content\/uploads\/2025\/03\/Instagram-post-3.png 1080w, https:\/\/zaverecne-prace.ucimesaweby.sk\/yelyzaveta\/wp-content\/uploads\/2025\/03\/Instagram-post-3-300x300.png 300w, https:\/\/zaverecne-prace.ucimesaweby.sk\/yelyzaveta\/wp-content\/uploads\/2025\/03\/Instagram-post-3-1024x1024.png 1024w, https:\/\/zaverecne-prace.ucimesaweby.sk\/yelyzaveta\/wp-content\/uploads\/2025\/03\/Instagram-post-3-150x150.png 150w, https:\/\/zaverecne-prace.ucimesaweby.sk\/yelyzaveta\/wp-content\/uploads\/2025\/03\/Instagram-post-3-768x768.png 768w\" sizes=\"(max-width: 1080px) 100vw, 1080px\" \/>\t\t\t\t\t\t\t\t<\/a>\n\t\t\t\t\t\t\t\t\t\t\t\t\t\t\t<\/div>\n\t\t\t\t<\/div>\n\t\t\t\t<div class=\"elementor-element elementor-element-a9f0e53 elementor-widget elementor-widget-image-box\" data-id=\"a9f0e53\" data-element_type=\"widget\" data-widget_type=\"image-box.default\">\n\t\t\t\t<div class=\"elementor-widget-container\">\n\t\t\t\t\t<div class=\"elementor-image-box-wrapper\"><div class=\"elementor-image-box-content\"><h3 class=\"elementor-image-box-title\">Po\u013esko<\/h3><\/div><\/div>\t\t\t\t<\/div>\n\t\t\t\t<\/div>\n\t\t\t\t\t<\/div>\n\t\t\t\t<\/div>\n\t\t\t\t\t<\/div>\n\t\t\t\t<\/div>\n\t\t\t\t\t<\/div>\n\t\t\t\t<\/div>\n\t\t\t\t\t<\/div>\n\t\t\t\t<\/div>\n\t\t<div class=\"elementor-element elementor-element-e096125 e-flex e-con-boxed wpr-particle-no wpr-jarallax-no wpr-parallax-no wpr-sticky-section-no e-con e-parent\" data-id=\"e096125\" data-element_type=\"container\">\n\t\t\t\t\t<div class=\"e-con-inner\">\n\t\t\t\t<div class=\"elementor-element elementor-element-f561750 elementor-widget elementor-widget-spacer\" data-id=\"f561750\" data-element_type=\"widget\" data-widget_type=\"spacer.default\">\n\t\t\t\t<div class=\"elementor-widget-container\">\n\t\t\t\t\t\t\t<div class=\"elementor-spacer\">\n\t\t\t<div class=\"elementor-spacer-inner\"><\/div>\n\t\t<\/div>\n\t\t\t\t\t\t<\/div>\n\t\t\t\t<\/div>\n\t\t\t\t\t<\/div>\n\t\t\t\t<\/div>\n\t\t\t\t<\/div>\n\t\t","protected":false},"excerpt":{"rendered":"<p>Bakal\u00e1rska pr\u00e1ca Kult\u00farne dedi\u010dstvo v kontexte vojny Yelyzaveta Leontieva O pr\u00e1ce Cie\u013eom pr\u00e1ce je pouk\u00e1za\u0165 na d\u00f4sledky ozbrojen\u00fdch konfliktov na kult\u00farne pamiatky a zd\u00f4razni\u0165 ich v\u00fdznam Na str\u00e1nke n\u00e1jdete digit\u00e1lnu dokument\u00e1ciu vybran\u00fdch kult\u00farnych pamiatok zo Slovenska, \u010ceska, Ukrajiny a Po\u013eska, ktor\u00e9 boli po\u0161koden\u00e9 alebo zni\u010den\u00e9 v d\u00f4sledku vojny. Projekt vizu\u00e1lne interpretuje v\u00fdsledky v\u00fdskumu a poskytuje priestor pre ich uchovanie v digit\u00e1lnej podobe. Historick\u00e9 a s\u00fa\u010dasn\u00e9 pr\u00edklady po\u0161koden\u00fdch kult\u00farnych pamiatok Slovensko \u010cesko Ukrajina Po\u013esko<\/p>\n","protected":false},"author":1,"featured_media":0,"parent":0,"menu_order":0,"comment_status":"closed","ping_status":"closed","template":"","meta":{"footnotes":""},"class_list":["post-1318","page","type-page","status-publish","hentry"],"_links":{"self":[{"href":"https:\/\/zaverecne-prace.ucimesaweby.sk\/yelyzaveta\/wp-json\/wp\/v2\/pages\/1318","targetHints":{"allow":["GET"]}}],"collection":[{"href":"https:\/\/zaverecne-prace.ucimesaweby.sk\/yelyzaveta\/wp-json\/wp\/v2\/pages"}],"about":[{"href":"https:\/\/zaverecne-prace.ucimesaweby.sk\/yelyzaveta\/wp-json\/wp\/v2\/types\/page"}],"author":[{"embeddable":true,"href":"https:\/\/zaverecne-prace.ucimesaweby.sk\/yelyzaveta\/wp-json\/wp\/v2\/users\/1"}],"replies":[{"embeddable":true,"href":"https:\/\/zaverecne-prace.ucimesaweby.sk\/yelyzaveta\/wp-json\/wp\/v2\/comments?post=1318"}],"version-history":[{"count":69,"href":"https:\/\/zaverecne-prace.ucimesaweby.sk\/yelyzaveta\/wp-json\/wp\/v2\/pages\/1318\/revisions"}],"predecessor-version":[{"id":2220,"href":"https:\/\/zaverecne-prace.ucimesaweby.sk\/yelyzaveta\/wp-json\/wp\/v2\/pages\/1318\/revisions\/2220"}],"wp:attachment":[{"href":"https:\/\/zaverecne-prace.ucimesaweby.sk\/yelyzaveta\/wp-json\/wp\/v2\/media?parent=1318"}],"curies":[{"name":"wp","href":"https:\/\/api.w.org\/{rel}","templated":true}]}}