{"id":548,"date":"2022-04-17T20:57:47","date_gmt":"2022-04-17T18:57:47","guid":{"rendered":"https:\/\/zaverecne-prace.ucimesaweby.sk\/steinbach\/?page_id=548"},"modified":"2022-04-24T13:23:40","modified_gmt":"2022-04-24T11:23:40","slug":"marek-snelly","status":"publish","type":"page","link":"https:\/\/zaverecne-prace.ucimesaweby.sk\/steinbach\/marek-snelly\/","title":{"rendered":"Marek \u0160nelly"},"content":{"rendered":"\n<h4 class=\"has-text-align-center wp-block-heading\"><a href=\"https:\/\/www.google.com\/maps\/place\/Tren%C4%8D%C3%ADn\/@48.8984047,18.0227278,13z\/data=!3m1!4b1!4m5!3m4!1s0x4714a2221be02575:0x400f7d1c696f680!8m2!3d48.884936!4d18.0335208\" target=\"_blank\" rel=\"noreferrer noopener\">Tren\u010d\u00edn<\/a><\/h4>\n\n\n\n<p>Marek \u0160nelly z Tren\u010d\u00edna m\u00e1 najv\u00e4\u010d\u0161iu zbierku krojovan\u00fdch b\u00e1bik na Slovensku. Jeho zbierka bola zap\u00edsan\u00e1 do Knihy slovensk\u00fdch rekordov v roku 2019. Pri s\u010d\u00edtan\u00ed b\u00e1bik komis\u00e1r Igor Svitko napo\u010d\u00edtal 153 b\u00e1bik.<\/p>\n\n\n\n<p>Pri poslednom verejnom rozhovore d\u0148a 9.3.2021 s Telev\u00edziou Mark\u00edza v rel\u00e1cii Teler\u00e1no Marek uviedol, \u017ee m\u00e1 vo svojej zbierke 175 krojovan\u00fdch b\u00e1bik (odkaz na video rozhovoru v spodnej \u010dasti str\u00e1nky).<\/p>\n\n\n\n<div class=\"wp-block-image\"><figure class=\"aligncenter is-resized\"><img loading=\"lazy\" decoding=\"async\" src=\"https:\/\/zaverecne-prace.ucimesaweby.sk\/steinbach\/wp-content\/uploads\/2022\/04\/Screenshot-2022-04-09-at-00-41-36-Zbierka-babik-Mareka-Snellyho-Mytrencin.sme_.sk_.png\" alt=\"\" width=\"444\" height=\"367\"\/><figcaption>Marek \u0160nelly a jeho zbierka b\u00e1bik (Foto: arch\u00edv M.\u0160nelly)<\/figcaption><\/figure><\/div>\n\n\n\n<p>Zverejnen\u00e9 \u010dl\u00e1nky o zbierke Mareka \u0160nellyho v slovensk\u00fdch m\u00e9di\u00e1ch:<\/p>\n\n\n\n<p>\u010cl\u00e1nok z port\u00e1lu Slovensk\u00e9 rekordy. 3.4.2019. <a href=\"https:\/\/zaverecne-prace.ucimesaweby.sk\/steinbach\/2022\/04\/17\/marek-snelly-slovenske-rekordy-2019\/\">Najv\u00e4\u010d\u0161ia zbierka b\u00e1bik v autentick\u00fdch krojoch Marka \u0160nellyho.<\/a><\/p>\n\n\n\n<p>\u010cl\u00e1nok z port\u00e1lu \u017divot, Pluska.sk. 4.7.2019. <a href=\"https:\/\/zaverecne-prace.ucimesaweby.sk\/steinbach\/2022\/04\/17\/marek-snelly-zivot-2019\/\">M\u00e1 jedine\u010dn\u00fa najv\u00e4\u010d\u0161iu zbierku b\u00e1bik v origin\u00e1lnych krojoch, mnoh\u00e9 s\u00e1m vytv\u00e1ra a \u0161ije im kost\u00fdmi.<\/a><\/p>\n\n\n\n<p>\u010cl\u00e1nok z port\u00e1lu MY Tren\u010d\u00edn, 23.2.2020. Autor: \u0161\u00e9fredaktor MY Tren\u010d\u00edn Erik Stopka. <a href=\"https:\/\/zaverecne-prace.ucimesaweby.sk\/steinbach\/2022\/04\/17\/marek-snelly-my-trencin-2020\/\" target=\"_blank\" rel=\"noreferrer noopener\">M\u00e1 najv\u00e4\u010d\u0161iu zbierku krojovan\u00fdch b\u00e1bik. Zap\u00edsal sa do Knihy slovensk\u00fdch rekordov.<\/a><\/p>\n\n\n\n<p>Video zverejnen\u00e9 na video kan\u00e1li Facebook Telev\u00edzia Mark\u00edza Teler\u00e1no. 9.3.2021. <a href=\"https:\/\/fb.watch\/csbF8jm1UX\/\" target=\"_blank\" rel=\"noreferrer noopener\">Zberate\u013e b\u00e1bik Marek \u0160nelly.<\/a><\/p>\n","protected":false},"excerpt":{"rendered":"<p>Tren\u010d\u00edn Marek \u0160nelly z Tren\u010d\u00edna m\u00e1 najv\u00e4\u010d\u0161iu zbierku krojovan\u00fdch b\u00e1bik na Slovensku. Jeho zbierka bola zap\u00edsan\u00e1 do Knihy slovensk\u00fdch rekordov v roku 2019. Pri s\u010d\u00edtan\u00ed b\u00e1bik komis\u00e1r Igor Svitko napo\u010d\u00edtal 153 b\u00e1bik. Pri poslednom verejnom rozhovore d\u0148a 9.3.2021 s Telev\u00edziou Mark\u00edza v rel\u00e1cii Teler\u00e1no Marek uviedol, \u017ee m\u00e1 vo svojej zbierke 175 krojovan\u00fdch b\u00e1bik (odkaz na video rozhovoru v spodnej \u010dasti str\u00e1nky). Zverejnen\u00e9 \u010dl\u00e1nky o zbierke Mareka \u0160nellyho v slovensk\u00fdch m\u00e9di\u00e1ch: \u010cl\u00e1nok z port\u00e1lu Slovensk\u00e9 rekordy. 3.4.2019. Najv\u00e4\u010d\u0161ia zbierka b\u00e1bik v autentick\u00fdch krojoch Marka \u0160nellyho. \u010cl\u00e1nok z port\u00e1lu \u017divot, Pluska.sk. 4.7.2019. M\u00e1 jedine\u010dn\u00fa najv\u00e4\u010d\u0161iu zbierku b\u00e1bik v origin\u00e1lnych krojoch, mnoh\u00e9 s\u00e1m vytv\u00e1ra a \u0161ije im kost\u00fdmi. \u010cl\u00e1nok z port\u00e1lu MY Tren\u010d\u00edn, 23.2.2020. Autor: \u0161\u00e9fredaktor MY Tren\u010d\u00edn Erik Stopka. M\u00e1 najv\u00e4\u010d\u0161iu zbierku krojovan\u00fdch b\u00e1bik. Zap\u00edsal sa do Knihy slovensk\u00fdch rekordov. Video zverejnen\u00e9 na video kan\u00e1li Facebook Telev\u00edzia Mark\u00edza Teler\u00e1no. 9.3.2021. Zberate\u013e b\u00e1bik Marek \u0160nelly.<\/p>\n","protected":false},"author":1,"featured_media":588,"parent":0,"menu_order":0,"comment_status":"closed","ping_status":"closed","template":"","meta":{"ngg_post_thumbnail":0,"footnotes":""},"class_list":["post-548","page","type-page","status-publish","has-post-thumbnail","hentry"],"_links":{"self":[{"href":"https:\/\/zaverecne-prace.ucimesaweby.sk\/steinbach\/wp-json\/wp\/v2\/pages\/548","targetHints":{"allow":["GET"]}}],"collection":[{"href":"https:\/\/zaverecne-prace.ucimesaweby.sk\/steinbach\/wp-json\/wp\/v2\/pages"}],"about":[{"href":"https:\/\/zaverecne-prace.ucimesaweby.sk\/steinbach\/wp-json\/wp\/v2\/types\/page"}],"author":[{"embeddable":true,"href":"https:\/\/zaverecne-prace.ucimesaweby.sk\/steinbach\/wp-json\/wp\/v2\/users\/1"}],"replies":[{"embeddable":true,"href":"https:\/\/zaverecne-prace.ucimesaweby.sk\/steinbach\/wp-json\/wp\/v2\/comments?post=548"}],"version-history":[{"count":13,"href":"https:\/\/zaverecne-prace.ucimesaweby.sk\/steinbach\/wp-json\/wp\/v2\/pages\/548\/revisions"}],"predecessor-version":[{"id":1051,"href":"https:\/\/zaverecne-prace.ucimesaweby.sk\/steinbach\/wp-json\/wp\/v2\/pages\/548\/revisions\/1051"}],"wp:featuredmedia":[{"embeddable":true,"href":"https:\/\/zaverecne-prace.ucimesaweby.sk\/steinbach\/wp-json\/wp\/v2\/media\/588"}],"wp:attachment":[{"href":"https:\/\/zaverecne-prace.ucimesaweby.sk\/steinbach\/wp-json\/wp\/v2\/media?parent=548"}],"curies":[{"name":"wp","href":"https:\/\/api.w.org\/{rel}","templated":true}]}}