{"id":444,"date":"2022-04-15T16:02:26","date_gmt":"2022-04-15T14:02:26","guid":{"rendered":"https:\/\/zaverecne-prace.ucimesaweby.sk\/steinbach\/?page_id=444"},"modified":"2022-04-22T16:14:23","modified_gmt":"2022-04-22T14:14:23","slug":"mapa-stranok-2","status":"publish","type":"page","link":"https:\/\/zaverecne-prace.ucimesaweby.sk\/steinbach\/mapa-stranok-2\/","title":{"rendered":"Mapa str\u00e1nok"},"content":{"rendered":"<div id=\"simple-sitemap-container-69ed25f0f0db5\" class=\"simple-sitemap-container simple-sitemap-container-69ed25f0f0db5 tab-disabled\"><div class=\"simple-sitemap-wrap\"><h3 class=\"post-type\">Str\u00e1nky<\/h3><ul class=\"simple-sitemap-page main\"><li class=\"sitemap-item page_item page-item-1178\"><a href=\"https:\/\/zaverecne-prace.ucimesaweby.sk\/steinbach\/2019-2\/\">2019<\/a><\/li>\n<li class=\"sitemap-item page_item page-item-1180\"><a href=\"https:\/\/zaverecne-prace.ucimesaweby.sk\/steinbach\/2020-2\/\">2020<\/a><\/li>\n<li class=\"sitemap-item page_item page-item-1182\"><a href=\"https:\/\/zaverecne-prace.ucimesaweby.sk\/steinbach\/2021-2\/\">2021<\/a><\/li>\n<li class=\"sitemap-item page_item page-item-1184\"><a href=\"https:\/\/zaverecne-prace.ucimesaweby.sk\/steinbach\/2022-2\/\">2022<\/a><\/li>\n<li class=\"sitemap-item page_item page-item-349\"><a href=\"https:\/\/zaverecne-prace.ucimesaweby.sk\/steinbach\/forum\/\">F\u00f3rum<\/a><\/li>\n<li class=\"sitemap-item page_item page-item-455\"><a href=\"https:\/\/zaverecne-prace.ucimesaweby.sk\/steinbach\/community\/\">F\u00f3rum - pr\u00edspevky<\/a><\/li>\n<li class=\"sitemap-item page_item page-item-126\"><a href=\"https:\/\/zaverecne-prace.ucimesaweby.sk\/steinbach\/historia-vyroby-babik\/\">Hist\u00f3ria v\u00fdroby b\u00e1bik<\/a><\/li>\n<li class=\"sitemap-item page_item page-item-36\"><a href=\"https:\/\/zaverecne-prace.ucimesaweby.sk\/steinbach\/kontakt\/\">Kontakt<\/a><\/li>\n<li class=\"sitemap-item page_item page-item-2\"><a href=\"https:\/\/zaverecne-prace.ucimesaweby.sk\/steinbach\/\">Krojovan\u00e9 b\u00e1biky<\/a><\/li>\n<li class=\"sitemap-item page_item page-item-444\"><a href=\"https:\/\/zaverecne-prace.ucimesaweby.sk\/steinbach\/mapa-stranok-2\/\">Mapa str\u00e1nok<\/a><\/li>\n<li class=\"sitemap-item page_item page-item-548\"><a href=\"https:\/\/zaverecne-prace.ucimesaweby.sk\/steinbach\/marek-snelly\/\">Marek \u0160nelly<\/a><\/li>\n<li class=\"sitemap-item page_item page-item-19\"><a href=\"https:\/\/zaverecne-prace.ucimesaweby.sk\/steinbach\/o-projekte\/\">O projekte<\/a><\/li>\n<li class=\"sitemap-item page_item page-item-123\"><a href=\"https:\/\/zaverecne-prace.ucimesaweby.sk\/steinbach\/veno-a-vybava-nevesty-v-historii-na-slovensku\/\">Veno a\u00a0v\u00fdbava nevesty v\u00a0hist\u00f3rii na Slovensku<\/a><\/li>\n<li class=\"sitemap-item page_item page-item-138\"><a href=\"https:\/\/zaverecne-prace.ucimesaweby.sk\/steinbach\/veronika-cetliova\/\">Veronika Cetliov\u00e1<\/a><\/li>\n<li class=\"sitemap-item page_item page-item-15\"><a href=\"https:\/\/zaverecne-prace.ucimesaweby.sk\/steinbach\/vyrobcovia\/\">V\u00fdrobcovia<\/a><\/li>\n<li class=\"sitemap-item page_item page-item-18\"><a href=\"https:\/\/zaverecne-prace.ucimesaweby.sk\/steinbach\/vystavy\/\">V\u00fdstavy<\/a><\/li>\n<li class=\"sitemap-item page_item page-item-106\"><a href=\"https:\/\/zaverecne-prace.ucimesaweby.sk\/steinbach\/vyvoj-ludoveho-odevu-na-slovensku\/\">V\u00fdvoj \u013eudov\u00e9ho odevu na Slovensku<\/a><\/li>\n<li class=\"sitemap-item page_item page-item-100\"><a href=\"https:\/\/zaverecne-prace.ucimesaweby.sk\/steinbach\/vyvoj-narodopisnych-vyskumov-na-slovensku\/\">V\u00fdvoj n\u00e1rodopisn\u00fdch v\u00fdskumov na Slovensku<\/a><\/li>\n<li class=\"sitemap-item page_item page-item-129\"><a href=\"https:\/\/zaverecne-prace.ucimesaweby.sk\/steinbach\/vyroba-krojovanych-babik-na-slovensku\/\">V\u00fdvoj v\u00fdroby krojovan\u00fdch b\u00e1bik na Slovensku<\/a><\/li>\n<li class=\"sitemap-item page_item page-item-226\"><a href=\"https:\/\/zaverecne-prace.ucimesaweby.sk\/steinbach\/vyvoj-vysivkarstva-na-slovensku\/\">V\u00fdvoj v\u00fd\u0161ivk\u00e1rstva na Slovensku<\/a><\/li>\n<li class=\"sitemap-item page_item page-item-16\"><a href=\"https:\/\/zaverecne-prace.ucimesaweby.sk\/steinbach\/z-historie\/\">Z hist\u00f3rie<\/a><\/li>\n<li class=\"sitemap-item page_item page-item-766\"><a href=\"https:\/\/zaverecne-prace.ucimesaweby.sk\/steinbach\/z-historie-2\/\">Z hist\u00f3rie<\/a><\/li>\n<li class=\"sitemap-item page_item page-item-3\"><a href=\"https:\/\/zaverecne-prace.ucimesaweby.sk\/steinbach\/ochrana-sukromia\/\">Z\u00e1sady ochrany osobn\u00fdch \u00fadajov<\/a><\/li>\n<li class=\"sitemap-item page_item page-item-17\"><a href=\"https:\/\/zaverecne-prace.ucimesaweby.sk\/steinbach\/zberatelia\/\">Zberatelia<\/a><\/li>\n<\/ul><\/div><\/div><br style=\"clear: both;\">\n","protected":false},"excerpt":{"rendered":"","protected":false},"author":1,"featured_media":0,"parent":0,"menu_order":0,"comment_status":"closed","ping_status":"closed","template":"","meta":{"ngg_post_thumbnail":0,"footnotes":""},"class_list":["post-444","page","type-page","status-publish","hentry"],"_links":{"self":[{"href":"https:\/\/zaverecne-prace.ucimesaweby.sk\/steinbach\/wp-json\/wp\/v2\/pages\/444","targetHints":{"allow":["GET"]}}],"collection":[{"href":"https:\/\/zaverecne-prace.ucimesaweby.sk\/steinbach\/wp-json\/wp\/v2\/pages"}],"about":[{"href":"https:\/\/zaverecne-prace.ucimesaweby.sk\/steinbach\/wp-json\/wp\/v2\/types\/page"}],"author":[{"embeddable":true,"href":"https:\/\/zaverecne-prace.ucimesaweby.sk\/steinbach\/wp-json\/wp\/v2\/users\/1"}],"replies":[{"embeddable":true,"href":"https:\/\/zaverecne-prace.ucimesaweby.sk\/steinbach\/wp-json\/wp\/v2\/comments?post=444"}],"version-history":[{"count":2,"href":"https:\/\/zaverecne-prace.ucimesaweby.sk\/steinbach\/wp-json\/wp\/v2\/pages\/444\/revisions"}],"predecessor-version":[{"id":446,"href":"https:\/\/zaverecne-prace.ucimesaweby.sk\/steinbach\/wp-json\/wp\/v2\/pages\/444\/revisions\/446"}],"wp:attachment":[{"href":"https:\/\/zaverecne-prace.ucimesaweby.sk\/steinbach\/wp-json\/wp\/v2\/media?parent=444"}],"curies":[{"name":"wp","href":"https:\/\/api.w.org\/{rel}","templated":true}]}}