{"id":349,"date":"2022-04-10T10:52:35","date_gmt":"2022-04-10T08:52:35","guid":{"rendered":"https:\/\/zaverecne-prace.ucimesaweby.sk\/steinbach\/?page_id=349"},"modified":"2022-04-24T12:29:29","modified_gmt":"2022-04-24T10:29:29","slug":"forum","status":"publish","type":"page","link":"https:\/\/zaverecne-prace.ucimesaweby.sk\/steinbach\/forum\/","title":{"rendered":"F\u00f3rum"},"content":{"rendered":"\n<p>Na tejto str\u00e1nke m\u00f4\u017eu v\u0161etci z\u00e1ujemcovia o krojovan\u00e9 b\u00e1biky prid\u00e1va\u0165 formou koment\u00e1ra vo f\u00f3re r\u00f4zne rady a tipy, ktor\u00e9 by pomohli ostatn\u00fdm v ich tvorbe alebo posl\u00fa\u017eili napr\u00edklad ako odborn\u00e9 tipy pri v\u00fdbere a n\u00e1kupu krojovan\u00e9 b\u00e1biky.<\/p>\n\n<p>Prida\u0165 pr\u00edspevok kliknite na: <a href=\"https:\/\/zaverecne-prace.ucimesaweby.sk\/steinbach\/community\/\" target=\"_blank\" rel=\"noreferrer noopener\">F\u00f3rum Krojovan\u00e9 b\u00e1biky<\/a><\/p>\n\n<figure><img loading=\"lazy\" decoding=\"async\" src=\"https:\/\/zaverecne-prace.ucimesaweby.sk\/steinbach\/wp-content\/uploads\/2022\/04\/IMG_2860-1-1024x623.jpg\" alt=\"\" width=\"651\" height=\"396\" \/>\n<figcaption>V\u00fdstava krojovan\u00fdch b\u00e1bik v Pie\u0161\u0165anoch (PNky 2016))<\/figcaption>\n<\/figure>\n\n<p>PNky, 2016. V\u00fdstavu krojovan\u00fdch b\u00e1bik otvorili aj \u201ekrojovanky\u201c z\u00a0Povoje, v\u00a0parku zasa zneli gajdy. In: PNky [online]. 2016 [cit. 2021-12-05]. Dostupn\u00e9 na: <a href=\"https:\/\/www.pnky.sk\/aktuality\/vystavu-krojovanych-babik-otvorili-aj-krojovanky-z-povoje-v-parku-zasa-zneli-gajdy\/\" target=\"_blank\" rel=\"noreferrer noopener\">https:\/\/www.pnky.sk\/aktuality\/vystavu-krojovanych-babik-otvorili-aj-krojovanky-z-povoje-v-parku-zasa-zneli-gajdy\/ <\/a><\/p>\n","protected":false},"excerpt":{"rendered":"<p>Na tejto str\u00e1nke m\u00f4\u017eu v\u0161etci z\u00e1ujemcovia o krojovan\u00e9 b\u00e1biky prid\u00e1va\u0165 formou koment\u00e1ra vo f\u00f3re r\u00f4zne rady a tipy, ktor\u00e9 by pomohli ostatn\u00fdm v ich tvorbe alebo posl\u00fa\u017eili napr\u00edklad ako odborn\u00e9 tipy pri v\u00fdbere a n\u00e1kupu krojovan\u00e9 b\u00e1biky. Prida\u0165 pr\u00edspevok kliknite na: F\u00f3rum Krojovan\u00e9 b\u00e1biky PNky, 2016. V\u00fdstavu krojovan\u00fdch b\u00e1bik otvorili aj \u201ekrojovanky\u201c z\u00a0Povoje, v\u00a0parku zasa zneli gajdy. In: PNky [online]. 2016 [cit. 2021-12-05]. Dostupn\u00e9 na: https:\/\/www.pnky.sk\/aktuality\/vystavu-krojovanych-babik-otvorili-aj-krojovanky-z-povoje-v-parku-zasa-zneli-gajdy\/<\/p>\n","protected":false},"author":1,"featured_media":0,"parent":0,"menu_order":0,"comment_status":"closed","ping_status":"closed","template":"","meta":{"ngg_post_thumbnail":0,"footnotes":""},"class_list":["post-349","page","type-page","status-publish","hentry"],"_links":{"self":[{"href":"https:\/\/zaverecne-prace.ucimesaweby.sk\/steinbach\/wp-json\/wp\/v2\/pages\/349","targetHints":{"allow":["GET"]}}],"collection":[{"href":"https:\/\/zaverecne-prace.ucimesaweby.sk\/steinbach\/wp-json\/wp\/v2\/pages"}],"about":[{"href":"https:\/\/zaverecne-prace.ucimesaweby.sk\/steinbach\/wp-json\/wp\/v2\/types\/page"}],"author":[{"embeddable":true,"href":"https:\/\/zaverecne-prace.ucimesaweby.sk\/steinbach\/wp-json\/wp\/v2\/users\/1"}],"replies":[{"embeddable":true,"href":"https:\/\/zaverecne-prace.ucimesaweby.sk\/steinbach\/wp-json\/wp\/v2\/comments?post=349"}],"version-history":[{"count":12,"href":"https:\/\/zaverecne-prace.ucimesaweby.sk\/steinbach\/wp-json\/wp\/v2\/pages\/349\/revisions"}],"predecessor-version":[{"id":989,"href":"https:\/\/zaverecne-prace.ucimesaweby.sk\/steinbach\/wp-json\/wp\/v2\/pages\/349\/revisions\/989"}],"wp:attachment":[{"href":"https:\/\/zaverecne-prace.ucimesaweby.sk\/steinbach\/wp-json\/wp\/v2\/media?parent=349"}],"curies":[{"name":"wp","href":"https:\/\/api.w.org\/{rel}","templated":true}]}}