{"id":2,"date":"2022-03-29T09:54:25","date_gmt":"2022-03-29T07:54:25","guid":{"rendered":"https:\/\/zaverecne-prace.ucimesaweby.sk\/steinbach\/?page_id=2"},"modified":"2022-05-14T22:24:01","modified_gmt":"2022-05-14T20:24:01","slug":"ukazkova-stranka","status":"publish","type":"page","link":"https:\/\/zaverecne-prace.ucimesaweby.sk\/steinbach\/","title":{"rendered":"Krojovan\u00e9 b\u00e1biky"},"content":{"rendered":"\n<h4 class=\"has-text-align-center wp-block-heading\"><a href=\"https:\/\/zaverecne-prace.ucimesaweby.sk\/steinbach\/\">Trad\u00edcia a v\u00fdvoj v\u00fdroby<\/a><\/h4>\n\n\n\n<hr class=\"wp-block-separator\"\/>\n\n\n\n<p><\/p>\n\n\n\n<p class=\"has-text-align-center\"><strong>Cie\u013eom webovej str\u00e1nky &#8220;Krojovan\u00e9 b\u00e1biky na Slovensku&#8221; je a v\u017edy bude poskytova\u0165 \u0161irokej verejnosti inform\u00e1cie, ktor\u00e9 v najv\u00e4\u010d\u0161ej mo\u017enej miere m\u00f4\u017eu nahradi\u0165 ch\u00fdbaj\u00face publik\u00e1cie v oblasti v\u00fdroby krojovan\u00fdch b\u00e1bik na Slovensku.<\/strong><\/p>\n\n\n\n<hr class=\"wp-block-separator\"\/>\n\n\n\n<p><\/p>\n\n\n\n<p class=\"has-text-align-center\">Hlavn\u00fdm z\u00e1merom a motiv\u00e1ciou pre tvorbu tejto webovej str\u00e1nky je fakt, \u017ee v\u00fdrobcovia a\u00a0zberatelia krojovan\u00fdch b\u00e1bik p\u00f4sobia po celom \u00fazem\u00ed Slovenska a\u00a0okrem realizovan\u00fdch v\u00fdstav sa stret\u00e1vaj\u00fa iba sporadicky. Mysl\u00edme si, \u017ee aj v\u00a0tejto oblasti \u013eudovej tvorby je d\u00f4le\u017eit\u00e9 si vymie\u0148a\u0165 sk\u00fasenosti a\u00a0poznatky, z\u00edskavan\u00e9 dlhodobo. Preto v\u00a0r\u00e1mci obsahu webu bude vytvoren\u00fd priestor pre pr\u00edspevky od v\u00fdrobcov, zberate\u013eov alebo in\u00fdch z\u00e1ujemcov. Niektor\u00ed v\u00fdrobcovia sa u\u017e pre svoj vysok\u00fd vek\u00a0samotnej v\u00fdrobe krojovan\u00fdch b\u00e1bik nem\u00f4\u017eu venova\u0165 a\u00a0ob\u00e1vame sa, \u017ee sa ich nadobudnut\u00e9 poznatky\u00a0 stratia. Z\u00a0t\u00fdchto d\u00f4vodov pl\u00e1nujeme na\u010falej od nich zbiera\u0165 hodnotn\u00e9 inform\u00e1cie a\u00a0postupne ich zverej\u0148ova\u0165 na tomto  webovom s\u00eddle pre \u010fal\u0161ie vyu\u017eitie mlad\u0161\u00edch v\u00fdrobcov alebo in\u00fdch z\u00e1ujemcov o\u00a0krojovan\u00e9 b\u00e1biky.<\/p>\n\n\n\n<p><\/p>\n\n\n\n<figure class=\"wp-block-gallery has-nested-images columns-default is-cropped wp-block-gallery-1 is-layout-flex wp-block-gallery-is-layout-flex\">\n<figure class=\"wp-block-image size-large\"><img loading=\"lazy\" decoding=\"async\" width=\"1024\" height=\"734\" data-id=\"800\" src=\"https:\/\/zaverecne-prace.ucimesaweby.sk\/steinbach\/wp-content\/uploads\/2022\/04\/1271715_1200x-1024x734.jpeg\" alt=\"\" class=\"wp-image-800\" srcset=\"https:\/\/zaverecne-prace.ucimesaweby.sk\/steinbach\/wp-content\/uploads\/2022\/04\/1271715_1200x-1024x734.jpeg 1024w, https:\/\/zaverecne-prace.ucimesaweby.sk\/steinbach\/wp-content\/uploads\/2022\/04\/1271715_1200x-300x215.jpeg 300w, https:\/\/zaverecne-prace.ucimesaweby.sk\/steinbach\/wp-content\/uploads\/2022\/04\/1271715_1200x-768x550.jpeg 768w, https:\/\/zaverecne-prace.ucimesaweby.sk\/steinbach\/wp-content\/uploads\/2022\/04\/1271715_1200x.jpeg 1200w\" sizes=\"auto, (max-width: 1024px) 100vw, 1024px\" \/><\/figure>\n\n\n\n<figure class=\"wp-block-image size-large\"><img loading=\"lazy\" decoding=\"async\" width=\"500\" height=\"333\" data-id=\"798\" src=\"https:\/\/zaverecne-prace.ucimesaweby.sk\/steinbach\/wp-content\/uploads\/2022\/04\/1500647-1.jpg\" alt=\"\" class=\"wp-image-798\" srcset=\"https:\/\/zaverecne-prace.ucimesaweby.sk\/steinbach\/wp-content\/uploads\/2022\/04\/1500647-1.jpg 500w, https:\/\/zaverecne-prace.ucimesaweby.sk\/steinbach\/wp-content\/uploads\/2022\/04\/1500647-1-300x200.jpg 300w\" sizes=\"auto, (max-width: 500px) 100vw, 500px\" \/><\/figure>\n\n\n\n<figure class=\"wp-block-image size-large\"><img loading=\"lazy\" decoding=\"async\" width=\"500\" height=\"333\" data-id=\"799\" src=\"https:\/\/zaverecne-prace.ucimesaweby.sk\/steinbach\/wp-content\/uploads\/2022\/04\/1500649-2.jpg\" alt=\"\" class=\"wp-image-799\" srcset=\"https:\/\/zaverecne-prace.ucimesaweby.sk\/steinbach\/wp-content\/uploads\/2022\/04\/1500649-2.jpg 500w, https:\/\/zaverecne-prace.ucimesaweby.sk\/steinbach\/wp-content\/uploads\/2022\/04\/1500649-2-300x200.jpg 300w\" sizes=\"auto, (max-width: 500px) 100vw, 500px\" \/><\/figure>\n<figcaption class=\"blocks-gallery-caption\">Krojovan\u00e9 b\u00e1biky na v\u00fdstave v Pie\u0161\u0165anoch<\/figcaption><\/figure>\n\n\n\n<p><\/p>\n\n\n\n<p class=\"has-text-align-center\">Takmer ka\u017ed\u00fd ob\u010dan u\u017e niekedy videl&nbsp;krojovan\u00fa b\u00e1biku osobne alebo v&nbsp;knihe, \u010dasopise alebo telev\u00edzii, ale nevie kedy sa za\u010dali vyr\u00e1ba\u0165 prv\u00e9 exempl\u00e1re alebo nepozn\u00e1 postup ako sa tak\u00e1 b\u00e1bika vyr\u00e1ba. V&nbsp;s\u00fa\u010dasnosti nie je na Slovensku evidovan\u00e1 \u017eiadna \u0161pecializovan\u00e1 publik\u00e1cia, ktor\u00e1 by sa venovala v\u00fdhradne t\u00e9me krojovan\u00fdch b\u00e1bik. Z\u00e1ujemcovia o&nbsp;t\u00fato oblas\u0165 \u013eudovej tvorby m\u00e1rne h\u013eadaj\u00fa v&nbsp;kni\u017eniciach alebo v kn\u00edhkupectv\u00e1ch publik\u00e1ciu, ktor\u00e1 by aspo\u0148 z&nbsp;\u010dasti pojedn\u00e1vala o&nbsp;krojovan\u00fdch b\u00e1bik\u00e1ch alebo zhroma\u017e\u010fovala \u010das\u0165 z&nbsp;ka\u017edej oblasti v\u00fdroby krojovan\u00fdch b\u00e1bik a z\u00e1rove\u0148&nbsp;tvorila celistv\u00fd poh\u013ead na t\u00fato t\u00e9mu. Publik\u00e1ciu, ktor\u00e1 by pojedn\u00e1vala o po\u010diatkoch a d\u00f4vodoch ich v\u00fdroby, pr\u00edpadne o&nbsp;postupoch alebo r\u00f4znych technik\u00e1ch vyhotovenia mal\u00fdch krojov alebo aj samotn\u00fdch b\u00e1bik. <\/p>\n\n\n\n<p><\/p>\n","protected":false},"excerpt":{"rendered":"<p>Trad\u00edcia a v\u00fdvoj v\u00fdroby Cie\u013eom webovej str\u00e1nky &#8220;Krojovan\u00e9 b\u00e1biky na Slovensku&#8221; je a v\u017edy bude poskytova\u0165 \u0161irokej verejnosti inform\u00e1cie, ktor\u00e9 v najv\u00e4\u010d\u0161ej mo\u017enej miere m\u00f4\u017eu nahradi\u0165 ch\u00fdbaj\u00face publik\u00e1cie v oblasti v\u00fdroby krojovan\u00fdch b\u00e1bik na Slovensku. Hlavn\u00fdm z\u00e1merom a motiv\u00e1ciou pre tvorbu tejto webovej str\u00e1nky je fakt, \u017ee v\u00fdrobcovia a\u00a0zberatelia krojovan\u00fdch b\u00e1bik p\u00f4sobia po celom \u00fazem\u00ed Slovenska a\u00a0okrem realizovan\u00fdch v\u00fdstav sa stret\u00e1vaj\u00fa iba sporadicky. Mysl\u00edme si, \u017ee aj v\u00a0tejto oblasti \u013eudovej tvorby je d\u00f4le\u017eit\u00e9 si vymie\u0148a\u0165 sk\u00fasenosti a\u00a0poznatky, z\u00edskavan\u00e9 dlhodobo. Preto v\u00a0r\u00e1mci obsahu webu bude vytvoren\u00fd priestor pre pr\u00edspevky od v\u00fdrobcov, zberate\u013eov alebo in\u00fdch z\u00e1ujemcov. Niektor\u00ed v\u00fdrobcovia sa u\u017e pre svoj vysok\u00fd vek\u00a0samotnej v\u00fdrobe krojovan\u00fdch b\u00e1bik nem\u00f4\u017eu venova\u0165 a\u00a0ob\u00e1vame sa, \u017ee sa ich nadobudnut\u00e9 poznatky\u00a0 stratia. Z\u00a0t\u00fdchto d\u00f4vodov pl\u00e1nujeme na\u010falej od nich zbiera\u0165 hodnotn\u00e9 inform\u00e1cie a\u00a0postupne ich zverej\u0148ova\u0165 na tomto webovom s\u00eddle pre \u010fal\u0161ie vyu\u017eitie mlad\u0161\u00edch v\u00fdrobcov alebo in\u00fdch z\u00e1ujemcov o\u00a0krojovan\u00e9 b\u00e1biky. Takmer ka\u017ed\u00fd ob\u010dan u\u017e niekedy videl&nbsp;krojovan\u00fa b\u00e1biku osobne alebo v&nbsp;knihe, \u010dasopise alebo telev\u00edzii, ale nevie kedy sa za\u010dali vyr\u00e1ba\u0165 prv\u00e9 exempl\u00e1re alebo nepozn\u00e1 postup ako sa tak\u00e1 b\u00e1bika vyr\u00e1ba. V&nbsp;s\u00fa\u010dasnosti nie je na Slovensku evidovan\u00e1 \u017eiadna \u0161pecializovan\u00e1 publik\u00e1cia, ktor\u00e1 by sa venovala v\u00fdhradne t\u00e9me krojovan\u00fdch b\u00e1bik. Z\u00e1ujemcovia o&nbsp;t\u00fato oblas\u0165 \u013eudovej tvorby m\u00e1rne h\u013eadaj\u00fa v&nbsp;kni\u017eniciach alebo v kn\u00edhkupectv\u00e1ch publik\u00e1ciu, ktor\u00e1 by aspo\u0148 z&nbsp;\u010dasti pojedn\u00e1vala o&nbsp;krojovan\u00fdch b\u00e1bik\u00e1ch alebo zhroma\u017e\u010fovala \u010das\u0165 z&nbsp;ka\u017edej oblasti v\u00fdroby krojovan\u00fdch b\u00e1bik a z\u00e1rove\u0148&nbsp;tvorila celistv\u00fd poh\u013ead na t\u00fato t\u00e9mu. Publik\u00e1ciu, ktor\u00e1 by pojedn\u00e1vala o po\u010diatkoch a d\u00f4vodoch ich v\u00fdroby, pr\u00edpadne o&nbsp;postupoch alebo r\u00f4znych technik\u00e1ch vyhotovenia mal\u00fdch krojov alebo aj samotn\u00fdch b\u00e1bik.<\/p>\n","protected":false},"author":1,"featured_media":0,"parent":0,"menu_order":0,"comment_status":"closed","ping_status":"open","template":"","meta":{"ngg_post_thumbnail":0,"footnotes":""},"class_list":["post-2","page","type-page","status-publish","hentry"],"_links":{"self":[{"href":"https:\/\/zaverecne-prace.ucimesaweby.sk\/steinbach\/wp-json\/wp\/v2\/pages\/2","targetHints":{"allow":["GET"]}}],"collection":[{"href":"https:\/\/zaverecne-prace.ucimesaweby.sk\/steinbach\/wp-json\/wp\/v2\/pages"}],"about":[{"href":"https:\/\/zaverecne-prace.ucimesaweby.sk\/steinbach\/wp-json\/wp\/v2\/types\/page"}],"author":[{"embeddable":true,"href":"https:\/\/zaverecne-prace.ucimesaweby.sk\/steinbach\/wp-json\/wp\/v2\/users\/1"}],"replies":[{"embeddable":true,"href":"https:\/\/zaverecne-prace.ucimesaweby.sk\/steinbach\/wp-json\/wp\/v2\/comments?post=2"}],"version-history":[{"count":30,"href":"https:\/\/zaverecne-prace.ucimesaweby.sk\/steinbach\/wp-json\/wp\/v2\/pages\/2\/revisions"}],"predecessor-version":[{"id":1148,"href":"https:\/\/zaverecne-prace.ucimesaweby.sk\/steinbach\/wp-json\/wp\/v2\/pages\/2\/revisions\/1148"}],"wp:attachment":[{"href":"https:\/\/zaverecne-prace.ucimesaweby.sk\/steinbach\/wp-json\/wp\/v2\/media?parent=2"}],"curies":[{"name":"wp","href":"https:\/\/api.w.org\/{rel}","templated":true}]}}