{"id":19,"date":"2022-03-29T21:57:31","date_gmt":"2022-03-29T19:57:31","guid":{"rendered":"https:\/\/zaverecne-prace.ucimesaweby.sk\/steinbach\/?page_id=19"},"modified":"2022-05-14T22:38:22","modified_gmt":"2022-05-14T20:38:22","slug":"o-projekte","status":"publish","type":"page","link":"https:\/\/zaverecne-prace.ucimesaweby.sk\/steinbach\/o-projekte\/","title":{"rendered":"O projekte"},"content":{"rendered":"<p><\/p>\n\n\n<p>Mil\u00fd z\u00e1ujemcovia o krojovan\u00e9 b\u00e1biky,<\/p>\n\n\n<p><\/p>\n\n\n<p>vol\u00e1m sa Jitka Steinbach, \u017eijem a tvor\u00edm v Pova\u017eskej Bystrici. B\u00e1biky s\u00fa mojou ve\u013ekou z\u00e1\u013eubou od \u00fatleho detstva, v\u017edy som im vyr\u00e1bala oble\u010denie r\u00f4znych farieb a foriem. Nau\u010dila som sa vyr\u00e1ba\u0165 aj vlastn\u00e9 b\u00e1biky a venujem sa aj v\u00fdrobe krojovan\u00fdch b\u00e1bik, vr\u00e1tane samotnej postavi\u010dky b\u00e1biky. Moje pr\u00e1ce n\u00e1jdete v sekcii V\u00fdrobcovia &#8220;Jitka Steinbach&#8221;.<\/p>\n\n\n\n<div class=\"wp-block-image\"><figure class=\"aligncenter size-full is-resized\"><img loading=\"lazy\" decoding=\"async\" src=\"https:\/\/zaverecne-prace.ucimesaweby.sk\/steinbach\/wp-content\/uploads\/2022\/04\/598921_10200812003848097_692424614_n.jpg\" alt=\"\" class=\"wp-image-849\" width=\"383\" height=\"370\" srcset=\"https:\/\/zaverecne-prace.ucimesaweby.sk\/steinbach\/wp-content\/uploads\/2022\/04\/598921_10200812003848097_692424614_n.jpg 795w, https:\/\/zaverecne-prace.ucimesaweby.sk\/steinbach\/wp-content\/uploads\/2022\/04\/598921_10200812003848097_692424614_n-300x290.jpg 300w, https:\/\/zaverecne-prace.ucimesaweby.sk\/steinbach\/wp-content\/uploads\/2022\/04\/598921_10200812003848097_692424614_n-150x145.jpg 150w, https:\/\/zaverecne-prace.ucimesaweby.sk\/steinbach\/wp-content\/uploads\/2022\/04\/598921_10200812003848097_692424614_n-768x742.jpg 768w\" sizes=\"auto, (max-width: 383px) 100vw, 383px\" \/><\/figure><\/div>\n\n\n\n<p>V roku 2019 som sa rozhodla, \u017ee trochu &#8220;dobehnem&#8221; na\u0161u ml\u00e1de\u017e a dou\u010d\u00edm sa nie\u010do o dizajne, marketingu, etike, kult\u00farnom dedi\u010dstve a pam\u00e4\u0165ov\u00fdch in\u0161tit\u00faci\u00ed formou univerzitn\u00e9ho \u0161t\u00fadia. S\u00fa\u010das\u0165ou m\u00f4jho 3-ro\u010dn\u00e9ho \u0161t\u00fadia na Katedre Mediamatiky a kult\u00farneho dedi\u010dstva na Fakulte humanitn\u00fdch vied na \u017dilinskej univerzite v \u017diline bolo vypracovanie bakal\u00e1rskej pr\u00e1ce. Zvolila som si t\u00e9mu m\u00f4jmu srdcu bl\u00edzku &#8211; krojovan\u00e9 b\u00e1biky. <br><\/p>\n\n\n\n<p>Cie\u013eom mojej bakal\u00e1rskej pr\u00e1ce bola tvorba tejto webovej str\u00e1nky ako bodu virtu\u00e1lnych stretnut\u00ed v\u0161etk\u00fdch obdivovate\u013eov krojovan\u00fdch b\u00e1bik. T\u00e1to webov\u00e1 str\u00e1nka je v neust\u00e1lom procese tvorby a jej obsah budem st\u00e1le dopl\u0148ova\u0165 o nov\u00e9 inform\u00e1cie o v\u00fdrobcoch, zberate\u013eov, materi\u00e1loch, postupoch v\u00fdroby alebo hist\u00f3rii \u013eudovej tvorby na Slovensku.<br><\/p>\n\n\n<p><\/p>\n\n\n<p>\u00davod bakal\u00e1rskej pr\u00e1ce &#8220;Krojovan\u00e9 b\u00e1biky na Slovensku&#8221;:<\/p>\n\n\n<p><\/p>\n\n\n<p>Povedomie \u0161irokej verejnosti o&nbsp;krojovan\u00fdch b\u00e1bik\u00e1ch na Slovensku je ve\u013emi relat\u00edvne. Takmer ka\u017ed\u00fd ob\u010dan u\u017e niekedy videl&nbsp;krojovan\u00fa b\u00e1biku osobne alebo v&nbsp;knihe, \u010dasopise alebo telev\u00edzii, ale nevie kedy sa za\u010dali vyr\u00e1ba\u0165 prv\u00e9 exempl\u00e1re alebo ako sa tak\u00e1 b\u00e1bika vyr\u00e1ba. V&nbsp;s\u00fa\u010dasnosti nie je na Slovensku evidovan\u00e1 \u017eiadna \u0161pecializovan\u00e1 publik\u00e1cia, ktor\u00e1 by sa venovala v\u00fdhradne t\u00e9me krojovan\u00fdch b\u00e1bik. Z\u00e1ujemcovia o&nbsp;t\u00fato oblas\u0165 \u013eudovej tvorby m\u00e1rne h\u013eadaj\u00fa v&nbsp;kni\u017eniciach alebo v kn\u00edhkupectv\u00e1ch publik\u00e1ciu, ktor\u00e1 by aspo\u0148 z&nbsp;\u010dasti pojedn\u00e1vala o&nbsp;krojovan\u00fdch b\u00e1bik\u00e1ch alebo zhroma\u017e\u010fovala \u010das\u0165 z&nbsp;ka\u017edej oblasti v\u00fdroby krojovan\u00fdch b\u00e1bik a z\u00e1rove\u0148&nbsp;tvorila celistv\u00fd poh\u013ead na t\u00fato t\u00e9mu. Publik\u00e1ciu, ktor\u00e1 by pojedn\u00e1vala o po\u010diatkoch a d\u00f4vodoch ich v\u00fdroby, pr\u00edpadne o&nbsp;postupoch alebo r\u00f4znych technik\u00e1ch vyhotovenia mal\u00fdch krojov alebo aj samotn\u00fdch b\u00e1bik.<\/p>\n\n\n<p><\/p>\n\n\n<p>Mal\u00e9 kroje, ktor\u00e9 presne kop\u00edruj\u00fa \u013eudov\u00fd odev na\u0161ich predkov, s\u00fa taktie\u017e n\u00e1ro\u010dn\u00e9 na v\u00fdrobu ako skuto\u010dn\u00e9 ve\u013ek\u00e9 kroje. Niektor\u00e9 techniky alebo materi\u00e1ly sa dnes u\u017e nepou\u017e\u00edvaj\u00fa, je \u0165a\u017ek\u00e9 ich nahradi\u0165 nov\u00fdmi. O\u00a0to viac si napr\u00edklad zberatelia alebo pam\u00e4\u0165ov\u00e9 in\u0161tit\u00facie v\u00e1\u017eia kvalitne a odborne vyhotoven\u00fdch krojovan\u00fdch b\u00e1bik.<\/p>\n\n\n<p><\/p>\n\n\n<p>Z\u00e1merom tejto pr\u00e1ce je zberom inform\u00e1ci\u00ed, prieskumom v&nbsp;ter\u00e9ne a&nbsp;prostredn\u00edctvom osobn\u00fdch, telef\u00f3nnych a&nbsp;p\u00edsomn\u00fdch konverz\u00e1ci\u00ed z\u00edska\u0165 relevantn\u00e9 zdroje a inform\u00e1cie pre ich \u010fal\u0161ie vyu\u017eitie odborn\u00fdmi pracovn\u00edkmi v oblasti etnol\u00f3gie ako aj \u0161irokou verejnos\u0165ou.<\/p>\n\n\n<p><\/p>\n\n\n<p>V&nbsp;priebehu hlavn\u00e9ho prieskumu o&nbsp;zvolenej t\u00e9me sme sa s\u00fastredili na publik\u00e1cie, ktor\u00e9 mapuj\u00fa v\u00fdvoj etnografie, \u013eudov\u00e9ho odevu, v\u00fd\u0161ivk\u00e1rstva a v\u00fdroby krojovan\u00fdch b\u00e1bik na Slovensku. Taktie\u017e sme priamo osobne, telefonicky alebo p\u00edsomne kontaktovali odborn\u00fdch pracovn\u00edkov r\u00f4znych pam\u00e4\u0165ov\u00fdch in\u0161tit\u00faci\u00ed pre z\u00edskanie podrobnej\u0161\u00edch inform\u00e1ci\u00ed o&nbsp;krojovan\u00fdch b\u00e1bik\u00e1ch. Ka\u017ed\u00fd z&nbsp;t\u00fdchto odborn\u00fdch pracovn\u00edkov n\u00e1m potvrdil, \u017ee oblas\u0165 v\u00fdroby krojovan\u00fdch b\u00e1bik nie ve\u013emi preb\u00e1dan\u00e1 a&nbsp;spracovan\u00e1. Postupne sme prid\u00e1vali do kapitol z\u00edskan\u00e9 inform\u00e1cie a&nbsp;tvorili komplexnej\u0161\u00ed s\u00fabor inform\u00e1ci\u00ed a&nbsp;poznatkov o&nbsp;tejto t\u00e9me.<\/p>\n\n\n<p><\/p>\n\n\n<p>Pri prieskume v&nbsp;ter\u00e9ne sme mali pr\u00edle\u017eitos\u0165 stretn\u00fa\u0165 sa aj s&nbsp;niektor\u00fdmi v\u00fdrobcami a&nbsp;vypo\u010du\u0165 si ich sk\u00fasenosti a&nbsp;pozrie\u0165 si ich s\u00fakromn\u00e9 zbierky krojovan\u00fdch b\u00e1bik. Jednou z&nbsp;t\u00fdchto v\u00fdrobcov je pani Veronika Cetliov\u00e1 z&nbsp;Pie\u0161\u0165an, ktor\u00e1 akt\u00edvne pracuje na zachovaniu a&nbsp;prezent\u00e1cii postupov a&nbsp;techn\u00edk v\u00fdroby a&nbsp;na prezent\u00e1cii krojovan\u00fdch b\u00e1bik predov\u0161etk\u00fdm formou v\u00fdstav. Pani Veronika bola hlavn\u00fdm podnetom pre vypracovanie tejto pr\u00e1ce a jej aktivit\u00e1m sa budeme podrobnej\u0161ie venova\u0165 v&nbsp;samostatnej kapitole.<\/p>\n\n\n<p><\/p>\n\n\n<p>Z\u00edskan\u00e9 inform\u00e1cie budeme vyhodnocova\u0165 a&nbsp;spracov\u00e1va\u0165 tak, aby boli vyu\u017eite\u013en\u00e9 pre r\u00f4zne formy prezent\u00e1cie, p\u00edsanou formou alebo v&nbsp;on-line priestore, a&nbsp;zrozumite\u013en\u00e9 pre v\u0161etky cie\u013eov\u00e9 skupiny, nako\u013eko krojovan\u00e9 b\u00e1biky ob\u013eubuj\u00fa star\u0161\u00ed pam\u00e4tn\u00edci ako aj mal\u00e9 deti \u010di ml\u00e1de\u017e. Spracovan\u00e9 inform\u00e1cie bud\u00fa pou\u017eit\u00e9 predov\u0161etk\u00fdm pri tvorbe webov\u00e9ho s\u00eddla, aby boli pr\u00edstupn\u00e9 \u010do najv\u00e4\u010d\u0161iemu po\u010dtu z\u00e1ujemcov a&nbsp;zastupovali tak ch\u00fdbaj\u00face publik\u00e1cie v&nbsp;danej oblasti. Webov\u00e9 s\u00eddlo bude dynamick\u00fdm priestorom, v&nbsp;ktorom okrem inform\u00e1ci\u00ed a&nbsp;\u010dl\u00e1nkov z&nbsp;oblasti v\u00fdroby krojovan\u00fdch b\u00e1bik, bude v&nbsp;\u010fal\u0161ej f\u00e1ze jeho tvorby pon\u00faknut\u00fd priestor pre registrovan\u00fdch z\u00e1ujemcov za \u00fa\u010delom v\u00fdmeny sk\u00fasenost\u00ed, poznatkov a v\u00fdmenn\u00e9ho obchodu s r\u00f4znymi materi\u00e1lmi na v\u00fdrobu krojovan\u00fdch b\u00e1bik. Preto predpoklad\u00e1me, \u017ee sa bude jeho obsah aj po ukon\u010deniu tejto pr\u00e1ce na\u010falej nap\u013a\u0148a\u0165 pod\u013ea potrieb v\u00fdrobcov, zberate\u013eov, odborn\u00fdch pracovn\u00edkov alebo r\u00f4znych z\u00e1ujemcov o krojovan\u00e9 b\u00e1biky.<\/p>\n\n\n<p><\/p>\n<p>&nbsp;<br>\n&nbsp;<\/p>","protected":false},"excerpt":{"rendered":"<p>Mil\u00fd z\u00e1ujemcovia o krojovan\u00e9 b\u00e1biky, vol\u00e1m sa Jitka Steinbach, \u017eijem a tvor\u00edm v Pova\u017eskej Bystrici. B\u00e1biky s\u00fa mojou ve\u013ekou z\u00e1\u013eubou od \u00fatleho detstva, v\u017edy som im vyr\u00e1bala oble\u010denie r\u00f4znych farieb a foriem. Nau\u010dila som sa vyr\u00e1ba\u0165 aj vlastn\u00e9 b\u00e1biky a venujem sa aj v\u00fdrobe krojovan\u00fdch b\u00e1bik, vr\u00e1tane samotnej postavi\u010dky b\u00e1biky. Moje pr\u00e1ce n\u00e1jdete v sekcii V\u00fdrobcovia &#8220;Jitka Steinbach&#8221;. V roku 2019 som sa rozhodla, \u017ee trochu &#8220;dobehnem&#8221; na\u0161u ml\u00e1de\u017e a dou\u010d\u00edm sa nie\u010do o dizajne, marketingu, etike, kult\u00farnom dedi\u010dstve a pam\u00e4\u0165ov\u00fdch in\u0161tit\u00faci\u00ed formou univerzitn\u00e9ho \u0161t\u00fadia. S\u00fa\u010das\u0165ou m\u00f4jho 3-ro\u010dn\u00e9ho \u0161t\u00fadia na Katedre Mediamatiky a kult\u00farneho dedi\u010dstva na Fakulte humanitn\u00fdch vied na \u017dilinskej univerzite v \u017diline bolo vypracovanie bakal\u00e1rskej pr\u00e1ce. Zvolila som si t\u00e9mu m\u00f4jmu srdcu bl\u00edzku &#8211; krojovan\u00e9 b\u00e1biky. Cie\u013eom mojej bakal\u00e1rskej pr\u00e1ce bola tvorba tejto webovej str\u00e1nky ako bodu virtu\u00e1lnych stretnut\u00ed v\u0161etk\u00fdch obdivovate\u013eov krojovan\u00fdch b\u00e1bik. T\u00e1to webov\u00e1 str\u00e1nka je v neust\u00e1lom procese tvorby a jej obsah budem st\u00e1le dopl\u0148ova\u0165 o nov\u00e9 inform\u00e1cie o v\u00fdrobcoch, zberate\u013eov, materi\u00e1loch, postupoch v\u00fdroby alebo hist\u00f3rii \u013eudovej tvorby na Slovensku. \u00davod bakal\u00e1rskej pr\u00e1ce &#8220;Krojovan\u00e9 b\u00e1biky na Slovensku&#8221;: Povedomie \u0161irokej verejnosti o&nbsp;krojovan\u00fdch b\u00e1bik\u00e1ch na Slovensku je ve\u013emi relat\u00edvne. Takmer ka\u017ed\u00fd ob\u010dan u\u017e niekedy videl&nbsp;krojovan\u00fa b\u00e1biku osobne alebo v&nbsp;knihe, \u010dasopise alebo telev\u00edzii, ale nevie kedy sa za\u010dali vyr\u00e1ba\u0165 prv\u00e9 exempl\u00e1re alebo ako sa tak\u00e1 b\u00e1bika vyr\u00e1ba. V&nbsp;s\u00fa\u010dasnosti nie je na Slovensku evidovan\u00e1 \u017eiadna \u0161pecializovan\u00e1 publik\u00e1cia, ktor\u00e1 by sa venovala v\u00fdhradne t\u00e9me krojovan\u00fdch b\u00e1bik. Z\u00e1ujemcovia o&nbsp;t\u00fato oblas\u0165 \u013eudovej tvorby m\u00e1rne h\u013eadaj\u00fa v&nbsp;kni\u017eniciach alebo v kn\u00edhkupectv\u00e1ch publik\u00e1ciu, ktor\u00e1 by aspo\u0148 z&nbsp;\u010dasti pojedn\u00e1vala o&nbsp;krojovan\u00fdch b\u00e1bik\u00e1ch alebo zhroma\u017e\u010fovala \u010das\u0165 z&nbsp;ka\u017edej oblasti v\u00fdroby krojovan\u00fdch b\u00e1bik a z\u00e1rove\u0148&nbsp;tvorila celistv\u00fd poh\u013ead na t\u00fato t\u00e9mu. Publik\u00e1ciu, ktor\u00e1 by pojedn\u00e1vala o po\u010diatkoch a d\u00f4vodoch ich v\u00fdroby, pr\u00edpadne o&nbsp;postupoch alebo r\u00f4znych technik\u00e1ch vyhotovenia mal\u00fdch krojov alebo aj samotn\u00fdch b\u00e1bik. Mal\u00e9 kroje, ktor\u00e9 presne kop\u00edruj\u00fa \u013eudov\u00fd odev na\u0161ich predkov, s\u00fa taktie\u017e n\u00e1ro\u010dn\u00e9 na v\u00fdrobu ako skuto\u010dn\u00e9 ve\u013ek\u00e9 kroje. Niektor\u00e9 techniky alebo materi\u00e1ly sa dnes u\u017e nepou\u017e\u00edvaj\u00fa, je \u0165a\u017ek\u00e9 ich nahradi\u0165 nov\u00fdmi. O\u00a0to viac si napr\u00edklad zberatelia alebo pam\u00e4\u0165ov\u00e9 in\u0161tit\u00facie v\u00e1\u017eia kvalitne a odborne vyhotoven\u00fdch krojovan\u00fdch b\u00e1bik. Z\u00e1merom tejto pr\u00e1ce je zberom inform\u00e1ci\u00ed, prieskumom v&nbsp;ter\u00e9ne a&nbsp;prostredn\u00edctvom osobn\u00fdch, telef\u00f3nnych a&nbsp;p\u00edsomn\u00fdch konverz\u00e1ci\u00ed z\u00edska\u0165 relevantn\u00e9 zdroje a inform\u00e1cie pre ich \u010fal\u0161ie vyu\u017eitie odborn\u00fdmi pracovn\u00edkmi v oblasti etnol\u00f3gie ako aj \u0161irokou verejnos\u0165ou. V&nbsp;priebehu hlavn\u00e9ho prieskumu o&nbsp;zvolenej t\u00e9me sme sa s\u00fastredili na publik\u00e1cie, ktor\u00e9 mapuj\u00fa v\u00fdvoj etnografie, \u013eudov\u00e9ho odevu, v\u00fd\u0161ivk\u00e1rstva a v\u00fdroby krojovan\u00fdch b\u00e1bik na Slovensku. Taktie\u017e sme priamo osobne, telefonicky alebo p\u00edsomne kontaktovali odborn\u00fdch pracovn\u00edkov r\u00f4znych pam\u00e4\u0165ov\u00fdch in\u0161tit\u00faci\u00ed pre z\u00edskanie podrobnej\u0161\u00edch inform\u00e1ci\u00ed o&nbsp;krojovan\u00fdch b\u00e1bik\u00e1ch. Ka\u017ed\u00fd z&nbsp;t\u00fdchto odborn\u00fdch pracovn\u00edkov n\u00e1m potvrdil, \u017ee oblas\u0165 v\u00fdroby krojovan\u00fdch b\u00e1bik nie ve\u013emi preb\u00e1dan\u00e1 a&nbsp;spracovan\u00e1. Postupne sme prid\u00e1vali do kapitol z\u00edskan\u00e9 inform\u00e1cie a&nbsp;tvorili komplexnej\u0161\u00ed s\u00fabor inform\u00e1ci\u00ed a&nbsp;poznatkov o&nbsp;tejto t\u00e9me. Pri prieskume v&nbsp;ter\u00e9ne sme mali pr\u00edle\u017eitos\u0165 stretn\u00fa\u0165 sa aj s&nbsp;niektor\u00fdmi v\u00fdrobcami a&nbsp;vypo\u010du\u0165 si ich sk\u00fasenosti a&nbsp;pozrie\u0165 si ich s\u00fakromn\u00e9 zbierky krojovan\u00fdch b\u00e1bik. Jednou z&nbsp;t\u00fdchto v\u00fdrobcov je pani Veronika Cetliov\u00e1 z&nbsp;Pie\u0161\u0165an, ktor\u00e1 akt\u00edvne pracuje na zachovaniu a&nbsp;prezent\u00e1cii postupov a&nbsp;techn\u00edk v\u00fdroby a&nbsp;na prezent\u00e1cii krojovan\u00fdch b\u00e1bik predov\u0161etk\u00fdm formou v\u00fdstav. Pani Veronika bola hlavn\u00fdm podnetom pre vypracovanie tejto pr\u00e1ce a jej aktivit\u00e1m sa budeme podrobnej\u0161ie venova\u0165 v&nbsp;samostatnej kapitole. Z\u00edskan\u00e9 inform\u00e1cie budeme vyhodnocova\u0165 a&nbsp;spracov\u00e1va\u0165 tak, aby boli vyu\u017eite\u013en\u00e9 pre r\u00f4zne formy prezent\u00e1cie, p\u00edsanou formou alebo v&nbsp;on-line priestore, a&nbsp;zrozumite\u013en\u00e9 pre v\u0161etky cie\u013eov\u00e9 skupiny, nako\u013eko krojovan\u00e9 b\u00e1biky ob\u013eubuj\u00fa star\u0161\u00ed pam\u00e4tn\u00edci ako aj mal\u00e9 deti \u010di ml\u00e1de\u017e. Spracovan\u00e9 inform\u00e1cie bud\u00fa pou\u017eit\u00e9 predov\u0161etk\u00fdm pri tvorbe webov\u00e9ho s\u00eddla, aby boli pr\u00edstupn\u00e9 \u010do najv\u00e4\u010d\u0161iemu po\u010dtu z\u00e1ujemcov a&nbsp;zastupovali tak ch\u00fdbaj\u00face publik\u00e1cie v&nbsp;danej oblasti. Webov\u00e9 s\u00eddlo bude dynamick\u00fdm priestorom, v&nbsp;ktorom okrem inform\u00e1ci\u00ed a&nbsp;\u010dl\u00e1nkov z&nbsp;oblasti v\u00fdroby krojovan\u00fdch b\u00e1bik, bude v&nbsp;\u010fal\u0161ej f\u00e1ze jeho tvorby pon\u00faknut\u00fd priestor pre registrovan\u00fdch z\u00e1ujemcov za \u00fa\u010delom v\u00fdmeny sk\u00fasenost\u00ed, poznatkov a v\u00fdmenn\u00e9ho obchodu s r\u00f4znymi materi\u00e1lmi na v\u00fdrobu krojovan\u00fdch b\u00e1bik. Preto predpoklad\u00e1me, \u017ee sa bude jeho obsah aj po ukon\u010deniu tejto pr\u00e1ce na\u010falej nap\u013a\u0148a\u0165 pod\u013ea potrieb v\u00fdrobcov, zberate\u013eov, odborn\u00fdch pracovn\u00edkov alebo r\u00f4znych z\u00e1ujemcov o krojovan\u00e9 b\u00e1biky. &nbsp; &nbsp;<\/p>\n","protected":false},"author":1,"featured_media":0,"parent":0,"menu_order":0,"comment_status":"closed","ping_status":"closed","template":"","meta":{"ngg_post_thumbnail":0,"footnotes":""},"class_list":["post-19","page","type-page","status-publish","hentry"],"_links":{"self":[{"href":"https:\/\/zaverecne-prace.ucimesaweby.sk\/steinbach\/wp-json\/wp\/v2\/pages\/19","targetHints":{"allow":["GET"]}}],"collection":[{"href":"https:\/\/zaverecne-prace.ucimesaweby.sk\/steinbach\/wp-json\/wp\/v2\/pages"}],"about":[{"href":"https:\/\/zaverecne-prace.ucimesaweby.sk\/steinbach\/wp-json\/wp\/v2\/types\/page"}],"author":[{"embeddable":true,"href":"https:\/\/zaverecne-prace.ucimesaweby.sk\/steinbach\/wp-json\/wp\/v2\/users\/1"}],"replies":[{"embeddable":true,"href":"https:\/\/zaverecne-prace.ucimesaweby.sk\/steinbach\/wp-json\/wp\/v2\/comments?post=19"}],"version-history":[{"count":14,"href":"https:\/\/zaverecne-prace.ucimesaweby.sk\/steinbach\/wp-json\/wp\/v2\/pages\/19\/revisions"}],"predecessor-version":[{"id":1151,"href":"https:\/\/zaverecne-prace.ucimesaweby.sk\/steinbach\/wp-json\/wp\/v2\/pages\/19\/revisions\/1151"}],"wp:attachment":[{"href":"https:\/\/zaverecne-prace.ucimesaweby.sk\/steinbach\/wp-json\/wp\/v2\/media?parent=19"}],"curies":[{"name":"wp","href":"https:\/\/api.w.org\/{rel}","templated":true}]}}