{"id":18,"date":"2022-03-29T21:57:31","date_gmt":"2022-03-29T19:57:31","guid":{"rendered":"https:\/\/zaverecne-prace.ucimesaweby.sk\/steinbach\/?page_id=18"},"modified":"2022-05-14T23:13:04","modified_gmt":"2022-05-14T21:13:04","slug":"vystavy","status":"publish","type":"page","link":"https:\/\/zaverecne-prace.ucimesaweby.sk\/steinbach\/vystavy\/","title":{"rendered":"V\u00fdstavy"},"content":{"rendered":"\n<p>Na tejto str\u00e1nke zverej\u0148ujeme realizovan\u00e9 v\u00fdstavy krojovan\u00fdch b\u00e1bik.<\/p>\n\n\n\n<p><\/p>\n\n\n\n<div style=\"height:41px\" aria-hidden=\"true\" class=\"wp-block-spacer\"><\/div>\n\n\n\n<p><a href=\"https:\/\/zaverecne-prace.ucimesaweby.sk\/steinbach\/2022\/04\/15\/krojovane-babiky-piestany-2022\/\">Krojovan\u00e9 b\u00e1biky<\/a> &#8211; Balneologick\u00e9 m\u00fazeum Imricha Wintera, Vila dr. Lisku, Pie\u0161\u0165any 6.2. &#8211; 3.4.2022<\/p>\n\n\n\n<div class=\"wp-block-image\"><figure class=\"aligncenter size-large is-resized\"><img loading=\"lazy\" decoding=\"async\" src=\"https:\/\/zaverecne-prace.ucimesaweby.sk\/steinbach\/wp-content\/uploads\/2022\/04\/ab98897d60eaa0d05c1862c118538407_XL-1024x627.jpg\" alt=\"\" class=\"wp-image-516\" width=\"534\" height=\"327\" srcset=\"https:\/\/zaverecne-prace.ucimesaweby.sk\/steinbach\/wp-content\/uploads\/2022\/04\/ab98897d60eaa0d05c1862c118538407_XL-1024x627.jpg 1024w, https:\/\/zaverecne-prace.ucimesaweby.sk\/steinbach\/wp-content\/uploads\/2022\/04\/ab98897d60eaa0d05c1862c118538407_XL-300x184.jpg 300w, https:\/\/zaverecne-prace.ucimesaweby.sk\/steinbach\/wp-content\/uploads\/2022\/04\/ab98897d60eaa0d05c1862c118538407_XL-768x470.jpg 768w, https:\/\/zaverecne-prace.ucimesaweby.sk\/steinbach\/wp-content\/uploads\/2022\/04\/ab98897d60eaa0d05c1862c118538407_XL.jpg 1130w\" sizes=\"auto, (max-width: 534px) 100vw, 534px\" \/><\/figure><\/div>\n\n\n\n<p><a href=\"https:\/\/zaverecne-prace.ucimesaweby.sk\/steinbach\/2022\/04\/15\/poklady-z-povaly-2020\/\">Poklady z povaly <\/a>&#8211; Pova\u017esk\u00e9 osvetov\u00e9 stredisko, Pova\u017esk\u00e1 Bystrica 8.10. &#8211; 16.11.2020<\/p>\n\n\n\n<div class=\"wp-block-image\"><figure class=\"aligncenter size-full is-resized\"><img loading=\"lazy\" decoding=\"async\" src=\"https:\/\/zaverecne-prace.ucimesaweby.sk\/steinbach\/wp-content\/uploads\/2022\/04\/PB-2020.jpg\" alt=\"\" class=\"wp-image-532\" width=\"254\" height=\"363\"\/><\/figure><\/div>\n\n\n\n<p><a href=\"https:\/\/zaverecne-prace.ucimesaweby.sk\/steinbach\/2022\/04\/15\/baby-a-ich-haby-zilina-2020\/\">B\u00e1by a ich h\u00e1by <\/a>&#8211; Makovick\u00e9ho dom, Krajsk\u00e9 kult\u00farne stredisko v \u017diline 31.7. &#8211; 26.8.2020<\/p>\n\n\n\n<div class=\"wp-block-image\"><figure class=\"aligncenter size-full is-resized\"><img loading=\"lazy\" decoding=\"async\" src=\"https:\/\/zaverecne-prace.ucimesaweby.sk\/steinbach\/wp-content\/uploads\/2022\/04\/Screenshot-2022-04-15-at-19-51-00-Baby-a-ich-haby.png\" alt=\"\" class=\"wp-image-542\" width=\"253\" height=\"358\" srcset=\"https:\/\/zaverecne-prace.ucimesaweby.sk\/steinbach\/wp-content\/uploads\/2022\/04\/Screenshot-2022-04-15-at-19-51-00-Baby-a-ich-haby.png 540w, https:\/\/zaverecne-prace.ucimesaweby.sk\/steinbach\/wp-content\/uploads\/2022\/04\/Screenshot-2022-04-15-at-19-51-00-Baby-a-ich-haby-212x300.png 212w\" sizes=\"auto, (max-width: 253px) 100vw, 253px\" \/><\/figure><\/div>\n\n\n\n<p><a href=\"https:\/\/zaverecne-prace.ucimesaweby.sk\/steinbach\/2022\/04\/08\/aky-kraj-taky-kroj\/\">Ak\u00fd kraj &#8211; tak\u00fd kroj<\/a> Hrad Modr\u00fd Kame\u0148 18.2. &#8211; 30.4.2019<\/p>\n\n\n\n<div class=\"wp-block-image\"><figure class=\"aligncenter size-full is-resized\"><img loading=\"lazy\" decoding=\"async\" src=\"https:\/\/zaverecne-prace.ucimesaweby.sk\/steinbach\/wp-content\/uploads\/2022\/04\/Screenshot-2022-04-08-at-18-01-02-Aky-kraj-taky-kroj-Hrad-Modry-Kamen-Muzeum-babkarskych-kultur-a-hraciek.png\" alt=\"\" class=\"wp-image-248\" width=\"439\" height=\"232\" srcset=\"https:\/\/zaverecne-prace.ucimesaweby.sk\/steinbach\/wp-content\/uploads\/2022\/04\/Screenshot-2022-04-08-at-18-01-02-Aky-kraj-taky-kroj-Hrad-Modry-Kamen-Muzeum-babkarskych-kultur-a-hraciek.png 601w, https:\/\/zaverecne-prace.ucimesaweby.sk\/steinbach\/wp-content\/uploads\/2022\/04\/Screenshot-2022-04-08-at-18-01-02-Aky-kraj-taky-kroj-Hrad-Modry-Kamen-Muzeum-babkarskych-kultur-a-hraciek-300x158.png 300w\" sizes=\"auto, (max-width: 439px) 100vw, 439px\" \/><\/figure><\/div>\n","protected":false},"excerpt":{"rendered":"<p>Na tejto str\u00e1nke zverej\u0148ujeme realizovan\u00e9 v\u00fdstavy krojovan\u00fdch b\u00e1bik. Krojovan\u00e9 b\u00e1biky &#8211; Balneologick\u00e9 m\u00fazeum Imricha Wintera, Vila dr. Lisku, Pie\u0161\u0165any 6.2. &#8211; 3.4.2022 Poklady z povaly &#8211; Pova\u017esk\u00e9 osvetov\u00e9 stredisko, Pova\u017esk\u00e1 Bystrica 8.10. &#8211; 16.11.2020 B\u00e1by a ich h\u00e1by &#8211; Makovick\u00e9ho dom, Krajsk\u00e9 kult\u00farne stredisko v \u017diline 31.7. &#8211; 26.8.2020 Ak\u00fd kraj &#8211; tak\u00fd kroj Hrad Modr\u00fd Kame\u0148 18.2. &#8211; 30.4.2019<\/p>\n","protected":false},"author":1,"featured_media":0,"parent":0,"menu_order":0,"comment_status":"closed","ping_status":"closed","template":"","meta":{"ngg_post_thumbnail":0,"footnotes":""},"class_list":["post-18","page","type-page","status-publish","hentry"],"_links":{"self":[{"href":"https:\/\/zaverecne-prace.ucimesaweby.sk\/steinbach\/wp-json\/wp\/v2\/pages\/18","targetHints":{"allow":["GET"]}}],"collection":[{"href":"https:\/\/zaverecne-prace.ucimesaweby.sk\/steinbach\/wp-json\/wp\/v2\/pages"}],"about":[{"href":"https:\/\/zaverecne-prace.ucimesaweby.sk\/steinbach\/wp-json\/wp\/v2\/types\/page"}],"author":[{"embeddable":true,"href":"https:\/\/zaverecne-prace.ucimesaweby.sk\/steinbach\/wp-json\/wp\/v2\/users\/1"}],"replies":[{"embeddable":true,"href":"https:\/\/zaverecne-prace.ucimesaweby.sk\/steinbach\/wp-json\/wp\/v2\/comments?post=18"}],"version-history":[{"count":12,"href":"https:\/\/zaverecne-prace.ucimesaweby.sk\/steinbach\/wp-json\/wp\/v2\/pages\/18\/revisions"}],"predecessor-version":[{"id":1193,"href":"https:\/\/zaverecne-prace.ucimesaweby.sk\/steinbach\/wp-json\/wp\/v2\/pages\/18\/revisions\/1193"}],"wp:attachment":[{"href":"https:\/\/zaverecne-prace.ucimesaweby.sk\/steinbach\/wp-json\/wp\/v2\/media?parent=18"}],"curies":[{"name":"wp","href":"https:\/\/api.w.org\/{rel}","templated":true}]}}