{"id":16,"date":"2022-03-29T21:57:31","date_gmt":"2022-03-29T19:57:31","guid":{"rendered":"https:\/\/zaverecne-prace.ucimesaweby.sk\/steinbach\/?page_id=16"},"modified":"2022-04-22T17:22:48","modified_gmt":"2022-04-22T15:22:48","slug":"z-historie","status":"publish","type":"page","link":"https:\/\/zaverecne-prace.ucimesaweby.sk\/steinbach\/z-historie\/","title":{"rendered":"Z hist\u00f3rie"},"content":{"rendered":"<p><\/p>\n\n\n<h2 class=\"wp-block-heading\">Hist\u00f3ria v\u00fdroby krojovan\u00fdch b\u00e1bik na Slovensku &#8211; Ako to vlastne bolo?<\/h2>\n\n\n<p>&nbsp;<\/p>\n<p>&nbsp;<\/p>\n\n\n<p><\/p>\n\n\n<p><\/p>\n<p><\/p>\n\n\n<\/p>\n<p>Cie\u013eom tohto projektu bol zber a&nbsp;vyhodnotenie dostupn\u00fdch inform\u00e1ci\u00ed tak, aby mohli v&nbsp;bud\u00facnosti sl\u00fa\u017ei\u0165 odborn\u00edkom v&nbsp;oblasti etnol\u00f3gie \u010di \u0161irokej verejnosti. V s\u00favislosti s&nbsp;realizovan\u00fdmi v\u00fdstavami sme na\u0161li r\u00f4zne neodborn\u00e9 vyjadrenia autoriek b\u00e1bik alebo aj pracovn\u00edkov m\u00faze\u00ed. Tieto inform\u00e1cie nie s\u00fa podlo\u017een\u00e9 historick\u00fdmi d\u00f4kazmi a&nbsp;ukazuj\u00fa na nedostatok inform\u00e1ci\u00ed v&nbsp;oblasti v\u00fdroby krojovan\u00fdch b\u00e1bik aj v&nbsp;odborn\u00fdch kruhoch.<\/p>\n<p>\n\n\n<p><\/p>\n<p><\/p>\n\n\n<\/p>\n<p>Ako pr\u00edklad uvedieme niektor\u00e9 vyjadrenia a&nbsp;v&nbsp;\u010fal\u0161\u00edch \u010dastiach projektu sa budeme venova\u0165 dokazovaniu spr\u00e1vnosti alebo nespr\u00e1vnosti t\u00fdchto vyjadren\u00ed.<\/p>\n<p>\n\n\n<p><\/p>\n<p><\/p>\n\n\n<\/p>\n<p>Vyjadrenie \u013eudovej umelkyne Veroniky Cetliovej pri pr\u00edle\u017eitosti zah\u00e1jenia v\u00fdstavy krojovan\u00fdch b\u00e1bik v&nbsp;Pie\u0161\u0165anoch v&nbsp;roku 2019: \u201e<em>Treba v\u0161ak podotkn\u00fa\u0165, \u017ee krojovan\u00e9 b\u00e1biky nie s\u00fa b\u00e1biky na hranie. V minulosti ich dost\u00e1vali nevesty ako symbol ukon\u010denia detstva a za\u010diatok nov\u00e9ho \u017eivota spojen\u00e9ho so zalo\u017een\u00edm rodiny. Krojovan\u00e1 b\u00e1bika mala svoje miesto na n\u00e1dherne ustlanej posteli. Bola symbolom kr\u00e1sy, \u013eudovej trad\u00edcie spojenej s odkazom predkov. Dnes krojovanky sl\u00fa\u017eia ako kr\u00e1sny prezent, symbolizuj\u00fa kus na\u0161ej hist\u00f3rie, ve\u013ea z nich putuje za hranice vlasti<\/em>&#8221; (Pie\u0161\u0165ansk\u00fd denn\u00edk 2019).<\/p>\n<p>\n\n\n<p><\/p>\n<p><\/p>\n\n\n<\/p>\n<p>Vyjadrenie riadite\u013ea SNM&nbsp;\u2013 M\u00fazea kult\u00fary Chorv\u00e1tov na Slovensku Andreja Sol\u00e1ra: \u201e<em>Krojovan\u00e1 b\u00e1bika predstavovala aj symbol rozl\u00fa\u010dky s detstvom. V minulosti ich dost\u00e1vali nevesty ako symbol ukon\u010denia detstva a za\u010diatku nov\u00e9ho \u017eivota spojen\u00e9ho so zalo\u017een\u00edm rodiny. Krojovan\u00e1 b\u00e1bika mala svoje miesto na n\u00e1dherne ustlanej posteli. Bola symbolom kr\u00e1sy a \u013eudovej trad\u00edcie spojenej s odkazom predkov. B\u00e1bika bola z\u00e1rove\u0148 aj pripomienkou na rodn\u00fd kraj, z ktor\u00e9ho nevesta poch\u00e1dzala<\/em>\u201c (Sol\u00e1r 2020).<\/p>\n<p>\n\n\n<p><\/p>\n<p><\/p>\n\n\n<\/p>\n<p>Po osobnom dohovore s&nbsp;pani Cetliovou sme skon\u0161tatovali, \u017ee jej inform\u00e1cie poch\u00e1dzali od odborn\u00ed\u010dky v&nbsp;oblasti etnol\u00f3gie. T\u00e1to inform\u00e1cia dokazuje, \u017ee aj v odborn\u00fdch kruhoch nie je dostatok inform\u00e1ci\u00ed alebo nie s\u00fa spracovan\u00e9 do jedn\u00e9ho s\u00faboru tak, aby z&nbsp;nej mohli etnol\u00f3govia \u2013 odborn\u00edci \u010derpa\u0165 v&nbsp;pr\u00edpade potreby.<\/p>\n<p>\n\n\n<p><\/p>\n<p><\/p>\n\n\n<\/p>\n<p>V&nbsp;prieskumu dostupn\u00fdch zdrojov a&nbsp;inform\u00e1ci\u00ed sme sa zamerali na <a href=\"https:\/\/zaverecne-prace.ucimesaweby.sk\/steinbach\/vyvoj-narodopisnych-vyskumov-na-slovensku\/\">oblas\u0165 v\u00fdvoja n\u00e1rodopisu<\/a> (etnografie), na <a href=\"https:\/\/zaverecne-prace.ucimesaweby.sk\/steinbach\/vyvoj-ludoveho-odevu-na-slovensku\/\">oblas\u0165 v\u00fdvoja \u013eudov\u00e9ho odevu<\/a>, na <a href=\"https:\/\/zaverecne-prace.ucimesaweby.sk\/steinbach\/veno-a-vybava-nevesty-v-historii-na-slovensku\/\">oblas\u0165 \u013eudov\u00fdch zvykov pri pr\u00edle\u017eitosti sob\u00e1\u0161a<\/a>, ktor\u00e9 predmety boli obsahom vena a&nbsp;v\u00fdbavy nevesty, na oblas\u0165 hist\u00f3rie predaja suven\u00edrov, na <a href=\"https:\/\/zaverecne-prace.ucimesaweby.sk\/steinbach\/vyvoj-vysivkarstva-na-slovensku\/\">oblas\u0165 v\u00fdvoja v\u00fd\u0161ivk\u00e1rstva<\/a> a&nbsp;na <a href=\"https:\/\/zaverecne-prace.ucimesaweby.sk\/steinbach\/historia-vyroby-babik\/\">oblas\u0165 v\u00fdvoja hra\u010diek a&nbsp;b\u00e1bok<\/a> na Slovensku. Ka\u017ed\u00e1 z&nbsp;t\u00fdchto oblast\u00ed pon\u00faka ve\u013ea inform\u00e1ci\u00ed pre osvetlenie problematiky hist\u00f3rie krojovan\u00fdch b\u00e1bik, av\u0161ak treba jednotliv\u00e9 inform\u00e1cie spracova\u0165, vyhodnoti\u0165 a&nbsp;spoji\u0165 do jednotn\u00e9ho form\u00e1tu a&nbsp;dokumentu.<\/p>\n<p>\n\n\n<p><\/p>\n<p>A<\/p>","protected":false},"excerpt":{"rendered":"<p>Hist\u00f3ria v\u00fdroby krojovan\u00fdch b\u00e1bik na Slovensku &#8211; Ako to vlastne bolo? &nbsp; &nbsp; Cie\u013eom tohto projektu bol zber a&nbsp;vyhodnotenie dostupn\u00fdch inform\u00e1ci\u00ed tak, aby mohli v&nbsp;bud\u00facnosti sl\u00fa\u017ei\u0165 odborn\u00edkom v&nbsp;oblasti etnol\u00f3gie \u010di \u0161irokej verejnosti. V s\u00favislosti s&nbsp;realizovan\u00fdmi v\u00fdstavami sme na\u0161li r\u00f4zne neodborn\u00e9 vyjadrenia autoriek b\u00e1bik alebo aj pracovn\u00edkov m\u00faze\u00ed. Tieto inform\u00e1cie nie s\u00fa podlo\u017een\u00e9 historick\u00fdmi d\u00f4kazmi a&nbsp;ukazuj\u00fa na nedostatok inform\u00e1ci\u00ed v&nbsp;oblasti v\u00fdroby krojovan\u00fdch b\u00e1bik aj v&nbsp;odborn\u00fdch kruhoch. Ako pr\u00edklad uvedieme niektor\u00e9 vyjadrenia a&nbsp;v&nbsp;\u010fal\u0161\u00edch \u010dastiach projektu sa budeme venova\u0165 dokazovaniu spr\u00e1vnosti alebo nespr\u00e1vnosti t\u00fdchto vyjadren\u00ed. Vyjadrenie \u013eudovej umelkyne Veroniky Cetliovej pri pr\u00edle\u017eitosti zah\u00e1jenia v\u00fdstavy krojovan\u00fdch b\u00e1bik v&nbsp;Pie\u0161\u0165anoch v&nbsp;roku 2019: \u201eTreba v\u0161ak podotkn\u00fa\u0165, \u017ee krojovan\u00e9 b\u00e1biky nie s\u00fa b\u00e1biky na hranie. V minulosti ich dost\u00e1vali nevesty ako symbol ukon\u010denia detstva a za\u010diatok nov\u00e9ho \u017eivota spojen\u00e9ho so zalo\u017een\u00edm rodiny. Krojovan\u00e1 b\u00e1bika mala svoje miesto na n\u00e1dherne ustlanej posteli. Bola symbolom kr\u00e1sy, \u013eudovej trad\u00edcie spojenej s odkazom predkov. Dnes krojovanky sl\u00fa\u017eia ako kr\u00e1sny prezent, symbolizuj\u00fa kus na\u0161ej hist\u00f3rie, ve\u013ea z nich putuje za hranice vlasti&#8221; (Pie\u0161\u0165ansk\u00fd denn\u00edk 2019). Vyjadrenie riadite\u013ea SNM&nbsp;\u2013 M\u00fazea kult\u00fary Chorv\u00e1tov na Slovensku Andreja Sol\u00e1ra: \u201eKrojovan\u00e1 b\u00e1bika predstavovala aj symbol rozl\u00fa\u010dky s detstvom. V minulosti ich dost\u00e1vali nevesty ako symbol ukon\u010denia detstva a za\u010diatku nov\u00e9ho \u017eivota spojen\u00e9ho so zalo\u017een\u00edm rodiny. Krojovan\u00e1 b\u00e1bika mala svoje miesto na n\u00e1dherne ustlanej posteli. Bola symbolom kr\u00e1sy a \u013eudovej trad\u00edcie spojenej s odkazom predkov. B\u00e1bika bola z\u00e1rove\u0148 aj pripomienkou na rodn\u00fd kraj, z ktor\u00e9ho nevesta poch\u00e1dzala\u201c (Sol\u00e1r 2020). Po osobnom dohovore s&nbsp;pani Cetliovou sme skon\u0161tatovali, \u017ee jej inform\u00e1cie poch\u00e1dzali od odborn\u00ed\u010dky v&nbsp;oblasti etnol\u00f3gie. T\u00e1to inform\u00e1cia dokazuje, \u017ee aj v odborn\u00fdch kruhoch nie je dostatok inform\u00e1ci\u00ed alebo nie s\u00fa spracovan\u00e9 do jedn\u00e9ho s\u00faboru tak, aby z&nbsp;nej mohli etnol\u00f3govia \u2013 odborn\u00edci \u010derpa\u0165 v&nbsp;pr\u00edpade potreby. V&nbsp;prieskumu dostupn\u00fdch zdrojov a&nbsp;inform\u00e1ci\u00ed sme sa zamerali na oblas\u0165 v\u00fdvoja n\u00e1rodopisu (etnografie), na oblas\u0165 v\u00fdvoja \u013eudov\u00e9ho odevu, na oblas\u0165 \u013eudov\u00fdch zvykov pri pr\u00edle\u017eitosti sob\u00e1\u0161a, ktor\u00e9 predmety boli obsahom vena a&nbsp;v\u00fdbavy nevesty, na oblas\u0165 hist\u00f3rie predaja suven\u00edrov, na oblas\u0165 v\u00fdvoja v\u00fd\u0161ivk\u00e1rstva a&nbsp;na oblas\u0165 v\u00fdvoja hra\u010diek a&nbsp;b\u00e1bok na Slovensku. Ka\u017ed\u00e1 z&nbsp;t\u00fdchto oblast\u00ed pon\u00faka ve\u013ea inform\u00e1ci\u00ed pre osvetlenie problematiky hist\u00f3rie krojovan\u00fdch b\u00e1bik, av\u0161ak treba jednotliv\u00e9 inform\u00e1cie spracova\u0165, vyhodnoti\u0165 a&nbsp;spoji\u0165 do jednotn\u00e9ho form\u00e1tu a&nbsp;dokumentu. A<\/p>\n","protected":false},"author":1,"featured_media":0,"parent":0,"menu_order":0,"comment_status":"closed","ping_status":"closed","template":"","meta":{"ngg_post_thumbnail":0,"footnotes":""},"class_list":["post-16","page","type-page","status-publish","hentry"],"_links":{"self":[{"href":"https:\/\/zaverecne-prace.ucimesaweby.sk\/steinbach\/wp-json\/wp\/v2\/pages\/16","targetHints":{"allow":["GET"]}}],"collection":[{"href":"https:\/\/zaverecne-prace.ucimesaweby.sk\/steinbach\/wp-json\/wp\/v2\/pages"}],"about":[{"href":"https:\/\/zaverecne-prace.ucimesaweby.sk\/steinbach\/wp-json\/wp\/v2\/types\/page"}],"author":[{"embeddable":true,"href":"https:\/\/zaverecne-prace.ucimesaweby.sk\/steinbach\/wp-json\/wp\/v2\/users\/1"}],"replies":[{"embeddable":true,"href":"https:\/\/zaverecne-prace.ucimesaweby.sk\/steinbach\/wp-json\/wp\/v2\/comments?post=16"}],"version-history":[{"count":11,"href":"https:\/\/zaverecne-prace.ucimesaweby.sk\/steinbach\/wp-json\/wp\/v2\/pages\/16\/revisions"}],"predecessor-version":[{"id":762,"href":"https:\/\/zaverecne-prace.ucimesaweby.sk\/steinbach\/wp-json\/wp\/v2\/pages\/16\/revisions\/762"}],"wp:attachment":[{"href":"https:\/\/zaverecne-prace.ucimesaweby.sk\/steinbach\/wp-json\/wp\/v2\/media?parent=16"}],"curies":[{"name":"wp","href":"https:\/\/api.w.org\/{rel}","templated":true}]}}