{"id":15,"date":"2022-03-29T21:57:31","date_gmt":"2022-03-29T19:57:31","guid":{"rendered":"https:\/\/zaverecne-prace.ucimesaweby.sk\/steinbach\/?page_id=15"},"modified":"2022-04-19T13:46:06","modified_gmt":"2022-04-19T11:46:06","slug":"vyrobcovia","status":"publish","type":"page","link":"https:\/\/zaverecne-prace.ucimesaweby.sk\/steinbach\/vyrobcovia\/","title":{"rendered":"V\u00fdrobcovia"},"content":{"rendered":"\n<p><strong>V\u00fdrobcovia krojovan\u00fdch b\u00e1bik<\/strong><\/p>\n\n\n\n<p><a href=\"https:\/\/zaverecne-prace.ucimesaweby.sk\/steinbach\/veronika-cetliova\/\">Veronika Cetliov\u00e1<\/a> Pie\u0161\u0165any<\/p>\n\n\n\n<p><a href=\"https:\/\/zaverecne-prace.ucimesaweby.sk\/steinbach\/2022\/04\/15\/marta-stankovicova\/\">Marta Stankovi\u010dov\u00e1<\/a> \u0160enkvice<\/p>\n\n\n\n<p><a href=\"https:\/\/zaverecne-prace.ucimesaweby.sk\/steinbach\/2022\/04\/19\/bozena-smatanova\/\">Bo\u017eena Smatanov\u00e1<\/a> S\u00fa\u013eov<\/p>\n\n\n\n<p><a href=\"https:\/\/zaverecne-prace.ucimesaweby.sk\/steinbach\/2022\/04\/15\/antonia-cechvalova\/\">Ant\u00f3nia \u010cechvalov\u00e1<\/a> O\u010dkov<\/p>\n\n\n\n<p><a href=\"https:\/\/zaverecne-prace.ucimesaweby.sk\/steinbach\/2022\/04\/15\/jana-polackova\/\">Jana Pol\u00e1\u010dkov\u00e1<\/a> Ducov\u00e9, okres Pie\u0161\u0165any<\/p>\n\n\n\n<p><a href=\"https:\/\/zaverecne-prace.ucimesaweby.sk\/steinbach\/2022\/04\/15\/marta-jurcova\/\">Marta Jur\u010dov\u00e1<\/a> Topo\u013e\u010dany<\/p>\n\n\n\n<p><a href=\"https:\/\/zaverecne-prace.ucimesaweby.sk\/steinbach\/2022\/04\/15\/maria-bozikova\/\">M\u00e1ria Bo\u017eikov\u00e1<\/a> \u0160\u00farovce<\/p>\n\n\n\n<p><a href=\"https:\/\/zaverecne-prace.ucimesaweby.sk\/steinbach\/2022\/04\/15\/mirka-lezovicova\/\">Miroslava Le\u017eovi\u010dov\u00e1<\/a> Modranka<\/p>\n\n\n\n<p><a href=\"https:\/\/zaverecne-prace.ucimesaweby.sk\/steinbach\/2022\/04\/15\/emilia-karnikova\/\">Em\u00edlia Karn\u00edkov\u00e1<\/a> Bratislava<\/p>\n\n\n\n<p>M\u00e1ria Z\u00e1me\u010dn\u00edkov\u00e1 Moravsk\u00e9 Lieskov\u00e9<\/p>\n\n\n\n<p>M\u00e1ria Trul\u00edkov\u00e1 \u0160tiavnik<\/p>\n\n\n\n<p>Al\u017ebeta Obuchov\u00e1 Nov\u00e9 Mesto nad V\u00e1hom<\/p>\n\n\n\n<p>Lalienka Schmidov\u00e1 Pie\u0161\u0165any<\/p>\n\n\n\n<p>Bo\u017eena Kri\u017eanov\u00e1 Pie\u0161\u0165any<\/p>\n\n\n\n<p>Katar\u00edna Sedl\u00e1\u010dikov\u00e1 Drahovce<\/p>\n\n\n\n<p><a href=\"https:\/\/zaverecne-prace.ucimesaweby.sk\/steinbach\/2022\/04\/17\/maria-pekarova-zlate-moravce\/\">M\u00e1ria Pek\u00e1rov\u00e1<\/a> Zlat\u00e9 Moravce<\/p>\n\n\n\n<p>Anna Pito\u0148\u00e1kov\u00e1 Margecany<\/p>\n\n\n\n<p>M\u00e1ria \u0160tef\u00e1nikov\u00e1 L\u00faky<\/p>\n\n\n\n<p>O\u013ega Prekopov\u00e1 \u010cerven\u00fd kame\u0148<\/p>\n\n\n\n<p><\/p>\n","protected":false},"excerpt":{"rendered":"<p>V\u00fdrobcovia krojovan\u00fdch b\u00e1bik Veronika Cetliov\u00e1 Pie\u0161\u0165any Marta Stankovi\u010dov\u00e1 \u0160enkvice Bo\u017eena Smatanov\u00e1 S\u00fa\u013eov Ant\u00f3nia \u010cechvalov\u00e1 O\u010dkov Jana Pol\u00e1\u010dkov\u00e1 Ducov\u00e9, okres Pie\u0161\u0165any Marta Jur\u010dov\u00e1 Topo\u013e\u010dany M\u00e1ria Bo\u017eikov\u00e1 \u0160\u00farovce Miroslava Le\u017eovi\u010dov\u00e1 Modranka Em\u00edlia Karn\u00edkov\u00e1 Bratislava M\u00e1ria Z\u00e1me\u010dn\u00edkov\u00e1 Moravsk\u00e9 Lieskov\u00e9 M\u00e1ria Trul\u00edkov\u00e1 \u0160tiavnik Al\u017ebeta Obuchov\u00e1 Nov\u00e9 Mesto nad V\u00e1hom Lalienka Schmidov\u00e1 Pie\u0161\u0165any Bo\u017eena Kri\u017eanov\u00e1 Pie\u0161\u0165any Katar\u00edna Sedl\u00e1\u010dikov\u00e1 Drahovce M\u00e1ria Pek\u00e1rov\u00e1 Zlat\u00e9 Moravce Anna Pito\u0148\u00e1kov\u00e1 Margecany M\u00e1ria \u0160tef\u00e1nikov\u00e1 L\u00faky O\u013ega Prekopov\u00e1 \u010cerven\u00fd kame\u0148<\/p>\n","protected":false},"author":1,"featured_media":0,"parent":0,"menu_order":0,"comment_status":"closed","ping_status":"closed","template":"","meta":{"ngg_post_thumbnail":0,"footnotes":""},"class_list":["post-15","page","type-page","status-publish","hentry"],"_links":{"self":[{"href":"https:\/\/zaverecne-prace.ucimesaweby.sk\/steinbach\/wp-json\/wp\/v2\/pages\/15","targetHints":{"allow":["GET"]}}],"collection":[{"href":"https:\/\/zaverecne-prace.ucimesaweby.sk\/steinbach\/wp-json\/wp\/v2\/pages"}],"about":[{"href":"https:\/\/zaverecne-prace.ucimesaweby.sk\/steinbach\/wp-json\/wp\/v2\/types\/page"}],"author":[{"embeddable":true,"href":"https:\/\/zaverecne-prace.ucimesaweby.sk\/steinbach\/wp-json\/wp\/v2\/users\/1"}],"replies":[{"embeddable":true,"href":"https:\/\/zaverecne-prace.ucimesaweby.sk\/steinbach\/wp-json\/wp\/v2\/comments?post=15"}],"version-history":[{"count":11,"href":"https:\/\/zaverecne-prace.ucimesaweby.sk\/steinbach\/wp-json\/wp\/v2\/pages\/15\/revisions"}],"predecessor-version":[{"id":693,"href":"https:\/\/zaverecne-prace.ucimesaweby.sk\/steinbach\/wp-json\/wp\/v2\/pages\/15\/revisions\/693"}],"wp:attachment":[{"href":"https:\/\/zaverecne-prace.ucimesaweby.sk\/steinbach\/wp-json\/wp\/v2\/media?parent=15"}],"curies":[{"name":"wp","href":"https:\/\/api.w.org\/{rel}","templated":true}]}}