{"id":123,"date":"2022-04-03T22:16:09","date_gmt":"2022-04-03T20:16:09","guid":{"rendered":"https:\/\/zaverecne-prace.ucimesaweby.sk\/steinbach\/?page_id=123"},"modified":"2022-05-14T22:52:52","modified_gmt":"2022-05-14T20:52:52","slug":"veno-a-vybava-nevesty-v-historii-na-slovensku","status":"publish","type":"page","link":"https:\/\/zaverecne-prace.ucimesaweby.sk\/steinbach\/veno-a-vybava-nevesty-v-historii-na-slovensku\/","title":{"rendered":"Veno a\u00a0v\u00fdbava nevesty v\u00a0hist\u00f3rii na Slovensku"},"content":{"rendered":"\n<p>V&nbsp;tejto podkapitole sa budeme venova\u0165 obsahu vena a&nbsp;v\u00fdbavy mladej nevesty v&nbsp;minulosti, aby sme mohli vyvr\u00e1ti\u0165 tvrdenie o krojovanej b\u00e1bike ako s\u00fa\u010dasti&nbsp;tejto v\u00fdbavy.<\/p>\n\n\n\n<p>Do polovice 19. storo\u010dia bola jedin\u00fdm venom diev\u010da\u0165a lada (truhla), v&nbsp;ktorej sa nach\u00e1dzala jej osobn\u00e1 v\u00fdbava. Na za\u010diatku 20. storo\u010dia sa zlo\u017eenie v\u00fdbavy roz\u0161\u00edrilo o oble\u010denie, periny, poste\u013en\u00fa a&nbsp;in\u00fa dom\u00e1cu bielize\u0148, ko\u017eu\u0161tek, obuv. Na rozsah v\u00fdbavy mali vplyv hospod\u00e1rske a&nbsp;geografick\u00e9 faktory a&nbsp;samozrejme majetnos\u0165 nevestinej rodiny. Matky \u010dasto chystali v\u00fdbavu pre dc\u00e9ry u\u017e od ich detstva, zberali perie, tkala pl\u00e1tno, \u0161ili jednotliv\u00e9 s\u00fa\u010dasti odevu. Nevesta tie\u017e dost\u00e1vala dary od svadob\u010danov (Hl\u00f4\u0161kov\u00e1 1985, s.453).<\/p>\n\n\n\n<p>D\u00f4le\u017eitou \u010das\u0165ou svadobn\u00e9ho obradu bolo pren\u00e1\u0161anie nevestinej v\u00fdbavy do domu mu\u017eovej rodiny. V\u00fdbava nevesty zvy\u010dajne zah\u0155\u0148ala veci osobnej potreby, periny s&nbsp;poste\u013enou bieliz\u0148ou, \u0161atstvo, obuv, \u0161perky, \u010dasti n\u00e1bytku, n\u00e1radie. Nevesta tie\u017e dost\u00e1vala dary od svadob\u010danov. \u010casto sa dedili niektor\u00e9 s\u00fa\u010dasti v\u00fdbavy z matky na dc\u00e9ru. Na obsah v\u00fdbavy mala samozrejme ve\u013ek\u00fd vplyv majetnos\u0165 nevestinej rodiny (Herz\u00e1nov\u00e1-Vo\u013eansk\u00e1 2021).<\/p>\n\n\n\n<p>V&nbsp;auguste 2016 Krajsk\u00e9 kult\u00farne stredisko v&nbsp;\u017diline usporiadalo v\u00fdstavu s n\u00e1zvom \u201eM\u00f4j vienok zelen\u00fd, dolu vodou pad\u00e1\u201c. Hlavnou t\u00e9mou v\u00fdstavy bola v\u00fdbava nevesty a&nbsp;svadobn\u00e9 dary v&nbsp;obciach z&nbsp;doln\u00fdch Kys\u00fac, Terchovskej, Rajeckej a \u0160tiavnickej doliny v minulosti. Pozornos\u0165 predov\u0161etk\u00fdm up\u00fatal vyzdoben\u00fd svadobn\u00fd rebri\u0148\u00e1k s&nbsp;v\u00fdbavou nevesty. Obsahom v\u00fdbavy boli duchny pln\u00e9 husacieho peria, pl\u00e1tno, pracovn\u00e9 n\u00e1stroje, hlinen\u00fd riad, \u0161atn\u00e1 truhla (Srnankov\u00e1 2016).<\/p>\n\n\n\n<p>Skladbu vena a&nbsp;v\u00fdbavy nevesty taktie\u017e dokazuje v\u00fdskum Centra EAS pri N\u00e1rodopisnom \u00fastave SAV. Na z\u00e1klade v\u00fdsledkov v\u00fdskumu, zverejnen\u00fdch v&nbsp;etnografickom atlasu Slovenska v&nbsp;roku 1990, m\u00f4\u017eeme pouk\u00e1za\u0165 na zistenia, \u017ee krojovan\u00e1 b\u00e1bika nebola v&nbsp;minulosti s\u00fa\u010das\u0165ou vena a&nbsp;v\u00fdbavy nevesty.<\/p>\n\n\n\n<p>Etnografick\u00fd atlas Slovenska vznikal postupne v 70-tych a 80-tych rokoch 20-teho storo\u010dia ako ve\u013ekolep\u00fd projekt, na ktorom sa podie\u013eali mnoh\u00ed autori &#8211; etnografovia, n\u00e1rodopisci a kartografovia. Cie\u013eom atlasu bolo zobrazi\u0165 na map\u00e1ch jednotliv\u00e9 vybran\u00e9 javy \u013eudovej kult\u00fary.<\/p>\n\n\n\n<p>Z\u00e1kladom atlasu boli v\u00fdskumy v ter\u00e9ne, ktor\u00e9 v rokoch 1971 a\u017e 1975 robili odborn\u00edci &#8211; etnografovia a folkloristi o 170 t\u00e9mach t\u00fdkaj\u00facich sa trad\u00edci\u00ed pr\u00e1ce, \u017eivota a kult\u00fary obyvate\u013eov Slovenska. Tieto t\u00e9my boli sk\u00faman\u00e9 v 250 lokalit\u00e1ch rovnomerne rozlo\u017een\u00fdch po Slovensku. Z nich bolo 189 slovensk\u00fdch, 37 ma\u010farsk\u00fdch a 17 rus\u00ednskych, \u010falej 4 goralsk\u00e9 a 3 b\u00fdval\u00e9 nemeck\u00e9 lokality. Z\u00edskan\u00e9 poznatky boli prenesen\u00e9 do m\u00e1p, ktor\u00fdch je v atlase 521. Grafov je 33. S\u00fa doplnen\u00e9 schematick\u00fdmi kresbami, a r\u00f4znymi vysvet\u013euj\u00facimi uk\u00e1\u017ekami a textami (EAS 1990).<\/p>\n\n\n\n<p>Atlas je ur\u010den\u00fd sk\u00f4r odborn\u00edkom, ale zauj\u00edmav\u00e9 inform\u00e1cie v \u0148om n\u00e1jdu aj neodborn\u00edci, ktor\u00ed sa zauj\u00edmaj\u00fa o kult\u00farne trad\u00edcie a zvyklosti obyvate\u013eov Slovenska.<\/p>\n\n\n\n<p>&nbsp;<\/p>\n\n\n\n<div style=\"height:32px\" aria-hidden=\"true\" class=\"wp-block-spacer\"><\/div>\n\n\n\n<div class=\"wp-block-image\"><figure class=\"aligncenter size-full is-resized\"><img loading=\"lazy\" decoding=\"async\" src=\"https:\/\/zaverecne-prace.ucimesaweby.sk\/steinbach\/wp-content\/uploads\/2022\/04\/vybava-EAS.jpg\" alt=\"\" class=\"wp-image-124\" width=\"842\" height=\"443\" srcset=\"https:\/\/zaverecne-prace.ucimesaweby.sk\/steinbach\/wp-content\/uploads\/2022\/04\/vybava-EAS.jpg 876w, https:\/\/zaverecne-prace.ucimesaweby.sk\/steinbach\/wp-content\/uploads\/2022\/04\/vybava-EAS-300x158.jpg 300w, https:\/\/zaverecne-prace.ucimesaweby.sk\/steinbach\/wp-content\/uploads\/2022\/04\/vybava-EAS-768x404.jpg 768w\" sizes=\"auto, (max-width: 842px) 100vw, 842px\" \/><figcaption>Skladba mladuchinej v\u00fdbavy (EAS 1990)<\/figcaption><\/figure><\/div>\n\n\n\n<div style=\"height:32px\" aria-hidden=\"true\" class=\"wp-block-spacer\"><\/div>\n\n\n\n<div class=\"wp-block-image\"><figure class=\"aligncenter size-full is-resized\"><img loading=\"lazy\" decoding=\"async\" src=\"https:\/\/zaverecne-prace.ucimesaweby.sk\/steinbach\/wp-content\/uploads\/2022\/04\/images.jpg\" alt=\"\" class=\"wp-image-190\" width=\"432\" height=\"287\"\/><figcaption>Truhla na v\u00fdbavu nevesty (Ateli\u00e9r Fiala 2018)<\/figcaption><\/figure><\/div>\n\n\n\n<div style=\"height:52px\" aria-hidden=\"true\" class=\"wp-block-spacer\"><\/div>\n\n\n\n<p><strong>Zoznam pou\u017eit\u00fdch zdrojov:<\/strong><\/p>\n\n\n\n<p>HERZ\u00c1NOV\u00c1-VO\u013dANSK\u00c1, \u013dubica, 2021. V\u00fdbava. In: <em>Centrum pre tradi\u010dn\u00fa \u013eudov\u00fa kult\u00faru<\/em> [online]. 2021&nbsp; [cit. 2021-11-25]. Dostupn\u00e9 na:&nbsp;&nbsp; <a href=\"https:\/\/www.ludovakultura.sk\/polozka-encyklopedie\/vybava\/\">https:\/\/www.ludovakultura.sk\/polozka-encyklopedie\/vybava\/<\/a><\/p>\n\n\n\n<p>HL\u00d4\u0160KOV\u00c1, Hana, 1985. Veno a&nbsp;v\u00fdbava na slovenskom vidieku (s\u00fa\u010dasn\u00fd stav). In: <em>Slovensk\u00fd n\u00e1rodopis<\/em>, 2-3, 33\/1985. Bratislava: N\u00e1rodopisn\u00fd \u00fastav SAV. [online]. 1985&nbsp; [cit. 2021-11-25]. Dostupn\u00e9 na: <a href=\"https:\/\/www.sav.sk\/journals\/uploads\/11050854SN_2-3_1985%20B%20reduced%20%5bPages%2089%20-%20100%5d.pdf\">https:\/\/www.sav.sk\/journals\/uploads\/11050854SN_2-3_1985%20B%20reduced%20[Pages%2089%20-%20100].pdf<\/a><\/p>\n\n\n\n<p>EAS &#8211; KOLEKT\u00cdV AUTOROV, 1990. <em>Etnografick\u00fd atlas Slovenska.<\/em> Bratislava: VEDA, vydavate\u013estvo SAV, 1990. ISBN: 80-224-0075-0<\/p>\n\n\n\n<p>SRNANKOV\u00c1, Daniela, 2016. M\u00f4j vienok zelen\u00fd, dolu vodou pad\u00e1. In: <em>\u017dilinsk\u00fd samospr\u00e1vny kraj<\/em> [online]. 2016&nbsp; [cit. 2021-11-25]. Dostupn\u00e9 na:&nbsp;&nbsp; <a href=\"https:\/\/www.zilinskazupa.sk\/sk\/aktuality\/aktuality\/moj-vienok-zeleny-dolu-vodou-pada-3.html\">https:\/\/www.zilinskazupa.sk\/sk\/aktuality\/aktuality\/moj-vienok-zeleny-dolu-vodou-pada-3.html<\/a><\/p>\n","protected":false},"excerpt":{"rendered":"<p>V&nbsp;tejto podkapitole sa budeme venova\u0165 obsahu vena a&nbsp;v\u00fdbavy mladej nevesty v&nbsp;minulosti, aby sme mohli vyvr\u00e1ti\u0165 tvrdenie o krojovanej b\u00e1bike ako s\u00fa\u010dasti&nbsp;tejto v\u00fdbavy. Do polovice 19. storo\u010dia bola jedin\u00fdm venom diev\u010da\u0165a lada (truhla), v&nbsp;ktorej sa nach\u00e1dzala jej osobn\u00e1 v\u00fdbava. Na za\u010diatku 20. storo\u010dia sa zlo\u017eenie v\u00fdbavy roz\u0161\u00edrilo o oble\u010denie, periny, poste\u013en\u00fa a&nbsp;in\u00fa dom\u00e1cu bielize\u0148, ko\u017eu\u0161tek, obuv. Na rozsah v\u00fdbavy mali vplyv hospod\u00e1rske a&nbsp;geografick\u00e9 faktory a&nbsp;samozrejme majetnos\u0165 nevestinej rodiny. Matky \u010dasto chystali v\u00fdbavu pre dc\u00e9ry u\u017e od ich detstva, zberali perie, tkala pl\u00e1tno, \u0161ili jednotliv\u00e9 s\u00fa\u010dasti odevu. Nevesta tie\u017e dost\u00e1vala dary od svadob\u010danov (Hl\u00f4\u0161kov\u00e1 1985, s.453). D\u00f4le\u017eitou \u010das\u0165ou svadobn\u00e9ho obradu bolo pren\u00e1\u0161anie nevestinej v\u00fdbavy do domu mu\u017eovej rodiny. V\u00fdbava nevesty zvy\u010dajne zah\u0155\u0148ala veci osobnej potreby, periny s&nbsp;poste\u013enou bieliz\u0148ou, \u0161atstvo, obuv, \u0161perky, \u010dasti n\u00e1bytku, n\u00e1radie. Nevesta tie\u017e dost\u00e1vala dary od svadob\u010danov. \u010casto sa dedili niektor\u00e9 s\u00fa\u010dasti v\u00fdbavy z matky na dc\u00e9ru. Na obsah v\u00fdbavy mala samozrejme ve\u013ek\u00fd vplyv majetnos\u0165 nevestinej rodiny (Herz\u00e1nov\u00e1-Vo\u013eansk\u00e1 2021). V&nbsp;auguste 2016 Krajsk\u00e9 kult\u00farne stredisko v&nbsp;\u017diline usporiadalo v\u00fdstavu s n\u00e1zvom \u201eM\u00f4j vienok zelen\u00fd, dolu vodou pad\u00e1\u201c. Hlavnou t\u00e9mou v\u00fdstavy bola v\u00fdbava nevesty a&nbsp;svadobn\u00e9 dary v&nbsp;obciach z&nbsp;doln\u00fdch Kys\u00fac, Terchovskej, Rajeckej a \u0160tiavnickej doliny v minulosti. Pozornos\u0165 predov\u0161etk\u00fdm up\u00fatal vyzdoben\u00fd svadobn\u00fd rebri\u0148\u00e1k s&nbsp;v\u00fdbavou nevesty. Obsahom v\u00fdbavy boli duchny pln\u00e9 husacieho peria, pl\u00e1tno, pracovn\u00e9 n\u00e1stroje, hlinen\u00fd riad, \u0161atn\u00e1 truhla (Srnankov\u00e1 2016). Skladbu vena a&nbsp;v\u00fdbavy nevesty taktie\u017e dokazuje v\u00fdskum Centra EAS pri N\u00e1rodopisnom \u00fastave SAV. Na z\u00e1klade v\u00fdsledkov v\u00fdskumu, zverejnen\u00fdch v&nbsp;etnografickom atlasu Slovenska v&nbsp;roku 1990, m\u00f4\u017eeme pouk\u00e1za\u0165 na zistenia, \u017ee krojovan\u00e1 b\u00e1bika nebola v&nbsp;minulosti s\u00fa\u010das\u0165ou vena a&nbsp;v\u00fdbavy nevesty. Etnografick\u00fd atlas Slovenska vznikal postupne v 70-tych a 80-tych rokoch 20-teho storo\u010dia ako ve\u013ekolep\u00fd projekt, na ktorom sa podie\u013eali mnoh\u00ed autori &#8211; etnografovia, n\u00e1rodopisci a kartografovia. Cie\u013eom atlasu bolo zobrazi\u0165 na map\u00e1ch jednotliv\u00e9 vybran\u00e9 javy \u013eudovej kult\u00fary. Z\u00e1kladom atlasu boli v\u00fdskumy v ter\u00e9ne, ktor\u00e9 v rokoch 1971 a\u017e 1975 robili odborn\u00edci &#8211; etnografovia a folkloristi o 170 t\u00e9mach t\u00fdkaj\u00facich sa trad\u00edci\u00ed pr\u00e1ce, \u017eivota a kult\u00fary obyvate\u013eov Slovenska. Tieto t\u00e9my boli sk\u00faman\u00e9 v 250 lokalit\u00e1ch rovnomerne rozlo\u017een\u00fdch po Slovensku. Z nich bolo 189 slovensk\u00fdch, 37 ma\u010farsk\u00fdch a 17 rus\u00ednskych, \u010falej 4 goralsk\u00e9 a 3 b\u00fdval\u00e9 nemeck\u00e9 lokality. Z\u00edskan\u00e9 poznatky boli prenesen\u00e9 do m\u00e1p, ktor\u00fdch je v atlase 521. Grafov je 33. S\u00fa doplnen\u00e9 schematick\u00fdmi kresbami, a r\u00f4znymi vysvet\u013euj\u00facimi uk\u00e1\u017ekami a textami (EAS 1990). Atlas je ur\u010den\u00fd sk\u00f4r odborn\u00edkom, ale zauj\u00edmav\u00e9 inform\u00e1cie v \u0148om n\u00e1jdu aj neodborn\u00edci, ktor\u00ed sa zauj\u00edmaj\u00fa o kult\u00farne trad\u00edcie a zvyklosti obyvate\u013eov Slovenska. &nbsp; Zoznam pou\u017eit\u00fdch zdrojov: HERZ\u00c1NOV\u00c1-VO\u013dANSK\u00c1, \u013dubica, 2021. V\u00fdbava. In: Centrum pre tradi\u010dn\u00fa \u013eudov\u00fa kult\u00faru [online]. 2021&nbsp; [cit. 2021-11-25]. Dostupn\u00e9 na:&nbsp;&nbsp; https:\/\/www.ludovakultura.sk\/polozka-encyklopedie\/vybava\/ HL\u00d4\u0160KOV\u00c1, Hana, 1985. Veno a&nbsp;v\u00fdbava na slovenskom vidieku (s\u00fa\u010dasn\u00fd stav). In: Slovensk\u00fd n\u00e1rodopis, 2-3, 33\/1985. Bratislava: N\u00e1rodopisn\u00fd \u00fastav SAV. [online]. 1985&nbsp; [cit. 2021-11-25]. Dostupn\u00e9 na: https:\/\/www.sav.sk\/journals\/uploads\/11050854SN_2-3_1985%20B%20reduced%20[Pages%2089%20-%20100].pdf EAS &#8211; KOLEKT\u00cdV AUTOROV, 1990. Etnografick\u00fd atlas Slovenska. Bratislava: VEDA, vydavate\u013estvo SAV, 1990. ISBN: 80-224-0075-0 SRNANKOV\u00c1, Daniela, 2016. M\u00f4j vienok zelen\u00fd, dolu vodou pad\u00e1. In: \u017dilinsk\u00fd samospr\u00e1vny kraj [online]. 2016&nbsp; [cit. 2021-11-25]. Dostupn\u00e9 na:&nbsp;&nbsp; https:\/\/www.zilinskazupa.sk\/sk\/aktuality\/aktuality\/moj-vienok-zeleny-dolu-vodou-pada-3.html<\/p>\n","protected":false},"author":1,"featured_media":0,"parent":0,"menu_order":0,"comment_status":"closed","ping_status":"closed","template":"","meta":{"ngg_post_thumbnail":0,"footnotes":""},"class_list":["post-123","page","type-page","status-publish","hentry"],"_links":{"self":[{"href":"https:\/\/zaverecne-prace.ucimesaweby.sk\/steinbach\/wp-json\/wp\/v2\/pages\/123","targetHints":{"allow":["GET"]}}],"collection":[{"href":"https:\/\/zaverecne-prace.ucimesaweby.sk\/steinbach\/wp-json\/wp\/v2\/pages"}],"about":[{"href":"https:\/\/zaverecne-prace.ucimesaweby.sk\/steinbach\/wp-json\/wp\/v2\/types\/page"}],"author":[{"embeddable":true,"href":"https:\/\/zaverecne-prace.ucimesaweby.sk\/steinbach\/wp-json\/wp\/v2\/users\/1"}],"replies":[{"embeddable":true,"href":"https:\/\/zaverecne-prace.ucimesaweby.sk\/steinbach\/wp-json\/wp\/v2\/comments?post=123"}],"version-history":[{"count":12,"href":"https:\/\/zaverecne-prace.ucimesaweby.sk\/steinbach\/wp-json\/wp\/v2\/pages\/123\/revisions"}],"predecessor-version":[{"id":1173,"href":"https:\/\/zaverecne-prace.ucimesaweby.sk\/steinbach\/wp-json\/wp\/v2\/pages\/123\/revisions\/1173"}],"wp:attachment":[{"href":"https:\/\/zaverecne-prace.ucimesaweby.sk\/steinbach\/wp-json\/wp\/v2\/media?parent=123"}],"curies":[{"name":"wp","href":"https:\/\/api.w.org\/{rel}","templated":true}]}}