{"id":1178,"date":"2022-05-14T23:00:01","date_gmt":"2022-05-14T21:00:01","guid":{"rendered":"https:\/\/zaverecne-prace.ucimesaweby.sk\/steinbach\/?page_id=1178"},"modified":"2022-05-14T23:00:02","modified_gmt":"2022-05-14T21:00:02","slug":"2019-2","status":"publish","type":"page","link":"https:\/\/zaverecne-prace.ucimesaweby.sk\/steinbach\/2019-2\/","title":{"rendered":"2019"},"content":{"rendered":"\n<p>Uskuto\u010dnen\u00e9 v\u00fdstavy krojovan\u00fdch b\u00e1bik na Slovensku v roku 2019<\/p>\n","protected":false},"excerpt":{"rendered":"<p>Uskuto\u010dnen\u00e9 v\u00fdstavy krojovan\u00fdch b\u00e1bik na Slovensku v roku 2019<\/p>\n","protected":false},"author":1,"featured_media":0,"parent":0,"menu_order":0,"comment_status":"closed","ping_status":"closed","template":"","meta":{"ngg_post_thumbnail":0,"footnotes":""},"class_list":["post-1178","page","type-page","status-publish","hentry"],"_links":{"self":[{"href":"https:\/\/zaverecne-prace.ucimesaweby.sk\/steinbach\/wp-json\/wp\/v2\/pages\/1178","targetHints":{"allow":["GET"]}}],"collection":[{"href":"https:\/\/zaverecne-prace.ucimesaweby.sk\/steinbach\/wp-json\/wp\/v2\/pages"}],"about":[{"href":"https:\/\/zaverecne-prace.ucimesaweby.sk\/steinbach\/wp-json\/wp\/v2\/types\/page"}],"author":[{"embeddable":true,"href":"https:\/\/zaverecne-prace.ucimesaweby.sk\/steinbach\/wp-json\/wp\/v2\/users\/1"}],"replies":[{"embeddable":true,"href":"https:\/\/zaverecne-prace.ucimesaweby.sk\/steinbach\/wp-json\/wp\/v2\/comments?post=1178"}],"version-history":[{"count":1,"href":"https:\/\/zaverecne-prace.ucimesaweby.sk\/steinbach\/wp-json\/wp\/v2\/pages\/1178\/revisions"}],"predecessor-version":[{"id":1179,"href":"https:\/\/zaverecne-prace.ucimesaweby.sk\/steinbach\/wp-json\/wp\/v2\/pages\/1178\/revisions\/1179"}],"wp:attachment":[{"href":"https:\/\/zaverecne-prace.ucimesaweby.sk\/steinbach\/wp-json\/wp\/v2\/media?parent=1178"}],"curies":[{"name":"wp","href":"https:\/\/api.w.org\/{rel}","templated":true}]}}