{"id":35,"date":"2026-02-07T15:17:57","date_gmt":"2026-02-07T14:17:57","guid":{"rendered":"https:\/\/zaverecne-prace.ucimesaweby.sk\/stefuca\/?post_type=product&#038;p=35"},"modified":"2026-02-07T15:19:09","modified_gmt":"2026-02-07T14:19:09","slug":"testovaci-produkt","status":"publish","type":"product","link":"https:\/\/zaverecne-prace.ucimesaweby.sk\/stefuca\/en\/product\/testovaci-produkt\/","title":{"rendered":"Testovac\u00ed produkt"},"content":{"rendered":"<p>Toto je len testovac\u00ed produkt pre v\u00fdskum v diplomovej pr\u00e1ci.<\/p>","protected":false},"excerpt":{"rendered":"<p>Test Woocommerce<\/p>","protected":false},"featured_media":29,"comment_status":"open","ping_status":"closed","template":"","meta":[],"product_brand":[],"product_cat":[18],"product_tag":[19],"class_list":{"0":"post-35","1":"product","2":"type-product","3":"status-publish","4":"has-post-thumbnail","6":"product_cat-nezaradene","7":"product_tag-test","9":"first","10":"instock","11":"sale","12":"shipping-taxable","13":"purchasable","14":"product-type-simple"},"yoast_head":"<!-- This site is optimized with the Yoast SEO plugin v26.7 - https:\/\/yoast.com\/wordpress\/plugins\/seo\/ -->\n<title>Testovac\u00ed produkt - Diplomov\u00e1 pr\u00e1ca - V\u00fdkonnostn\u00e9 vplyvy popul\u00e1rnych WP pluginov<\/title>\n<meta name=\"robots\" content=\"noindex, follow, max-snippet:-1, max-image-preview:large, max-video-preview:-1\" \/>\n<meta property=\"og:locale\" content=\"en_GB\" \/>\n<meta property=\"og:type\" content=\"article\" \/>\n<meta property=\"og:title\" content=\"Testovac\u00ed produkt - Diplomov\u00e1 pr\u00e1ca - V\u00fdkonnostn\u00e9 vplyvy popul\u00e1rnych WP pluginov\" \/>\n<meta property=\"og:description\" content=\"Test Woocommerce\" \/>\n<meta property=\"og:url\" content=\"https:\/\/zaverecne-prace.ucimesaweby.sk\/stefuca\/en\/product\/testovaci-produkt\/\" \/>\n<meta property=\"og:site_name\" content=\"Diplomov\u00e1 pr\u00e1ca - V\u00fdkonnostn\u00e9 vplyvy popul\u00e1rnych WP pluginov\" \/>\n<meta property=\"article:modified_time\" content=\"2026-02-07T14:19:09+00:00\" \/>\n<meta property=\"og:image\" content=\"https:\/\/zaverecne-prace.ucimesaweby.sk\/stefuca\/wp-content\/uploads\/woocommerce-placeholder.webp\" \/>\n\t<meta property=\"og:image:width\" content=\"1200\" \/>\n\t<meta property=\"og:image:height\" content=\"1200\" \/>\n\t<meta property=\"og:image:type\" content=\"image\/webp\" \/>\n<meta name=\"twitter:card\" content=\"summary_large_image\" \/>\n<script type=\"application\/ld+json\" class=\"yoast-schema-graph\">{\"@context\":\"https:\/\/schema.org\",\"@graph\":[{\"@type\":\"WebPage\",\"@id\":\"https:\/\/zaverecne-prace.ucimesaweby.sk\/stefuca\/produkt\/testovaci-produkt\/\",\"url\":\"https:\/\/zaverecne-prace.ucimesaweby.sk\/stefuca\/produkt\/testovaci-produkt\/\",\"name\":\"Testovac\u00ed produkt - Diplomov\u00e1 pr\u00e1ca - V\u00fdkonnostn\u00e9 vplyvy popul\u00e1rnych WP pluginov\",\"isPartOf\":{\"@id\":\"https:\/\/zaverecne-prace.ucimesaweby.sk\/stefuca\/#website\"},\"primaryImageOfPage\":{\"@id\":\"https:\/\/zaverecne-prace.ucimesaweby.sk\/stefuca\/produkt\/testovaci-produkt\/#primaryimage\"},\"image\":{\"@id\":\"https:\/\/zaverecne-prace.ucimesaweby.sk\/stefuca\/produkt\/testovaci-produkt\/#primaryimage\"},\"thumbnailUrl\":\"https:\/\/zaverecne-prace.ucimesaweby.sk\/stefuca\/wp-content\/uploads\/woocommerce-placeholder.webp\",\"datePublished\":\"2026-02-07T14:17:57+00:00\",\"dateModified\":\"2026-02-07T14:19:09+00:00\",\"breadcrumb\":{\"@id\":\"https:\/\/zaverecne-prace.ucimesaweby.sk\/stefuca\/produkt\/testovaci-produkt\/#breadcrumb\"},\"inLanguage\":\"en-GB\",\"potentialAction\":[{\"@type\":\"ReadAction\",\"target\":[\"https:\/\/zaverecne-prace.ucimesaweby.sk\/stefuca\/produkt\/testovaci-produkt\/\"]}]},{\"@type\":\"ImageObject\",\"inLanguage\":\"en-GB\",\"@id\":\"https:\/\/zaverecne-prace.ucimesaweby.sk\/stefuca\/produkt\/testovaci-produkt\/#primaryimage\",\"url\":\"https:\/\/zaverecne-prace.ucimesaweby.sk\/stefuca\/wp-content\/uploads\/woocommerce-placeholder.webp\",\"contentUrl\":\"https:\/\/zaverecne-prace.ucimesaweby.sk\/stefuca\/wp-content\/uploads\/woocommerce-placeholder.webp\",\"width\":1200,\"height\":1200},{\"@type\":\"BreadcrumbList\",\"@id\":\"https:\/\/zaverecne-prace.ucimesaweby.sk\/stefuca\/produkt\/testovaci-produkt\/#breadcrumb\",\"itemListElement\":[{\"@type\":\"ListItem\",\"position\":1,\"name\":\"Domovsk\u00e1 str\u00e1nka\",\"item\":\"https:\/\/zaverecne-prace.ucimesaweby.sk\/stefuca\/\"},{\"@type\":\"ListItem\",\"position\":2,\"name\":\"Obchod\",\"item\":\"https:\/\/zaverecne-prace.ucimesaweby.sk\/stefuca\/sk\/obchod\/\"},{\"@type\":\"ListItem\",\"position\":3,\"name\":\"Testovac\u00ed produkt\"}]},{\"@type\":\"WebSite\",\"@id\":\"https:\/\/zaverecne-prace.ucimesaweby.sk\/stefuca\/#website\",\"url\":\"https:\/\/zaverecne-prace.ucimesaweby.sk\/stefuca\/\",\"name\":\"Diplomov\u00e1 pr\u00e1ca - V\u00fdkonnostn\u00e9 vplyvy popul\u00e1rnych WP pluginov\",\"description\":\"\",\"potentialAction\":[{\"@type\":\"SearchAction\",\"target\":{\"@type\":\"EntryPoint\",\"urlTemplate\":\"https:\/\/zaverecne-prace.ucimesaweby.sk\/stefuca\/?s={search_term_string}\"},\"query-input\":{\"@type\":\"PropertyValueSpecification\",\"valueRequired\":true,\"valueName\":\"search_term_string\"}}],\"inLanguage\":\"en-GB\"}]}<\/script>\n<!-- \/ Yoast SEO plugin. -->","yoast_head_json":{"title":"Testovac\u00ed produkt - Diplomov\u00e1 pr\u00e1ca - V\u00fdkonnostn\u00e9 vplyvy popul\u00e1rnych WP pluginov","robots":{"index":"noindex","follow":"follow","max-snippet":"max-snippet:-1","max-image-preview":"max-image-preview:large","max-video-preview":"max-video-preview:-1"},"og_locale":"en_GB","og_type":"article","og_title":"Testovac\u00ed produkt - Diplomov\u00e1 pr\u00e1ca - V\u00fdkonnostn\u00e9 vplyvy popul\u00e1rnych WP pluginov","og_description":"Test Woocommerce","og_url":"https:\/\/zaverecne-prace.ucimesaweby.sk\/stefuca\/en\/product\/testovaci-produkt\/","og_site_name":"Diplomov\u00e1 pr\u00e1ca - V\u00fdkonnostn\u00e9 vplyvy popul\u00e1rnych WP pluginov","article_modified_time":"2026-02-07T14:19:09+00:00","og_image":[{"width":1200,"height":1200,"url":"https:\/\/zaverecne-prace.ucimesaweby.sk\/stefuca\/wp-content\/uploads\/woocommerce-placeholder.webp","type":"image\/webp"}],"twitter_card":"summary_large_image","schema":{"@context":"https:\/\/schema.org","@graph":[{"@type":"WebPage","@id":"https:\/\/zaverecne-prace.ucimesaweby.sk\/stefuca\/produkt\/testovaci-produkt\/","url":"https:\/\/zaverecne-prace.ucimesaweby.sk\/stefuca\/produkt\/testovaci-produkt\/","name":"Testovac\u00ed produkt - Diplomov\u00e1 pr\u00e1ca - V\u00fdkonnostn\u00e9 vplyvy popul\u00e1rnych WP pluginov","isPartOf":{"@id":"https:\/\/zaverecne-prace.ucimesaweby.sk\/stefuca\/#website"},"primaryImageOfPage":{"@id":"https:\/\/zaverecne-prace.ucimesaweby.sk\/stefuca\/produkt\/testovaci-produkt\/#primaryimage"},"image":{"@id":"https:\/\/zaverecne-prace.ucimesaweby.sk\/stefuca\/produkt\/testovaci-produkt\/#primaryimage"},"thumbnailUrl":"https:\/\/zaverecne-prace.ucimesaweby.sk\/stefuca\/wp-content\/uploads\/woocommerce-placeholder.webp","datePublished":"2026-02-07T14:17:57+00:00","dateModified":"2026-02-07T14:19:09+00:00","breadcrumb":{"@id":"https:\/\/zaverecne-prace.ucimesaweby.sk\/stefuca\/produkt\/testovaci-produkt\/#breadcrumb"},"inLanguage":"en-GB","potentialAction":[{"@type":"ReadAction","target":["https:\/\/zaverecne-prace.ucimesaweby.sk\/stefuca\/produkt\/testovaci-produkt\/"]}]},{"@type":"ImageObject","inLanguage":"en-GB","@id":"https:\/\/zaverecne-prace.ucimesaweby.sk\/stefuca\/produkt\/testovaci-produkt\/#primaryimage","url":"https:\/\/zaverecne-prace.ucimesaweby.sk\/stefuca\/wp-content\/uploads\/woocommerce-placeholder.webp","contentUrl":"https:\/\/zaverecne-prace.ucimesaweby.sk\/stefuca\/wp-content\/uploads\/woocommerce-placeholder.webp","width":1200,"height":1200},{"@type":"BreadcrumbList","@id":"https:\/\/zaverecne-prace.ucimesaweby.sk\/stefuca\/produkt\/testovaci-produkt\/#breadcrumb","itemListElement":[{"@type":"ListItem","position":1,"name":"Domovsk\u00e1 str\u00e1nka","item":"https:\/\/zaverecne-prace.ucimesaweby.sk\/stefuca\/"},{"@type":"ListItem","position":2,"name":"Obchod","item":"https:\/\/zaverecne-prace.ucimesaweby.sk\/stefuca\/sk\/obchod\/"},{"@type":"ListItem","position":3,"name":"Testovac\u00ed produkt"}]},{"@type":"WebSite","@id":"https:\/\/zaverecne-prace.ucimesaweby.sk\/stefuca\/#website","url":"https:\/\/zaverecne-prace.ucimesaweby.sk\/stefuca\/","name":"Diplomov\u00e1 pr\u00e1ca - V\u00fdkonnostn\u00e9 vplyvy popul\u00e1rnych WP pluginov","description":"","potentialAction":[{"@type":"SearchAction","target":{"@type":"EntryPoint","urlTemplate":"https:\/\/zaverecne-prace.ucimesaweby.sk\/stefuca\/?s={search_term_string}"},"query-input":{"@type":"PropertyValueSpecification","valueRequired":true,"valueName":"search_term_string"}}],"inLanguage":"en-GB"}]}},"_links":{"self":[{"href":"https:\/\/zaverecne-prace.ucimesaweby.sk\/stefuca\/en\/wp-json\/wp\/v2\/product\/35","targetHints":{"allow":["GET"]}}],"collection":[{"href":"https:\/\/zaverecne-prace.ucimesaweby.sk\/stefuca\/en\/wp-json\/wp\/v2\/product"}],"about":[{"href":"https:\/\/zaverecne-prace.ucimesaweby.sk\/stefuca\/en\/wp-json\/wp\/v2\/types\/product"}],"replies":[{"embeddable":true,"href":"https:\/\/zaverecne-prace.ucimesaweby.sk\/stefuca\/en\/wp-json\/wp\/v2\/comments?post=35"}],"wp:featuredmedia":[{"embeddable":true,"href":"https:\/\/zaverecne-prace.ucimesaweby.sk\/stefuca\/en\/wp-json\/wp\/v2\/media\/29"}],"wp:attachment":[{"href":"https:\/\/zaverecne-prace.ucimesaweby.sk\/stefuca\/en\/wp-json\/wp\/v2\/media?parent=35"}],"wp:term":[{"taxonomy":"product_brand","embeddable":true,"href":"https:\/\/zaverecne-prace.ucimesaweby.sk\/stefuca\/en\/wp-json\/wp\/v2\/product_brand?post=35"},{"taxonomy":"product_cat","embeddable":true,"href":"https:\/\/zaverecne-prace.ucimesaweby.sk\/stefuca\/en\/wp-json\/wp\/v2\/product_cat?post=35"},{"taxonomy":"product_tag","embeddable":true,"href":"https:\/\/zaverecne-prace.ucimesaweby.sk\/stefuca\/en\/wp-json\/wp\/v2\/product_tag?post=35"}],"curies":[{"name":"wp","href":"https:\/\/api.w.org\/{rel}","templated":true}]}}