{"id":24,"date":"2026-02-05T11:58:58","date_gmt":"2026-02-05T10:58:58","guid":{"rendered":"https:\/\/zaverecne-prace.ucimesaweby.sk\/stefuca\/?page_id=24"},"modified":"2026-03-19T21:58:24","modified_gmt":"2026-03-19T20:58:24","slug":"elementor-24","status":"publish","type":"page","link":"https:\/\/zaverecne-prace.ucimesaweby.sk\/stefuca\/en\/","title":{"rendered":"Guinea pig"},"content":{"rendered":"<div data-elementor-type=\"wp-post\" data-elementor-id=\"24\" class=\"elementor elementor-24\" data-elementor-post-type=\"page\">\n\t\t\t\t<div class=\"elementor-element elementor-element-2310197 e-flex e-con-boxed e-con e-parent\" data-id=\"2310197\" data-element_type=\"container\" data-e-type=\"container\" data-settings=\"{&quot;background_background&quot;:&quot;classic&quot;}\">\n\t\t\t\t\t<div class=\"e-con-inner\">\n\t\t\t\t<div class=\"elementor-element elementor-element-8f25d81 elementor-widget elementor-widget-heading\" data-id=\"8f25d81\" data-element_type=\"widget\" data-e-type=\"widget\" data-widget_type=\"heading.default\">\n\t\t\t\t\t<h2 class=\"elementor-heading-title elementor-size-default\">Guinea pig<\/h2>\t\t\t\t<\/div>\n\t\t\t\t<div class=\"elementor-element elementor-element-ac96b30 elementor-widget elementor-widget-text-editor\" data-id=\"ac96b30\" data-element_type=\"widget\" data-e-type=\"widget\" data-widget_type=\"text-editor.default\">\n\t\t\t\t\t\t\t\t\t<p>This website is intended solely for the purposes of a thesis focusing on the performance impacts of popular plugins for the WordPress CMS. As part of this research, it is necessary for this website to display content that serves only for measurement purposes.<\/p>\n<p>Based on the results, this website will be redesigned into an informational site with research findings and will serve future generations of WordPress developers.<\/p>\t\t\t\t\t\t\t\t<\/div>\n\t\t\t\t<div class=\"elementor-element elementor-element-20a9f91 elementor-widget elementor-widget-heading\" data-id=\"20a9f91\" data-element_type=\"widget\" data-e-type=\"widget\" data-widget_type=\"heading.default\">\n\t\t\t\t\t<h3 class=\"elementor-heading-title elementor-size-default\">Pokusn\u00fd kr\u00e1lik - Woocommerce sekcia<\/h3>\t\t\t\t<\/div>\n\t\t\t\t<div class=\"elementor-element elementor-element-26c51e9 elementor-grid-4 elementor-grid-tablet-3 elementor-grid-mobile-2 elementor-products-grid elementor-wc-products elementor-widget elementor-widget-woocommerce-products\" data-id=\"26c51e9\" data-element_type=\"widget\" data-e-type=\"widget\" data-widget_type=\"woocommerce-products.default\">\n\t\t\t\t<div class=\"elementor-widget-container\">\n\t\t\t\t\t<div class=\"woocommerce columns-4\"><ul class=\"products elementor-grid columns-4\">\n<li class=\"product type-product post-35 status-publish first instock product_cat-nezaradene product_tag-test has-post-thumbnail sale shipping-taxable purchasable product-type-simple\">\n\t<a href=\"https:\/\/zaverecne-prace.ucimesaweby.sk\/stefuca\/en\/product\/testovaci-produkt\/\" class=\"woocommerce-LoopProduct-link woocommerce-loop-product__link\">\n\t<span class=\"onsale\" data-no-translation=\"\" data-trp-gettext=\"\">Sale!<\/span>\n\t<img fetchpriority=\"high\" decoding=\"async\" width=\"300\" height=\"300\" src=\"https:\/\/zaverecne-prace.ucimesaweby.sk\/stefuca\/wp-content\/uploads\/woocommerce-placeholder.webp\" class=\"attachment-woocommerce_thumbnail size-woocommerce_thumbnail\" alt=\"Testovac\u00ed produkt\" srcset=\"https:\/\/zaverecne-prace.ucimesaweby.sk\/stefuca\/wp-content\/uploads\/woocommerce-placeholder.webp 1200w, https:\/\/zaverecne-prace.ucimesaweby.sk\/stefuca\/wp-content\/uploads\/woocommerce-placeholder-300x300.webp 300w, https:\/\/zaverecne-prace.ucimesaweby.sk\/stefuca\/wp-content\/uploads\/woocommerce-placeholder-1024x1024.webp 1024w, https:\/\/zaverecne-prace.ucimesaweby.sk\/stefuca\/wp-content\/uploads\/woocommerce-placeholder-150x150.webp 150w, https:\/\/zaverecne-prace.ucimesaweby.sk\/stefuca\/wp-content\/uploads\/woocommerce-placeholder-768x768.webp 768w\" sizes=\"(max-width: 300px) 100vw, 300px\" \/><h2 class=\"woocommerce-loop-product__title\">Testovac\u00ed produkt<\/h2>\n\t<span class=\"price\"><del aria-hidden=\"true\"><span class=\"woocommerce-Price-amount amount\"><bdi>15,00&nbsp;<span class=\"woocommerce-Price-currencySymbol\">&euro;<\/span><\/bdi><\/span><\/del> <span class=\"screen-reader-text\" data-no-translation=\"\" data-trp-gettext=\"\">Original price was: 15,00&nbsp;&euro;.<\/span><ins aria-hidden=\"true\"><span class=\"woocommerce-Price-amount amount\"><bdi>14,00&nbsp;<span class=\"woocommerce-Price-currencySymbol\">&euro;<\/span><\/bdi><\/span><\/ins><span class=\"screen-reader-text\" data-no-translation=\"\" data-trp-gettext=\"\">Current price is: 14,00&nbsp;&euro;.<\/span><\/span>\n<\/a><a href=\"\/stefuca\/en\/wp-json\/wp\/v2\/pages\/24?add-to-cart=35\" aria-describedby=\"woocommerce_loop_add_to_cart_link_describedby_35\" data-quantity=\"1\" class=\"button product_type_simple add_to_cart_button ajax_add_to_cart\" data-product_id=\"35\" data-product_sku=\"\" aria-label=\"Add to basket: \u201cTestovac\u00ed produkt\u201d\" rel=\"nofollow\" data-success_message=\"\u201cTestovac\u00ed produkt\u201d has been added to your cart\" role=\"button\" data-no-translation=\"\" data-trp-gettext=\"\" data-no-translation-aria-label=\"\" data-no-translation-data-success_message=\"\">Add to basket<\/a>\t<span id=\"woocommerce_loop_add_to_cart_link_describedby_35\" class=\"screen-reader-text\">\n\t\t\t<\/span>\n<\/li>\n<\/ul>\n<\/div>\t\t\t\t<\/div>\n\t\t\t\t<\/div>\n\t\t\t\t<div class=\"elementor-element elementor-element-b26fd02 elementor-widget elementor-widget-video\" data-id=\"b26fd02\" data-element_type=\"widget\" data-e-type=\"widget\" data-settings=\"{&quot;youtube_url&quot;:&quot;https:\\\/\\\/www.youtube.com\\\/watch?v=V7SDn5A30Qc&quot;,&quot;video_type&quot;:&quot;youtube&quot;,&quot;controls&quot;:&quot;yes&quot;}\" data-widget_type=\"video.default\">\n\t\t\t\t\t\t\t<div class=\"elementor-wrapper elementor-open-inline\">\n\t\t\t<div class=\"elementor-video\"><\/div>\t\t<\/div>\n\t\t\t\t\t\t<\/div>\n\t\t\t\t\t<\/div>\n\t\t\t\t<\/div>\n\t\t\t\t<\/div>","protected":false},"excerpt":{"rendered":"<p>Pokusn\u00fd kr\u00e1lik T\u00e1to webov\u00e1 str\u00e1nka sl\u00fa\u017ei iba pre \u00fa\u010dely diplomovej pr\u00e1ce, ktor\u00e1 sa zameriava na v\u00fdkonnostn\u00e9 vplyvy popul\u00e1rnych pluginov pre CMS WordPress. Vr\u00e1mci tohto v\u00fdskumu je potrebn\u00e9 aby sa na tomto webe objavil obsah, ktor\u00fd bude sp\u013a\u0148a\u0165 \u00fa\u010dely len pre meranie. Na z\u00e1klade v\u00fdsledkov bude toto webov\u00e9 s\u00eddlo preroben\u00e9 na informa\u010dn\u00fa str\u00e1nku s v\u00fdsledkami sk\u00famania [&hellip;]<\/p>\n","protected":false},"author":1,"featured_media":0,"parent":0,"menu_order":0,"comment_status":"closed","ping_status":"closed","template":"elementor_header_footer","meta":{"footnotes":""},"class_list":["post-24","page","type-page","status-publish","hentry"],"yoast_head":"<!-- This site is optimized with the Yoast SEO plugin v26.7 - https:\/\/yoast.com\/wordpress\/plugins\/seo\/ -->\n<title>Pokusn\u00fd kr\u00e1lik - Diplomov\u00e1 pr\u00e1ca - V\u00fdkonnostn\u00e9 vplyvy popul\u00e1rnych WP pluginov<\/title>\n<meta name=\"robots\" content=\"noindex, follow, max-snippet:-1, max-image-preview:large, max-video-preview:-1\" \/>\n<meta property=\"og:locale\" content=\"en_GB\" \/>\n<meta property=\"og:type\" content=\"article\" \/>\n<meta property=\"og:title\" content=\"Pokusn\u00fd kr\u00e1lik - Diplomov\u00e1 pr\u00e1ca - V\u00fdkonnostn\u00e9 vplyvy popul\u00e1rnych WP pluginov\" \/>\n<meta property=\"og:description\" content=\"Pokusn\u00fd kr\u00e1lik T\u00e1to webov\u00e1 str\u00e1nka sl\u00fa\u017ei iba pre \u00fa\u010dely diplomovej pr\u00e1ce, ktor\u00e1 sa zameriava na v\u00fdkonnostn\u00e9 vplyvy popul\u00e1rnych pluginov pre CMS WordPress. Vr\u00e1mci tohto v\u00fdskumu je potrebn\u00e9 aby sa na tomto webe objavil obsah, ktor\u00fd bude sp\u013a\u0148a\u0165 \u00fa\u010dely len pre meranie. Na z\u00e1klade v\u00fdsledkov bude toto webov\u00e9 s\u00eddlo preroben\u00e9 na informa\u010dn\u00fa str\u00e1nku s v\u00fdsledkami sk\u00famania [&hellip;]\" \/>\n<meta property=\"og:url\" content=\"https:\/\/zaverecne-prace.ucimesaweby.sk\/stefuca\/en\/\" \/>\n<meta property=\"og:site_name\" content=\"Diplomov\u00e1 pr\u00e1ca - V\u00fdkonnostn\u00e9 vplyvy popul\u00e1rnych WP pluginov\" \/>\n<meta property=\"article:modified_time\" content=\"2026-03-19T20:58:24+00:00\" \/>\n<meta name=\"twitter:card\" content=\"summary_large_image\" \/>\n<meta name=\"twitter:label1\" content=\"Estimated reading time\" \/>\n\t<meta name=\"twitter:data1\" content=\"1 minute\" \/>\n<script type=\"application\/ld+json\" class=\"yoast-schema-graph\">{\"@context\":\"https:\/\/schema.org\",\"@graph\":[{\"@type\":\"WebPage\",\"@id\":\"https:\/\/zaverecne-prace.ucimesaweby.sk\/stefuca\/\",\"url\":\"https:\/\/zaverecne-prace.ucimesaweby.sk\/stefuca\/\",\"name\":\"Pokusn\u00fd kr\u00e1lik - Diplomov\u00e1 pr\u00e1ca - V\u00fdkonnostn\u00e9 vplyvy popul\u00e1rnych WP pluginov\",\"isPartOf\":{\"@id\":\"https:\/\/zaverecne-prace.ucimesaweby.sk\/stefuca\/#website\"},\"datePublished\":\"2026-02-05T10:58:58+00:00\",\"dateModified\":\"2026-03-19T20:58:24+00:00\",\"breadcrumb\":{\"@id\":\"https:\/\/zaverecne-prace.ucimesaweby.sk\/stefuca\/#breadcrumb\"},\"inLanguage\":\"en-GB\",\"potentialAction\":[{\"@type\":\"ReadAction\",\"target\":[\"https:\/\/zaverecne-prace.ucimesaweby.sk\/stefuca\/\"]}]},{\"@type\":\"BreadcrumbList\",\"@id\":\"https:\/\/zaverecne-prace.ucimesaweby.sk\/stefuca\/#breadcrumb\",\"itemListElement\":[{\"@type\":\"ListItem\",\"position\":1,\"name\":\"Domovsk\u00e1 str\u00e1nka\",\"item\":\"https:\/\/zaverecne-prace.ucimesaweby.sk\/stefuca\/\"},{\"@type\":\"ListItem\",\"position\":2,\"name\":\"Pokusn\u00fd kr\u00e1lik\"}]},{\"@type\":\"WebSite\",\"@id\":\"https:\/\/zaverecne-prace.ucimesaweby.sk\/stefuca\/#website\",\"url\":\"https:\/\/zaverecne-prace.ucimesaweby.sk\/stefuca\/\",\"name\":\"Diplomov\u00e1 pr\u00e1ca - V\u00fdkonnostn\u00e9 vplyvy popul\u00e1rnych WP pluginov\",\"description\":\"\",\"potentialAction\":[{\"@type\":\"SearchAction\",\"target\":{\"@type\":\"EntryPoint\",\"urlTemplate\":\"https:\/\/zaverecne-prace.ucimesaweby.sk\/stefuca\/?s={search_term_string}\"},\"query-input\":{\"@type\":\"PropertyValueSpecification\",\"valueRequired\":true,\"valueName\":\"search_term_string\"}}],\"inLanguage\":\"en-GB\"}]}<\/script>\n<!-- \/ Yoast SEO plugin. -->","yoast_head_json":{"title":"Pokusn\u00fd kr\u00e1lik - Diplomov\u00e1 pr\u00e1ca - V\u00fdkonnostn\u00e9 vplyvy popul\u00e1rnych WP pluginov","robots":{"index":"noindex","follow":"follow","max-snippet":"max-snippet:-1","max-image-preview":"max-image-preview:large","max-video-preview":"max-video-preview:-1"},"og_locale":"en_GB","og_type":"article","og_title":"Pokusn\u00fd kr\u00e1lik - Diplomov\u00e1 pr\u00e1ca - V\u00fdkonnostn\u00e9 vplyvy popul\u00e1rnych WP pluginov","og_description":"Pokusn\u00fd kr\u00e1lik T\u00e1to webov\u00e1 str\u00e1nka sl\u00fa\u017ei iba pre \u00fa\u010dely diplomovej pr\u00e1ce, ktor\u00e1 sa zameriava na v\u00fdkonnostn\u00e9 vplyvy popul\u00e1rnych pluginov pre CMS WordPress. Vr\u00e1mci tohto v\u00fdskumu je potrebn\u00e9 aby sa na tomto webe objavil obsah, ktor\u00fd bude sp\u013a\u0148a\u0165 \u00fa\u010dely len pre meranie. Na z\u00e1klade v\u00fdsledkov bude toto webov\u00e9 s\u00eddlo preroben\u00e9 na informa\u010dn\u00fa str\u00e1nku s v\u00fdsledkami sk\u00famania [&hellip;]","og_url":"https:\/\/zaverecne-prace.ucimesaweby.sk\/stefuca\/en\/","og_site_name":"Diplomov\u00e1 pr\u00e1ca - V\u00fdkonnostn\u00e9 vplyvy popul\u00e1rnych WP pluginov","article_modified_time":"2026-03-19T20:58:24+00:00","twitter_card":"summary_large_image","twitter_misc":{"Estimated reading time":"1 minute"},"schema":{"@context":"https:\/\/schema.org","@graph":[{"@type":"WebPage","@id":"https:\/\/zaverecne-prace.ucimesaweby.sk\/stefuca\/","url":"https:\/\/zaverecne-prace.ucimesaweby.sk\/stefuca\/","name":"Pokusn\u00fd kr\u00e1lik - Diplomov\u00e1 pr\u00e1ca - V\u00fdkonnostn\u00e9 vplyvy popul\u00e1rnych WP pluginov","isPartOf":{"@id":"https:\/\/zaverecne-prace.ucimesaweby.sk\/stefuca\/#website"},"datePublished":"2026-02-05T10:58:58+00:00","dateModified":"2026-03-19T20:58:24+00:00","breadcrumb":{"@id":"https:\/\/zaverecne-prace.ucimesaweby.sk\/stefuca\/#breadcrumb"},"inLanguage":"en-GB","potentialAction":[{"@type":"ReadAction","target":["https:\/\/zaverecne-prace.ucimesaweby.sk\/stefuca\/"]}]},{"@type":"BreadcrumbList","@id":"https:\/\/zaverecne-prace.ucimesaweby.sk\/stefuca\/#breadcrumb","itemListElement":[{"@type":"ListItem","position":1,"name":"Domovsk\u00e1 str\u00e1nka","item":"https:\/\/zaverecne-prace.ucimesaweby.sk\/stefuca\/"},{"@type":"ListItem","position":2,"name":"Pokusn\u00fd kr\u00e1lik"}]},{"@type":"WebSite","@id":"https:\/\/zaverecne-prace.ucimesaweby.sk\/stefuca\/#website","url":"https:\/\/zaverecne-prace.ucimesaweby.sk\/stefuca\/","name":"Diplomov\u00e1 pr\u00e1ca - V\u00fdkonnostn\u00e9 vplyvy popul\u00e1rnych WP pluginov","description":"","potentialAction":[{"@type":"SearchAction","target":{"@type":"EntryPoint","urlTemplate":"https:\/\/zaverecne-prace.ucimesaweby.sk\/stefuca\/?s={search_term_string}"},"query-input":{"@type":"PropertyValueSpecification","valueRequired":true,"valueName":"search_term_string"}}],"inLanguage":"en-GB"}]}},"_links":{"self":[{"href":"https:\/\/zaverecne-prace.ucimesaweby.sk\/stefuca\/en\/wp-json\/wp\/v2\/pages\/24","targetHints":{"allow":["GET"]}}],"collection":[{"href":"https:\/\/zaverecne-prace.ucimesaweby.sk\/stefuca\/en\/wp-json\/wp\/v2\/pages"}],"about":[{"href":"https:\/\/zaverecne-prace.ucimesaweby.sk\/stefuca\/en\/wp-json\/wp\/v2\/types\/page"}],"author":[{"embeddable":true,"href":"https:\/\/zaverecne-prace.ucimesaweby.sk\/stefuca\/en\/wp-json\/wp\/v2\/users\/1"}],"replies":[{"embeddable":true,"href":"https:\/\/zaverecne-prace.ucimesaweby.sk\/stefuca\/en\/wp-json\/wp\/v2\/comments?post=24"}],"version-history":[{"count":21,"href":"https:\/\/zaverecne-prace.ucimesaweby.sk\/stefuca\/en\/wp-json\/wp\/v2\/pages\/24\/revisions"}],"predecessor-version":[{"id":92,"href":"https:\/\/zaverecne-prace.ucimesaweby.sk\/stefuca\/en\/wp-json\/wp\/v2\/pages\/24\/revisions\/92"}],"wp:attachment":[{"href":"https:\/\/zaverecne-prace.ucimesaweby.sk\/stefuca\/en\/wp-json\/wp\/v2\/media?parent=24"}],"curies":[{"name":"wp","href":"https:\/\/api.w.org\/{rel}","templated":true}]}}