{"id":78,"date":"2026-04-12T22:55:37","date_gmt":"2026-04-12T20:55:37","guid":{"rendered":"https:\/\/zaverecne-prace.ucimesaweby.sk\/sobekova\/?page_id=78"},"modified":"2026-04-25T22:00:12","modified_gmt":"2026-04-25T20:00:12","slug":"katalog-knih","status":"publish","type":"page","link":"https:\/\/zaverecne-prace.ucimesaweby.sk\/sobekova\/katalog-knih\/","title":{"rendered":"Katal\u00f3g kn\u00edh"},"content":{"rendered":"\t\t<div data-elementor-type=\"wp-page\" data-elementor-id=\"78\" class=\"elementor elementor-78\" wpc-filter-elementor-widget=\"1\">\n\t\t\t\t<div class=\"elementor-element elementor-element-1d13d1c8 e-flex e-con-boxed e-con e-parent\" data-id=\"1d13d1c8\" data-element_type=\"container\" data-e-type=\"container\">\n\t\t\t\t\t<div class=\"e-con-inner\">\n\t\t\t\t<div class=\"elementor-element elementor-element-1ebdb2d5 elementor-widget elementor-widget-text-editor\" data-id=\"1ebdb2d5\" data-element_type=\"widget\" data-e-type=\"widget\" data-widget_type=\"text-editor.default\">\n\t\t\t\t\t\t\t\t\t\n<p>Ni\u017e\u0161ie m\u00f4\u017eete vidie\u0165 knihy, ktor\u00e9 s\u00fa evidovan\u00e9 v tomto informa\u010dnom syst\u00e9me:<\/p>\n\n\n\n<p><\/p>\n\t\t\t\t\t\t\t\t<\/div>\n\t\t\t\t\t<\/div>\n\t\t\t\t<\/div>\n\t\t<div class=\"elementor-element elementor-element-4e7b4ad e-flex e-con-boxed e-con e-parent\" data-id=\"4e7b4ad\" data-element_type=\"container\" data-e-type=\"container\">\n\t\t\t\t\t<div class=\"e-con-inner\">\n\t\t\t\t<div class=\"elementor-element elementor-element-a9ab711 elementor-widget elementor-widget-wp-widget-search\" data-id=\"a9ab711\" data-element_type=\"widget\" data-e-type=\"widget\" data-widget_type=\"wp-widget-search.default\">\n\t\t\t\t<div class=\"elementor-widget-container\">\n\t\t\t\t\t<form role=\"search\" method=\"get\" id=\"searchform\" class=\"searchform\" action=\"https:\/\/zaverecne-prace.ucimesaweby.sk\/sobekova\/\">\n\t\t\t\t<div>\n\t\t\t\t\t<label class=\"screen-reader-text\" for=\"s\">H\u013eada\u0165:<\/label>\n\t\t\t\t\t<input type=\"text\" value=\"\" name=\"s\" id=\"s\" \/>\n\t\t\t\t\t<input type=\"submit\" id=\"searchsubmit\" value=\"N\u00e1jdi\" \/>\n\t\t\t\t<\/div>\n\t\t\t<\/form>\t\t\t\t<\/div>\n\t\t\t\t<\/div>\n\t\t\t\t\t<\/div>\n\t\t\t\t<\/div>\n\t\t<div class=\"elementor-element elementor-element-53d40f3 e-flex e-con-boxed e-con e-parent\" data-id=\"53d40f3\" data-element_type=\"container\" data-e-type=\"container\">\n\t\t\t\t\t<div class=\"e-con-inner\">\n\t\t\t\t<div class=\"elementor-element elementor-element-26a46e5 elementor-grid-eael-col-1 elementor-grid-tablet-eael-col-2 elementor-grid-mobile-eael-col-1 elementor-widget elementor-widget-eael-post-grid\" data-id=\"26a46e5\" data-element_type=\"widget\" data-e-type=\"widget\" data-settings=\"{&quot;eael_post_grid_columns&quot;:&quot;eael-col-1&quot;,&quot;eael_post_grid_columns_tablet&quot;:&quot;eael-col-2&quot;,&quot;eael_post_grid_columns_mobile&quot;:&quot;eael-col-1&quot;}\" data-widget_type=\"eael-post-grid.default\">\n\t\t\t\t\t<div id=\"eael-post-grid-26a46e5\" class=\"eael-post-grid-container\">\n            <div class=\"eael-post-grid eael-post-appender eael-post-appender-26a46e5 eael-post-grid-style-default\" data-layout-mode=\"masonry\"><article class=\"eael-grid-post eael-post-grid-column eael-pg-post-129\" data-id=\"129\">\n        <div class=\"eael-grid-post-holder\">\n            <div class=\"eael-grid-post-holder-inner\"><div class=\"eael-entry-wrapper\"><header class=\"eael-entry-header\"><h1 class=\"eael-entry-title\"><a\n                        class=\"eael-grid-post-link\"\n                        href=\"https:\/\/zaverecne-prace.ucimesaweby.sk\/sobekova\/kniha\/z-dejin-matic-slovanskych-narodov\/\"\n                        title=\"Z dej\u00edn Mat\u00edc slovansk\u00fdch n\u00e1rodov\">Z dej\u00edn Mat\u00edc slovansk\u00fdch n\u00e1rodov<\/a><\/h1><\/header><div class=\"eael-entry-content\">\n                        <div class=\"eael-grid-post-excerpt\"><p><\/p><\/div>\n                    <\/div><div class=\"eael-entry-footer\"><div class=\"eael-author-avatar\"><a href=\"https:\/\/zaverecne-prace.ucimesaweby.sk\/sobekova\/author\/admin\/\"><img alt='admin' src='https:\/\/secure.gravatar.com\/avatar\/ac0558d76b9443727cd8d4c354b008c7d71b054086adaf6c52b11b7df1d8c81f?s=96&#038;d=mm&#038;r=g' srcset='https:\/\/secure.gravatar.com\/avatar\/ac0558d76b9443727cd8d4c354b008c7d71b054086adaf6c52b11b7df1d8c81f?s=192&#038;d=mm&#038;r=g 2x' class='avatar avatar-96 photo' height='96' width='96' \/><\/a><\/div><div class=\"eael-entry-meta\"><span class=\"eael-posted-by\"><a href=\"https:\/\/zaverecne-prace.ucimesaweby.sk\/sobekova\/author\/admin\/\" title=\"Posts by admin\" rel=\"author\">admin<\/a><\/span><\/div><\/div><\/div><div class=\"eael-entry-media\"><div class=\"eael-entry-overlay fade-in\"><i class=\"fas fa-long-arrow-alt-right\" aria-hidden=\"true\"><\/i><a href=\"https:\/\/zaverecne-prace.ucimesaweby.sk\/sobekova\/kniha\/z-dejin-matic-slovanskych-narodov\/\"><\/a><\/div><div class=\"eael-entry-thumbnail \">\n                <img fetchpriority=\"high\" decoding=\"async\" width=\"300\" height=\"300\" src=\"https:\/\/zaverecne-prace.ucimesaweby.sk\/sobekova\/wp-content\/uploads\/2026\/04\/book_icon_158035-1-300x300.png\" class=\"attachment-medium size-medium wp-image-94\" alt=\"\" \/>\n            <\/div>\n        <\/div><\/div>\n        <\/div>\n    <\/article><article class=\"eael-grid-post eael-post-grid-column eael-pg-post-128\" data-id=\"128\">\n        <div class=\"eael-grid-post-holder\">\n            <div class=\"eael-grid-post-holder-inner\"><div class=\"eael-entry-wrapper\"><header class=\"eael-entry-header\"><h1 class=\"eael-entry-title\"><a\n                        class=\"eael-grid-post-link\"\n                        href=\"https:\/\/zaverecne-prace.ucimesaweby.sk\/sobekova\/kniha\/claude-elwood-shannon-collected-papers\/\"\n                        title=\"Claude Elwood Shannon: collected papers\">Claude Elwood Shannon: collected papers<\/a><\/h1><\/header><div class=\"eael-entry-content\">\n                        <div class=\"eael-grid-post-excerpt\"><p><\/p><\/div>\n                    <\/div><div class=\"eael-entry-footer\"><div class=\"eael-author-avatar\"><a href=\"https:\/\/zaverecne-prace.ucimesaweby.sk\/sobekova\/author\/admin\/\"><img alt='admin' src='https:\/\/secure.gravatar.com\/avatar\/ac0558d76b9443727cd8d4c354b008c7d71b054086adaf6c52b11b7df1d8c81f?s=96&#038;d=mm&#038;r=g' srcset='https:\/\/secure.gravatar.com\/avatar\/ac0558d76b9443727cd8d4c354b008c7d71b054086adaf6c52b11b7df1d8c81f?s=192&#038;d=mm&#038;r=g 2x' class='avatar avatar-96 photo' height='96' width='96' \/><\/a><\/div><div class=\"eael-entry-meta\"><span class=\"eael-posted-by\"><a href=\"https:\/\/zaverecne-prace.ucimesaweby.sk\/sobekova\/author\/admin\/\" title=\"Posts by admin\" rel=\"author\">admin<\/a><\/span><\/div><\/div><\/div><\/div>\n        <\/div>\n    <\/article><article class=\"eael-grid-post eael-post-grid-column eael-pg-post-127\" data-id=\"127\">\n        <div class=\"eael-grid-post-holder\">\n            <div class=\"eael-grid-post-holder-inner\"><div class=\"eael-entry-wrapper\"><header class=\"eael-entry-header\"><h1 class=\"eael-entry-title\"><a\n                        class=\"eael-grid-post-link\"\n                        href=\"https:\/\/zaverecne-prace.ucimesaweby.sk\/sobekova\/kniha\/understanding-human-comunnication\/\"\n                        title=\"Understanding human comunnication\">Understanding human comunnication<\/a><\/h1><\/header><div class=\"eael-entry-content\">\n                        <div class=\"eael-grid-post-excerpt\"><p><\/p><\/div>\n                    <\/div><div class=\"eael-entry-footer\"><div class=\"eael-author-avatar\"><a href=\"https:\/\/zaverecne-prace.ucimesaweby.sk\/sobekova\/author\/admin\/\"><img alt='admin' src='https:\/\/secure.gravatar.com\/avatar\/ac0558d76b9443727cd8d4c354b008c7d71b054086adaf6c52b11b7df1d8c81f?s=96&#038;d=mm&#038;r=g' srcset='https:\/\/secure.gravatar.com\/avatar\/ac0558d76b9443727cd8d4c354b008c7d71b054086adaf6c52b11b7df1d8c81f?s=192&#038;d=mm&#038;r=g 2x' class='avatar avatar-96 photo' height='96' width='96' \/><\/a><\/div><div class=\"eael-entry-meta\"><span class=\"eael-posted-by\"><a href=\"https:\/\/zaverecne-prace.ucimesaweby.sk\/sobekova\/author\/admin\/\" title=\"Posts by admin\" rel=\"author\">admin<\/a><\/span><\/div><\/div><\/div><\/div>\n        <\/div>\n    <\/article><article class=\"eael-grid-post eael-post-grid-column eael-pg-post-122\" data-id=\"122\">\n        <div class=\"eael-grid-post-holder\">\n            <div class=\"eael-grid-post-holder-inner\"><div class=\"eael-entry-wrapper\"><header class=\"eael-entry-header\"><h1 class=\"eael-entry-title\"><a\n                        class=\"eael-grid-post-link\"\n                        href=\"https:\/\/zaverecne-prace.ucimesaweby.sk\/sobekova\/kniha\/digitalizace-jako-budoucnost-elektronickych-medii\/\"\n                        title=\"Digitalizace jako budoucnost elektronick\u00fdch m\u00e9di\u00ed\">Digitalizace jako budoucnost elektronick\u00fdch m\u00e9di\u00ed<\/a><\/h1><\/header><div class=\"eael-entry-content\">\n                        <div class=\"eael-grid-post-excerpt\"><p><\/p><\/div>\n                    <\/div><div class=\"eael-entry-footer\"><div class=\"eael-author-avatar\"><a href=\"https:\/\/zaverecne-prace.ucimesaweby.sk\/sobekova\/author\/admin\/\"><img alt='admin' src='https:\/\/secure.gravatar.com\/avatar\/ac0558d76b9443727cd8d4c354b008c7d71b054086adaf6c52b11b7df1d8c81f?s=96&#038;d=mm&#038;r=g' srcset='https:\/\/secure.gravatar.com\/avatar\/ac0558d76b9443727cd8d4c354b008c7d71b054086adaf6c52b11b7df1d8c81f?s=192&#038;d=mm&#038;r=g 2x' class='avatar avatar-96 photo' height='96' width='96' \/><\/a><\/div><div class=\"eael-entry-meta\"><span class=\"eael-posted-by\"><a href=\"https:\/\/zaverecne-prace.ucimesaweby.sk\/sobekova\/author\/admin\/\" title=\"Posts by admin\" rel=\"author\">admin<\/a><\/span><\/div><\/div><\/div><\/div>\n        <\/div>\n    <\/article><\/div>\n            <div class=\"clearfix\"><\/div>\n        <\/div>            <div class=\"eael-load-more-button-wrap eael-infinity-scroll\" data-offset=\"-200\">\n                <button class=\"eael-load-more-button\" id=\"eael-load-more-btn-26a46e5\" data-widget-id=\"26a46e5\" data-widget=\"26a46e5\" data-page-id=\"78\" data-template=\"{&quot;dir&quot;:&quot;lite&quot;,&quot;file_name&quot;:&quot;default.php&quot;,&quot;name&quot;:&quot;Post-Grid&quot;}\" data-class=\"Essential_Addons_Elementor\\Elements\\Post_Grid\" data-layout=\"masonry\" data-page=\"1\" data-args=\"orderby=date&amp;order=desc&amp;ignore_sticky_posts=1&amp;post_status=publish&amp;posts_per_page=4&amp;offset=0&amp;post_type=kniha\" data-max-page=\"2\">\n                    <span class=\"eael-btn-loader button__loader\"><\/span>\n                    <span class=\"eael_load_more_text\">Load More<\/span>\n                <\/button>\n            <\/div>\n            \t\t\t\t<\/div>\n\t\t\t\t\t<\/div>\n\t\t\t\t<\/div>\n\t\t<div class=\"elementor-element elementor-element-cab8265 e-flex e-con-boxed e-con e-parent\" data-id=\"cab8265\" data-element_type=\"container\" data-e-type=\"container\">\n\t\t\t\t\t<div class=\"e-con-inner\">\n\t\t\t\t\t<\/div>\n\t\t\t\t<\/div>\n\t\t\t\t<\/div>\n\t\t","protected":false},"excerpt":{"rendered":"<p>Ni\u017e\u0161ie m\u00f4\u017eete vidie\u0165 knihy, ktor\u00e9 s\u00fa evidovan\u00e9 v tomto informa\u010dnom syst\u00e9me: Z dej\u00edn Mat\u00edc slovansk\u00fdch n\u00e1rodov admin Claude Elwood Shannon: collected papers admin Understanding human comunnication admin Digitalizace jako budoucnost elektronick\u00fdch m\u00e9di\u00ed admin Load More<\/p>\n","protected":false},"author":1,"featured_media":0,"parent":0,"menu_order":0,"comment_status":"closed","ping_status":"closed","template":"","meta":{"_acf_changed":false,"_eb_attr":"","_breakdance_hide_in_design_set":false,"_breakdance_tags":"","footnotes":""},"class_list":["post-78","page","type-page","status-publish","hentry"],"acf":[],"_links":{"self":[{"href":"https:\/\/zaverecne-prace.ucimesaweby.sk\/sobekova\/wp-json\/wp\/v2\/pages\/78","targetHints":{"allow":["GET"]}}],"collection":[{"href":"https:\/\/zaverecne-prace.ucimesaweby.sk\/sobekova\/wp-json\/wp\/v2\/pages"}],"about":[{"href":"https:\/\/zaverecne-prace.ucimesaweby.sk\/sobekova\/wp-json\/wp\/v2\/types\/page"}],"author":[{"embeddable":true,"href":"https:\/\/zaverecne-prace.ucimesaweby.sk\/sobekova\/wp-json\/wp\/v2\/users\/1"}],"replies":[{"embeddable":true,"href":"https:\/\/zaverecne-prace.ucimesaweby.sk\/sobekova\/wp-json\/wp\/v2\/comments?post=78"}],"version-history":[{"count":39,"href":"https:\/\/zaverecne-prace.ucimesaweby.sk\/sobekova\/wp-json\/wp\/v2\/pages\/78\/revisions"}],"predecessor-version":[{"id":227,"href":"https:\/\/zaverecne-prace.ucimesaweby.sk\/sobekova\/wp-json\/wp\/v2\/pages\/78\/revisions\/227"}],"wp:attachment":[{"href":"https:\/\/zaverecne-prace.ucimesaweby.sk\/sobekova\/wp-json\/wp\/v2\/media?parent=78"}],"curies":[{"name":"wp","href":"https:\/\/api.w.org\/{rel}","templated":true}]}}