{"id":1986,"date":"2024-04-10T15:52:44","date_gmt":"2024-04-10T13:52:44","guid":{"rendered":"https:\/\/zaverecne-prace.ucimesaweby.sk\/pallo\/?page_id=1986"},"modified":"2024-04-24T23:01:10","modified_gmt":"2024-04-24T21:01:10","slug":"blog","status":"publish","type":"page","link":"https:\/\/zaverecne-prace.ucimesaweby.sk\/pallo\/blog\/","title":{"rendered":"Blog"},"content":{"rendered":"\t\t<div data-elementor-type=\"wp-page\" data-elementor-id=\"1986\" class=\"elementor elementor-1986\">\n\t\t\t\t<div class=\"elementor-element elementor-element-4b281d0 e-flex e-con-boxed e-con e-parent\" data-id=\"4b281d0\" data-element_type=\"container\">\n\t\t\t\t\t<div class=\"e-con-inner\">\n\t\t\t\t<div class=\"elementor-element elementor-element-0e6984f elementor-widget elementor-widget-ucaddon_post_list\" data-id=\"0e6984f\" data-element_type=\"widget\" data-widget_type=\"ucaddon_post_list.default\">\n\t\t\t\t<div class=\"elementor-widget-container\">\n\t\t\t\n<!-- start Post List -->\n\t\t<link id='font-awesome-css' href='https:\/\/zaverecne-prace.ucimesaweby.sk\/pallo\/wp-content\/plugins\/unlimited-elements-for-elementor\/assets_libraries\/font-awesome6\/fontawesome-all.min.css' type='text\/css' rel='stylesheet' >\n\t\t<link id='font-awesome-4-shim-css' href='https:\/\/zaverecne-prace.ucimesaweby.sk\/pallo\/wp-content\/plugins\/unlimited-elements-for-elementor\/assets_libraries\/font-awesome6\/fontawesome-v4-shims.min.css' type='text\/css' rel='stylesheet' >\n\n<style>\/* widget: Post List *\/\n\n\n\n#uc_post_list_elementor_0e6984f{\n  display:grid;\n}\n\n#uc_post_list_elementor_0e6984f .uc_post_list_image div{\n  background-size:cover;\n  background-position:center;\n}\n\n.uc_post_list .uc_post_list_box{\n\tposition: relative;\n\toverflow: hidden;\n\tdisplay: flex;\n}\n\n#uc_post_list_elementor_0e6984f .uc_post_list_image{\n  flex-grow:0;\n  flex-shrink:0;\n  overflow: hidden;\n}\n\n#uc_post_list_elementor_0e6984f .uc_post_list_image img{\n  width:100%;\n  height:100%;\n  display:block;\n  transition:0.3s;  \n}\n\n.uc_post_list_title a{\n\tcolor: #333333;\n    display: block;\n}\n\n.uc_post_list_date{\n\tfont-size: 12px;\n}\n\n#uc_post_list_elementor_0e6984f .uc_post_list_content{\n  display:flex;\n  flex-direction:column;\n  flex:1;\n}\n\n#uc_post_list_elementor_0e6984f .uc_more_btn{\n  text-align:center;\n  text-decoration:none;\n  transition:0.3s;\n}\n\n#uc_post_list_elementor_0e6984f .button-on-side{\n  display:flex;\n  align-items:center;\n}\n\n#uc_post_list_elementor_0e6984f .ue-grid-item-category{\n  display: flex;\n  align-items: center;\n}\n\n.ue-grid-item-category a{\n  display:inline-block;\n  font-size:10px;\n  text-transform:uppercase;\n}\n\n#uc_post_list_elementor_0e6984f .ue-meta-data{  \n  display:flex;\n  flex-wrap: wrap;\n  line-height:1em;\n}\n\n#uc_post_list_elementor_0e6984f .ue-grid-item-meta-data{\n      display:inline-flex;\n      align-items:center;\n}\n\n.ue-grid-item-meta-data{\n  font-size:12px;\n}\n\n#uc_post_list_elementor_0e6984f .ue-grid-item-meta-data-icon{\n  line-height:1em;\n}\n\n#uc_post_list_elementor_0e6984f .ue-grid-item-meta-data-icon svg{\n  width:1em;\n  height:1em;\n} \n\n#uc_post_list_elementor_0e6984f .ue-debug-meta{\n  padding:10px;\n  border:1px solid red;\n  position:relative;\n  line-height:1.5em;\n  font-size:11px;\n  width:100%;\n}\n\n.uc-remote-parent .uc_post_list_box{\n\tcursor:pointer;\n}\n\n#uc_post_list_elementor_0e6984f .ue-post-link-overlay{\n  display:block;\n  position:absolute;\n  top:0;\n  bottom:0;\n  right:0;\n  left:0;\n}\n\n\n\n\n<\/style>\n\n<div class=\"uc_post_list uc-items-wrapper \" id=\"uc_post_list_elementor_0e6984f\"  >    \t\n  <div class=\"uc_post_list_box\" data-category=\"Tvorba Webu\">\n\n  \n  \t    <div class=\"uc_post_list_image\">\n      <a href=\"https:\/\/zaverecne-prace.ucimesaweby.sk\/pallo\/wordpress-uzitocne-pluginy\/\" target=\"_self\" title=\"WordPress - u\u017eito\u010dn\u00e9 pluginy\">\n          \n            <img fetchpriority=\"high\" decoding=\"async\" src=\"https:\/\/zaverecne-prace.ucimesaweby.sk\/pallo\/wp-content\/uploads\/2024\/04\/obrazky_web-06-768x480.jpg\"  src=\"https:\/\/zaverecne-prace.ucimesaweby.sk\/pallo\/wp-content\/uploads\/2024\/04\/obrazky_web-06-768x480.jpg\" alt=\"obrazky_web-06\" width=\"768\" height=\"480\">\n        \t\n        \n      <\/a>\n    <\/div>\n  \t\t\n  \n    <div class=\"uc_post_list_content\">\n      <div class=\"uc_post_list_content_inside\">\n        \n                       \n        <div class=\"uc_post_list_title\"><a target=\"_self\" href=\"https:\/\/zaverecne-prace.ucimesaweby.sk\/pallo\/wordpress-uzitocne-pluginy\/\" title=\"WordPress - u\u017eito\u010dn\u00e9 pluginy\">WordPress - u\u017eito\u010dn\u00e9 pluginy<\/a><\/div>                 \n        <div class=\"ue-meta-data\">\n            <div class=\"ue-grid-item-meta-data\"><span class=\"ue-grid-item-meta-data-icon\"><i class='far fa-calendar-alt'><\/i><\/span>  24. apr\u00edla 2024<\/div>                                   \n            \n          \n                        \n            \n                        \n                        \n            \n              \n          <\/div>         \n                \n         <div class=\"uc_post_content\">Lorem ipsum dolor sit amet, consectetur adipiscing elit. Ut elit tellus, luctus nec ullamcorper mattis, pulvinar dapibus leo.\nhttps:\/\/youtu.be\/mz-yK9kMcMI\nLorem ipsum dolor sit amet, consectetur adipiscing...<\/div>           \n        \n                 \n      <\/div>\n    <\/div>\n     \n       \n  \n   <\/div>\n<div class=\"uc_post_list_box\" data-category=\"Tvorba Webu\">\n\n  \n  \t    <div class=\"uc_post_list_image\">\n      <a href=\"https:\/\/zaverecne-prace.ucimesaweby.sk\/pallo\/wordpress-formular\/\" target=\"_self\" title=\"WordPress- formul\u00e1r\">\n          \n            <img decoding=\"async\" src=\"https:\/\/zaverecne-prace.ucimesaweby.sk\/pallo\/wp-content\/uploads\/2024\/04\/obrazky_web-07-768x480.jpg\"  src=\"https:\/\/zaverecne-prace.ucimesaweby.sk\/pallo\/wp-content\/uploads\/2024\/04\/obrazky_web-07-768x480.jpg\" alt=\"obrazky_web-07\" width=\"768\" height=\"480\">\n        \t\n        \n      <\/a>\n    <\/div>\n  \t\t\n  \n    <div class=\"uc_post_list_content\">\n      <div class=\"uc_post_list_content_inside\">\n        \n                       \n        <div class=\"uc_post_list_title\"><a target=\"_self\" href=\"https:\/\/zaverecne-prace.ucimesaweby.sk\/pallo\/wordpress-formular\/\" title=\"WordPress- formul\u00e1r\">WordPress- formul\u00e1r<\/a><\/div>                 \n        <div class=\"ue-meta-data\">\n            <div class=\"ue-grid-item-meta-data\"><span class=\"ue-grid-item-meta-data-icon\"><i class='far fa-calendar-alt'><\/i><\/span>  23. apr\u00edla 2024<\/div>                                   \n            \n          \n                        \n            \n                        \n                        \n            \n              \n          <\/div>         \n                \n         <div class=\"uc_post_content\">Lorem ipsum dolor sit amet, consectetur adipiscing elit. Ut elit tellus, luctus nec ullamcorper mattis, pulvinar dapibus leo.\nhttps:\/\/youtu.be\/YqBeOpoyE-0\nLorem ipsum dolor sit amet, consectetur adipiscing...<\/div>           \n        \n                 \n      <\/div>\n    <\/div>\n     \n       \n  \n   <\/div>\n<div class=\"uc_post_list_box\" data-category=\"Tvorba Webu\">\n\n  \n  \t    <div class=\"uc_post_list_image\">\n      <a href=\"https:\/\/zaverecne-prace.ucimesaweby.sk\/pallo\/wordpress-tutorial-seo-google-analytics-site-kit\/\" target=\"_self\" title=\"Wordpress tutori\u00e1l SEO + Google Analytics, Site kit\">\n          \n            <img decoding=\"async\" src=\"https:\/\/zaverecne-prace.ucimesaweby.sk\/pallo\/wp-content\/uploads\/2024\/04\/obrazky_web-02-768x480.jpg\"  src=\"https:\/\/zaverecne-prace.ucimesaweby.sk\/pallo\/wp-content\/uploads\/2024\/04\/obrazky_web-02-768x480.jpg\" alt=\"obrazky_web-02\" width=\"768\" height=\"480\">\n        \t\n        \n      <\/a>\n    <\/div>\n  \t\t\n  \n    <div class=\"uc_post_list_content\">\n      <div class=\"uc_post_list_content_inside\">\n        \n                       \n        <div class=\"uc_post_list_title\"><a target=\"_self\" href=\"https:\/\/zaverecne-prace.ucimesaweby.sk\/pallo\/wordpress-tutorial-seo-google-analytics-site-kit\/\" title=\"Wordpress tutori\u00e1l SEO + Google Analytics, Site kit\">WordPress tutori\u00e1l SEO + Google Analytics, Site kit<\/a><\/div>                 \n        <div class=\"ue-meta-data\">\n            <div class=\"ue-grid-item-meta-data\"><span class=\"ue-grid-item-meta-data-icon\"><i class='far fa-calendar-alt'><\/i><\/span>  22. apr\u00edla 2024<\/div>                                   \n            \n          \n                        \n            \n                        \n                        \n            \n              \n          <\/div>         \n                \n         <div class=\"uc_post_content\">Lorem ipsum dolor sit amet, consectetur adipiscing elit. Ut elit tellus, luctus nec ullamcorper mattis, pulvinar dapibus leo.\nhttps:\/\/youtu.be\/aU4IN5cMvYo\nLorem ipsum dolor sit amet, consectetur adipiscing...<\/div>           \n        \n                 \n      <\/div>\n    <\/div>\n     \n       \n  \n   <\/div>\n<div class=\"uc_post_list_box\" data-category=\"Tvorba Webu\">\n\n  \n  \t    <div class=\"uc_post_list_image\">\n      <a href=\"https:\/\/zaverecne-prace.ucimesaweby.sk\/pallo\/elementor-2006\/\" target=\"_self\" title=\"Blog a dokumenty\">\n          \n            <img loading=\"lazy\" decoding=\"async\" src=\"https:\/\/zaverecne-prace.ucimesaweby.sk\/pallo\/wp-content\/uploads\/2024\/04\/obrazky_web-03-768x480.jpg\"  src=\"https:\/\/zaverecne-prace.ucimesaweby.sk\/pallo\/wp-content\/uploads\/2024\/04\/obrazky_web-03-768x480.jpg\" alt=\"obrazky_web-03\" width=\"768\" height=\"480\">\n        \t\n        \n      <\/a>\n    <\/div>\n  \t\t\n  \n    <div class=\"uc_post_list_content\">\n      <div class=\"uc_post_list_content_inside\">\n        \n                       \n        <div class=\"uc_post_list_title\"><a target=\"_self\" href=\"https:\/\/zaverecne-prace.ucimesaweby.sk\/pallo\/elementor-2006\/\" title=\"Blog a dokumenty\">Blog a dokumenty<\/a><\/div>                 \n        <div class=\"ue-meta-data\">\n            <div class=\"ue-grid-item-meta-data\"><span class=\"ue-grid-item-meta-data-icon\"><i class='far fa-calendar-alt'><\/i><\/span>  22. apr\u00edla 2024<\/div>                                   \n            \n          \n                        \n            \n                        \n                        \n            \n              \n          <\/div>         \n                \n         <div class=\"uc_post_content\">https:\/\/youtu.be\/1GW67QkxXeA\nLorem ipsum dolor sit amet, consectetur adipiscing elit. Ut elit tellus, luctus nec ullamcorper mattis, pulvinar dapibus leo.<\/div>           \n        \n                 \n      <\/div>\n    <\/div>\n     \n       \n  \n   <\/div>\n\n<\/div>\n\n\n  <div id=\"uc_post_list_elementor_0e6984f_empty_message\" class=\"ue-no-posts-found\"  style=\"display:none\" >No posts found<\/div>\n\n\n<!-- end Post List -->\t\t<\/div>\n\t\t\t\t<\/div>\n\t\t\t\t<div class=\"elementor-element elementor-element-a485dc3 elementor-widget elementor-widget-ucaddon_archive_pagination\" data-id=\"a485dc3\" data-element_type=\"widget\" data-widget_type=\"ucaddon_archive_pagination.default\">\n\t\t\t\t<div class=\"elementor-widget-container\">\n\t\t\t\n<!-- start Post Pagination -->\n\n<style>\/* widget: Post Pagination *\/\n\n#uc_archive_pagination_elementor_a485dc3 nav\n{\n  padding:0px;\n  margin:0px;\n}\n\n#uc_archive_pagination_elementor_a485dc3 \n{\n  display:flex;\n  flex-wrap: wrap;\n  justify-content:center;\n}\n\n#uc_archive_pagination_elementor_a485dc3 .nav-links\n{\n  display:flex;\n  justify-content:center;\n}\n\n#uc_archive_pagination_elementor_a485dc3 .nav-links > *\n{\n}\n\n#uc_archive_pagination_elementor_a485dc3 .page-numbers\n{\n  display:flex;\n  \n  align-items:center;\n  justify-content:center;\n  transition:0.3s;\n  line-height:1em;\n}\n\n\n#uc_archive_pagination_elementor_a485dc3 a.page-numbers, #uc_archive_pagination_elementor_a485dc3 .dots\n{\n  color:#000000;\n  background-color:;\n}\n\n#uc_archive_pagination_elementor_a485dc3 a.page-numbers:hover\n{\n  color:#6e6e6e;\n  background-color:#eeeeee;\n}\n\n#uc_archive_pagination_elementor_a485dc3 .page-numbers.current,\n#uc_archive_pagination_elementor_a485dc3 .page-numbers.current:hover\n{\n  background-color:#B2277C;\n  color:#ffffff;\n}\n\n\n#uc_archive_pagination_elementor_a485dc3 .page-numbers.prev, #uc_archive_pagination_elementor_a485dc3 .page-numbers.next\n{\n  padding-left:15px;\n  padding-right:15px;\n}\n\n\n\n#uc_archive_pagination_elementor_a485dc3 .prev:before {\n   font-family: \"Font Awesome 5 Free\";\n   content: \"\\f053\";\n   display: inline-block;\n   vertical-align: middle;\n   font-weight: 900;\n   }\n\n#uc_archive_pagination_elementor_a485dc3 .next:after {\n   font-family: \"Font Awesome 5 Free\";\n   content: \"\\f054\";\n   display: inline-block;\n   vertical-align: middle;\n   font-weight: 900;\n   }\n\n#uc_archive_pagination_elementor_a485dc3.uc-ajax-loading{\n\topacity:1 !important;\n}\n\n#uc_archive_pagination_elementor_a485dc3.uc-ajax-loading .current{\n\tposition:relative;\n    overflow:hidden;\n}\n\n\n#uc_archive_pagination_elementor_a485dc3.uc-ajax-loading .current:before{\n  content: \"\";\n  display:block;\n  width:100%;\n  height:100%;\n  box-sizing:border-box;\n  position:absolute;\n  top:0px;\n  left:0px;\n  background-color: #c2c2c2;\n  animation: uc-spinning-border 0.5s linear infinite;\n  opacity:50%;\n  border-radius:inherit;\n}\n\n@keyframes uc-spinning-border {\n\t0%{transform: scale(0);}\n\t100%{transform: scale(1); }\t\n}\n\n\n\n<\/style>\n\n<div id=\"uc_archive_pagination_elementor_a485dc3\" class=\"archive_pagination uc-filter-pagination\">\n<span aria-current=\"page\" class=\"page-numbers current\">1<\/span>\n<a class=\"page-numbers\" href=\"https:\/\/zaverecne-prace.ucimesaweby.sk\/pallo\/blog\/2\/\">2<\/a>\n<\/div>\n<!-- end Post Pagination -->\t\t<\/div>\n\t\t\t\t<\/div>\n\t\t\t\t\t<\/div>\n\t\t\t\t<\/div>\n\t\t\t\t<\/div>\n\t\t","protected":false},"excerpt":{"rendered":"<p>WordPress &#8211; u\u017eito\u010dn\u00e9 pluginy 24. apr\u00edla 2024 Lorem ipsum dolor sit amet, consectetur adipiscing elit. Ut elit tellus, luctus nec [&hellip;]<\/p>\n","protected":false},"author":1,"featured_media":0,"parent":0,"menu_order":0,"comment_status":"closed","ping_status":"closed","template":"","meta":{"site-sidebar-layout":"no-sidebar","site-content-layout":"page-builder","ast-site-content-layout":"full-width-container","site-content-style":"default","site-sidebar-style":"default","ast-global-header-display":"","ast-banner-title-visibility":"","ast-main-header-display":"","ast-hfb-above-header-display":"","ast-hfb-below-header-display":"","ast-hfb-mobile-header-display":"","site-post-title":"disabled","ast-breadcrumbs-content":"","ast-featured-img":"disabled","footer-sml-layout":"","theme-transparent-header-meta":"","adv-header-id-meta":"","stick-header-meta":"","header-above-stick-meta":"","header-main-stick-meta":"","header-below-stick-meta":"","astra-migrate-meta-layouts":"set","ast-page-background-enabled":"default","ast-page-background-meta":{"desktop":{"background-color":"var(--ast-global-color-4)","background-image":"","background-repeat":"repeat","background-position":"center center","background-size":"auto","background-attachment":"scroll","background-type":"","background-media":"","overlay-type":"","overlay-color":"","overlay-gradient":""},"tablet":{"background-color":"","background-image":"","background-repeat":"repeat","background-position":"center center","background-size":"auto","background-attachment":"scroll","background-type":"","background-media":"","overlay-type":"","overlay-color":"","overlay-gradient":""},"mobile":{"background-color":"","background-image":"","background-repeat":"repeat","background-position":"center center","background-size":"auto","background-attachment":"scroll","background-type":"","background-media":"","overlay-type":"","overlay-color":"","overlay-gradient":""}},"ast-content-background-meta":{"desktop":{"background-color":"var(--ast-global-color-5)","background-image":"","background-repeat":"repeat","background-position":"center center","background-size":"auto","background-attachment":"scroll","background-type":"","background-media":"","overlay-type":"","overlay-color":"","overlay-gradient":""},"tablet":{"background-color":"var(--ast-global-color-5)","background-image":"","background-repeat":"repeat","background-position":"center center","background-size":"auto","background-attachment":"scroll","background-type":"","background-media":"","overlay-type":"","overlay-color":"","overlay-gradient":""},"mobile":{"background-color":"var(--ast-global-color-5)","background-image":"","background-repeat":"repeat","background-position":"center center","background-size":"auto","background-attachment":"scroll","background-type":"","background-media":"","overlay-type":"","overlay-color":"","overlay-gradient":""}},"footnotes":""},"class_list":["post-1986","page","type-page","status-publish","hentry"],"yoast_head":"<!-- This site is optimized with the Yoast SEO plugin v22.6 - https:\/\/yoast.com\/wordpress\/plugins\/seo\/ -->\n<title>Blog | pallo dp<\/title>\n<meta name=\"description\" content=\"pallo dp |\" \/>\n<meta name=\"robots\" content=\"noindex, follow, max-snippet:-1, max-image-preview:large, max-video-preview:-1\" \/>\n<meta property=\"og:locale\" content=\"sk_SK\" \/>\n<meta property=\"og:type\" content=\"article\" \/>\n<meta property=\"og:title\" content=\"Blog | pallo dp\" \/>\n<meta property=\"og:description\" content=\"pallo dp |\" \/>\n<meta property=\"og:url\" content=\"https:\/\/zaverecne-prace.ucimesaweby.sk\/pallo\/blog\/\" \/>\n<meta property=\"og:site_name\" content=\"pallo dp\" \/>\n<meta property=\"article:modified_time\" content=\"2024-04-24T21:01:10+00:00\" \/>\n<meta property=\"og:image\" content=\"https:\/\/zaverecne-prace.ucimesaweby.sk\/pallo\/wp-content\/uploads\/2024\/04\/obrazky_web-06-768x480.jpg\" \/>\n<meta name=\"twitter:card\" content=\"summary_large_image\" \/>\n<script type=\"application\/ld+json\" class=\"yoast-schema-graph\">{\"@context\":\"https:\/\/schema.org\",\"@graph\":[{\"@type\":\"WebPage\",\"@id\":\"https:\/\/zaverecne-prace.ucimesaweby.sk\/pallo\/blog\/\",\"url\":\"https:\/\/zaverecne-prace.ucimesaweby.sk\/pallo\/blog\/\",\"name\":\"Blog | pallo dp\",\"isPartOf\":{\"@id\":\"https:\/\/zaverecne-prace.ucimesaweby.sk\/pallo\/#website\"},\"primaryImageOfPage\":{\"@id\":\"https:\/\/zaverecne-prace.ucimesaweby.sk\/pallo\/blog\/#primaryimage\"},\"image\":{\"@id\":\"https:\/\/zaverecne-prace.ucimesaweby.sk\/pallo\/blog\/#primaryimage\"},\"thumbnailUrl\":\"https:\/\/zaverecne-prace.ucimesaweby.sk\/pallo\/wp-content\/uploads\/2024\/04\/obrazky_web-06-768x480.jpg\",\"datePublished\":\"2024-04-10T13:52:44+00:00\",\"dateModified\":\"2024-04-24T21:01:10+00:00\",\"description\":\"pallo dp |\",\"breadcrumb\":{\"@id\":\"https:\/\/zaverecne-prace.ucimesaweby.sk\/pallo\/blog\/#breadcrumb\"},\"inLanguage\":\"sk-SK\",\"potentialAction\":[{\"@type\":\"ReadAction\",\"target\":[\"https:\/\/zaverecne-prace.ucimesaweby.sk\/pallo\/blog\/\"]}]},{\"@type\":\"ImageObject\",\"inLanguage\":\"sk-SK\",\"@id\":\"https:\/\/zaverecne-prace.ucimesaweby.sk\/pallo\/blog\/#primaryimage\",\"url\":\"https:\/\/zaverecne-prace.ucimesaweby.sk\/pallo\/wp-content\/uploads\/2024\/04\/obrazky_web-06.jpg\",\"contentUrl\":\"https:\/\/zaverecne-prace.ucimesaweby.sk\/pallo\/wp-content\/uploads\/2024\/04\/obrazky_web-06.jpg\",\"width\":1667,\"height\":1042},{\"@type\":\"BreadcrumbList\",\"@id\":\"https:\/\/zaverecne-prace.ucimesaweby.sk\/pallo\/blog\/#breadcrumb\",\"itemListElement\":[{\"@type\":\"ListItem\",\"position\":1,\"name\":\"Domovsk\u00e1 str\u00e1nka\",\"item\":\"https:\/\/zaverecne-prace.ucimesaweby.sk\/pallo\/\"},{\"@type\":\"ListItem\",\"position\":2,\"name\":\"Blog\"}]},{\"@type\":\"WebSite\",\"@id\":\"https:\/\/zaverecne-prace.ucimesaweby.sk\/pallo\/#website\",\"url\":\"https:\/\/zaverecne-prace.ucimesaweby.sk\/pallo\/\",\"name\":\"zaverecne-prace.ucimesaweby.sk\/pallo\",\"description\":\"u\u010d\u00edme tvorbu webu\",\"publisher\":{\"@id\":\"https:\/\/zaverecne-prace.ucimesaweby.sk\/pallo\/#organization\"},\"alternateName\":\"Tvorba Webu\",\"potentialAction\":[{\"@type\":\"SearchAction\",\"target\":{\"@type\":\"EntryPoint\",\"urlTemplate\":\"https:\/\/zaverecne-prace.ucimesaweby.sk\/pallo\/?s={search_term_string}\"},\"query-input\":\"required name=search_term_string\"}],\"inLanguage\":\"sk-SK\"},{\"@type\":\"Organization\",\"@id\":\"https:\/\/zaverecne-prace.ucimesaweby.sk\/pallo\/#organization\",\"name\":\"Tvorba webu\",\"url\":\"https:\/\/zaverecne-prace.ucimesaweby.sk\/pallo\/\",\"logo\":{\"@type\":\"ImageObject\",\"inLanguage\":\"sk-SK\",\"@id\":\"https:\/\/zaverecne-prace.ucimesaweby.sk\/pallo\/#\/schema\/logo\/image\/\",\"url\":\"https:\/\/zaverecne-prace.ucimesaweby.sk\/pallo\/wp-content\/uploads\/2024\/03\/logo-02-02-02-02-e1710861719628.png\",\"contentUrl\":\"https:\/\/zaverecne-prace.ucimesaweby.sk\/pallo\/wp-content\/uploads\/2024\/03\/logo-02-02-02-02-e1710861719628.png\",\"width\":4525,\"height\":965,\"caption\":\"Tvorba webu\"},\"image\":{\"@id\":\"https:\/\/zaverecne-prace.ucimesaweby.sk\/pallo\/#\/schema\/logo\/image\/\"}}]}<\/script>\n<!-- \/ Yoast SEO plugin. -->","yoast_head_json":{"title":"Blog | pallo dp","description":"pallo dp |","robots":{"index":"noindex","follow":"follow","max-snippet":"max-snippet:-1","max-image-preview":"max-image-preview:large","max-video-preview":"max-video-preview:-1"},"og_locale":"sk_SK","og_type":"article","og_title":"Blog | pallo dp","og_description":"pallo dp |","og_url":"https:\/\/zaverecne-prace.ucimesaweby.sk\/pallo\/blog\/","og_site_name":"pallo dp","article_modified_time":"2024-04-24T21:01:10+00:00","og_image":[{"url":"https:\/\/zaverecne-prace.ucimesaweby.sk\/pallo\/wp-content\/uploads\/2024\/04\/obrazky_web-06-768x480.jpg"}],"twitter_card":"summary_large_image","schema":{"@context":"https:\/\/schema.org","@graph":[{"@type":"WebPage","@id":"https:\/\/zaverecne-prace.ucimesaweby.sk\/pallo\/blog\/","url":"https:\/\/zaverecne-prace.ucimesaweby.sk\/pallo\/blog\/","name":"Blog | pallo dp","isPartOf":{"@id":"https:\/\/zaverecne-prace.ucimesaweby.sk\/pallo\/#website"},"primaryImageOfPage":{"@id":"https:\/\/zaverecne-prace.ucimesaweby.sk\/pallo\/blog\/#primaryimage"},"image":{"@id":"https:\/\/zaverecne-prace.ucimesaweby.sk\/pallo\/blog\/#primaryimage"},"thumbnailUrl":"https:\/\/zaverecne-prace.ucimesaweby.sk\/pallo\/wp-content\/uploads\/2024\/04\/obrazky_web-06-768x480.jpg","datePublished":"2024-04-10T13:52:44+00:00","dateModified":"2024-04-24T21:01:10+00:00","description":"pallo dp |","breadcrumb":{"@id":"https:\/\/zaverecne-prace.ucimesaweby.sk\/pallo\/blog\/#breadcrumb"},"inLanguage":"sk-SK","potentialAction":[{"@type":"ReadAction","target":["https:\/\/zaverecne-prace.ucimesaweby.sk\/pallo\/blog\/"]}]},{"@type":"ImageObject","inLanguage":"sk-SK","@id":"https:\/\/zaverecne-prace.ucimesaweby.sk\/pallo\/blog\/#primaryimage","url":"https:\/\/zaverecne-prace.ucimesaweby.sk\/pallo\/wp-content\/uploads\/2024\/04\/obrazky_web-06.jpg","contentUrl":"https:\/\/zaverecne-prace.ucimesaweby.sk\/pallo\/wp-content\/uploads\/2024\/04\/obrazky_web-06.jpg","width":1667,"height":1042},{"@type":"BreadcrumbList","@id":"https:\/\/zaverecne-prace.ucimesaweby.sk\/pallo\/blog\/#breadcrumb","itemListElement":[{"@type":"ListItem","position":1,"name":"Domovsk\u00e1 str\u00e1nka","item":"https:\/\/zaverecne-prace.ucimesaweby.sk\/pallo\/"},{"@type":"ListItem","position":2,"name":"Blog"}]},{"@type":"WebSite","@id":"https:\/\/zaverecne-prace.ucimesaweby.sk\/pallo\/#website","url":"https:\/\/zaverecne-prace.ucimesaweby.sk\/pallo\/","name":"zaverecne-prace.ucimesaweby.sk\/pallo","description":"u\u010d\u00edme tvorbu webu","publisher":{"@id":"https:\/\/zaverecne-prace.ucimesaweby.sk\/pallo\/#organization"},"alternateName":"Tvorba Webu","potentialAction":[{"@type":"SearchAction","target":{"@type":"EntryPoint","urlTemplate":"https:\/\/zaverecne-prace.ucimesaweby.sk\/pallo\/?s={search_term_string}"},"query-input":"required name=search_term_string"}],"inLanguage":"sk-SK"},{"@type":"Organization","@id":"https:\/\/zaverecne-prace.ucimesaweby.sk\/pallo\/#organization","name":"Tvorba webu","url":"https:\/\/zaverecne-prace.ucimesaweby.sk\/pallo\/","logo":{"@type":"ImageObject","inLanguage":"sk-SK","@id":"https:\/\/zaverecne-prace.ucimesaweby.sk\/pallo\/#\/schema\/logo\/image\/","url":"https:\/\/zaverecne-prace.ucimesaweby.sk\/pallo\/wp-content\/uploads\/2024\/03\/logo-02-02-02-02-e1710861719628.png","contentUrl":"https:\/\/zaverecne-prace.ucimesaweby.sk\/pallo\/wp-content\/uploads\/2024\/03\/logo-02-02-02-02-e1710861719628.png","width":4525,"height":965,"caption":"Tvorba webu"},"image":{"@id":"https:\/\/zaverecne-prace.ucimesaweby.sk\/pallo\/#\/schema\/logo\/image\/"}}]}},"_links":{"self":[{"href":"https:\/\/zaverecne-prace.ucimesaweby.sk\/pallo\/wp-json\/wp\/v2\/pages\/1986","targetHints":{"allow":["GET"]}}],"collection":[{"href":"https:\/\/zaverecne-prace.ucimesaweby.sk\/pallo\/wp-json\/wp\/v2\/pages"}],"about":[{"href":"https:\/\/zaverecne-prace.ucimesaweby.sk\/pallo\/wp-json\/wp\/v2\/types\/page"}],"author":[{"embeddable":true,"href":"https:\/\/zaverecne-prace.ucimesaweby.sk\/pallo\/wp-json\/wp\/v2\/users\/1"}],"replies":[{"embeddable":true,"href":"https:\/\/zaverecne-prace.ucimesaweby.sk\/pallo\/wp-json\/wp\/v2\/comments?post=1986"}],"version-history":[{"count":16,"href":"https:\/\/zaverecne-prace.ucimesaweby.sk\/pallo\/wp-json\/wp\/v2\/pages\/1986\/revisions"}],"predecessor-version":[{"id":2213,"href":"https:\/\/zaverecne-prace.ucimesaweby.sk\/pallo\/wp-json\/wp\/v2\/pages\/1986\/revisions\/2213"}],"wp:attachment":[{"href":"https:\/\/zaverecne-prace.ucimesaweby.sk\/pallo\/wp-json\/wp\/v2\/media?parent=1986"}],"curies":[{"name":"wp","href":"https:\/\/api.w.org\/{rel}","templated":true}]}}