{"id":16,"date":"2021-11-21T15:14:44","date_gmt":"2021-11-21T15:14:44","guid":{"rendered":"https:\/\/zaverecne-prace.ucimesaweby.sk\/pallo\/contact\/"},"modified":"2024-04-29T11:09:08","modified_gmt":"2024-04-29T09:09:08","slug":"contact","status":"publish","type":"page","link":"https:\/\/zaverecne-prace.ucimesaweby.sk\/pallo\/contact\/","title":{"rendered":"Contact"},"content":{"rendered":"\t\t<div data-elementor-type=\"wp-page\" data-elementor-id=\"16\" class=\"elementor elementor-16\">\n\t\t\t\t<div class=\"elementor-element elementor-element-f86c29d e-flex e-con-boxed e-con e-parent\" data-id=\"f86c29d\" data-element_type=\"container\" data-settings=\"{&quot;background_background&quot;:&quot;classic&quot;}\">\n\t\t\t\t\t<div class=\"e-con-inner\">\n\t\t<div class=\"elementor-element elementor-element-c104332 e-con-full e-flex e-con e-child\" data-id=\"c104332\" data-element_type=\"container\">\n\t\t\t\t<div class=\"elementor-element elementor-element-25e01e3 elementor-widget elementor-widget-heading\" data-id=\"25e01e3\" data-element_type=\"widget\" data-widget_type=\"heading.default\">\n\t\t\t\t<div class=\"elementor-widget-container\">\n\t\t\t<style>\/*! elementor - v3.21.0 - 30-04-2024 *\/\n.elementor-heading-title{padding:0;margin:0;line-height:1}.elementor-widget-heading .elementor-heading-title[class*=elementor-size-]>a{color:inherit;font-size:inherit;line-height:inherit}.elementor-widget-heading .elementor-heading-title.elementor-size-small{font-size:15px}.elementor-widget-heading .elementor-heading-title.elementor-size-medium{font-size:19px}.elementor-widget-heading .elementor-heading-title.elementor-size-large{font-size:29px}.elementor-widget-heading .elementor-heading-title.elementor-size-xl{font-size:39px}.elementor-widget-heading .elementor-heading-title.elementor-size-xxl{font-size:59px}<\/style><h1 class=\"elementor-heading-title elementor-size-default\">Pom\u00f4\u017ete\nn\u00e1m<\/h1>\t\t<\/div>\n\t\t\t\t<\/div>\n\t\t\t\t<\/div>\n\t\t\t\t\t<\/div>\n\t\t\t\t<\/div>\n\t\t<div class=\"elementor-element elementor-element-11f1bf9 e-flex e-con-boxed e-con e-parent\" data-id=\"11f1bf9\" data-element_type=\"container\">\n\t\t\t\t\t<div class=\"e-con-inner\">\n\t\t\t\t<div class=\"elementor-element elementor-element-d13e3b6 elementor-widget elementor-widget-text-editor\" data-id=\"d13e3b6\" data-element_type=\"widget\" data-widget_type=\"text-editor.default\">\n\t\t\t\t<div class=\"elementor-widget-container\">\n\t\t\t<style>\/*! elementor - v3.21.0 - 30-04-2024 *\/\n.elementor-widget-text-editor.elementor-drop-cap-view-stacked .elementor-drop-cap{background-color:#69727d;color:#fff}.elementor-widget-text-editor.elementor-drop-cap-view-framed .elementor-drop-cap{color:#69727d;border:3px solid;background-color:transparent}.elementor-widget-text-editor:not(.elementor-drop-cap-view-default) .elementor-drop-cap{margin-top:8px}.elementor-widget-text-editor:not(.elementor-drop-cap-view-default) .elementor-drop-cap-letter{width:1em;height:1em}.elementor-widget-text-editor .elementor-drop-cap{float:left;text-align:center;line-height:1;font-size:50px}.elementor-widget-text-editor .elementor-drop-cap-letter{display:inline-block}<\/style>\t\t\t\t<p>Vitajte na predmete Tvorba webu !<\/p><p>Pros\u00edm, vypl\u0148te nasleduj\u00faci dotazn\u00edk, aby sme mohli sledova\u0165 v\u00e1\u0161 pokrok a \u00faspechy v r\u00e1mci kurzu. Va\u0161e odpovede n\u00e1m pom\u00f4\u017eu prisp\u00f4sobi\u0165 obsah a met\u00f3dy v\u00fdu\u010dby va\u0161im potreb\u00e1m.<\/p><p>\u00a0<\/p><p>\u010eakujeme!<\/p>\t\t\t\t\t\t<\/div>\n\t\t\t\t<\/div>\n\t\t\t\t\t<\/div>\n\t\t\t\t<\/div>\n\t\t<div class=\"elementor-element elementor-element-2c3c530 e-flex e-con-boxed e-con e-parent\" data-id=\"2c3c530\" data-element_type=\"container\">\n\t\t\t\t\t<div class=\"e-con-inner\">\n\t\t\t\t<div class=\"elementor-element elementor-element-4c8dedd elementor-widget__width-inherit elementor-widget elementor-widget-wpforms\" data-id=\"4c8dedd\" data-element_type=\"widget\" data-widget_type=\"wpforms.default\">\n\t\t\t\t<div class=\"elementor-widget-container\">\n\t\t\t<div class=\"wpforms-container \" id=\"wpforms-2032\"><form id=\"wpforms-form-2032\" class=\"wpforms-validate wpforms-form wpforms-ajax-form\" data-formid=\"2032\" method=\"post\" enctype=\"multipart\/form-data\" action=\"\/pallo\/wp-json\/wp\/v2\/pages\/16\" data-token=\"b8b2cbe3ca549351fe7747cc5c3301d9\" data-token-time=\"1777149018\"><noscript class=\"wpforms-error-noscript\">Please enable JavaScript in your browser to complete this form.<\/noscript><div class=\"wpforms-field-container\"><div id=\"wpforms-2032-field_3-container\" class=\"wpforms-field wpforms-field-radio\" data-field-id=\"3\"><label class=\"wpforms-field-label wpforms-label-hide\" for=\"wpforms-2032-field_3\">\u010cas\u0165 semestra <span class=\"wpforms-required-label\">*<\/span><\/label><ul id=\"wpforms-2032-field_3\" class=\"wpforms-randomize wpforms-field-required\"><li class=\"choice-1 depth-1\"><input type=\"radio\" id=\"wpforms-2032-field_3_1\" name=\"wpforms[fields][3]\" value=\"Za\u010diatok semestra\" required ><label class=\"wpforms-field-label-inline\" for=\"wpforms-2032-field_3_1\">Za\u010diatok semestra<\/label><\/li><li class=\"choice-2 depth-1\"><input type=\"radio\" id=\"wpforms-2032-field_3_2\" name=\"wpforms[fields][3]\" value=\"Koniec semestra\" required ><label class=\"wpforms-field-label-inline\" for=\"wpforms-2032-field_3_2\">Koniec semestra<\/label><\/li><\/ul><\/div><div id=\"wpforms-2032-field_8-container\" class=\"wpforms-field wpforms-field-radio\" data-field-id=\"8\"><label class=\"wpforms-field-label\" for=\"wpforms-2032-field_8\">M\u00e1te sk\u00fasenos\u0165 s tvorbou webov\u00fdch str\u00e1nok ?  <span class=\"wpforms-required-label\">*<\/span><\/label><ul id=\"wpforms-2032-field_8\" class=\"wpforms-field-required\"><li class=\"choice-1 depth-1\"><input type=\"radio\" id=\"wpforms-2032-field_8_1\" name=\"wpforms[fields][8]\" value=\"\u00c1no\" required ><label class=\"wpforms-field-label-inline\" for=\"wpforms-2032-field_8_1\">\u00c1no<\/label><\/li><li class=\"choice-2 depth-1\"><input type=\"radio\" id=\"wpforms-2032-field_8_2\" name=\"wpforms[fields][8]\" value=\"Nie\" required ><label class=\"wpforms-field-label-inline\" for=\"wpforms-2032-field_8_2\">Nie<\/label><\/li><\/ul><\/div><div id=\"wpforms-2032-field_4-container\" class=\"wpforms-field wpforms-field-textarea\" data-field-id=\"4\"><label class=\"wpforms-field-label\" for=\"wpforms-2032-field_4\">Vedel by si Vysvetli\u0165 skratku WWW ?  <span class=\"wpforms-required-label\">*<\/span><\/label><textarea id=\"wpforms-2032-field_4\" class=\"wpforms-field-small wpforms-field-required\" name=\"wpforms[fields][4]\" placeholder=\"www je ...\" required><\/textarea><\/div><div id=\"wpforms-2032-field_5-container\" class=\"wpforms-field wpforms-field-textarea\" data-field-id=\"5\"><label class=\"wpforms-field-label\" for=\"wpforms-2032-field_5\">Na\u010do sa pou\u017e\u00edva zna\u010dkovac\u00ed jazyk HTML ? <span class=\"wpforms-required-label\">*<\/span><\/label><textarea id=\"wpforms-2032-field_5\" class=\"wpforms-field-medium wpforms-field-required\" name=\"wpforms[fields][5]\" placeholder=\"HTML sa pou\u017e\u00edva ...\" required><\/textarea><\/div><div id=\"wpforms-2032-field_6-container\" class=\"wpforms-field wpforms-field-textarea\" data-field-id=\"6\"><label class=\"wpforms-field-label\" for=\"wpforms-2032-field_6\">Ak\u00e9 s\u00fa to statick\u00e9 str\u00e1nky? <span class=\"wpforms-required-label\">*<\/span><\/label><textarea id=\"wpforms-2032-field_6\" class=\"wpforms-field-medium wpforms-field-required\" name=\"wpforms[fields][6]\" placeholder=\"Statick\u00e9 str\u00e1nky s\u00fa...\" required><\/textarea><\/div><div id=\"wpforms-2032-field_9-container\" class=\"wpforms-field wpforms-field-textarea\" data-field-id=\"9\"><label class=\"wpforms-field-label\" for=\"wpforms-2032-field_9\">\u010co je to PHP ? <span class=\"wpforms-required-label\">*<\/span><\/label><textarea id=\"wpforms-2032-field_9\" class=\"wpforms-field-medium wpforms-field-required\" name=\"wpforms[fields][9]\" placeholder=\"PHP je \" required><\/textarea><\/div><div id=\"wpforms-2032-field_13-container\" class=\"wpforms-field wpforms-field-textarea\" data-field-id=\"13\"><label class=\"wpforms-field-label\" for=\"wpforms-2032-field_13\">Ak\u00fa m\u00e1 WordPress \u00falohu v r\u00e1mci tvorby webu?  <span class=\"wpforms-required-label\">*<\/span><\/label><textarea id=\"wpforms-2032-field_13\" class=\"wpforms-field-medium wpforms-field-required\" name=\"wpforms[fields][13]\" placeholder=\"Wordpress je ...\" required><\/textarea><\/div><div id=\"wpforms-2032-field_14-container\" class=\"wpforms-field wpforms-field-textarea\" data-field-id=\"14\"><label class=\"wpforms-field-label\" for=\"wpforms-2032-field_14\">Na\u010do sl\u00fa\u017ei SEO optimaliz\u00e1cia? <span class=\"wpforms-required-label\">*<\/span><\/label><textarea id=\"wpforms-2032-field_14\" class=\"wpforms-field-medium wpforms-field-required\" name=\"wpforms[fields][14]\" placeholder=\"SEO sl\u00fa\u017ei na ...\" required><\/textarea><\/div><div id=\"wpforms-2032-field_17-container\" class=\"wpforms-field wpforms-field-textarea\" data-field-id=\"17\"><label class=\"wpforms-field-label\" for=\"wpforms-2032-field_17\">\u010co je to respons\u00edvny dizajn a pre\u010do je d\u00f4le\u017eit\u00fd pri tvorbe webov\u00fdch str\u00e1nok? <span class=\"wpforms-required-label\">*<\/span><\/label><textarea id=\"wpforms-2032-field_17\" class=\"wpforms-field-medium wpforms-field-required\" name=\"wpforms[fields][17]\" placeholder=\"Respons\u00edvny dizajn ...\" required><\/textarea><\/div><\/div><!-- .wpforms-field-container --><div class=\"wpforms-recaptcha-container wpforms-is-recaptcha wpforms-is-recaptcha-type-v2\" ><div class=\"g-recaptcha\" data-sitekey=\"6LcphMUpAAAAAMDIP0fFH6OFF4Qibh3pomPG59Lp\"><\/div><input type=\"text\" name=\"g-recaptcha-hidden\" class=\"wpforms-recaptcha-hidden\" style=\"position:absolute!important;clip:rect(0,0,0,0)!important;height:1px!important;width:1px!important;border:0!important;overflow:hidden!important;padding:0!important;margin:0!important;\" data-rule-recaptcha=\"1\"><\/div><div class=\"wpforms-submit-container\" ><input type=\"hidden\" name=\"wpforms[id]\" value=\"2032\"><input type=\"hidden\" name=\"page_title\" value=\"\"><input type=\"hidden\" name=\"page_url\" value=\"https:\/\/zaverecne-prace.ucimesaweby.sk\/pallo\/wp-json\/wp\/v2\/pages\/16\"><button type=\"submit\" name=\"wpforms[submit]\" id=\"wpforms-submit-2032\" class=\"wpforms-submit\" data-alt-text=\"Posiela...\" data-submit-text=\"Odosla\u0165\" aria-live=\"assertive\" value=\"wpforms-submit\">Odosla\u0165<\/button><img decoding=\"async\" src=\"https:\/\/zaverecne-prace.ucimesaweby.sk\/pallo\/wp-content\/plugins\/wpforms-lite\/assets\/images\/submit-spin.svg\" class=\"wpforms-submit-spinner\" style=\"display: none;\" width=\"26\" height=\"26\" alt=\"Loading\"><\/div><\/form><\/div>  <!-- .wpforms-container -->\t\t<\/div>\n\t\t\t\t<\/div>\n\t\t\t\t\t<\/div>\n\t\t\t\t<\/div>\n\t\t\t\t<\/div>\n\t\t","protected":false},"excerpt":{"rendered":"<p>Pom\u00f4\u017ete n\u00e1m Vitajte na predmete Tvorba webu ! Pros\u00edm, vypl\u0148te nasleduj\u00faci dotazn\u00edk, aby sme mohli sledova\u0165 v\u00e1\u0161 pokrok a \u00faspechy [&hellip;]<\/p>\n","protected":false},"author":1,"featured_media":0,"parent":0,"menu_order":0,"comment_status":"closed","ping_status":"closed","template":"","meta":{"site-sidebar-layout":"no-sidebar","site-content-layout":"page-builder","ast-site-content-layout":"","site-content-style":"default","site-sidebar-style":"default","ast-global-header-display":"","ast-banner-title-visibility":"","ast-main-header-display":"","ast-hfb-above-header-display":"","ast-hfb-below-header-display":"","ast-hfb-mobile-header-display":"","site-post-title":"disabled","ast-breadcrumbs-content":"","ast-featured-img":"disabled","footer-sml-layout":"","theme-transparent-header-meta":"enabled","adv-header-id-meta":"","stick-header-meta":"","header-above-stick-meta":"","header-main-stick-meta":"","header-below-stick-meta":"","astra-migrate-meta-layouts":"default","ast-page-background-enabled":"default","ast-page-background-meta":{"desktop":{"background-color":"var(--ast-global-color-4)","background-image":"","background-repeat":"repeat","background-position":"center center","background-size":"auto","background-attachment":"scroll","background-type":"","background-media":"","overlay-type":"","overlay-color":"","overlay-gradient":""},"tablet":{"background-color":"","background-image":"","background-repeat":"repeat","background-position":"center center","background-size":"auto","background-attachment":"scroll","background-type":"","background-media":"","overlay-type":"","overlay-color":"","overlay-gradient":""},"mobile":{"background-color":"","background-image":"","background-repeat":"repeat","background-position":"center center","background-size":"auto","background-attachment":"scroll","background-type":"","background-media":"","overlay-type":"","overlay-color":"","overlay-gradient":""}},"ast-content-background-meta":{"desktop":{"background-color":"var(--ast-global-color-5)","background-image":"","background-repeat":"repeat","background-position":"center center","background-size":"auto","background-attachment":"scroll","background-type":"","background-media":"","overlay-type":"","overlay-color":"","overlay-gradient":""},"tablet":{"background-color":"var(--ast-global-color-5)","background-image":"","background-repeat":"repeat","background-position":"center center","background-size":"auto","background-attachment":"scroll","background-type":"","background-media":"","overlay-type":"","overlay-color":"","overlay-gradient":""},"mobile":{"background-color":"var(--ast-global-color-5)","background-image":"","background-repeat":"repeat","background-position":"center center","background-size":"auto","background-attachment":"scroll","background-type":"","background-media":"","overlay-type":"","overlay-color":"","overlay-gradient":""}},"footnotes":""},"class_list":["post-16","page","type-page","status-publish","hentry"],"yoast_head":"<!-- This site is optimized with the Yoast SEO plugin v22.6 - https:\/\/yoast.com\/wordpress\/plugins\/seo\/ -->\n<title>Contact | pallo dp<\/title>\n<meta name=\"description\" content=\"pallo dp |\" \/>\n<meta name=\"robots\" content=\"noindex, follow, max-snippet:-1, max-image-preview:large, max-video-preview:-1\" \/>\n<meta property=\"og:locale\" content=\"sk_SK\" \/>\n<meta property=\"og:type\" content=\"article\" \/>\n<meta property=\"og:title\" content=\"Contact | pallo dp\" \/>\n<meta property=\"og:description\" content=\"pallo dp |\" \/>\n<meta property=\"og:url\" content=\"https:\/\/zaverecne-prace.ucimesaweby.sk\/pallo\/contact\/\" \/>\n<meta property=\"og:site_name\" content=\"pallo dp\" \/>\n<meta property=\"article:modified_time\" content=\"2024-04-29T09:09:08+00:00\" \/>\n<meta property=\"og:image\" content=\"https:\/\/zaverecne-prace.ucimesaweby.sk\/pallo\/wp-content\/plugins\/wpforms-lite\/assets\/images\/submit-spin.svg\" \/>\n<meta name=\"twitter:card\" content=\"summary_large_image\" \/>\n<script type=\"application\/ld+json\" class=\"yoast-schema-graph\">{\"@context\":\"https:\/\/schema.org\",\"@graph\":[{\"@type\":\"WebPage\",\"@id\":\"https:\/\/zaverecne-prace.ucimesaweby.sk\/pallo\/contact\/\",\"url\":\"https:\/\/zaverecne-prace.ucimesaweby.sk\/pallo\/contact\/\",\"name\":\"Contact | pallo dp\",\"isPartOf\":{\"@id\":\"https:\/\/zaverecne-prace.ucimesaweby.sk\/pallo\/#website\"},\"primaryImageOfPage\":{\"@id\":\"https:\/\/zaverecne-prace.ucimesaweby.sk\/pallo\/contact\/#primaryimage\"},\"image\":{\"@id\":\"https:\/\/zaverecne-prace.ucimesaweby.sk\/pallo\/contact\/#primaryimage\"},\"thumbnailUrl\":\"https:\/\/zaverecne-prace.ucimesaweby.sk\/pallo\/wp-content\/plugins\/wpforms-lite\/assets\/images\/submit-spin.svg\",\"datePublished\":\"2021-11-21T15:14:44+00:00\",\"dateModified\":\"2024-04-29T09:09:08+00:00\",\"description\":\"pallo dp |\",\"breadcrumb\":{\"@id\":\"https:\/\/zaverecne-prace.ucimesaweby.sk\/pallo\/contact\/#breadcrumb\"},\"inLanguage\":\"sk-SK\",\"potentialAction\":[{\"@type\":\"ReadAction\",\"target\":[\"https:\/\/zaverecne-prace.ucimesaweby.sk\/pallo\/contact\/\"]}]},{\"@type\":\"ImageObject\",\"inLanguage\":\"sk-SK\",\"@id\":\"https:\/\/zaverecne-prace.ucimesaweby.sk\/pallo\/contact\/#primaryimage\",\"url\":\"https:\/\/zaverecne-prace.ucimesaweby.sk\/pallo\/wp-content\/plugins\/wpforms-lite\/assets\/images\/submit-spin.svg\",\"contentUrl\":\"https:\/\/zaverecne-prace.ucimesaweby.sk\/pallo\/wp-content\/plugins\/wpforms-lite\/assets\/images\/submit-spin.svg\"},{\"@type\":\"BreadcrumbList\",\"@id\":\"https:\/\/zaverecne-prace.ucimesaweby.sk\/pallo\/contact\/#breadcrumb\",\"itemListElement\":[{\"@type\":\"ListItem\",\"position\":1,\"name\":\"Domovsk\u00e1 str\u00e1nka\",\"item\":\"https:\/\/zaverecne-prace.ucimesaweby.sk\/pallo\/\"},{\"@type\":\"ListItem\",\"position\":2,\"name\":\"Contact\"}]},{\"@type\":\"WebSite\",\"@id\":\"https:\/\/zaverecne-prace.ucimesaweby.sk\/pallo\/#website\",\"url\":\"https:\/\/zaverecne-prace.ucimesaweby.sk\/pallo\/\",\"name\":\"zaverecne-prace.ucimesaweby.sk\/pallo\",\"description\":\"u\u010d\u00edme tvorbu webu\",\"publisher\":{\"@id\":\"https:\/\/zaverecne-prace.ucimesaweby.sk\/pallo\/#organization\"},\"alternateName\":\"Tvorba Webu\",\"potentialAction\":[{\"@type\":\"SearchAction\",\"target\":{\"@type\":\"EntryPoint\",\"urlTemplate\":\"https:\/\/zaverecne-prace.ucimesaweby.sk\/pallo\/?s={search_term_string}\"},\"query-input\":\"required name=search_term_string\"}],\"inLanguage\":\"sk-SK\"},{\"@type\":\"Organization\",\"@id\":\"https:\/\/zaverecne-prace.ucimesaweby.sk\/pallo\/#organization\",\"name\":\"Tvorba webu\",\"url\":\"https:\/\/zaverecne-prace.ucimesaweby.sk\/pallo\/\",\"logo\":{\"@type\":\"ImageObject\",\"inLanguage\":\"sk-SK\",\"@id\":\"https:\/\/zaverecne-prace.ucimesaweby.sk\/pallo\/#\/schema\/logo\/image\/\",\"url\":\"https:\/\/zaverecne-prace.ucimesaweby.sk\/pallo\/wp-content\/uploads\/2024\/03\/logo-02-02-02-02-e1710861719628.png\",\"contentUrl\":\"https:\/\/zaverecne-prace.ucimesaweby.sk\/pallo\/wp-content\/uploads\/2024\/03\/logo-02-02-02-02-e1710861719628.png\",\"width\":4525,\"height\":965,\"caption\":\"Tvorba webu\"},\"image\":{\"@id\":\"https:\/\/zaverecne-prace.ucimesaweby.sk\/pallo\/#\/schema\/logo\/image\/\"}}]}<\/script>\n<!-- \/ Yoast SEO plugin. -->","yoast_head_json":{"title":"Contact | pallo dp","description":"pallo dp |","robots":{"index":"noindex","follow":"follow","max-snippet":"max-snippet:-1","max-image-preview":"max-image-preview:large","max-video-preview":"max-video-preview:-1"},"og_locale":"sk_SK","og_type":"article","og_title":"Contact | pallo dp","og_description":"pallo dp |","og_url":"https:\/\/zaverecne-prace.ucimesaweby.sk\/pallo\/contact\/","og_site_name":"pallo dp","article_modified_time":"2024-04-29T09:09:08+00:00","og_image":[{"url":"https:\/\/zaverecne-prace.ucimesaweby.sk\/pallo\/wp-content\/plugins\/wpforms-lite\/assets\/images\/submit-spin.svg"}],"twitter_card":"summary_large_image","schema":{"@context":"https:\/\/schema.org","@graph":[{"@type":"WebPage","@id":"https:\/\/zaverecne-prace.ucimesaweby.sk\/pallo\/contact\/","url":"https:\/\/zaverecne-prace.ucimesaweby.sk\/pallo\/contact\/","name":"Contact | pallo dp","isPartOf":{"@id":"https:\/\/zaverecne-prace.ucimesaweby.sk\/pallo\/#website"},"primaryImageOfPage":{"@id":"https:\/\/zaverecne-prace.ucimesaweby.sk\/pallo\/contact\/#primaryimage"},"image":{"@id":"https:\/\/zaverecne-prace.ucimesaweby.sk\/pallo\/contact\/#primaryimage"},"thumbnailUrl":"https:\/\/zaverecne-prace.ucimesaweby.sk\/pallo\/wp-content\/plugins\/wpforms-lite\/assets\/images\/submit-spin.svg","datePublished":"2021-11-21T15:14:44+00:00","dateModified":"2024-04-29T09:09:08+00:00","description":"pallo dp |","breadcrumb":{"@id":"https:\/\/zaverecne-prace.ucimesaweby.sk\/pallo\/contact\/#breadcrumb"},"inLanguage":"sk-SK","potentialAction":[{"@type":"ReadAction","target":["https:\/\/zaverecne-prace.ucimesaweby.sk\/pallo\/contact\/"]}]},{"@type":"ImageObject","inLanguage":"sk-SK","@id":"https:\/\/zaverecne-prace.ucimesaweby.sk\/pallo\/contact\/#primaryimage","url":"https:\/\/zaverecne-prace.ucimesaweby.sk\/pallo\/wp-content\/plugins\/wpforms-lite\/assets\/images\/submit-spin.svg","contentUrl":"https:\/\/zaverecne-prace.ucimesaweby.sk\/pallo\/wp-content\/plugins\/wpforms-lite\/assets\/images\/submit-spin.svg"},{"@type":"BreadcrumbList","@id":"https:\/\/zaverecne-prace.ucimesaweby.sk\/pallo\/contact\/#breadcrumb","itemListElement":[{"@type":"ListItem","position":1,"name":"Domovsk\u00e1 str\u00e1nka","item":"https:\/\/zaverecne-prace.ucimesaweby.sk\/pallo\/"},{"@type":"ListItem","position":2,"name":"Contact"}]},{"@type":"WebSite","@id":"https:\/\/zaverecne-prace.ucimesaweby.sk\/pallo\/#website","url":"https:\/\/zaverecne-prace.ucimesaweby.sk\/pallo\/","name":"zaverecne-prace.ucimesaweby.sk\/pallo","description":"u\u010d\u00edme tvorbu webu","publisher":{"@id":"https:\/\/zaverecne-prace.ucimesaweby.sk\/pallo\/#organization"},"alternateName":"Tvorba Webu","potentialAction":[{"@type":"SearchAction","target":{"@type":"EntryPoint","urlTemplate":"https:\/\/zaverecne-prace.ucimesaweby.sk\/pallo\/?s={search_term_string}"},"query-input":"required name=search_term_string"}],"inLanguage":"sk-SK"},{"@type":"Organization","@id":"https:\/\/zaverecne-prace.ucimesaweby.sk\/pallo\/#organization","name":"Tvorba webu","url":"https:\/\/zaverecne-prace.ucimesaweby.sk\/pallo\/","logo":{"@type":"ImageObject","inLanguage":"sk-SK","@id":"https:\/\/zaverecne-prace.ucimesaweby.sk\/pallo\/#\/schema\/logo\/image\/","url":"https:\/\/zaverecne-prace.ucimesaweby.sk\/pallo\/wp-content\/uploads\/2024\/03\/logo-02-02-02-02-e1710861719628.png","contentUrl":"https:\/\/zaverecne-prace.ucimesaweby.sk\/pallo\/wp-content\/uploads\/2024\/03\/logo-02-02-02-02-e1710861719628.png","width":4525,"height":965,"caption":"Tvorba webu"},"image":{"@id":"https:\/\/zaverecne-prace.ucimesaweby.sk\/pallo\/#\/schema\/logo\/image\/"}}]}},"_links":{"self":[{"href":"https:\/\/zaverecne-prace.ucimesaweby.sk\/pallo\/wp-json\/wp\/v2\/pages\/16","targetHints":{"allow":["GET"]}}],"collection":[{"href":"https:\/\/zaverecne-prace.ucimesaweby.sk\/pallo\/wp-json\/wp\/v2\/pages"}],"about":[{"href":"https:\/\/zaverecne-prace.ucimesaweby.sk\/pallo\/wp-json\/wp\/v2\/types\/page"}],"author":[{"embeddable":true,"href":"https:\/\/zaverecne-prace.ucimesaweby.sk\/pallo\/wp-json\/wp\/v2\/users\/1"}],"replies":[{"embeddable":true,"href":"https:\/\/zaverecne-prace.ucimesaweby.sk\/pallo\/wp-json\/wp\/v2\/comments?post=16"}],"version-history":[{"count":54,"href":"https:\/\/zaverecne-prace.ucimesaweby.sk\/pallo\/wp-json\/wp\/v2\/pages\/16\/revisions"}],"predecessor-version":[{"id":2262,"href":"https:\/\/zaverecne-prace.ucimesaweby.sk\/pallo\/wp-json\/wp\/v2\/pages\/16\/revisions\/2262"}],"wp:attachment":[{"href":"https:\/\/zaverecne-prace.ucimesaweby.sk\/pallo\/wp-json\/wp\/v2\/media?parent=16"}],"curies":[{"name":"wp","href":"https:\/\/api.w.org\/{rel}","templated":true}]}}