{"id":14,"date":"2021-11-21T15:14:19","date_gmt":"2021-11-21T15:14:19","guid":{"rendered":"https:\/\/zaverecne-prace.ucimesaweby.sk\/pallo\/about\/"},"modified":"2024-04-24T22:31:32","modified_gmt":"2024-04-24T20:31:32","slug":"about","status":"publish","type":"page","link":"https:\/\/zaverecne-prace.ucimesaweby.sk\/pallo\/about\/","title":{"rendered":"About"},"content":{"rendered":"\t\t<div data-elementor-type=\"wp-page\" data-elementor-id=\"14\" class=\"elementor elementor-14\">\n\t\t\t\t<div class=\"elementor-element elementor-element-4094ee7 e-flex e-con-boxed e-con e-parent\" data-id=\"4094ee7\" data-element_type=\"container\" data-settings=\"{&quot;background_background&quot;:&quot;classic&quot;}\">\n\t\t\t\t\t<div class=\"e-con-inner\">\n\t\t<div class=\"elementor-element elementor-element-8695738 e-con-full e-flex e-con e-child\" data-id=\"8695738\" data-element_type=\"container\">\n\t\t\t\t<div class=\"elementor-element elementor-element-2646c9c elementor-widget elementor-widget-heading\" data-id=\"2646c9c\" data-element_type=\"widget\" data-widget_type=\"heading.default\">\n\t\t\t\t<div class=\"elementor-widget-container\">\n\t\t\t<style>\/*! elementor - v3.21.0 - 30-04-2024 *\/\n.elementor-heading-title{padding:0;margin:0;line-height:1}.elementor-widget-heading .elementor-heading-title[class*=elementor-size-]>a{color:inherit;font-size:inherit;line-height:inherit}.elementor-widget-heading .elementor-heading-title.elementor-size-small{font-size:15px}.elementor-widget-heading .elementor-heading-title.elementor-size-medium{font-size:19px}.elementor-widget-heading .elementor-heading-title.elementor-size-large{font-size:29px}.elementor-widget-heading .elementor-heading-title.elementor-size-xl{font-size:39px}.elementor-widget-heading .elementor-heading-title.elementor-size-xxl{font-size:59px}<\/style><h1 class=\"elementor-heading-title elementor-size-default\">Tvorba webu <\/h1>\t\t<\/div>\n\t\t\t\t<\/div>\n\t\t\t\t<div class=\"elementor-element elementor-element-411e917 elementor-widget elementor-widget-heading\" data-id=\"411e917\" data-element_type=\"widget\" data-widget_type=\"heading.default\">\n\t\t\t\t<div class=\"elementor-widget-container\">\n\t\t\t<h2 class=\"elementor-heading-title elementor-size-default\">(TW) \u2013 7B0D536<\/h2>\t\t<\/div>\n\t\t\t\t<\/div>\n\t\t\t\t<\/div>\n\t\t\t\t\t<\/div>\n\t\t\t\t<\/div>\n\t\t<div class=\"elementor-element elementor-element-e90f62c e-flex e-con-boxed e-con e-parent\" data-id=\"e90f62c\" data-element_type=\"container\">\n\t\t\t\t\t<div class=\"e-con-inner\">\n\t\t<div class=\"elementor-element elementor-element-0c682a2 e-con-full e-flex e-con e-child\" data-id=\"0c682a2\" data-element_type=\"container\">\n\t\t\t\t<div class=\"elementor-element elementor-element-4ad9542 elementor-align-center elementor-widget elementor-widget-button\" data-id=\"4ad9542\" data-element_type=\"widget\" data-widget_type=\"button.default\">\n\t\t\t\t<div class=\"elementor-widget-container\">\n\t\t\t\t\t<div class=\"elementor-button-wrapper\">\n\t\t\t<a class=\"elementor-button elementor-button-link elementor-size-sm\" href=\"https:\/\/zaverecne-prace.ucimesaweby.sk\/pallo\/blog\/\">\n\t\t\t\t\t\t<span class=\"elementor-button-content-wrapper\">\n\t\t\t\t\t\t\t\t\t<span class=\"elementor-button-text\">Obsah kurzu tu!<\/span>\n\t\t\t\t\t<\/span>\n\t\t\t\t\t<\/a>\n\t\t<\/div>\n\t\t\t\t<\/div>\n\t\t\t\t<\/div>\n\t\t\t\t<div class=\"elementor-element elementor-element-6982663 elementor-widget elementor-widget-spacer\" data-id=\"6982663\" data-element_type=\"widget\" data-widget_type=\"spacer.default\">\n\t\t\t\t<div class=\"elementor-widget-container\">\n\t\t\t<style>\/*! elementor - v3.21.0 - 30-04-2024 *\/\n.elementor-column .elementor-spacer-inner{height:var(--spacer-size)}.e-con{--container-widget-width:100%}.e-con-inner>.elementor-widget-spacer,.e-con>.elementor-widget-spacer{width:var(--container-widget-width,var(--spacer-size));--align-self:var(--container-widget-align-self,initial);--flex-shrink:0}.e-con-inner>.elementor-widget-spacer>.elementor-widget-container,.e-con>.elementor-widget-spacer>.elementor-widget-container{height:100%;width:100%}.e-con-inner>.elementor-widget-spacer>.elementor-widget-container>.elementor-spacer,.e-con>.elementor-widget-spacer>.elementor-widget-container>.elementor-spacer{height:100%}.e-con-inner>.elementor-widget-spacer>.elementor-widget-container>.elementor-spacer>.elementor-spacer-inner,.e-con>.elementor-widget-spacer>.elementor-widget-container>.elementor-spacer>.elementor-spacer-inner{height:var(--container-widget-height,var(--spacer-size))}.e-con-inner>.elementor-widget-spacer.elementor-widget-empty,.e-con>.elementor-widget-spacer.elementor-widget-empty{position:relative;min-height:22px;min-width:22px}.e-con-inner>.elementor-widget-spacer.elementor-widget-empty .elementor-widget-empty-icon,.e-con>.elementor-widget-spacer.elementor-widget-empty .elementor-widget-empty-icon{position:absolute;top:0;bottom:0;left:0;right:0;margin:auto;padding:0;width:22px;height:22px}<\/style>\t\t<div class=\"elementor-spacer\">\n\t\t\t<div class=\"elementor-spacer-inner\"><\/div>\n\t\t<\/div>\n\t\t\t\t<\/div>\n\t\t\t\t<\/div>\n\t\t\t\t<div class=\"elementor-element elementor-element-cc91ee5 elementor-widget elementor-widget-image\" data-id=\"cc91ee5\" data-element_type=\"widget\" data-widget_type=\"image.default\">\n\t\t\t\t<div class=\"elementor-widget-container\">\n\t\t\t<style>\/*! elementor - v3.21.0 - 30-04-2024 *\/\n.elementor-widget-image{text-align:center}.elementor-widget-image a{display:inline-block}.elementor-widget-image a img[src$=\".svg\"]{width:48px}.elementor-widget-image img{vertical-align:middle;display:inline-block}<\/style>\t\t\t\t\t\t\t\t\t\t<img fetchpriority=\"high\" decoding=\"async\" width=\"1920\" height=\"783\" src=\"https:\/\/zaverecne-prace.ucimesaweby.sk\/pallo\/wp-content\/uploads\/2024\/04\/mediamatici.png\" class=\"attachment-full size-full wp-image-1911\" alt=\"\" srcset=\"https:\/\/zaverecne-prace.ucimesaweby.sk\/pallo\/wp-content\/uploads\/2024\/04\/mediamatici.png 1920w, https:\/\/zaverecne-prace.ucimesaweby.sk\/pallo\/wp-content\/uploads\/2024\/04\/mediamatici-300x122.png 300w, https:\/\/zaverecne-prace.ucimesaweby.sk\/pallo\/wp-content\/uploads\/2024\/04\/mediamatici-1024x418.png 1024w, https:\/\/zaverecne-prace.ucimesaweby.sk\/pallo\/wp-content\/uploads\/2024\/04\/mediamatici-768x313.png 768w, https:\/\/zaverecne-prace.ucimesaweby.sk\/pallo\/wp-content\/uploads\/2024\/04\/mediamatici-1536x626.png 1536w, https:\/\/zaverecne-prace.ucimesaweby.sk\/pallo\/wp-content\/uploads\/2024\/04\/mediamatici-2048x835.png 2048w\" sizes=\"(max-width: 1920px) 100vw, 1920px\" \/>\t\t\t\t\t\t\t\t\t\t\t\t\t<\/div>\n\t\t\t\t<\/div>\n\t\t\t\t<\/div>\n\t\t<div class=\"elementor-element elementor-element-b29abee e-con-full e-flex e-con e-child\" data-id=\"b29abee\" data-element_type=\"container\">\n\t\t\t\t<div class=\"elementor-element elementor-element-f095111 elementor-widget elementor-widget-heading\" data-id=\"f095111\" data-element_type=\"widget\" data-widget_type=\"heading.default\">\n\t\t\t\t<div class=\"elementor-widget-container\">\n\t\t\t<h2 class=\"elementor-heading-title elementor-size-default\">Na\u0161e poslanie<\/h2>\t\t<\/div>\n\t\t\t\t<\/div>\n\t\t\t\t<div class=\"elementor-element elementor-element-5990b83 elementor-widget elementor-widget-text-editor\" data-id=\"5990b83\" data-element_type=\"widget\" data-widget_type=\"text-editor.default\">\n\t\t\t\t<div class=\"elementor-widget-container\">\n\t\t\t<style>\/*! elementor - v3.21.0 - 30-04-2024 *\/\n.elementor-widget-text-editor.elementor-drop-cap-view-stacked .elementor-drop-cap{background-color:#69727d;color:#fff}.elementor-widget-text-editor.elementor-drop-cap-view-framed .elementor-drop-cap{color:#69727d;border:3px solid;background-color:transparent}.elementor-widget-text-editor:not(.elementor-drop-cap-view-default) .elementor-drop-cap{margin-top:8px}.elementor-widget-text-editor:not(.elementor-drop-cap-view-default) .elementor-drop-cap-letter{width:1em;height:1em}.elementor-widget-text-editor .elementor-drop-cap{float:left;text-align:center;line-height:1;font-size:50px}.elementor-widget-text-editor .elementor-drop-cap-letter{display:inline-block}<\/style>\t\t\t\t<p>Vitajte na predmete Tvorba webu. Sme presved\u010den\u00ed, \u017ee sa tu nau\u010d\u00edte nov\u00e9 veci a budete tvori\u0165 profesion\u00e1lne webov\u00e9 str\u00e1nky vyu\u017e\u00edvaj\u00fac modern\u00e9 technol\u00f3gie.<\/p><p>Na tomto kurze sa zameriavame na z\u00edskanie zru\u010dnost\u00ed v tvorbe webov\u00fdch str\u00e1nok pomocou modern\u00fdch technol\u00f3gi\u00ed a n\u00e1strojov, najm\u00e4 vyu\u017eit\u00edm redak\u010dn\u00e9ho syst\u00e9mu WordPress.<\/p><p>Budeme sa sna\u017ei\u0165 poskytn\u00fa\u0165 v\u00e1m z\u00e1kladn\u00e9 znalosti a postupy, ktor\u00e9 v\u00e1m umo\u017enia efekt\u00edvne vytv\u00e1ra\u0165 a spravova\u0165 webov\u00e9 str\u00e1nky na platforme WordPress.<\/p>\t\t\t\t\t\t<\/div>\n\t\t\t\t<\/div>\n\t\t\t\t<\/div>\n\t\t\t\t\t<\/div>\n\t\t\t\t<\/div>\n\t\t<div class=\"elementor-element elementor-element-318dec14 e-flex e-con-boxed e-con e-parent\" data-id=\"318dec14\" data-element_type=\"container\" data-settings=\"{&quot;background_background&quot;:&quot;classic&quot;}\">\n\t\t\t\t\t<div class=\"e-con-inner\">\n\t\t<div class=\"elementor-element elementor-element-5da2c336 e-con-full e-flex e-con e-child\" data-id=\"5da2c336\" data-element_type=\"container\">\n\t\t\t\t<div class=\"elementor-element elementor-element-6336f889 elementor-widget elementor-widget-heading\" data-id=\"6336f889\" data-element_type=\"widget\" data-widget_type=\"heading.default\">\n\t\t\t\t<div class=\"elementor-widget-container\">\n\t\t\t<h2 class=\"elementor-heading-title elementor-size-default\">Kontaktujte n\u00e1s<\/h2>\t\t<\/div>\n\t\t\t\t<\/div>\n\t\t\t\t<div class=\"elementor-element elementor-element-6be118ec elementor-widget elementor-widget-text-editor\" data-id=\"6be118ec\" data-element_type=\"widget\" data-widget_type=\"text-editor.default\">\n\t\t\t\t<div class=\"elementor-widget-container\">\n\t\t\t\t\t\t\t<p>M\u00e1te nejak\u00e9 ot\u00e1zky ohladom na\u0161\u00edch videi\u00ed alebo \u010dl\u00e1nkov ? <\/p><p>Nev\u00e1hajte a kontaktujte n\u00e1s.<\/p>\t\t\t\t\t\t<\/div>\n\t\t\t\t<\/div>\n\t\t\t\t<div class=\"elementor-element elementor-element-53256a1a elementor-align-center elementor-widget elementor-widget-button\" data-id=\"53256a1a\" data-element_type=\"widget\" data-widget_type=\"button.default\">\n\t\t\t\t<div class=\"elementor-widget-container\">\n\t\t\t\t\t<div class=\"elementor-button-wrapper\">\n\t\t\t<a class=\"elementor-button elementor-button-link elementor-size-sm\" href=\"https:\/\/zaverecne-prace.ucimesaweby.sk\/pallo\/contact\/\">\n\t\t\t\t\t\t<span class=\"elementor-button-content-wrapper\">\n\t\t\t\t\t\t\t\t\t<span class=\"elementor-button-text\">Kontaktujte n\u00e1s<\/span>\n\t\t\t\t\t<\/span>\n\t\t\t\t\t<\/a>\n\t\t<\/div>\n\t\t\t\t<\/div>\n\t\t\t\t<\/div>\n\t\t\t\t<\/div>\n\t\t\t\t\t<\/div>\n\t\t\t\t<\/div>\n\t\t\t\t<\/div>\n\t\t","protected":false},"excerpt":{"rendered":"<p>Tvorba webu (TW) \u2013 7B0D536 Obsah kurzu tu! Na\u0161e poslanie Vitajte na predmete Tvorba webu. Sme presved\u010den\u00ed, \u017ee sa tu [&hellip;]<\/p>\n","protected":false},"author":1,"featured_media":0,"parent":0,"menu_order":0,"comment_status":"closed","ping_status":"closed","template":"","meta":{"site-sidebar-layout":"no-sidebar","site-content-layout":"page-builder","ast-site-content-layout":"","site-content-style":"default","site-sidebar-style":"default","ast-global-header-display":"","ast-banner-title-visibility":"","ast-main-header-display":"","ast-hfb-above-header-display":"","ast-hfb-below-header-display":"","ast-hfb-mobile-header-display":"","site-post-title":"disabled","ast-breadcrumbs-content":"","ast-featured-img":"disabled","footer-sml-layout":"","theme-transparent-header-meta":"enabled","adv-header-id-meta":"","stick-header-meta":"","header-above-stick-meta":"","header-main-stick-meta":"","header-below-stick-meta":"","astra-migrate-meta-layouts":"default","ast-page-background-enabled":"default","ast-page-background-meta":{"desktop":{"background-color":"var(--ast-global-color-4)","background-image":"","background-repeat":"repeat","background-position":"center center","background-size":"auto","background-attachment":"scroll","background-type":"","background-media":"","overlay-type":"","overlay-color":"","overlay-gradient":""},"tablet":{"background-color":"","background-image":"","background-repeat":"repeat","background-position":"center center","background-size":"auto","background-attachment":"scroll","background-type":"","background-media":"","overlay-type":"","overlay-color":"","overlay-gradient":""},"mobile":{"background-color":"","background-image":"","background-repeat":"repeat","background-position":"center center","background-size":"auto","background-attachment":"scroll","background-type":"","background-media":"","overlay-type":"","overlay-color":"","overlay-gradient":""}},"ast-content-background-meta":{"desktop":{"background-color":"var(--ast-global-color-5)","background-image":"","background-repeat":"repeat","background-position":"center center","background-size":"auto","background-attachment":"scroll","background-type":"","background-media":"","overlay-type":"","overlay-color":"","overlay-gradient":""},"tablet":{"background-color":"var(--ast-global-color-5)","background-image":"","background-repeat":"repeat","background-position":"center center","background-size":"auto","background-attachment":"scroll","background-type":"","background-media":"","overlay-type":"","overlay-color":"","overlay-gradient":""},"mobile":{"background-color":"var(--ast-global-color-5)","background-image":"","background-repeat":"repeat","background-position":"center center","background-size":"auto","background-attachment":"scroll","background-type":"","background-media":"","overlay-type":"","overlay-color":"","overlay-gradient":""}},"footnotes":""},"class_list":["post-14","page","type-page","status-publish","hentry"],"yoast_head":"<!-- This site is optimized with the Yoast SEO plugin v22.6 - https:\/\/yoast.com\/wordpress\/plugins\/seo\/ -->\n<title>About | pallo dp<\/title>\n<meta name=\"description\" content=\"pallo dp |\" \/>\n<meta name=\"robots\" content=\"noindex, follow, max-snippet:-1, max-image-preview:large, max-video-preview:-1\" \/>\n<meta property=\"og:locale\" content=\"sk_SK\" \/>\n<meta property=\"og:type\" content=\"article\" \/>\n<meta property=\"og:title\" content=\"About | pallo dp\" \/>\n<meta property=\"og:description\" content=\"pallo dp |\" \/>\n<meta property=\"og:url\" content=\"https:\/\/zaverecne-prace.ucimesaweby.sk\/pallo\/about\/\" \/>\n<meta property=\"og:site_name\" content=\"pallo dp\" \/>\n<meta property=\"article:modified_time\" content=\"2024-04-24T20:31:32+00:00\" \/>\n<meta property=\"og:image\" content=\"https:\/\/zaverecne-prace.ucimesaweby.sk\/pallo\/wp-content\/uploads\/2024\/04\/mediamatici.png\" \/>\n<meta name=\"twitter:card\" content=\"summary_large_image\" \/>\n<script type=\"application\/ld+json\" class=\"yoast-schema-graph\">{\"@context\":\"https:\/\/schema.org\",\"@graph\":[{\"@type\":\"WebPage\",\"@id\":\"https:\/\/zaverecne-prace.ucimesaweby.sk\/pallo\/about\/\",\"url\":\"https:\/\/zaverecne-prace.ucimesaweby.sk\/pallo\/about\/\",\"name\":\"About | pallo dp\",\"isPartOf\":{\"@id\":\"https:\/\/zaverecne-prace.ucimesaweby.sk\/pallo\/#website\"},\"primaryImageOfPage\":{\"@id\":\"https:\/\/zaverecne-prace.ucimesaweby.sk\/pallo\/about\/#primaryimage\"},\"image\":{\"@id\":\"https:\/\/zaverecne-prace.ucimesaweby.sk\/pallo\/about\/#primaryimage\"},\"thumbnailUrl\":\"https:\/\/zaverecne-prace.ucimesaweby.sk\/pallo\/wp-content\/uploads\/2024\/04\/mediamatici.png\",\"datePublished\":\"2021-11-21T15:14:19+00:00\",\"dateModified\":\"2024-04-24T20:31:32+00:00\",\"description\":\"pallo dp |\",\"breadcrumb\":{\"@id\":\"https:\/\/zaverecne-prace.ucimesaweby.sk\/pallo\/about\/#breadcrumb\"},\"inLanguage\":\"sk-SK\",\"potentialAction\":[{\"@type\":\"ReadAction\",\"target\":[\"https:\/\/zaverecne-prace.ucimesaweby.sk\/pallo\/about\/\"]}]},{\"@type\":\"ImageObject\",\"inLanguage\":\"sk-SK\",\"@id\":\"https:\/\/zaverecne-prace.ucimesaweby.sk\/pallo\/about\/#primaryimage\",\"url\":\"https:\/\/zaverecne-prace.ucimesaweby.sk\/pallo\/wp-content\/uploads\/2024\/04\/mediamatici.png\",\"contentUrl\":\"https:\/\/zaverecne-prace.ucimesaweby.sk\/pallo\/wp-content\/uploads\/2024\/04\/mediamatici.png\",\"width\":1920,\"height\":783},{\"@type\":\"BreadcrumbList\",\"@id\":\"https:\/\/zaverecne-prace.ucimesaweby.sk\/pallo\/about\/#breadcrumb\",\"itemListElement\":[{\"@type\":\"ListItem\",\"position\":1,\"name\":\"Domovsk\u00e1 str\u00e1nka\",\"item\":\"https:\/\/zaverecne-prace.ucimesaweby.sk\/pallo\/\"},{\"@type\":\"ListItem\",\"position\":2,\"name\":\"About\"}]},{\"@type\":\"WebSite\",\"@id\":\"https:\/\/zaverecne-prace.ucimesaweby.sk\/pallo\/#website\",\"url\":\"https:\/\/zaverecne-prace.ucimesaweby.sk\/pallo\/\",\"name\":\"zaverecne-prace.ucimesaweby.sk\/pallo\",\"description\":\"u\u010d\u00edme tvorbu webu\",\"publisher\":{\"@id\":\"https:\/\/zaverecne-prace.ucimesaweby.sk\/pallo\/#organization\"},\"alternateName\":\"Tvorba Webu\",\"potentialAction\":[{\"@type\":\"SearchAction\",\"target\":{\"@type\":\"EntryPoint\",\"urlTemplate\":\"https:\/\/zaverecne-prace.ucimesaweby.sk\/pallo\/?s={search_term_string}\"},\"query-input\":\"required name=search_term_string\"}],\"inLanguage\":\"sk-SK\"},{\"@type\":\"Organization\",\"@id\":\"https:\/\/zaverecne-prace.ucimesaweby.sk\/pallo\/#organization\",\"name\":\"Tvorba webu\",\"url\":\"https:\/\/zaverecne-prace.ucimesaweby.sk\/pallo\/\",\"logo\":{\"@type\":\"ImageObject\",\"inLanguage\":\"sk-SK\",\"@id\":\"https:\/\/zaverecne-prace.ucimesaweby.sk\/pallo\/#\/schema\/logo\/image\/\",\"url\":\"https:\/\/zaverecne-prace.ucimesaweby.sk\/pallo\/wp-content\/uploads\/2024\/03\/logo-02-02-02-02-e1710861719628.png\",\"contentUrl\":\"https:\/\/zaverecne-prace.ucimesaweby.sk\/pallo\/wp-content\/uploads\/2024\/03\/logo-02-02-02-02-e1710861719628.png\",\"width\":4525,\"height\":965,\"caption\":\"Tvorba webu\"},\"image\":{\"@id\":\"https:\/\/zaverecne-prace.ucimesaweby.sk\/pallo\/#\/schema\/logo\/image\/\"}}]}<\/script>\n<!-- \/ Yoast SEO plugin. -->","yoast_head_json":{"title":"About | pallo dp","description":"pallo dp |","robots":{"index":"noindex","follow":"follow","max-snippet":"max-snippet:-1","max-image-preview":"max-image-preview:large","max-video-preview":"max-video-preview:-1"},"og_locale":"sk_SK","og_type":"article","og_title":"About | pallo dp","og_description":"pallo dp |","og_url":"https:\/\/zaverecne-prace.ucimesaweby.sk\/pallo\/about\/","og_site_name":"pallo dp","article_modified_time":"2024-04-24T20:31:32+00:00","og_image":[{"url":"https:\/\/zaverecne-prace.ucimesaweby.sk\/pallo\/wp-content\/uploads\/2024\/04\/mediamatici.png"}],"twitter_card":"summary_large_image","schema":{"@context":"https:\/\/schema.org","@graph":[{"@type":"WebPage","@id":"https:\/\/zaverecne-prace.ucimesaweby.sk\/pallo\/about\/","url":"https:\/\/zaverecne-prace.ucimesaweby.sk\/pallo\/about\/","name":"About | pallo dp","isPartOf":{"@id":"https:\/\/zaverecne-prace.ucimesaweby.sk\/pallo\/#website"},"primaryImageOfPage":{"@id":"https:\/\/zaverecne-prace.ucimesaweby.sk\/pallo\/about\/#primaryimage"},"image":{"@id":"https:\/\/zaverecne-prace.ucimesaweby.sk\/pallo\/about\/#primaryimage"},"thumbnailUrl":"https:\/\/zaverecne-prace.ucimesaweby.sk\/pallo\/wp-content\/uploads\/2024\/04\/mediamatici.png","datePublished":"2021-11-21T15:14:19+00:00","dateModified":"2024-04-24T20:31:32+00:00","description":"pallo dp |","breadcrumb":{"@id":"https:\/\/zaverecne-prace.ucimesaweby.sk\/pallo\/about\/#breadcrumb"},"inLanguage":"sk-SK","potentialAction":[{"@type":"ReadAction","target":["https:\/\/zaverecne-prace.ucimesaweby.sk\/pallo\/about\/"]}]},{"@type":"ImageObject","inLanguage":"sk-SK","@id":"https:\/\/zaverecne-prace.ucimesaweby.sk\/pallo\/about\/#primaryimage","url":"https:\/\/zaverecne-prace.ucimesaweby.sk\/pallo\/wp-content\/uploads\/2024\/04\/mediamatici.png","contentUrl":"https:\/\/zaverecne-prace.ucimesaweby.sk\/pallo\/wp-content\/uploads\/2024\/04\/mediamatici.png","width":1920,"height":783},{"@type":"BreadcrumbList","@id":"https:\/\/zaverecne-prace.ucimesaweby.sk\/pallo\/about\/#breadcrumb","itemListElement":[{"@type":"ListItem","position":1,"name":"Domovsk\u00e1 str\u00e1nka","item":"https:\/\/zaverecne-prace.ucimesaweby.sk\/pallo\/"},{"@type":"ListItem","position":2,"name":"About"}]},{"@type":"WebSite","@id":"https:\/\/zaverecne-prace.ucimesaweby.sk\/pallo\/#website","url":"https:\/\/zaverecne-prace.ucimesaweby.sk\/pallo\/","name":"zaverecne-prace.ucimesaweby.sk\/pallo","description":"u\u010d\u00edme tvorbu webu","publisher":{"@id":"https:\/\/zaverecne-prace.ucimesaweby.sk\/pallo\/#organization"},"alternateName":"Tvorba Webu","potentialAction":[{"@type":"SearchAction","target":{"@type":"EntryPoint","urlTemplate":"https:\/\/zaverecne-prace.ucimesaweby.sk\/pallo\/?s={search_term_string}"},"query-input":"required name=search_term_string"}],"inLanguage":"sk-SK"},{"@type":"Organization","@id":"https:\/\/zaverecne-prace.ucimesaweby.sk\/pallo\/#organization","name":"Tvorba webu","url":"https:\/\/zaverecne-prace.ucimesaweby.sk\/pallo\/","logo":{"@type":"ImageObject","inLanguage":"sk-SK","@id":"https:\/\/zaverecne-prace.ucimesaweby.sk\/pallo\/#\/schema\/logo\/image\/","url":"https:\/\/zaverecne-prace.ucimesaweby.sk\/pallo\/wp-content\/uploads\/2024\/03\/logo-02-02-02-02-e1710861719628.png","contentUrl":"https:\/\/zaverecne-prace.ucimesaweby.sk\/pallo\/wp-content\/uploads\/2024\/03\/logo-02-02-02-02-e1710861719628.png","width":4525,"height":965,"caption":"Tvorba webu"},"image":{"@id":"https:\/\/zaverecne-prace.ucimesaweby.sk\/pallo\/#\/schema\/logo\/image\/"}}]}},"_links":{"self":[{"href":"https:\/\/zaverecne-prace.ucimesaweby.sk\/pallo\/wp-json\/wp\/v2\/pages\/14","targetHints":{"allow":["GET"]}}],"collection":[{"href":"https:\/\/zaverecne-prace.ucimesaweby.sk\/pallo\/wp-json\/wp\/v2\/pages"}],"about":[{"href":"https:\/\/zaverecne-prace.ucimesaweby.sk\/pallo\/wp-json\/wp\/v2\/types\/page"}],"author":[{"embeddable":true,"href":"https:\/\/zaverecne-prace.ucimesaweby.sk\/pallo\/wp-json\/wp\/v2\/users\/1"}],"replies":[{"embeddable":true,"href":"https:\/\/zaverecne-prace.ucimesaweby.sk\/pallo\/wp-json\/wp\/v2\/comments?post=14"}],"version-history":[{"count":60,"href":"https:\/\/zaverecne-prace.ucimesaweby.sk\/pallo\/wp-json\/wp\/v2\/pages\/14\/revisions"}],"predecessor-version":[{"id":2187,"href":"https:\/\/zaverecne-prace.ucimesaweby.sk\/pallo\/wp-json\/wp\/v2\/pages\/14\/revisions\/2187"}],"wp:attachment":[{"href":"https:\/\/zaverecne-prace.ucimesaweby.sk\/pallo\/wp-json\/wp\/v2\/media?parent=14"}],"curies":[{"name":"wp","href":"https:\/\/api.w.org\/{rel}","templated":true}]}}