{"id":679,"date":"2023-02-09T22:25:59","date_gmt":"2023-02-09T21:25:59","guid":{"rendered":"https:\/\/zaverecne-prace.ucimesaweby.sk\/palfy\/?page_id=679"},"modified":"2023-02-09T22:25:59","modified_gmt":"2023-02-09T21:25:59","slug":"projekty-vega-a-kega","status":"publish","type":"page","link":"https:\/\/zaverecne-prace.ucimesaweby.sk\/palfy\/projekty-vega-a-kega\/","title":{"rendered":"Projekty VEGA a KEGA"},"content":{"rendered":"<section class=\"l-section wpb_row height_auto width_full\"><div class=\"l-section-h i-cf\"><div class=\"g-cols vc_row via_grid cols_1 laptops-cols_inherit tablets-cols_inherit mobiles-cols_1 valign_top type_default stacking_default\"><div class=\"wpb_column vc_column_container\"><div class=\"vc_column-inner\"><section class=\"l-section wpb_row us_custom_d9f2040e height_medium width_full\"><div class=\"l-section-overlay\" style=\"background:rgba(0,0,0,0.25)\"><\/div><div class=\"l-section-h i-cf\"><div class=\"g-cols vc_row via_grid cols_1 laptops-cols_inherit tablets-cols_inherit mobiles-cols_1 valign_top type_default stacking_default\"><div class=\"wpb_column vc_column_container\"><div class=\"vc_column-inner\"><div class=\"w-separator size_small\"><\/div><h1 class=\"w-post-elm post_title us_custom_6df4bc3a has_text_color align_center entry-title color_link_inherit\">Projekty VEGA a KEGA<\/h1><div class=\"w-separator size_small\"><\/div><\/div><\/div><\/div><\/div><\/section>\n<\/div><\/div><\/div><\/div><\/section><section class=\"l-section wpb_row height_medium\"><div class=\"l-section-h i-cf\"><div class=\"g-cols vc_row via_grid cols_1 laptops-cols_inherit tablets-cols_inherit mobiles-cols_1 valign_top type_default stacking_default\"><div class=\"wpb_column vc_column_container\"><div class=\"vc_column-inner\"><div class=\"g-cols wpb_row via_grid cols_2-1 laptops-cols_inherit tablets-cols_inherit mobiles-cols_1 valign_top type_default stacking_default\"><div class=\"wpb_column vc_column_container\"><div class=\"vc_column-inner\"><div class=\"wpb_text_column\"><div class=\"wpb_wrapper\"><p><strong>VEGA 1\/0736\/17 &#8211;\u00a0Kult\u00farne teologick\u00e9 dedi\u010dstvo v evanjelick\u00fdch duchovn\u00fdch pies\u0148ach 17. \u2013 20. storo\u010dia. (2017 \u2013 2019).<\/strong>\u00a0<em>Zodpovedn\u00fd rie\u0161ite\u013e: Mgr. Eva August\u00ednov\u00e1, PhD.<\/em><\/p>\n<p><strong>Projekt prezentuje kvalitat\u00edvne odli\u0161n\u00fa perspekt\u00edvu na kult\u00farne a teologick\u00e9 dedi\u010dstvo evanjelick\u00fdch piesn\u00ed.<\/strong>\u00a0Zahrnie ho vo v\u0161etk\u00fdch detailoch, napr. autorsk\u00fdch, prekladate\u013esk\u00fdch, incipitov\u00fdch i vo v\u0161etk\u00fdch jej presahoch, v jej retrospekt\u00edve \u2013 v\u00e4zb\u00e1ch na predch\u00e1dzaj\u00faci v\u00fdvoj duchovn\u00e9ho spevu, ako aj na jej okolie, a to od vydania do vydania \u010di medzi vydaniami, a taktie\u017e bude sk\u00fama\u0165 jej vplyv a v\u00fdznam pre kult\u00farne a n\u00e1rodn\u00e9 povedomie, trad\u00edciu duchovnej piesne, teologick\u00fd v\u00fdznam a jeho odraz v prostred\u00ed s\u00fa\u010dasnej evanjelickej cirkvi, uchovanie kult\u00farneho dedi\u010dstva a jej odraz v slovenskej literat\u00fare.\u00a0<strong>Jedn\u00fdm z aspektov nov\u00fdch poh\u013eadov na t\u00e9mu, bude aj poh\u013ead na typol\u00f3giu vonkaj\u0161ej str\u00e1nky spevn\u00edkov, kni\u017en\u00fa v\u00e4zbu.<\/strong>\u00a0S\u00fa\u010das\u0165ou nov\u00e9ho poh\u013eadu na uveden\u00fa problematiku bude aj v\u00fdskum v oblasti dobovej propag\u00e1cie liter\u00e1rnych diel \u0161pecificky orientovan\u00fd na formy marketingovej komunik\u00e1cie ako s\u00fa\u010das\u0165 vyd\u00e1vania a distrib\u00facie evanjelick\u00fdch duchovn\u00fdch piesn\u00ed.<\/p>\n<p>Potreba pozna\u0165 relevantn\u00e9 odpovede na niektor\u00e9 nezodpovedan\u00e9 ot\u00e1zky je sp\u00e4t\u00e1 s \u00falohou vytvori\u0165 encyklopedick\u00fd atlas slovenskej kni\u017enej kult\u00fary a predstavuje jeden z v\u00e1\u017enych d\u00f4vodov, pre\u010do v\u00fdskum dej\u00edn kni\u017enej kult\u00fary na Slovensku mysl\u00ed na n\u00e1vrat do obdobia zrodu a do dej\u00edn vyd\u00e1vania evanjelick\u00fdch duchovn\u00fdch piesn\u00ed. D\u00f4vodom n\u00e1vratu ku kancion\u00e1lom, resp. k ich obsahu je tie\u017e aj ot\u00e1zka, \u010di a ak\u00fdm sp\u00f4sobom s\u00fa e\u0161te po takmer 400 rokoch p\u00f4sobnosti \u017eiv\u00e9 ako knihy so \u0161pecifick\u00fdm obsahom a p\u00f4sobnos\u0165ou. Ak \u00e1no, ak\u00fd priestor formuje ich hymnograficko-hymnologick\u00e9 z\u00e1klady a schopnos\u0165 vyjadri\u0165 s\u00fa\u010dasn\u00e9 prejavy \u017eivota a dovidie\u0165 na jeho kontinuum v duchovnom speve Slovenska.\u00a0<strong>Projekt v nazna\u010denom kontexte predstavuje kvalitat\u00edvne osobit\u00fd poh\u013ead na kult\u00farne a teologick\u00e9 dedi\u010dstvo evanjelickej duchovnej piesne.<\/strong><\/p>\n<p>Pri uva\u017eovan\u00ed o takejto t\u00e9me je relevantn\u00e1 ot\u00e1zka, \u010do vlastne vieme o slovenskej kres\u0165anskej, duchovnej, cirkevnej piesni. Evanjelick\u00e9 duchovn\u00e9 piesne s\u00fa pova\u017eovan\u00e9 za v\u00fdnimo\u010dn\u00e9 nielen v dejin\u00e1ch slovensk\u00e9ho duchovn\u00e9ho \u017eivota, ale i v dejin\u00e1ch slovenskej kni\u017enej kult\u00fary. Za prv\u00fdch analytikov cirkevn\u00fdch piesn\u00ed m\u00f4\u017eeme poklada\u0165 Daniela Krmana ml., V\u00e1clava Klejcha, Juraja Ribaya, Mateja Holku st., Bohuslava Tablica, Pavla Jozefa \u0160af\u00e1rika, Jozefa Miloslava Hurbana, z mlad\u0161ieho obdobia je to \u013dudov\u00edt Haan, J\u00e1n Mocko a \u013dudov\u00edt Vladim\u00edr Rizner.<\/p>\n<p>V 20. storo\u010d\u00ed poklad\u00e1me za prelomov\u00e9 v\u00fdskumy, ktor\u00e9 prebehli pri pr\u00edle\u017eitosti 300. v\u00fdro\u010dia 1. vydania Cithary sanctorum z oblasti hymnografickej kompar\u00e1cie, v\u00fdskumu \u017eivota a diela Juraja Tranovsk\u00e9ho, p\u00f4vodu piesn\u00ed, v\u00fdzname evanjelick\u00fdch spevn\u00edkov pre cirkev, vz\u00e1jomn\u00fdch vplyvov katol\u00edckej a evanjelickej duchovnej piesne a jej vplyvu na v\u00fdvoj a zachovanie slovensk\u00e9ho jazyka. Vy\u0161lo takmer dvesto z\u00e1sadn\u00fdch a viac-menej \u010diastkov\u00fdch \u0161t\u00fadi\u00ed, ktor\u00e9 otvorili \u010fal\u0161ie mo\u017en\u00e9 oblasti v\u00fdskumu a priniesli prieniky do in\u00fdch vedn\u00fdch discipl\u00edn.<\/p>\n<p>Problematike duchovnej piesne, ktor\u00e1 v uhorskom protestantskom kult\u00farnom prostred\u00ed vznikala prinajmen\u0161om od prelomu 16. a 17. storo\u010dia sa s\u010dasti venovala slovensk\u00e1 historiografia op\u00e4tovne za\u010dala venova\u0165 pred pribli\u017ene 30 rokmi. U\u017e vtedy sa uk\u00e1zala potreba systematickej\u0161ieho v\u00fdskumu, ktor\u00fd by mohol poskytn\u00fa\u0165 relevantn\u00e9 odpovede nielen pri sledovan\u00ed jednotliv\u00fdch v\u00fdvinov\u00fdch f\u00e1z dom\u00e1cej cirkevnej piesne. Zauj\u00edmav\u00e9 v\u00fdsledky s\u013eubovalo aj typologick\u00e9 \u0161t\u00fadium s\u00favek\u00fdch pod\u00f4b religiozity a spirituality. \u017dia\u013e hymnologick\u00fd i liter\u00e1rnohistorick\u00fd v\u00fdskum ostal i na\u010falej ost\u00e1va skromne rozv\u00edjan\u00fdm odvetv\u00edm slovenskej vedy.<\/p>\n<p>Na za\u010diatku 21. storo\u010dia sa op\u00e4tovne t\u00edmy odborn\u00edkov vracaj\u00fa k t\u00e9me evanjelick\u00fdch duchovn\u00fdch piesn\u00ed pri pr\u00edle\u017eitosti 370. v\u00fdro\u010dia vydania Cithary sanctorum, a to otvoren\u00edm t\u00e9m liter\u00e1rno-historick\u00fdch, muzikologick\u00fdch, kni\u017eni\u010dno-bibliografick\u00fdch.\u00a0<strong>V odbornej literat\u00fare absentuje v\u00fdskum, ktor\u00fd nebude obmedzen\u00fd len na \u00fazku oblas\u0165 kult\u00fary, ale bude \u0161tudovan\u00fd v kontexte inon\u00e1rodn\u00fdch \u010di medzin\u00e1rodn\u00fdch vplyvov v s\u00fa\u010dinnosti s historick\u00fdm kontextom, kde bude nutn\u00e9 uvedomi\u0165 si viacvrstvos\u0165 trad\u00edcie, s\u00fa\u010dasn\u00fa existenciu \u0161truktur\u00e1lne odli\u0161n\u00fdch pies\u0148ov\u00fdch vrstiev.<\/strong><\/p>\n<p>Rok 2008 bol posledn\u00fdm rokom, ke\u010f predmet n\u00e1\u0161ho predpokladan\u00e9ho v\u00fdskumu, v \u010diastkov\u00fdch v\u00fdstupoch pojal t\u00e9mu cirkevn\u00fdch duchovn\u00fdch piesn\u00ed z viacer\u00fdch poh\u013eadov. Na z\u00e1klade heuristiky publikovanej literat\u00fary sme si ur\u010dili smer n\u00e1\u0161ho v\u00fdskumu, ktor\u00fd doposia\u013e nebol v\u00f4bec v na\u0161om \u010di medzin\u00e1rodnom v\u00fdskume sledovan\u00fd, pr\u00edpadne bol sledovan\u00fd len formou pripomenutia zanedb\u00e1van\u00fdch oblast\u00ed.<\/p>\n<p>Poznanie teologick\u00e9ho a kult\u00farneho dedi\u010dstva, ktor\u00e9ho nosite\u013eom s\u00fa aj evanjelick\u00e9 cirkevn\u00e9 piesne bude ma\u0165 v\u0161eobecn\u00fd kult\u00farno-spolo\u010densk\u00fd a interdisciplin\u00e1rny.\u00a0<strong>Pr\u00edstup k tejto t\u00e9me prinesie nov\u00e9 poznatky a prieniky medzi viacer\u00fdmi vedn\u00fdmi discipl\u00ednami (historick\u00e9 vedy, teologick\u00e9 vedy, kni\u017eni\u010dno-informa\u010dn\u00e9 vedy, liter\u00e1rna veda a i.)<\/strong>. Odborn\u00e1 a vedeck\u00e1 interdisciplinarita je v\u00fdzvou modernej vedy a rie\u0161ite\u013esk\u00fd t\u00edm je kreovan\u00fd tak, aby prihliadal na interdisciplin\u00e1rny v\u00fdskum. S interdisciplinaritou s\u00favis\u00ed aj myslenie v s\u00favislostiach a pr\u00e1ca s historick\u00fdmi dobov\u00fdmi textami je prirodzen\u00fdm n\u00e1cvikom tak\u00e9hoto myslenia.<\/p>\n<p>Historick\u00fd pr\u00ednos je samozrejmou s\u00fa\u010das\u0165ou v\u00fdskumu v oblasti kult\u00farneho aj teologick\u00e9ho dedi\u010dstva. Nie je to len pr\u00ednos vo v\u0161eobecnej hist\u00f3rii, ale aj v kult\u00farnom dejepise, v region\u00e1lnej hist\u00f3rii a v s\u00fa\u010dasnom pochopen\u00ed kres\u0165anskej teol\u00f3gie s presahom na \u017eivot lok\u00e1lnych, ale aj glob\u00e1lnych kres\u0165ansk\u00fdch spolo\u010denstiev, ktor\u00e9 s\u00fa neoddelite\u013enou s\u00fa\u010das\u0165ou kult\u00farneho a soci\u00e1lneho \u017eivota spolo\u010dnosti. Pou\u017e\u00edvanie evanjelick\u00fdch duchovn\u00fdch piesn\u00ed od minulosti do s\u00fa\u010dasnosti s\u00fa taktie\u017e \u00fazko zviazan\u00e9 s miestom ich pou\u017e\u00edvania a v tejto previazanosti je ich v\u00fdznamn\u00fd region\u00e1lno-historick\u00fd pr\u00ednos.\u00a0<strong>\u010eal\u0161\u00edm, v\u00fdrazne progres\u00edvnym, momentom projektu je nepochybne liter\u00e1rno-vedn\u00fd, liter\u00e1rno-estetick\u00fd a liter\u00e1rno-dejinn\u00fd presah spracovan\u00fdch materi\u00e1lov ako jedine\u010dn\u00e1, vz\u00e1cna a potrebn\u00e1 substancia pre komplexn\u00fa percepciu tematiky duchovn\u00fdch a cirkevn\u00fdch piesn\u00ed 17. &#8211; 20. storo\u010dia,a to nielen z religi\u00f3znej \u201chladiny\u201d, ale taktie\u017e z perspekt\u00edvy presahu do s\u00fa\u010dasnosti, (aj) do sekul\u00e1rnych platforiem dne\u0161nej liter\u00e1rnej, predov\u0161etk\u00fdm lyrickej, tvorby na Slovensku.<\/strong>\u00a0Na region\u00e1lnu hist\u00f3riu nadv\u00e4zuje kult\u00farna identita. Slovensk\u00e9 evanjelick\u00e9 duchovn\u00e9 piesne s\u00fa dokladom kult\u00farnej identity na n\u00e1rodnej, region\u00e1lnej, rodinnej alebo subkult\u00farnej \u00farovni. Evanjelick\u00e9 duchovn\u00e9 piesne taktie\u017e hlboko a pr\u00ednosne formovali kres\u0165ansk\u00fa identitu ako jednotlivcov, tak aj \u0161ir\u0161ej spolo\u010dnosti a prispievali k zvy\u0161ovaniu kult\u00fary, etick\u00e9ho spr\u00e1vania a vzdelanosti v spolo\u010dnosti. Pr\u00ednosom bude aj pedagogicko-v\u00fdchovn\u00fd moment, preto\u017ee poskytneme \u0161tudentom obraz v\u00fdskumu a priestor na v\u00fdskum slovacik\u00e1lneho kult\u00farneho dedi\u010dstva doma i v zahrani\u010d\u00ed, mo\u017enos\u0165 priamo sa zapoji\u0165 do jednotliv\u00fdch f\u00e1z procesu plnenia projektu, v ktor\u00fdch si m\u00f4\u017eu prakticky overi\u0165 vedomosti z\u00edskan\u00e9 na vyu\u010dovac\u00edch predmetoch v r\u00e1mci \u0161tudijn\u00fdch odborov kni\u017eni\u010dno informa\u010dn\u00e9 \u0161t\u00fadi\u00e1 a teol\u00f3gia.<\/p>\n<p>My\u0161lienka projektu vyplynula z v\u00fdskumov projektu Pam\u00e4\u0165 Slovenska &#8211; n\u00e1rodn\u00e9 centrum excelentnosti v\u00fdskumu, ochrany a spr\u00edstup\u0148ovania kult\u00farneho dedi\u010dstva, ktor\u00fd bol zav\u0155\u0161en\u00fd v roku 2014 a bol zameran\u00fd na v\u00fdskum historick\u00fdch kni\u017eni\u010dn\u00fdch dokumentov, biografick\u00fd a genealogick\u00fd v\u00fdskum Slovenska a v\u00fdskum dej\u00edn kn\u00edhtla\u010diarskej, vydavate\u013eskej, nakladate\u013eskej a kn\u00edhkupeckej \u010dinnosti.<\/p>\n<\/div><\/div><\/div><\/div><div class=\"wpb_column vc_column_container type_sticky\"><div class=\"vc_column-inner\"><div class=\"wpb_text_column\"><div class=\"wpb_wrapper\"><h3><strong>Ukon\u010den\u00e9 projekty VEGA, KEGA<\/strong><\/h3>\n<ul>\n<li><strong>VEGA 1\/0675\/14<\/strong>\u00a0\u2013 V\u00fdskum katal\u00f3gov historick\u00fdch kni\u017en\u00edc ako fenom\u00e9nu kult\u00farneho dedi\u010dstva Slovenska a Slov\u00e1kov (2014-2016). Zodpovedn\u00fd rie\u0161ite\u013e: Mgr. Eva August\u00ednov\u00e1, PhD.<\/li>\n<li><strong>VEGA 1\/0835\/15<\/strong>\u00a0\u2013 Erazmus Rotterdamsk\u00fd a Slovensko (distrib\u00facia ide\u00ed zaalpsk\u00e9ho humanizmu na \u00fazem\u00ed Slovenska v 16.-17. storo\u010d\u00ed). ( 2015 \u2013 2017) V spolupr\u00e1ci s UMK, Katedra hist\u00f3rie. Rie\u0161ite\u013e: Mgr. Eva August\u00ednov\u00e1, PhD.<\/li>\n<li><strong>KEGA 010 \u017dU \u2013 4\/2015<\/strong>\u00a0\u2013 Potreba viac\u00farov\u0148ov\u00e9ho kritick\u00e9ho myslenia v rozvoji medi\u00e1lnych kompetenci\u00ed. (2015 \u2013 2017) Zodpovedn\u00fd rie\u0161ite\u013e: doc. Galina Jase\u010dkov\u00e1, CSc.<\/li>\n<\/ul>\n<\/div><\/div><\/div><\/div><\/div><div class=\"w-separator size_small with_line width_default thick_1 style_solid color_border align_center\"><div class=\"w-separator-h\"><\/div><\/div><div class=\"wpb_text_column\"><div class=\"wpb_wrapper\"><p>Prim\u00e1rny v\u00fdskum bude prebieha\u0165 a prinesie nov\u00e9 poznatky v nasledovn\u00fdch tematick\u00fdch okruhoch:<\/p>\n<p><strong>V oblasti kni\u017eni\u010dno-informa\u010dnej:<\/strong>\u00a0V\u00fdznam pre kult\u00farne a n\u00e1rodn\u00e9 povedomie a pre uchovanie kult\u00farneho dedi\u010dstva v s\u00fa\u010dasnosti \u2013 Slov\u00e1ci v zahrani\u010d\u00ed a pou\u017e\u00edvanie slovensk\u00fdch kancion\u00e1lov, vydavate\u013esk\u00e1 politika a probl\u00e9my s vyd\u00e1van\u00edm evanjelick\u00fdch cirkevn\u00fdch spevn\u00edkov doma i v zahrani\u010d\u00ed, typol\u00f3gia kni\u017enej v\u00e4zby, ktorej popis n\u00e1m m\u00f4\u017eu pom\u00f4c\u0165 pri hodnoten\u00ed a\u00a0 pochopen\u00ed prostredia a doby v ktorej tento dokument vych\u00e1dzal, remeseln\u00e9 spracovanie kni\u017en\u00fdch v\u00e4zieb v \u010dasovom horizonte vyd\u00e1vania spevn\u00edka, v\u00fdber prvkov a syst\u00e9m popisu materi\u00e1lov vo vz\u0165ahu k ochrane a dlhodob\u00e9mu uchov\u00e1vaniu vydan\u00fdch diel.<\/p>\n<p><strong>V teologickej oblasti:<\/strong>\u00a0Obsah duchovn\u00fdch piesn\u00ed &#8211; teologick\u00fd obsah piesn\u00ed\u00a0 a praktick\u00fd dosah na \u017eivot jednotlivca a spolo\u010denstva, v\u00fdznam pre kres\u0165ansk\u00e9 povedomie &#8211; pre uchovanie dedi\u010dstva viery otcov a jeho presah na s\u00fa\u010dasn\u00fd \u017eivot kres\u0165ansk\u00fdch spolo\u010denstiev, p\u00f4vod liturgick\u00fdch n\u00e1pevov evanjelick\u00fdch duchovn\u00fdch piesn\u00ed, biografick\u00e9 portr\u00e9ty autorov duchovn\u00fdch piesn\u00ed s d\u00f4razom na ich teologick\u00e9 pozadie.<\/p>\n<p><strong>V oblasti liter\u00e1rneho v\u00fdskumu:\u00a0<\/strong>Spevn\u00edky a ich recepcia v tvorbe minul\u00fdch i s\u00fa\u010dasn\u00fdch autorov, n\u00e1\u010drt influen\u010dn\u00fdch stimulov historick\u00fdch cirkevn\u00fdch a duchovn\u00fdch piesn\u00ed transformovan\u00fdch do interpreta\u010dn\u00fdch platforiem v tvorbe vybran\u00fdch s\u00fa\u010dasn\u00fdch tvorcov lyriky na Slovensku.<\/p>\n<p>V oblasti marketingovej komunik\u00e1cie: Vyd\u00e1vanie evanjelickej duchovnej tvorby (tak ako v pr\u00edpade ostatnej liter\u00e1rnej tvorby) zah\u0155\u0148a viacero \u00farovn\u00ed komunik\u00e1cie. Za jednu z nich mo\u017eno pova\u017eova\u0165 aj\u00a0 marketingov\u00fa komunik\u00e1ciu s prostriedkami a formami vypl\u00fdvaj\u00facimi z mo\u017enost\u00ed a pr\u00edle\u017eitost\u00ed doby, v ktorej spevn\u00edky vych\u00e1dzali. Z h\u013eadiska zmapovania komplexn\u00fdch s\u00favislost\u00ed pova\u017eujeme\u00a0 marketingov\u00fd poh\u013ead na kult\u00farne dedi\u010dstvo ako produkt, ktor\u00fd bol v konkr\u00e9tnej historickej dobe pon\u00fakan\u00fd z\u00e1kazn\u00edkom, za ve\u013emi d\u00f4le\u017eit\u00fd.<\/p>\n<p><strong>Etapy v\u00fdskumu:<\/strong><\/p>\n<ol>\n<li><em>01\/2017-12\/2017 \u2013 Anal\u00fdza stavu v\u00fdskumu a prieskumu prim\u00e1rnych a sekund\u00e1rnych zdrojov ku problematike<\/em><\/li>\n<li><em>01\/2017 &#8211; 03\/2018 &#8211; Syntetizuj\u00face inform\u00e1cie o stave poznania problematiky na Slovensku a v zahrani\u010d\u00ed\u00a0<\/em><\/li>\n<li><em>05\/2017-09\/2019 \u2013 Heuristika a spracovanie inform\u00e1ci\u00ed<\/em><\/li>\n<\/ol>\n<\/div><\/div><div class=\"w-separator size_medium\"><\/div><div class=\"wpb_text_column us_custom_59a3f9de has_text_color\"><div class=\"wpb_wrapper\"><p><i class=\"fas fa-key\"><\/i> <a style=\"color: #999999;\" href=\"https:\/\/vav.uniza.sk\/vevysun.php\">Pr\u00edstup do informa\u010dn\u00e9ho syst\u00e9mu pre vedu a v\u00fdskum UNIZA<\/a><\/p>\n<\/div><\/div><\/div><\/div><\/div><\/div><\/section>\n","protected":false},"excerpt":{"rendered":"Projekty VEGA a KEGA VEGA 1\/0736\/17 &#8211;\u00a0Kult\u00farne teologick\u00e9 dedi\u010dstvo v evanjelick\u00fdch duchovn\u00fdch pies\u0148ach 17. \u2013 20. storo\u010dia. (2017 \u2013 2019).\u00a0Zodpovedn\u00fd rie\u0161ite\u013e: Mgr. Eva August\u00ednov\u00e1, PhD. Projekt prezentuje kvalitat\u00edvne odli\u0161n\u00fa perspekt\u00edvu...","protected":false},"author":2,"featured_media":0,"parent":0,"menu_order":0,"comment_status":"closed","ping_status":"closed","template":"","meta":{"footnotes":""},"class_list":["post-679","page","type-page","status-publish","hentry"],"acf":[],"_links":{"self":[{"href":"https:\/\/zaverecne-prace.ucimesaweby.sk\/palfy\/wp-json\/wp\/v2\/pages\/679","targetHints":{"allow":["GET"]}}],"collection":[{"href":"https:\/\/zaverecne-prace.ucimesaweby.sk\/palfy\/wp-json\/wp\/v2\/pages"}],"about":[{"href":"https:\/\/zaverecne-prace.ucimesaweby.sk\/palfy\/wp-json\/wp\/v2\/types\/page"}],"author":[{"embeddable":true,"href":"https:\/\/zaverecne-prace.ucimesaweby.sk\/palfy\/wp-json\/wp\/v2\/users\/2"}],"replies":[{"embeddable":true,"href":"https:\/\/zaverecne-prace.ucimesaweby.sk\/palfy\/wp-json\/wp\/v2\/comments?post=679"}],"version-history":[{"count":6,"href":"https:\/\/zaverecne-prace.ucimesaweby.sk\/palfy\/wp-json\/wp\/v2\/pages\/679\/revisions"}],"predecessor-version":[{"id":685,"href":"https:\/\/zaverecne-prace.ucimesaweby.sk\/palfy\/wp-json\/wp\/v2\/pages\/679\/revisions\/685"}],"wp:attachment":[{"href":"https:\/\/zaverecne-prace.ucimesaweby.sk\/palfy\/wp-json\/wp\/v2\/media?parent=679"}],"curies":[{"name":"wp","href":"https:\/\/api.w.org\/{rel}","templated":true}]}}