{"id":618,"date":"2023-02-07T23:08:24","date_gmt":"2023-02-07T22:08:24","guid":{"rendered":"https:\/\/zaverecne-prace.ucimesaweby.sk\/palfy\/?page_id=618"},"modified":"2023-02-07T23:08:24","modified_gmt":"2023-02-07T22:08:24","slug":"partneri-z-praxe","status":"publish","type":"page","link":"https:\/\/zaverecne-prace.ucimesaweby.sk\/palfy\/partneri-z-praxe\/","title":{"rendered":"Partneri z praxe"},"content":{"rendered":"<section class=\"l-section wpb_row height_auto width_full\"><div class=\"l-section-h i-cf\"><div class=\"g-cols vc_row via_grid cols_1 laptops-cols_inherit tablets-cols_inherit mobiles-cols_1 valign_top type_default stacking_default\"><div class=\"wpb_column vc_column_container\"><div class=\"vc_column-inner\"><section class=\"l-section wpb_row us_custom_d9f2040e height_medium width_full\"><div class=\"l-section-overlay\" style=\"background:rgba(0,0,0,0.25)\"><\/div><div class=\"l-section-h i-cf\"><div class=\"g-cols vc_row via_grid cols_1 laptops-cols_inherit tablets-cols_inherit mobiles-cols_1 valign_top type_default stacking_default\"><div class=\"wpb_column vc_column_container\"><div class=\"vc_column-inner\"><div class=\"w-separator size_small\"><\/div><h1 class=\"w-post-elm post_title us_custom_6df4bc3a has_text_color align_center entry-title color_link_inherit\">Partneri z praxe<\/h1><div class=\"w-separator size_small\"><\/div><\/div><\/div><\/div><\/div><\/section>\n<\/div><\/div><\/div><\/div><\/section><section class=\"l-section wpb_row us_custom_c70c97eb height_medium\" id=\"clenovia-katedry\"><div class=\"l-section-h i-cf\"><div class=\"g-cols vc_row via_grid cols_1-2 laptops-cols_inherit tablets-cols_1 mobiles-cols_1 valign_top type_default stacking_default\" style=\"grid-gap:4rem;\"><div class=\"wpb_column vc_column_container type_sticky\"><div class=\"vc_column-inner\"><h2 class=\"w-text\"><span url class=\"w-text-h\"><span class=\"w-text-value\">KMKD akt\u00edvne spolupracuje s<\/span><\/span><\/h2><div class=\"w-separator size_small\"><\/div><div class=\"w-image has_ratio align_center\"><div url class=\"w-image-h\"><div style=\"padding-bottom:133.3333%\"><\/div><img decoding=\"async\" width=\"576\" height=\"1024\" src=\"https:\/\/zaverecne-prace.ucimesaweby.sk\/palfy\/wp-content\/uploads\/2023\/02\/2h-media-Pmu3QMN1Bpo-unsplash-576x1024.jpg\" class=\"attachment-large size-large\" alt=\"\" srcset=\"https:\/\/zaverecne-prace.ucimesaweby.sk\/palfy\/wp-content\/uploads\/2023\/02\/2h-media-Pmu3QMN1Bpo-unsplash-576x1024.jpg 576w, https:\/\/zaverecne-prace.ucimesaweby.sk\/palfy\/wp-content\/uploads\/2023\/02\/2h-media-Pmu3QMN1Bpo-unsplash-169x300.jpg 169w, https:\/\/zaverecne-prace.ucimesaweby.sk\/palfy\/wp-content\/uploads\/2023\/02\/2h-media-Pmu3QMN1Bpo-unsplash-scaled.jpg 1439w\" sizes=\"(max-width: 576px) 100vw, 576px\" \/><\/div><\/div><\/div><\/div><div class=\"wpb_column vc_column_container\"><div class=\"vc_column-inner\"><div class=\"w-tabs style_default switch_click accordion type_togglable has_scrolling remove_indents\" style=\"--sections-title-size:1.2rem\"><div class=\"w-tabs-sections titles-align_none icon_plus cpos_right\"><div class=\"w-tabs-section active\" id=\"q2b5\"><button class=\"w-tabs-section-header active\" aria-controls=\"content-q2b5\" aria-expanded=\"true\"><div class=\"w-tabs-section-title\">Kysuck\u00e9 m\u00fazeum v \u010cadci<\/div><div class=\"w-tabs-section-control\"><\/div><\/button><div  class=\"w-tabs-section-content\" id=\"content-q2b5\"><div class=\"w-tabs-section-content-h i-cf\"><div class=\"wpb_text_column\"><div class=\"wpb_wrapper\"><p>Je\u00a0<strong>\u0161pecializovan\u00e9 region\u00e1lne kult\u00farne zariadenie<\/strong>\u00a0so zameran\u00edm na cie\u013eavedom\u00e9 zhroma\u017e\u010fovanie, ochranu, vedeck\u00e9 a\u00a0odborn\u00e9 spracov\u00e1vanie a\u00a0spr\u00edstup\u0148ovanie hmotn\u00fdch dokladov so zameran\u00edm na\u00a0<strong>m\u00fazejn\u00fa dokument\u00e1ciu v\u00fdvoja pr\u00edrody a\u00a0spolo\u010dnosti, vedy a\u00a0techniky, kult\u00fary a\u00a0umenia na \u00fazem\u00ed Kys\u00fac<\/strong>, od prv\u00fdch st\u00f4p os\u00eddlenia a\u017e po s\u00fa\u010dasnos\u0165.<\/p>\n<\/div><\/div><\/div><\/div><\/div><div class=\"w-tabs-section\" id=\"o4bb\"><button class=\"w-tabs-section-header\" aria-controls=\"content-o4bb\" aria-expanded=\"false\"><div class=\"w-tabs-section-title\">Krajsk\u00e1 kni\u017enica v \u017diline<\/div><div class=\"w-tabs-section-control\"><\/div><\/button><div  class=\"w-tabs-section-content\" id=\"content-o4bb\"><div class=\"w-tabs-section-content-h i-cf\"><div class=\"wpb_text_column\"><div class=\"wpb_wrapper\"><p>Je pr\u00edspevkovou organiz\u00e1ciou \u017dilinsk\u00e9ho samospr\u00e1vneho kraja a v zmysle svojej zria\u010fovacej listiny p\u00f4sob\u00ed ako kult\u00farna, informa\u010dn\u00e1, vedeck\u00e1 a vzdel\u00e1vacia in\u0161tit\u00facia, poskytuj\u00faca v r\u00e1mci svojej \u00fazemnej p\u00f4sobnosti\u00a0<strong>v\u0161eobecn\u00fd a neobmedzen\u00fd pr\u00edstup \u00a0ob\u010danov k\u00a0<\/strong><b>inform\u00e1ci\u00e1m<\/b>.<\/p>\n<\/div><\/div><\/div><\/div><\/div><div class=\"w-tabs-section\" id=\"g67a\"><button class=\"w-tabs-section-header\" aria-controls=\"content-g67a\" aria-expanded=\"false\"><div class=\"w-tabs-section-title\">Univerzitn\u00e1 kni\u017enica &#8211; Univerzita Mateja Bela v Banskej Bystrici<\/div><div class=\"w-tabs-section-control\"><\/div><\/button><div  class=\"w-tabs-section-content\" id=\"content-g67a\"><div class=\"w-tabs-section-content-h i-cf\"><div class=\"wpb_text_column\"><div class=\"wpb_wrapper\"><p>Fond kni\u017enice\u00a0<strong>tvor\u00ed vy\u0161e 260 000 kn\u00edh, period\u00edk a \u0161peci\u00e1lnych dokumentov<\/strong>\u00a0dom\u00e1cej a\u00a0zahrani\u010dnej proveniencie z\u00a0oblasti humanitn\u00fdch, spolo\u010densk\u00fdch a pr\u00edrodn\u00fdch vied.<\/p>\n<\/div><\/div><\/div><\/div><\/div><div class=\"w-tabs-section\" id=\"s878\"><button class=\"w-tabs-section-header\" aria-controls=\"content-s878\" aria-expanded=\"false\"><div class=\"w-tabs-section-title\">M KREO \u017dilina<\/div><div class=\"w-tabs-section-control\"><\/div><\/button><div  class=\"w-tabs-section-content\" id=\"content-s878\"><div class=\"w-tabs-section-content-h i-cf\"><div class=\"wpb_text_column\"><div class=\"wpb_wrapper\"><p><strong>Medi\u00e1lna agent\u00fara<\/strong>\u00a0<em>M<\/em>\u25ab<em>KREO \u017dilina<\/em>\u00a0pom\u00e1ha \u00faspe\u0161n\u00fdm spolo\u010dnostiam. Ich dom\u00e9nou je\u00a0<strong>marketing, grafick\u00fd dizajn, webstr\u00e1nky, copywriting a reklamn\u00e9 predmety.<\/strong><\/p>\n<\/div><\/div><\/div><\/div><\/div><div class=\"w-tabs-section\" id=\"la26\"><button class=\"w-tabs-section-header\" aria-controls=\"content-la26\" aria-expanded=\"false\"><div class=\"w-tabs-section-title\">Krajsk\u00fd pamiatkov\u00fd \u00farad \u017dilina<\/div><div class=\"w-tabs-section-control\"><\/div><\/button><div  class=\"w-tabs-section-content\" id=\"content-la26\"><div class=\"w-tabs-section-content-h i-cf\"><div class=\"wpb_text_column\"><div class=\"wpb_wrapper\"><p>Pamiatkov\u00fd \u00farad Slovenskej republiky\u00a0je pr\u00e1vnickou osobou a\u00a0<strong>je \u0161pecializovan\u00fdm org\u00e1nom \u0161t\u00e1tnej spr\u00e1vy na ochranu pamiatkov\u00e9ho fondu.\u00a0<\/strong>Krajsk\u00fd pamiatkov\u00fd \u00farad je organiz\u00e1ciou Pamiatkov\u00e9ho \u00faradu SR. Vykon\u00e1va \u0161t\u00e1tnu spr\u00e1vu ochrany pamiatkov\u00e9ho fondu vo svojom \u00fazemnom obvode &#8211; \u017dilinskom kraji.<\/p>\n<\/div><\/div><\/div><\/div><\/div><div class=\"w-tabs-section\" id=\"wbfc\"><button class=\"w-tabs-section-header\" aria-controls=\"content-wbfc\" aria-expanded=\"false\"><div class=\"w-tabs-section-title\">Pova\u017esk\u00e1 gal\u00e9ria umenia \u017dilina<\/div><div class=\"w-tabs-section-control\"><\/div><\/button><div  class=\"w-tabs-section-content\" id=\"content-wbfc\"><div class=\"w-tabs-section-content-h i-cf\"><div class=\"wpb_text_column\"><div class=\"wpb_wrapper\"><p>Pova\u017esk\u00e1 gal\u00e9ria umenia v \u017diline vznikla osamostatnen\u00edm sa od Pova\u017esk\u00e9ho m\u00fazea. Koncom 70. rokov a v 80. rokoch sa jej v\u00fdstavn\u00e1 \u010dinnos\u0165 zameriavala najm\u00e4 na s\u00fa\u010dasn\u00fa slovensk\u00fa kresbu.<strong>\u00a0V\u00fdstavn\u00fd program gal\u00e9rie je od za\u010diatku 90. rokov zameran\u00fd predov\u0161etk\u00fdm na prezent\u00e1ciu aktu\u00e1lneho v\u00fdtvarn\u00e9ho umenia s presahmi do umenia 60., 70. a 80. rokov.<\/strong><\/p>\n<\/div><\/div><\/div><\/div><\/div><div class=\"w-tabs-section\" id=\"xdc1\"><button class=\"w-tabs-section-header\" aria-controls=\"content-xdc1\" aria-expanded=\"false\"><div class=\"w-tabs-section-title\">Liptovsk\u00e1 kni\u017enica Ga\u0161para Fej\u00e9rpataky-Belopotock\u00e9ho v Liptovskom Mikul\u00e1\u0161i<\/div><div class=\"w-tabs-section-control\"><\/div><\/button><div  class=\"w-tabs-section-content\" id=\"content-xdc1\"><div class=\"w-tabs-section-content-h i-cf\"><div class=\"wpb_text_column\"><div class=\"wpb_wrapper\"><p>Je\u00a0<strong>region\u00e1lna kult\u00farna, informa\u010dn\u00e1 a vzdel\u00e1vacia in\u0161tit\u00facia<\/strong>. Jej hlavn\u00fdm poslan\u00edm je<strong>\u00a0budova\u0165 a uchov\u00e1va\u0165 univerz\u00e1lny kni\u017eni\u010dn\u00fd fond<\/strong>\u00a0bez oh\u013eadu na nosi\u010d inform\u00e1ci\u00ed, poskytova\u0165 pouu\u017e\u00edvate\u013eom kni\u017eni\u010dno-informa\u010dn\u00e9 slu\u017eby a zabezpe\u010dova\u0165 v\u0161eobecn\u00fd a neobmedzen\u00fd pr\u00edstup ob\u010danov k inform\u00e1ci\u00e1m.<\/p>\n<\/div><\/div><\/div><\/div><\/div><div class=\"w-tabs-section\" id=\"zfa4\"><button class=\"w-tabs-section-header\" aria-controls=\"content-zfa4\" aria-expanded=\"false\"><div class=\"w-tabs-section-title\">Gal\u00e9ria \u013dudov\u00edta Fullu v Ru\u017eomberku<\/div><div class=\"w-tabs-section-control\"><\/div><\/button><div  class=\"w-tabs-section-content\" id=\"content-zfa4\"><div class=\"w-tabs-section-content-h i-cf\"><div class=\"wpb_text_column\"><div class=\"wpb_wrapper\"><p>SNG mo\u017eno ch\u00e1pa\u0165 ako\u00a0<strong>zbierkotvorn\u00fa galerijn\u00fa in\u0161tit\u00faciu<\/strong>, ktor\u00e1 pln\u00ed o\u010dak\u00e1vania odbornej i \u0161irokej verejnosti:\u00a0<strong>Jej \u00falohou je rozv\u00edja\u0165 sa ako celon\u00e1rodn\u00e1 umenovedn\u00e1 in\u0161tit\u00facia<\/strong>\u00a0a z\u00e1rove\u0148 zbiera\u0165, chr\u00e1ni\u0165 a interpretova\u0165 umeleck\u00e9 diela v dom\u00e1com i v medzin\u00e1rodnom priestore.\u00a0Gal\u00e9ria \u013dudov\u00edta Fullu Ru\u017eomberok spr\u00edstup\u0148uje v\u00fdtvarn\u00e9 dielo\u00a0\u013dudov\u00edta Fullu, ktor\u00e9 tento umelec daroval \u0161t\u00e1tu.<\/p>\n<\/div><\/div><\/div><\/div><\/div><div class=\"w-tabs-section\" id=\"v191\"><button class=\"w-tabs-section-header\" aria-controls=\"content-v191\" aria-expanded=\"false\"><div class=\"w-tabs-section-title\">Liptovsk\u00e1 gal\u00e9ria P. M. Boh\u00fa\u0148a v Liptovskom Mikul\u00e1\u0161i<\/div><div class=\"w-tabs-section-control\"><\/div><\/button><div  class=\"w-tabs-section-content\" id=\"content-v191\"><div class=\"w-tabs-section-content-h i-cf\"><div class=\"wpb_text_column\"><div class=\"wpb_wrapper\"><p>Gal\u00e9ria\u00a0<strong>sa nach\u00e1dza v historickom a kult\u00farnom centre mesta Liptovsk\u00fd Mikul\u00e1\u0161<\/strong>\u00a0obkolesen\u00e9 pekn\u00fdm parkov\u00fdm prostred\u00edm.\u00a0Zbierkov\u00fd fond gal\u00e9rie predstavuje\u00a0<strong>5200 v\u00fdtvarn\u00fdch diel<\/strong>\u00a0&#8211; malieb, kresieb, graf\u00edk, fotografi\u00ed, plast\u00edk, z ktor\u00fdch\u00a0<strong>\u010das\u0165 je prezentovan\u00e1 v piatich st\u00e1lych expoz\u00edci\u00e1ch.<\/strong><\/p>\n<\/div><\/div><\/div><\/div><\/div><div class=\"w-tabs-section\" id=\"y36a\"><button class=\"w-tabs-section-header\" aria-controls=\"content-y36a\" aria-expanded=\"false\"><div class=\"w-tabs-section-title\">Krajsk\u00e9 kult\u00farne stredisko v \u017diline<\/div><div class=\"w-tabs-section-control\"><\/div><\/button><div  class=\"w-tabs-section-content\" id=\"content-y36a\"><div class=\"w-tabs-section-content-h i-cf\"><div class=\"wpb_text_column\"><div class=\"wpb_wrapper\"><p>Zakl\u00e1dn\u00fdm poslan\u00edm Krajsk\u00e9ho kult\u00farneho strediska (KrKS) v \u017diline, je\u00a0<strong>vytv\u00e1ranie podmienok pre \u010dinnos\u0165 jednotlivcov i kolekt\u00edvov posil\u0148uj\u00facich n\u00e1rodn\u00fa a kult\u00farnu identitu, prin\u00e1\u0161aj\u00facich hodnoty v oblasti miestnej kult\u00fary, folkl\u00f3ru, tradi\u010dnej \u013eudovej tvorby, z\u00e1ujmovo-umeleckej \u010dinnosti a vzdel\u00e1vania<\/strong>, a to najm\u00e4 na \u00fazem\u00ed \u017dilinsk\u00e9ho kraja.<\/p>\n<\/div><\/div><\/div><\/div><\/div><div class=\"w-tabs-section\" id=\"x542\"><button class=\"w-tabs-section-header\" aria-controls=\"content-x542\" aria-expanded=\"false\"><div class=\"w-tabs-section-title\">\u00dastredn\u00e1 kni\u017enica Slovenskej akad\u00e9mie vied<\/div><div class=\"w-tabs-section-control\"><\/div><\/button><div  class=\"w-tabs-section-content\" id=\"content-x542\"><div class=\"w-tabs-section-content-h i-cf\"><div class=\"wpb_text_column\"><div class=\"wpb_wrapper\"><p>Fond tvor\u00ed\u00a0<strong>viac ako 579 tis\u00edc kni\u017eni\u010dn\u00fdch jednotiek<\/strong>\u00a0kn\u00edh, period\u00edk, e-bookov a \u010fal\u0161\u00edch z\u00e1kladn\u00fdch dokumentov zo v\u0161etk\u00fdch vedn\u00fdch odborov,\u00a0<strong>v r\u00f4znych jazykoch<\/strong>, \u010falej encyklopedick\u00e1 literat\u00fara, literat\u00fara interdisciplin\u00e1rneho zamerania, vysoko\u0161kolsk\u00e9 u\u010debnice, vedeck\u00e9 pr\u00e1ce vydan\u00e9 v SAV a kr\u00e1sna literat\u00fara.<\/p>\n<\/div><\/div><\/div><\/div><\/div><div class=\"w-tabs-section\" id=\"k6f7\"><button class=\"w-tabs-section-header\" aria-controls=\"content-k6f7\" aria-expanded=\"false\"><div class=\"w-tabs-section-title\">Kysuck\u00e1 kni\u017enica v \u010cadci<\/div><div class=\"w-tabs-section-control\"><\/div><\/button><div  class=\"w-tabs-section-content\" id=\"content-k6f7\"><div class=\"w-tabs-section-content-h i-cf\"><div class=\"wpb_text_column\"><div class=\"wpb_wrapper\"><p>Je verejnou in\u0161tit\u00faciou, ktor\u00e1\u00a0<strong>pln\u00ed funkciu mestskej kni\u017enice pre Mesto \u010cadca a region\u00e1lnej kni\u017enice pre \u00fazemie okresov \u010cadca a Kysuck\u00e9 Nov\u00e9 Mesto<\/strong>. KK poskytuje z\u00e1kladn\u00e9 a \u0161peci\u00e1lne kni\u017eni\u010dno-informa\u010dn\u00e9 slu\u017eby a z\u00e1rove\u0148 p\u00f4sob\u00ed ako koordina\u010dn\u00e9, vzdel\u00e1vacie, \u0161tatistick\u00e9 a metodick\u00e9 stredisko pre verejn\u00e9 mestsk\u00e9, obecn\u00e9 a \u0161kolsk\u00e9 kni\u017enice a kni\u017enice in\u00fdch typov v regi\u00f3ne.<\/p>\n<\/div><\/div><\/div><\/div><\/div><div class=\"w-tabs-section\" id=\"f8a5\"><button class=\"w-tabs-section-header\" aria-controls=\"content-f8a5\" aria-expanded=\"false\"><div class=\"w-tabs-section-title\">\u0160t\u00e1tna vedeck\u00e1 kni\u017enica v Banskej Bystrici<\/div><div class=\"w-tabs-section-control\"><\/div><\/button><div  class=\"w-tabs-section-content\" id=\"content-f8a5\"><div class=\"w-tabs-section-content-h i-cf\"><div class=\"wpb_text_column\"><div class=\"wpb_wrapper\"><p>\u0160t\u00e1tna vedeck\u00e1 kni\u017enica v Banskej Bystrici<strong>\u00a0je \u0161t\u00e1tnou kult\u00farnou a vedecko-informa\u010dnou in\u0161tit\u00faciou zameranou na kni\u017eni\u010dn\u00fa, bibliografick\u00fa, v\u00fdskumn\u00fa, vzdel\u00e1vaciu, vydavate\u013esk\u00fa a \u00a0kult\u00farno-v\u00fdchovn\u00fa \u010dinnos\u0165.<\/strong><\/p>\n<p>Od roku 2001 je ku kni\u017enici organiza\u010dne pri\u010dlenen\u00e9 Liter\u00e1rne a hudobn\u00e9 m\u00fazeum, \u010d\u00edm sa \u010dinnos\u0165 kni\u017enice roz\u0161\u00edrila o zberate\u013esk\u00fa a odborn\u00fa \u010dinnos\u0165 litr\u00e1rno-m\u00fazejn\u00fa a hudobno-m\u00fazejn\u00fa.<\/p>\n<\/div><\/div><\/div><\/div><\/div><div class=\"w-tabs-section\" id=\"ma46\"><button class=\"w-tabs-section-header\" aria-controls=\"content-ma46\" aria-expanded=\"false\"><div class=\"w-tabs-section-title\">M\u00fazeum po\u010d\u00edta\u010dov pri Centre spolo\u010dn\u00fdch \u010dinnost\u00ed SAV, V\u00fdpo\u010dtov\u00e9 stredisko<\/div><div class=\"w-tabs-section-control\"><\/div><\/button><div  class=\"w-tabs-section-content\" id=\"content-ma46\"><div class=\"w-tabs-section-content-h i-cf\"><div class=\"wpb_text_column\"><div class=\"wpb_wrapper\"><p>M\u00fazeum po\u010d\u00edta\u010dov\u00a0<strong>sl\u00fa\u017ei na prezent\u00e1ciu predmetov a dokumentov t\u00fdkaj\u00facich sa pr\u00e1ce v\u00fdskumu, v\u00fdvoja, v\u00fdroby a\u00a0aplik\u00e1ci\u00ed informa\u010dno-komunika\u010dn\u00fdch technol\u00f3gi\u00ed vr\u00e1tane mikroelektroniky na Slovensku<\/strong>\u00a0so z\u00e1merom poukazova\u0165 na spolo\u010densk\u00fa u\u017eito\u010dnos\u0165 v\u00fdskumu, najm\u00e4 pre podnietenie mladej gener\u00e1cie k aktivit\u00e1m v tejto oblasti.<\/p>\n<\/div><\/div><\/div><\/div><\/div><div class=\"w-tabs-section\" id=\"qc28\"><button class=\"w-tabs-section-header\" aria-controls=\"content-qc28\" aria-expanded=\"false\"><div class=\"w-tabs-section-title\">\u0160t\u00e1tny arch\u00edv v \u017diline so s\u00eddlom v Byt\u010di<\/div><div class=\"w-tabs-section-control\"><\/div><\/button><div  class=\"w-tabs-section-content\" id=\"content-qc28\"><div class=\"w-tabs-section-content-h i-cf\"><div class=\"wpb_text_column\"><div class=\"wpb_wrapper\"><p>V s\u00fa\u010dasnosti arch\u00edv spravuje viac ako\u00a0<strong>600 fondov\u00a0<\/strong>a<strong>\u00a0zbierok<\/strong>\u00a0z\u00a0<strong>rokov 1263 \u2013 2008<\/strong>. \u00dazemn\u00e1 kompetencia arch\u00edvu &#8211; terit\u00f3rium (<strong>stredn\u00e9 Pova\u017eie, Kysuce, Rajeck\u00e1 dolina, Orava, Liptov a Turiec<\/strong>) bohat\u00e9 na historick\u00e9 udalosti, dalo z\u00e1klad hodnotnej pramennej b\u00e1ze arch\u00edvu.<\/p>\n<\/div><\/div><\/div><\/div><\/div><\/div><\/div><\/div><\/div><\/div><\/div><\/section>\n","protected":false},"excerpt":{"rendered":"Partneri z praxe KMKD akt\u00edvne spolupracuje sKysuck\u00e9 m\u00fazeum v \u010cadciJe\u00a0\u0161pecializovan\u00e9 region\u00e1lne kult\u00farne zariadenie\u00a0so zameran\u00edm na cie\u013eavedom\u00e9 zhroma\u017e\u010fovanie, ochranu, vedeck\u00e9 a\u00a0odborn\u00e9 spracov\u00e1vanie a\u00a0spr\u00edstup\u0148ovanie hmotn\u00fdch dokladov so zameran\u00edm na\u00a0m\u00fazejn\u00fa dokument\u00e1ciu v\u00fdvoja pr\u00edrody...","protected":false},"author":2,"featured_media":0,"parent":0,"menu_order":0,"comment_status":"closed","ping_status":"closed","template":"","meta":{"footnotes":""},"class_list":["post-618","page","type-page","status-publish","hentry"],"acf":[],"_links":{"self":[{"href":"https:\/\/zaverecne-prace.ucimesaweby.sk\/palfy\/wp-json\/wp\/v2\/pages\/618","targetHints":{"allow":["GET"]}}],"collection":[{"href":"https:\/\/zaverecne-prace.ucimesaweby.sk\/palfy\/wp-json\/wp\/v2\/pages"}],"about":[{"href":"https:\/\/zaverecne-prace.ucimesaweby.sk\/palfy\/wp-json\/wp\/v2\/types\/page"}],"author":[{"embeddable":true,"href":"https:\/\/zaverecne-prace.ucimesaweby.sk\/palfy\/wp-json\/wp\/v2\/users\/2"}],"replies":[{"embeddable":true,"href":"https:\/\/zaverecne-prace.ucimesaweby.sk\/palfy\/wp-json\/wp\/v2\/comments?post=618"}],"version-history":[{"count":4,"href":"https:\/\/zaverecne-prace.ucimesaweby.sk\/palfy\/wp-json\/wp\/v2\/pages\/618\/revisions"}],"predecessor-version":[{"id":623,"href":"https:\/\/zaverecne-prace.ucimesaweby.sk\/palfy\/wp-json\/wp\/v2\/pages\/618\/revisions\/623"}],"wp:attachment":[{"href":"https:\/\/zaverecne-prace.ucimesaweby.sk\/palfy\/wp-json\/wp\/v2\/media?parent=618"}],"curies":[{"name":"wp","href":"https:\/\/api.w.org\/{rel}","templated":true}]}}