{"id":601,"date":"2023-02-07T22:54:31","date_gmt":"2023-02-07T21:54:31","guid":{"rendered":"https:\/\/zaverecne-prace.ucimesaweby.sk\/palfy\/?page_id=601"},"modified":"2023-02-07T22:54:31","modified_gmt":"2023-02-07T21:54:31","slug":"publikacna-cinnost","status":"publish","type":"page","link":"https:\/\/zaverecne-prace.ucimesaweby.sk\/palfy\/publikacna-cinnost\/","title":{"rendered":"Publika\u010dn\u00e1 \u010dinnos\u0165"},"content":{"rendered":"<section class=\"l-section wpb_row height_auto width_full\"><div class=\"l-section-h i-cf\"><div class=\"g-cols vc_row via_grid cols_1 laptops-cols_inherit tablets-cols_inherit mobiles-cols_1 valign_top type_default stacking_default\"><div class=\"wpb_column vc_column_container\"><div class=\"vc_column-inner\"><section class=\"l-section wpb_row us_custom_d9f2040e height_medium width_full\"><div class=\"l-section-overlay\" style=\"background:rgba(0,0,0,0.25)\"><\/div><div class=\"l-section-h i-cf\"><div class=\"g-cols vc_row via_grid cols_1 laptops-cols_inherit tablets-cols_inherit mobiles-cols_1 valign_top type_default stacking_default\"><div class=\"wpb_column vc_column_container\"><div class=\"vc_column-inner\"><div class=\"w-separator size_small\"><\/div><h1 class=\"w-post-elm post_title us_custom_6df4bc3a has_text_color align_center entry-title color_link_inherit\">Publika\u010dn\u00e1 \u010dinnos\u0165<\/h1><div class=\"w-separator size_small\"><\/div><\/div><\/div><\/div><\/div><\/section>\n<\/div><\/div><\/div><\/div><\/section><section class=\"l-section wpb_row height_medium\"><div class=\"l-section-h i-cf\"><div class=\"g-cols vc_row via_grid cols_2 laptops-cols_inherit tablets-cols_1 mobiles-cols_1 valign_top type_default stacking_default\" style=\"grid-gap:10vh;\"><div class=\"wpb_column vc_column_container us_custom_60e9caca us_animate_this\"><div class=\"vc_column-inner\"><div class=\"g-cols wpb_row via_grid cols_2 laptops-cols_inherit tablets-cols_inherit mobiles-cols_1 valign_top type_default stacking_default\" style=\"grid-gap:2rem;\"><div class=\"wpb_column vc_column_container\"><div class=\"vc_column-inner\"><div class=\"w-image style_shadow-1 has_ratio align_none\"><div url class=\"w-image-h\"><div style=\"padding-bottom:133.3333%\"><\/div><img decoding=\"async\" width=\"722\" height=\"1024\" src=\"https:\/\/zaverecne-prace.ucimesaweby.sk\/palfy\/wp-content\/uploads\/2023\/02\/Zbornik-KD-v-21.-storoci-722x1024.png\" class=\"attachment-large size-large\" alt=\"\" srcset=\"https:\/\/zaverecne-prace.ucimesaweby.sk\/palfy\/wp-content\/uploads\/2023\/02\/Zbornik-KD-v-21.-storoci-722x1024.png 722w, https:\/\/zaverecne-prace.ucimesaweby.sk\/palfy\/wp-content\/uploads\/2023\/02\/Zbornik-KD-v-21.-storoci-211x300.png 211w, https:\/\/zaverecne-prace.ucimesaweby.sk\/palfy\/wp-content\/uploads\/2023\/02\/Zbornik-KD-v-21.-storoci.png 1749w\" sizes=\"(max-width: 722px) 100vw, 722px\" \/><\/div><\/div><\/div><\/div><div class=\"wpb_column vc_column_container\"><div class=\"vc_column-inner\"><div class=\"w-text us_custom_aa5b2c9b\"><span url class=\"w-text-h\"><span class=\"w-text-value\">2019<\/span><\/span><\/div><div class=\"w-separator size_custom\" style=\"height:1rem\"><\/div><h3 class=\"w-text\"><span url class=\"w-text-h\"><span class=\"w-text-value\">Kult\u00farne dedi\u010dstvo v 21. storo\u010d\u00ed.<\/span><\/span><\/h3><div class=\"w-separator size_custom\" style=\"height:1rem\"><\/div><div class=\"w-popup w-btn-wrapper align_left\"><button aria-label=\"Zobrazi\u0165\" class=\"w-popup-trigger type_btn w-btn us-btn-style_1\"><span class=\"w-btn-label\">Zobrazi\u0165<\/span><\/button><div class=\"w-popup-overlay\" style=\"background:rgba(0,0,0,0.85);\"><\/div><div class=\"w-popup-wrap\" style=\"--title-color:var(--color-content-heading);--title-bg-color:var(--color-content-bg-alt);--content-color:var(--color-content-text);--content-bg-color:var(--color-content-bg)\"><div class=\"w-popup-box animation_fadeIn closerpos_outside without_title\" style=\"width:600px;\"><div class=\"w-popup-box-h\"><div class=\"w-popup-box-content\" style=\"padding:5%;\"><p><a href=\"https:\/\/zaverecne-prace.ucimesaweby.sk\/palfy\/wp-content\/uploads\/2023\/02\/Zbornik-KD-v-21.-storoci.pdf\" class=\"pdfemb-viewer\" style=\"\" data-width=\"max\" data-height=\"max\"  data-toolbar=\"bottom\" data-toolbar-fixed=\"off\">Zbornik-KD-v-21.-storoci<br\/><\/a><\/p>\n<\/div><\/div><\/div><div class=\"w-popup-closer\"><\/div><\/div><\/div><\/div><\/div><\/div><\/div><\/div><div class=\"wpb_column vc_column_container us_custom_ca547909 us_animate_this\"><div class=\"vc_column-inner\"><div class=\"g-cols wpb_row via_grid cols_2 laptops-cols_inherit tablets-cols_inherit mobiles-cols_1 valign_top type_default stacking_default\" style=\"grid-gap:2rem;\"><div class=\"wpb_column vc_column_container\"><div class=\"vc_column-inner\"><div class=\"w-image style_shadow-1 has_ratio align_none\"><div url class=\"w-image-h\"><div style=\"padding-bottom:133.3333%\"><\/div><img decoding=\"async\" width=\"722\" height=\"1024\" src=\"https:\/\/zaverecne-prace.ucimesaweby.sk\/palfy\/wp-content\/uploads\/2023\/02\/Reflexie-fortifikacnej-a-industrialnej-architektury-Turoci-Jesensky-online-verzia_Page_01-722x1024.png\" class=\"attachment-large size-large\" alt=\"\" srcset=\"https:\/\/zaverecne-prace.ucimesaweby.sk\/palfy\/wp-content\/uploads\/2023\/02\/Reflexie-fortifikacnej-a-industrialnej-architektury-Turoci-Jesensky-online-verzia_Page_01-722x1024.png 722w, https:\/\/zaverecne-prace.ucimesaweby.sk\/palfy\/wp-content\/uploads\/2023\/02\/Reflexie-fortifikacnej-a-industrialnej-architektury-Turoci-Jesensky-online-verzia_Page_01-211x300.png 211w\" sizes=\"(max-width: 722px) 100vw, 722px\" \/><\/div><\/div><\/div><\/div><div class=\"wpb_column vc_column_container\"><div class=\"vc_column-inner\"><div class=\"w-text us_custom_aa5b2c9b\"><span url class=\"w-text-h\"><span class=\"w-text-value\">2020<\/span><\/span><\/div><div class=\"w-separator size_custom\" style=\"height:1rem\"><\/div><h3 class=\"w-text\"><span url class=\"w-text-h\"><span class=\"w-text-value\">Reflexie fortifika\u010dnej a industri\u00e1lnej architekt\u00fary<\/span><\/span><\/h3><div class=\"w-separator size_custom\" style=\"height:1rem\"><\/div><div class=\"w-popup w-btn-wrapper align_left\"><button aria-label=\"Zobrazi\u0165\" class=\"w-popup-trigger type_btn w-btn us-btn-style_1\"><span class=\"w-btn-label\">Zobrazi\u0165<\/span><\/button><div class=\"w-popup-overlay\" style=\"background:rgba(0,0,0,0.85);\"><\/div><div class=\"w-popup-wrap\" style=\"--title-color:var(--color-content-heading);--title-bg-color:var(--color-content-bg-alt);--content-color:var(--color-content-text);--content-bg-color:var(--color-content-bg)\"><div class=\"w-popup-box animation_fadeIn closerpos_outside without_title\" style=\"width:600px;\"><div class=\"w-popup-box-h\"><div class=\"w-popup-box-content\" style=\"padding:5%;\"><p><a href=\"https:\/\/zaverecne-prace.ucimesaweby.sk\/palfy\/wp-content\/uploads\/2023\/02\/Reflexie-fortifikacnej-a-industrialnej-architektury-Turoci-Jesensky-online-verzia.pdf\" class=\"pdfemb-viewer\" style=\"\" data-width=\"max\" data-height=\"max\"  data-toolbar=\"bottom\" data-toolbar-fixed=\"off\">Reflexie-fortifikacnej-a-industrialnej-architektury-Turoci-Jesensky-online-verzia<br\/><\/a><\/p>\n<\/div><\/div><\/div><div class=\"w-popup-closer\"><\/div><\/div><\/div><\/div><\/div><\/div><\/div><\/div><div class=\"wpb_column vc_column_container us_custom_60e9caca us_animate_this\"><div class=\"vc_column-inner\"><div class=\"g-cols wpb_row via_grid cols_2 laptops-cols_inherit tablets-cols_inherit mobiles-cols_1 valign_top type_default stacking_default\" style=\"grid-gap:2rem;\"><div class=\"wpb_column vc_column_container\"><div class=\"vc_column-inner\"><div class=\"w-image style_shadow-1 has_ratio align_none\"><div url class=\"w-image-h\"><div style=\"padding-bottom:133.3333%\"><\/div><img decoding=\"async\" width=\"724\" height=\"1024\" src=\"https:\/\/zaverecne-prace.ucimesaweby.sk\/palfy\/wp-content\/uploads\/2023\/02\/Bratislava_Kriticke_myslenie_Batorova_2022_uprava_2-724x1024.png\" class=\"attachment-large size-large\" alt=\"\" srcset=\"https:\/\/zaverecne-prace.ucimesaweby.sk\/palfy\/wp-content\/uploads\/2023\/02\/Bratislava_Kriticke_myslenie_Batorova_2022_uprava_2-724x1024.png 724w, https:\/\/zaverecne-prace.ucimesaweby.sk\/palfy\/wp-content\/uploads\/2023\/02\/Bratislava_Kriticke_myslenie_Batorova_2022_uprava_2-212x300.png 212w, https:\/\/zaverecne-prace.ucimesaweby.sk\/palfy\/wp-content\/uploads\/2023\/02\/Bratislava_Kriticke_myslenie_Batorova_2022_uprava_2.png 1654w\" sizes=\"(max-width: 724px) 100vw, 724px\" \/><\/div><\/div><\/div><\/div><div class=\"wpb_column vc_column_container\"><div class=\"vc_column-inner\"><div class=\"w-text us_custom_aa5b2c9b\"><span url class=\"w-text-h\"><span class=\"w-text-value\">2022<\/span><\/span><\/div><div class=\"w-separator size_custom\" style=\"height:1rem\"><\/div><h3 class=\"w-text\"><span url class=\"w-text-h\"><span class=\"w-text-value\">Kritick\u00e9 myslenie<\/span><\/span><\/h3><div class=\"w-separator size_custom\" style=\"height:1rem\"><\/div><div class=\"w-popup w-btn-wrapper align_left\"><button aria-label=\"Zobrazi\u0165\" class=\"w-popup-trigger type_btn w-btn us-btn-style_1\"><span class=\"w-btn-label\">Zobrazi\u0165<\/span><\/button><div class=\"w-popup-overlay\" style=\"background:rgba(0,0,0,0.85);\"><\/div><div class=\"w-popup-wrap\" style=\"--title-color:var(--color-content-heading);--title-bg-color:var(--color-content-bg-alt);--content-color:var(--color-content-text);--content-bg-color:var(--color-content-bg)\"><div class=\"w-popup-box animation_fadeIn closerpos_outside without_title\" style=\"width:600px;\"><div class=\"w-popup-box-h\"><div class=\"w-popup-box-content\" style=\"padding:5%;\"><p><a href=\"https:\/\/zaverecne-prace.ucimesaweby.sk\/palfy\/wp-content\/uploads\/2023\/02\/Bratislava_Kriticke_myslenie_Batorova_2022_uprava_2.pdf\" class=\"pdfemb-viewer\" style=\"\" data-width=\"max\" data-height=\"max\"  data-toolbar=\"bottom\" data-toolbar-fixed=\"off\">Bratislava_Kriticke_myslenie_Batorova_2022_uprava_2<br\/><\/a><\/p>\n<\/div><\/div><\/div><div class=\"w-popup-closer\"><\/div><\/div><\/div><\/div><\/div><\/div><\/div><\/div><\/div><\/div><\/section>\n","protected":false},"excerpt":{"rendered":"Publika\u010dn\u00e1 \u010dinnos\u0165 2019Kult\u00farne dedi\u010dstvo v 21. storo\u010d\u00ed.Zobrazi\u0165Zbornik-KD-v-21.-storoci 2020Reflexie fortifika\u010dnej a industri\u00e1lnej architekt\u00faryZobrazi\u0165Reflexie-fortifikacnej-a-industrialnej-architektury-Turoci-Jesensky-online-verzia 2022Kritick\u00e9 myslenieZobrazi\u0165Bratislava_Kriticke_myslenie_Batorova_2022_uprava_2","protected":false},"author":2,"featured_media":0,"parent":0,"menu_order":0,"comment_status":"closed","ping_status":"closed","template":"","meta":{"footnotes":""},"class_list":["post-601","page","type-page","status-publish","hentry"],"acf":[],"_links":{"self":[{"href":"https:\/\/zaverecne-prace.ucimesaweby.sk\/palfy\/wp-json\/wp\/v2\/pages\/601","targetHints":{"allow":["GET"]}}],"collection":[{"href":"https:\/\/zaverecne-prace.ucimesaweby.sk\/palfy\/wp-json\/wp\/v2\/pages"}],"about":[{"href":"https:\/\/zaverecne-prace.ucimesaweby.sk\/palfy\/wp-json\/wp\/v2\/types\/page"}],"author":[{"embeddable":true,"href":"https:\/\/zaverecne-prace.ucimesaweby.sk\/palfy\/wp-json\/wp\/v2\/users\/2"}],"replies":[{"embeddable":true,"href":"https:\/\/zaverecne-prace.ucimesaweby.sk\/palfy\/wp-json\/wp\/v2\/comments?post=601"}],"version-history":[{"count":9,"href":"https:\/\/zaverecne-prace.ucimesaweby.sk\/palfy\/wp-json\/wp\/v2\/pages\/601\/revisions"}],"predecessor-version":[{"id":616,"href":"https:\/\/zaverecne-prace.ucimesaweby.sk\/palfy\/wp-json\/wp\/v2\/pages\/601\/revisions\/616"}],"wp:attachment":[{"href":"https:\/\/zaverecne-prace.ucimesaweby.sk\/palfy\/wp-json\/wp\/v2\/media?parent=601"}],"curies":[{"name":"wp","href":"https:\/\/api.w.org\/{rel}","templated":true}]}}