{"id":533,"date":"2023-02-04T21:36:39","date_gmt":"2023-02-04T20:36:39","guid":{"rendered":"https:\/\/zaverecne-prace.ucimesaweby.sk\/palfy\/?page_id=533"},"modified":"2023-02-04T21:36:39","modified_gmt":"2023-02-04T20:36:39","slug":"poradcovia","status":"publish","type":"page","link":"https:\/\/zaverecne-prace.ucimesaweby.sk\/palfy\/poradcovia\/","title":{"rendered":"Poradcovia"},"content":{"rendered":"<section class=\"l-section wpb_row height_auto width_full\"><div class=\"l-section-h i-cf\"><div class=\"g-cols vc_row via_grid cols_1 laptops-cols_inherit tablets-cols_inherit mobiles-cols_1 valign_top type_default stacking_default\"><div class=\"wpb_column vc_column_container\"><div class=\"vc_column-inner\"><section class=\"l-section wpb_row us_custom_d9f2040e height_medium width_full\"><div class=\"l-section-overlay\" style=\"background:rgba(0,0,0,0.25)\"><\/div><div class=\"l-section-h i-cf\"><div class=\"g-cols vc_row via_grid cols_1 laptops-cols_inherit tablets-cols_inherit mobiles-cols_1 valign_top type_default stacking_default\"><div class=\"wpb_column vc_column_container\"><div class=\"vc_column-inner\"><div class=\"w-separator size_small\"><\/div><h1 class=\"w-post-elm post_title us_custom_6df4bc3a has_text_color align_center entry-title color_link_inherit\">Poradcovia<\/h1><div class=\"w-separator size_small\"><\/div><\/div><\/div><\/div><\/div><\/section>\n<\/div><\/div><\/div><\/div><\/section><section class=\"l-section wpb_row height_medium\"><div class=\"l-section-h i-cf\"><div class=\"g-cols vc_row via_grid cols_1 laptops-cols_inherit tablets-cols_inherit mobiles-cols_1 valign_top type_default stacking_default\"><div class=\"wpb_column vc_column_container\"><div class=\"vc_column-inner\"><h2 class=\"w-text us_custom_eb849559\"><span url class=\"w-text-h\"><span class=\"w-text-value\">\u0160tudijn\u00ed poradcovia bakal\u00e1rskeho \u0161t\u00fadia<\/span><\/span><\/h2><div class=\"w-separator size_medium\"><\/div><div class=\"g-cols wpb_row via_grid cols_4 laptops-cols_2 tablets-cols_2 mobiles-cols_1 valign_top type_default\" style=\"grid-gap:1.5rem;\"><div class=\"wpb_column vc_column_container\"><div class=\"vc_column-inner\"><div class=\"w-iconbox us_custom_13427bc9 iconpos_top style_circle color_primary align_center\"><div class=\"w-iconbox-icon\" style=\"font-size:1.8rem;\"><i class=\"far fa-code\"><\/i><\/div><div class=\"w-iconbox-meta\"><h4 class=\"w-iconbox-title\">1. Ro\u010dn\u00edk<\/h4><div class=\"w-iconbox-text\"><p>Mgr.\u00a0<strong>Veronika Ma\u017eg\u00fatov\u00e1<\/strong>, PhD.<\/p>\n<p>kancel\u00e1ria: AC315<br \/>\n<a href=\"tel:%20+421%2041%20513%206353\">tel.: +421 41 513 6353<\/a><br \/>\ne-mail:\u00a0<a href=\"mailto:veronika.mazgutova@fhv.uniza.sk\">veronika.mazgutova@fhv.uniza.sk<\/a><a href=\"mailto:veronika.murgasova@fhv.uniza.sk\"><br \/>\n<\/a>konzult\u00e1cie: streda 13:00 &#8211; 14:00<\/p>\n<\/div><\/div><\/div><\/div><\/div><div class=\"wpb_column vc_column_container\"><div class=\"vc_column-inner\"><div class=\"w-iconbox us_custom_13427bc9 iconpos_top style_circle color_primary align_center\"><div class=\"w-iconbox-icon\" style=\"font-size:1.8rem;\"><i class=\"far fa-bullhorn\"><\/i><\/div><div class=\"w-iconbox-meta\"><h4 class=\"w-iconbox-title\">2. Ro\u010dn\u00edk<\/h4><div class=\"w-iconbox-text\"><p>Mgr.\u00a0<strong>Vladim\u00edr Filip<\/strong>, PhD.<\/p>\n<p>kancel\u00e1ria:\u00a0AC315<br \/>\n<a href=\"tel:%20+421%2041%20513%206353\">tel.: +421 41 513 6353<\/a><br \/>\ne-mail:\u00a0<a href=\"mailto:vladimir.filip@fhv.uniza.sk\">vladimir.filip@fhv.uniza.sk<\/a><br \/>\nkonzult\u00e1cie: pondelok 14:00 &#8211; 15:00<\/p>\n<\/div><\/div><\/div><\/div><\/div><div class=\"wpb_column vc_column_container\"><div class=\"vc_column-inner\"><div class=\"w-iconbox us_custom_13427bc9 iconpos_top style_circle color_primary align_center\"><div class=\"w-iconbox-icon\" style=\"font-size:1.8rem;\"><i class=\"far fa-search\"><\/i><\/div><div class=\"w-iconbox-meta\"><h4 class=\"w-iconbox-title\">3. Ro\u010dn\u00edk<\/h4><div class=\"w-iconbox-text\"><p>Mgr.\u00a0<strong>Matej Somr<\/strong>, PhD.<\/p>\n<p>kancel\u00e1ria:\u00a0AC309<br \/>\n<a href=\"https:\/\/kmkd.fhv.uniza.sk\/tel.:%20+421%2041%20513%206355\">tel.: +421 41 513 6355<\/a><br \/>\ne-mail:\u00a0<a href=\"mailto:metej.somr@fhv.uniza.sk\">metej.somr@fhv.uniza.sk<\/a><a href=\"mailto:pavlina.cierna@fhv.uniza.sk\"><br \/>\n<\/a>konzult\u00e1cie: pondelok 9:00 &#8211; 10:00<\/p>\n<\/div><\/div><\/div><\/div><\/div><\/div><div class=\"w-separator size_large\"><\/div><h2 class=\"w-text us_custom_eb849559\"><span url class=\"w-text-h\"><span class=\"w-text-value\">\u0160tudijn\u00ed poradcovia magistersk\u00e9ho \u0161t\u00fadia<\/span><\/span><\/h2><div class=\"w-separator size_medium\"><\/div><div class=\"g-cols wpb_row via_grid cols_4 laptops-cols_2 tablets-cols_2 mobiles-cols_1 valign_top type_default\" style=\"grid-gap:1.5rem;\"><div class=\"wpb_column vc_column_container\"><div class=\"vc_column-inner\"><div class=\"w-iconbox us_custom_13427bc9 iconpos_top style_circle color_primary align_center\"><div class=\"w-iconbox-icon\" style=\"font-size:1.8rem;\"><i class=\"far fa-code\"><\/i><\/div><div class=\"w-iconbox-meta\"><h4 class=\"w-iconbox-title\">1. Ro\u010dn\u00edk<\/h4><div class=\"w-iconbox-text\"><p>Ing.\u00a0<strong>Henrieta \u0160utekov\u00e1<\/strong>, PhD.<\/p>\n<p>kancel\u00e1ria: AC307<br \/>\n<a href=\"tel:%20+421%2041%20513%206347\">tel: +421 41 513 6347<\/a><br \/>\ne-mail:\u00a0<a href=\"mailto:henrieta.sutekova@fhv.uniza.sk\">henrieta.sutekova@fhv.uniza.sk<br \/>\n<\/a>konzult\u00e1cie: utorok 10:00 &#8211; 11:00<\/p>\n<\/div><\/div><\/div><\/div><\/div><div class=\"wpb_column vc_column_container\"><div class=\"vc_column-inner\"><div class=\"w-iconbox us_custom_13427bc9 iconpos_top style_circle color_primary align_center\"><div class=\"w-iconbox-icon\" style=\"font-size:1.8rem;\"><i class=\"far fa-bullhorn\"><\/i><\/div><div class=\"w-iconbox-meta\"><h4 class=\"w-iconbox-title\">2. Ro\u010dn\u00edk<\/h4><div class=\"w-iconbox-text\"><p>Mgr.\u00a0<strong>Jarmila Majerov\u00e1<\/strong>, PhD.<\/p>\n<p>kancel\u00e1ria:\u00a0AC318<br \/>\n<a href=\"tel:%20+421%2041%20513%206300\">tel.: +421 41 513 6300<\/a><br \/>\ne-mail:\u00a0<a href=\"mailto:jarmila.majerova@fhv.uniza.sk\">jarmila.majerova@fhv.uniza.sk<br \/>\n<\/a>konzult\u00e1cie: pondelok 9:00 &#8211; 10:00<\/p>\n<\/div><\/div><\/div><\/div><\/div><\/div><\/div><\/div><\/div><\/div><\/section><section class=\"l-section wpb_row us_custom_c70c97eb height_medium\"><div class=\"l-section-h i-cf\"><div class=\"g-cols vc_row via_grid cols_1 laptops-cols_inherit tablets-cols_inherit mobiles-cols_1 valign_top type_default stacking_default\"><div class=\"wpb_column vc_column_container\"><div class=\"vc_column-inner\"><div class=\"w-actionbox color_light controls_right\"><div class=\"w-actionbox-text\"><h2 class=\"w-actionbox-title\" style=\"font-size:max( 2rem, 4.5vh )\">Zoznam konzulta\u010dn\u00fdch hod\u00edn<\/h2><\/div><div class=\"w-actionbox-controls\"><a class=\"w-btn us-btn-style_1 icon_atleft\" href=\"https:\/\/fhvuniza-my.sharepoint.com\/:x:\/g\/personal\/marian_grupac_fhv_uniza_sk\/Efnj2j-t14dIkjjvi6PpA1gB15RRmBpvzw9Y6zEzzwYtNQ?e=L40Es8\" style=\"font-size:1.2rem;\"><i class=\"fal fa-clock\"><\/i><span class=\"w-btn-label\">Zobrazi\u0165 hodiny<\/span><\/a><\/div><\/div><\/div><\/div><\/div><\/div><\/section>\n","protected":false},"excerpt":{"rendered":"Poradcovia \u0160tudijn\u00ed poradcovia bakal\u00e1rskeho \u0161t\u00fadia1. Ro\u010dn\u00edkMgr.\u00a0Veronika Ma\u017eg\u00fatov\u00e1, PhD. kancel\u00e1ria: AC315 tel.: +421 41 513 6353 e-mail:\u00a0veronika.mazgutova@fhv.uniza.sk konzult\u00e1cie: streda 13:00 - 14:00 2. Ro\u010dn\u00edkMgr.\u00a0Vladim\u00edr Filip, PhD. kancel\u00e1ria:\u00a0AC315 tel.: +421 41 513...","protected":false},"author":2,"featured_media":0,"parent":0,"menu_order":0,"comment_status":"closed","ping_status":"closed","template":"","meta":{"footnotes":""},"class_list":["post-533","page","type-page","status-publish","hentry"],"acf":[],"_links":{"self":[{"href":"https:\/\/zaverecne-prace.ucimesaweby.sk\/palfy\/wp-json\/wp\/v2\/pages\/533","targetHints":{"allow":["GET"]}}],"collection":[{"href":"https:\/\/zaverecne-prace.ucimesaweby.sk\/palfy\/wp-json\/wp\/v2\/pages"}],"about":[{"href":"https:\/\/zaverecne-prace.ucimesaweby.sk\/palfy\/wp-json\/wp\/v2\/types\/page"}],"author":[{"embeddable":true,"href":"https:\/\/zaverecne-prace.ucimesaweby.sk\/palfy\/wp-json\/wp\/v2\/users\/2"}],"replies":[{"embeddable":true,"href":"https:\/\/zaverecne-prace.ucimesaweby.sk\/palfy\/wp-json\/wp\/v2\/comments?post=533"}],"version-history":[{"count":18,"href":"https:\/\/zaverecne-prace.ucimesaweby.sk\/palfy\/wp-json\/wp\/v2\/pages\/533\/revisions"}],"predecessor-version":[{"id":551,"href":"https:\/\/zaverecne-prace.ucimesaweby.sk\/palfy\/wp-json\/wp\/v2\/pages\/533\/revisions\/551"}],"wp:attachment":[{"href":"https:\/\/zaverecne-prace.ucimesaweby.sk\/palfy\/wp-json\/wp\/v2\/media?parent=533"}],"curies":[{"name":"wp","href":"https:\/\/api.w.org\/{rel}","templated":true}]}}