{"id":115,"date":"2022-11-12T23:09:11","date_gmt":"2022-11-12T22:09:11","guid":{"rendered":"https:\/\/zaverecne-prace.ucimesaweby.sk\/palfy\/?page_id=115"},"modified":"2023-08-27T23:13:24","modified_gmt":"2023-08-27T21:13:24","slug":"preco-studovat-na-kmkd","status":"publish","type":"page","link":"https:\/\/zaverecne-prace.ucimesaweby.sk\/palfy\/preco-studovat-na-kmkd\/","title":{"rendered":"Pre\u010do \u0161tudova\u0165 na KMKD"},"content":{"rendered":"<section class=\"l-section wpb_row height_auto width_full\"><div class=\"l-section-h i-cf\"><div class=\"g-cols vc_row via_grid cols_1 laptops-cols_inherit tablets-cols_inherit mobiles-cols_1 valign_top type_default stacking_default\"><div class=\"wpb_column vc_column_container\"><div class=\"vc_column-inner\"><section class=\"l-section wpb_row us_custom_d9f2040e height_medium width_full\"><div class=\"l-section-overlay\" style=\"background:rgba(0,0,0,0.25)\"><\/div><div class=\"l-section-h i-cf\"><div class=\"g-cols vc_row via_grid cols_1 laptops-cols_inherit tablets-cols_inherit mobiles-cols_1 valign_top type_default stacking_default\"><div class=\"wpb_column vc_column_container\"><div class=\"vc_column-inner\"><div class=\"w-separator size_small\"><\/div><h1 class=\"w-post-elm post_title us_custom_6df4bc3a has_text_color align_center entry-title color_link_inherit\">Pre\u010do \u0161tudova\u0165 na KMKD<\/h1><div class=\"w-separator size_small\"><\/div><\/div><\/div><\/div><\/div><\/section>\n<\/div><\/div><\/div><\/div><\/section><section class=\"l-section wpb_row height_medium\"><div class=\"l-section-h i-cf\"><div class=\"g-cols vc_row via_grid cols_1 laptops-cols_inherit tablets-cols_inherit mobiles-cols_1 valign_top type_default stacking_default\"><div class=\"wpb_column vc_column_container\"><div class=\"vc_column-inner\"><div class=\"g-cols wpb_row via_grid cols_2 laptops-cols_inherit tablets-cols_inherit mobiles-cols_1 valign_middle type_default stacking_default\"><div class=\"wpb_column vc_column_container\"><div class=\"vc_column-inner\"><h2 class=\"w-text\"><span url class=\"w-text-h\"><span class=\"w-text-value\">Kreativita, komunik\u00e1cia, nov\u00e9 m\u00e9di\u00e1, informa\u010dn\u00e9 syst\u00e9my, tvorba webu, kult\u00farne dedi\u010dstvo, grafick\u00fd dizajn\u2026<\/span><\/span><\/h2><div class=\"wpb_text_column\"><div class=\"wpb_wrapper\"><p><strong>Katedra mediamatiky a kult\u00farneho<\/strong>\u00a0<strong>dedi\u010dstva<\/strong>\u00a0aktu\u00e1lne poskytuje \u0161t\u00fadium v bakal\u00e1rskom, magisterskom a doktorandskom stupni a\u00a0umo\u017e\u0148uje vykonanie rigor\u00f3znej sk\u00fa\u0161ky v \u0161tudijnom odbore medi\u00e1lne a komunika\u010dn\u00e9 \u0161t\u00fadi\u00e1. V dennej aj externej forme \u0161t\u00fadia a vo v\u0161etk\u00fdch ro\u010dn\u00edkoch \u0161tuduje pribli\u017ene 300 \u0161tudentov. \u0160tudenti sa maj\u00fa mo\u017enos\u0165 profilova\u0165 ako<strong>\u00a0informa\u010dn\u00ed \u0161pecialisti<\/strong>,\u00a0ktor\u00fdch k\u013e\u00fa\u010dov\u00fdmi kompetenciami s\u00fa\u00a0<strong>profesion\u00e1lne vyh\u013ead\u00e1vanie inform\u00e1ci\u00ed, ich spracovanie a spr\u00edstup\u0148ovanie inform\u00e1ci\u00ed ako aj ich prezent\u00e1cia<\/strong>.<\/p>\n<\/div><\/div><div class=\"w-separator size_small\"><\/div><div class=\"w-btn-wrapper align_none\"><a class=\"w-btn us-btn-style_1\" href=\"\/prijimacie-konanie\/\"><span class=\"w-btn-label\">M\u00e1m z\u00e1ujem<\/span><\/a><\/div><\/div><\/div><div class=\"wpb_column vc_column_container\"><div class=\"vc_column-inner\"><div class=\"w-image us_custom_9cf479d2 style_shadow-2 align_none\"><div url class=\"w-image-h\"><div class=\"w-image-shadow\" style=\"background-image:url(https:\/\/zaverecne-prace.ucimesaweby.sk\/palfy\/wp-content\/uploads\/2022\/11\/preco-studovat-1024x683.jpg);\"><\/div><img decoding=\"async\" width=\"1024\" height=\"683\" src=\"https:\/\/zaverecne-prace.ucimesaweby.sk\/palfy\/wp-content\/uploads\/2022\/11\/preco-studovat-1024x683.jpg\" class=\"attachment-large size-large\" alt=\"\" srcset=\"https:\/\/zaverecne-prace.ucimesaweby.sk\/palfy\/wp-content\/uploads\/2022\/11\/preco-studovat-1024x683.jpg 1024w, https:\/\/zaverecne-prace.ucimesaweby.sk\/palfy\/wp-content\/uploads\/2022\/11\/preco-studovat-300x200.jpg 300w\" sizes=\"(max-width: 1024px) 100vw, 1024px\" \/><\/div><\/div><\/div><\/div><\/div><\/div><\/div><\/div><\/div><\/section><section class=\"l-section wpb_row height_medium\"><div class=\"l-section-h i-cf\"><div class=\"g-cols vc_row via_grid cols_1 laptops-cols_inherit tablets-cols_inherit mobiles-cols_1 valign_top type_default stacking_default\"><div class=\"wpb_column vc_column_container\"><div class=\"vc_column-inner\"><h2 class=\"w-text us_custom_eb849559\"><span url class=\"w-text-h\"><span class=\"w-text-value\">Mediamatika a kult\u00farne dedi\u010dstvo je \u0161tudijn\u00fd program, ktor\u00fd:<\/span><\/span><\/h2><div class=\"w-separator size_medium\"><\/div><div class=\"g-cols wpb_row via_grid cols_3 laptops-cols_2 tablets-cols_inherit mobiles-cols_1 valign_top type_default\" style=\"grid-gap:1.5rem;\"><div class=\"wpb_column vc_column_container\"><div class=\"vc_column-inner\"><div class=\"w-ibanner us_custom_9cf479d2 animation_soter ratio_3x2 easing_ease\"><div class=\"w-ibanner-h\"><div class=\"w-ibanner-image\" style=\"background-image: url(https:\/\/zaverecne-prace.ucimesaweby.sk\/palfy\/wp-content\/uploads\/2022\/11\/pexels-magda-ehlers-1054713-1024x683.jpg)\"><\/div><div class=\"w-ibanner-content\"><div class=\"w-ibanner-content-h\"><h2 class=\"w-ibanner-title\"><\/h2><div class=\"w-ibanner-desc\"><p>zaober\u00e1 sa najm\u00e4 inform\u00e1ciou, komunik\u00e1ciou, m\u00e9diami a digit\u00e1lnou dokument\u00e1ciou;<\/p>\n<\/div><\/div><\/div><\/div><\/div><div class=\"w-separator size_medium\"><\/div><\/div><\/div><div class=\"wpb_column vc_column_container\"><div class=\"vc_column-inner\"><div class=\"w-ibanner us_custom_9cf479d2 animation_soter ratio_3x2 easing_ease\"><div class=\"w-ibanner-h\"><div class=\"w-ibanner-image\" style=\"background-image: url(https:\/\/zaverecne-prace.ucimesaweby.sk\/palfy\/wp-content\/uploads\/2022\/11\/pexels-vlada-karpovich-4050347-1024x683.jpg)\"><\/div><div class=\"w-ibanner-content\"><div class=\"w-ibanner-content-h\"><h2 class=\"w-ibanner-title\"><\/h2><div class=\"w-ibanner-desc\"><p>u\u010d\u00ed digit\u00e1lne inform\u00e1cie vyh\u013ead\u00e1va\u0165, tvori\u0165, spracova\u0165, spravova\u0165 a organizova\u0165, sprostredkova\u0165 a spr\u00edstup\u0148ova\u0165;<\/p>\n<\/div><\/div><\/div><\/div><\/div><div class=\"w-separator size_medium\"><\/div><\/div><\/div><div class=\"wpb_column vc_column_container\"><div class=\"vc_column-inner\"><div class=\"w-ibanner us_custom_9cf479d2 animation_soter ratio_3x2 easing_ease\"><div class=\"w-ibanner-h\"><div class=\"w-ibanner-image\" style=\"background-image: url(https:\/\/zaverecne-prace.ucimesaweby.sk\/palfy\/wp-content\/uploads\/2022\/11\/pexels-vojtech-okenka-392018-1024x683.jpg)\"><\/div><div class=\"w-ibanner-content\"><div class=\"w-ibanner-content-h\"><h2 class=\"w-ibanner-title\"><\/h2><div class=\"w-ibanner-desc\"><p>pracuje so v\u0161etk\u00fdmi formami inform\u00e1cie textovou, vizu\u00e1lnou, multimedi\u00e1lnou, soci\u00e1lnou, interakt\u00edvnou;<\/p>\n<\/div><\/div><\/div><\/div><\/div><div class=\"w-separator size_medium\"><\/div><\/div><\/div><div class=\"wpb_column vc_column_container\"><div class=\"vc_column-inner\"><div class=\"w-ibanner us_custom_9cf479d2 animation_soter ratio_3x2 easing_ease\"><div class=\"w-ibanner-h\"><div class=\"w-ibanner-image\" style=\"background-image: url(https:\/\/zaverecne-prace.ucimesaweby.sk\/palfy\/wp-content\/uploads\/2022\/11\/pexels-andrea-piacquadio-834949-1024x683.jpg)\"><\/div><div class=\"w-ibanner-content\"><div class=\"w-ibanner-content-h\"><h2 class=\"w-ibanner-title\"><\/h2><div class=\"w-ibanner-desc\"><p>prin\u00e1\u0161a najnov\u0161ie poznatky z oblasti digitaliz\u00e1cie informa\u010dn\u00fdch obsahov;<\/p>\n<\/div><\/div><\/div><\/div><\/div><\/div><\/div><div class=\"wpb_column vc_column_container\"><div class=\"vc_column-inner\"><div class=\"w-ibanner us_custom_9cf479d2 animation_soter ratio_3x2 easing_ease\"><div class=\"w-ibanner-h\"><div class=\"w-ibanner-image\" style=\"background-image: url(https:\/\/zaverecne-prace.ucimesaweby.sk\/palfy\/wp-content\/uploads\/2022\/11\/pexels-anete-lusina-4792729-1024x684.jpg)\"><\/div><div class=\"w-ibanner-content\"><div class=\"w-ibanner-content-h\"><h2 class=\"w-ibanner-title\"><\/h2><div class=\"w-ibanner-desc\"><p>patr\u00ed pod medi\u00e1lne a komunika\u010dn\u00e9 \u0161t\u00fadi\u00e1 so zameran\u00edm najm\u00e4 na digitaliz\u00e1ciu a inform\u00e1ciu v sieti;<\/p>\n<\/div><\/div><\/div><\/div><\/div><\/div><\/div><div class=\"wpb_column vc_column_container\"><div class=\"vc_column-inner\"><div class=\"w-ibanner us_custom_9cf479d2 animation_soter ratio_3x2 easing_ease\"><div class=\"w-ibanner-h\"><div class=\"w-ibanner-image\" style=\"background-image: url(https:\/\/zaverecne-prace.ucimesaweby.sk\/palfy\/wp-content\/uploads\/2022\/11\/pexels-ekrulila-2292837-1024x678.jpg)\"><\/div><div class=\"w-ibanner-content\"><div class=\"w-ibanner-content-h\"><h2 class=\"w-ibanner-title\"><\/h2><div class=\"w-ibanner-desc\"><p>poskytuje 3 \u0161pecializ\u00e1cie v bakal\u00e1rskom aj magisterskom stupni, pon\u00faka doktorandsk\u00e9 a rigor\u00f3zne \u0161t\u00fadium.<\/p>\n<\/div><\/div><\/div><\/div><\/div><\/div><\/div><\/div><div class=\"w-separator size_medium\"><\/div><\/div><\/div><\/div><\/div><\/section><section class=\"l-section wpb_row us_custom_0d15be52 height_medium\"><div class=\"l-section-h i-cf\"><div class=\"g-cols vc_row via_grid cols_1 laptops-cols_inherit tablets-cols_inherit mobiles-cols_1 valign_top type_default stacking_default\"><div class=\"wpb_column vc_column_container\"><div class=\"vc_column-inner\"><h2 class=\"w-text us_custom_eb849559\"><span url class=\"w-text-h\"><span class=\"w-text-value\">Mediamatika a kult\u00farne dedi\u010dstvo je \u0161tudijn\u00fd program pre teba, ak:<\/span><\/span><\/h2><div class=\"w-separator size_medium\"><\/div><div class=\"g-cols wpb_row via_grid cols_3 laptops-cols_inherit tablets-cols_inherit mobiles-cols_1 valign_top type_default stacking_default\" style=\"grid-gap:4rem;\"><div class=\"wpb_column vc_column_container\"><div class=\"vc_column-inner\"><div class=\"w-iconbox iconpos_left style_default color_primary align_left no_title icontype_img\"><div class=\"w-iconbox-icon\" style=\"font-size:3.5rem;\"><img decoding=\"async\" width=\"512\" height=\"512\" src=\"https:\/\/zaverecne-prace.ucimesaweby.sk\/palfy\/wp-content\/uploads\/2022\/11\/pocitace.png\" class=\"attachment-full size-full\" alt=\"\" srcset=\"https:\/\/zaverecne-prace.ucimesaweby.sk\/palfy\/wp-content\/uploads\/2022\/11\/pocitace.png 512w, https:\/\/zaverecne-prace.ucimesaweby.sk\/palfy\/wp-content\/uploads\/2022\/11\/pocitace-300x300.png 300w, https:\/\/zaverecne-prace.ucimesaweby.sk\/palfy\/wp-content\/uploads\/2022\/11\/pocitace-150x150.png 150w\" sizes=\"(max-width: 512px) 100vw, 512px\" \/><\/div><div class=\"w-iconbox-meta\"><div class=\"w-iconbox-text\"><p>\u0165a bav\u00ed v\u0161etko, \u010do sa t\u00fdka po\u010d\u00edta\u010dov a modern\u00fdch technol\u00f3gi\u00ed, ale na informatick\u00fdch odboroch je matematika;<\/p>\n<\/div><\/div><\/div><div class=\"w-separator size_medium\"><\/div><\/div><\/div><div class=\"wpb_column vc_column_container\"><div class=\"vc_column-inner\"><div class=\"w-iconbox iconpos_left style_default color_primary align_left no_title icontype_img\"><div class=\"w-iconbox-icon\" style=\"font-size:3.5rem;\"><img decoding=\"async\" width=\"512\" height=\"512\" src=\"https:\/\/zaverecne-prace.ucimesaweby.sk\/palfy\/wp-content\/uploads\/2022\/11\/seo.png\" class=\"attachment-full size-full\" alt=\"\" srcset=\"https:\/\/zaverecne-prace.ucimesaweby.sk\/palfy\/wp-content\/uploads\/2022\/11\/seo.png 512w, https:\/\/zaverecne-prace.ucimesaweby.sk\/palfy\/wp-content\/uploads\/2022\/11\/seo-300x300.png 300w, https:\/\/zaverecne-prace.ucimesaweby.sk\/palfy\/wp-content\/uploads\/2022\/11\/seo-150x150.png 150w\" sizes=\"(max-width: 512px) 100vw, 512px\" \/><\/div><div class=\"w-iconbox-meta\"><div class=\"w-iconbox-text\"><p>by si chcel vedie\u0165 tvori\u0165 optimalizovan\u00e9 a modern\u00e9 webov\u00e9 str\u00e1nky, ale hardcore programovanie ide mimo teba;<\/p>\n<\/div><\/div><\/div><div class=\"w-separator size_medium\"><\/div><\/div><\/div><div class=\"wpb_column vc_column_container\"><div class=\"vc_column-inner\"><div class=\"w-iconbox iconpos_left style_default color_primary align_left no_title icontype_img\"><div class=\"w-iconbox-icon\" style=\"font-size:3.5rem;\"><img decoding=\"async\" width=\"512\" height=\"512\" src=\"https:\/\/zaverecne-prace.ucimesaweby.sk\/palfy\/wp-content\/uploads\/2022\/11\/social.png\" class=\"attachment-full size-full\" alt=\"\" srcset=\"https:\/\/zaverecne-prace.ucimesaweby.sk\/palfy\/wp-content\/uploads\/2022\/11\/social.png 512w, https:\/\/zaverecne-prace.ucimesaweby.sk\/palfy\/wp-content\/uploads\/2022\/11\/social-300x300.png 300w, https:\/\/zaverecne-prace.ucimesaweby.sk\/palfy\/wp-content\/uploads\/2022\/11\/social-150x150.png 150w\" sizes=\"(max-width: 512px) 100vw, 512px\" \/><\/div><div class=\"w-iconbox-meta\"><div class=\"w-iconbox-text\"><p>si ako doma na soci\u00e1lnych sie\u0165ach a na Instagrame, Facebooku, Twitteri \u010di Snapchate tr\u00e1vi\u0161 24\/7<\/p>\n<\/div><\/div><\/div><div class=\"w-separator size_medium\"><\/div><\/div><\/div><div class=\"wpb_column vc_column_container\"><div class=\"vc_column-inner\"><div class=\"w-iconbox iconpos_left style_default color_primary align_left no_title icontype_img\"><div class=\"w-iconbox-icon\" style=\"font-size:3.5rem;\"><img decoding=\"async\" width=\"512\" height=\"512\" src=\"https:\/\/zaverecne-prace.ucimesaweby.sk\/palfy\/wp-content\/uploads\/2022\/11\/kultura.png\" class=\"attachment-full size-full\" alt=\"\" srcset=\"https:\/\/zaverecne-prace.ucimesaweby.sk\/palfy\/wp-content\/uploads\/2022\/11\/kultura.png 512w, https:\/\/zaverecne-prace.ucimesaweby.sk\/palfy\/wp-content\/uploads\/2022\/11\/kultura-300x300.png 300w, https:\/\/zaverecne-prace.ucimesaweby.sk\/palfy\/wp-content\/uploads\/2022\/11\/kultura-150x150.png 150w\" sizes=\"(max-width: 512px) 100vw, 512px\" \/><\/div><div class=\"w-iconbox-meta\"><div class=\"w-iconbox-text\"><p>\u0165a zauj\u00edma, ako si stoj\u00ed na\u0161e kult\u00farne dedi\u010dstvo a kult\u00farne in\u0161tit\u00facie v digit\u00e1lnom svete;<\/p>\n<\/div><\/div><\/div><div class=\"w-separator size_medium\"><\/div><\/div><\/div><div class=\"wpb_column vc_column_container\"><div class=\"vc_column-inner\"><div class=\"w-iconbox iconpos_left style_default color_primary align_left no_title icontype_img\"><div class=\"w-iconbox-icon\" style=\"font-size:3.5rem;\"><img decoding=\"async\" width=\"512\" height=\"512\" src=\"https:\/\/zaverecne-prace.ucimesaweby.sk\/palfy\/wp-content\/uploads\/2022\/11\/fotografie.png\" class=\"attachment-full size-full\" alt=\"\" srcset=\"https:\/\/zaverecne-prace.ucimesaweby.sk\/palfy\/wp-content\/uploads\/2022\/11\/fotografie.png 512w, https:\/\/zaverecne-prace.ucimesaweby.sk\/palfy\/wp-content\/uploads\/2022\/11\/fotografie-300x300.png 300w, https:\/\/zaverecne-prace.ucimesaweby.sk\/palfy\/wp-content\/uploads\/2022\/11\/fotografie-150x150.png 150w\" sizes=\"(max-width: 512px) 100vw, 512px\" \/><\/div><div class=\"w-iconbox-meta\"><div class=\"w-iconbox-text\"><p>r\u00e1d fot\u00ed\u0161 (hoci aj selfie), kresl\u00ed\u0161 a zauj\u00edma \u0165a po\u010d\u00edta\u010dov\u00e1 grafika \u010di dokonca by si sa chcel nau\u010di\u0165 nie\u010do animova\u0165;<\/p>\n<\/div><\/div><\/div><div class=\"w-separator size_medium\"><\/div><\/div><\/div><div class=\"wpb_column vc_column_container\"><div class=\"vc_column-inner\"><div class=\"w-iconbox iconpos_left style_default color_primary align_left no_title icontype_img\"><div class=\"w-iconbox-icon\" style=\"font-size:3.5rem;\"><img decoding=\"async\" width=\"512\" height=\"512\" src=\"https:\/\/zaverecne-prace.ucimesaweby.sk\/palfy\/wp-content\/uploads\/2022\/11\/blog.png\" class=\"attachment-full size-full\" alt=\"\" srcset=\"https:\/\/zaverecne-prace.ucimesaweby.sk\/palfy\/wp-content\/uploads\/2022\/11\/blog.png 512w, https:\/\/zaverecne-prace.ucimesaweby.sk\/palfy\/wp-content\/uploads\/2022\/11\/blog-300x300.png 300w, https:\/\/zaverecne-prace.ucimesaweby.sk\/palfy\/wp-content\/uploads\/2022\/11\/blog-150x150.png 150w\" sizes=\"(max-width: 512px) 100vw, 512px\" \/><\/div><div class=\"w-iconbox-meta\"><div class=\"w-iconbox-text\"><p>p\u00ed\u0161e\u0161 vlastn\u00fd blog, pozn\u00e1\u0161 v\u0161etky spravodajsk\u00e9 port\u00e1ly a sleduje\u0161 medi\u00e1lne dianie okolo seba;<\/p>\n<\/div><\/div><\/div><div class=\"w-separator size_medium\"><\/div><\/div><\/div><div class=\"wpb_column vc_column_container\"><div class=\"vc_column-inner\"><div class=\"w-iconbox iconpos_left style_default color_primary align_left no_title icontype_img\"><div class=\"w-iconbox-icon\" style=\"font-size:3.5rem;\"><img decoding=\"async\" width=\"512\" height=\"512\" src=\"https:\/\/zaverecne-prace.ucimesaweby.sk\/palfy\/wp-content\/uploads\/2022\/11\/team.png\" class=\"attachment-full size-full\" alt=\"\" srcset=\"https:\/\/zaverecne-prace.ucimesaweby.sk\/palfy\/wp-content\/uploads\/2022\/11\/team.png 512w, https:\/\/zaverecne-prace.ucimesaweby.sk\/palfy\/wp-content\/uploads\/2022\/11\/team-300x300.png 300w, https:\/\/zaverecne-prace.ucimesaweby.sk\/palfy\/wp-content\/uploads\/2022\/11\/team-150x150.png 150w\" sizes=\"(max-width: 512px) 100vw, 512px\" \/><\/div><div class=\"w-iconbox-meta\"><div class=\"w-iconbox-text\"><p>si komunikat\u00edvny, spolo\u010densk\u00fd a kreat\u00edvny typ a chcel by si sa nau\u010di\u0165, ako pracova\u0165 v t\u00edme;<\/p>\n<\/div><\/div><\/div><\/div><\/div><div class=\"wpb_column vc_column_container\"><div class=\"vc_column-inner\"><div class=\"w-iconbox iconpos_left style_default color_primary align_left no_title icontype_img\"><div class=\"w-iconbox-icon\" style=\"font-size:3.5rem;\"><img decoding=\"async\" width=\"512\" height=\"512\" src=\"https:\/\/zaverecne-prace.ucimesaweby.sk\/palfy\/wp-content\/uploads\/2022\/11\/gramotnost.png\" class=\"attachment-full size-full\" alt=\"\" srcset=\"https:\/\/zaverecne-prace.ucimesaweby.sk\/palfy\/wp-content\/uploads\/2022\/11\/gramotnost.png 512w, https:\/\/zaverecne-prace.ucimesaweby.sk\/palfy\/wp-content\/uploads\/2022\/11\/gramotnost-300x300.png 300w, https:\/\/zaverecne-prace.ucimesaweby.sk\/palfy\/wp-content\/uploads\/2022\/11\/gramotnost-150x150.png 150w\" sizes=\"(max-width: 512px) 100vw, 512px\" \/><\/div><div class=\"w-iconbox-meta\"><div class=\"w-iconbox-text\"><p>sa chce\u0161 nau\u010di\u0165 myslie\u0165 kriticky, rozv\u00edja\u0165 svoju medi\u00e1lnu, informa\u010dn\u00fa a digit\u00e1lnu gramotnos\u0165;<\/p>\n<\/div><\/div><\/div><\/div><\/div><div class=\"wpb_column vc_column_container\"><div class=\"vc_column-inner\"><div class=\"w-iconbox iconpos_left style_default color_primary align_left no_title icontype_img\"><div class=\"w-iconbox-icon\" style=\"font-size:3.5rem;\"><img decoding=\"async\" width=\"512\" height=\"512\" src=\"https:\/\/zaverecne-prace.ucimesaweby.sk\/palfy\/wp-content\/uploads\/2022\/11\/modernost.png\" class=\"attachment-full size-full\" alt=\"\" srcset=\"https:\/\/zaverecne-prace.ucimesaweby.sk\/palfy\/wp-content\/uploads\/2022\/11\/modernost.png 512w, https:\/\/zaverecne-prace.ucimesaweby.sk\/palfy\/wp-content\/uploads\/2022\/11\/modernost-300x300.png 300w, https:\/\/zaverecne-prace.ucimesaweby.sk\/palfy\/wp-content\/uploads\/2022\/11\/modernost-150x150.png 150w\" sizes=\"(max-width: 512px) 100vw, 512px\" \/><\/div><div class=\"w-iconbox-meta\"><div class=\"w-iconbox-text\"><p>chce\u0161 \u0161tudova\u0165 modern\u00fd odbor, ktor\u00fd nie je len o memorovan\u00ed, ale kr\u00e1\u010da s dobou a z\u00e1rove\u0148 si u\u017e\u00edva\u0165 \u0161tudentsk\u00fd \u017eivot.<\/p>\n<\/div><\/div><\/div><\/div><\/div><\/div><div class=\"w-separator size_small\"><\/div><div class=\"w-btn-wrapper align_center\"><a class=\"w-btn us-btn-style_1\" href=\"\/prijimacie-konanie\/\"><span class=\"w-btn-label\">M\u00e1m z\u00e1ujem<\/span><\/a><\/div><\/div><\/div><\/div><\/div><\/section>\n","protected":false},"excerpt":{"rendered":"Pre\u010do \u0161tudova\u0165 na KMKD Kreativita, komunik\u00e1cia, nov\u00e9 m\u00e9di\u00e1, informa\u010dn\u00e9 syst\u00e9my, tvorba webu, kult\u00farne dedi\u010dstvo, grafick\u00fd dizajn\u2026Katedra mediamatiky a kult\u00farneho\u00a0dedi\u010dstva\u00a0aktu\u00e1lne poskytuje \u0161t\u00fadium v bakal\u00e1rskom, magisterskom a doktorandskom stupni a\u00a0umo\u017e\u0148uje vykonanie rigor\u00f3znej...","protected":false},"author":2,"featured_media":103,"parent":0,"menu_order":0,"comment_status":"closed","ping_status":"closed","template":"","meta":{"footnotes":""},"class_list":["post-115","page","type-page","status-publish","has-post-thumbnail","hentry"],"acf":[],"_links":{"self":[{"href":"https:\/\/zaverecne-prace.ucimesaweby.sk\/palfy\/wp-json\/wp\/v2\/pages\/115","targetHints":{"allow":["GET"]}}],"collection":[{"href":"https:\/\/zaverecne-prace.ucimesaweby.sk\/palfy\/wp-json\/wp\/v2\/pages"}],"about":[{"href":"https:\/\/zaverecne-prace.ucimesaweby.sk\/palfy\/wp-json\/wp\/v2\/types\/page"}],"author":[{"embeddable":true,"href":"https:\/\/zaverecne-prace.ucimesaweby.sk\/palfy\/wp-json\/wp\/v2\/users\/2"}],"replies":[{"embeddable":true,"href":"https:\/\/zaverecne-prace.ucimesaweby.sk\/palfy\/wp-json\/wp\/v2\/comments?post=115"}],"version-history":[{"count":52,"href":"https:\/\/zaverecne-prace.ucimesaweby.sk\/palfy\/wp-json\/wp\/v2\/pages\/115\/revisions"}],"predecessor-version":[{"id":2319,"href":"https:\/\/zaverecne-prace.ucimesaweby.sk\/palfy\/wp-json\/wp\/v2\/pages\/115\/revisions\/2319"}],"wp:featuredmedia":[{"embeddable":true,"href":"https:\/\/zaverecne-prace.ucimesaweby.sk\/palfy\/wp-json\/wp\/v2\/media\/103"}],"wp:attachment":[{"href":"https:\/\/zaverecne-prace.ucimesaweby.sk\/palfy\/wp-json\/wp\/v2\/media?parent=115"}],"curies":[{"name":"wp","href":"https:\/\/api.w.org\/{rel}","templated":true}]}}