{"id":542,"date":"2025-03-19T22:22:01","date_gmt":"2025-03-19T21:22:01","guid":{"rendered":"https:\/\/zaverecne-prace.ucimesaweby.sk\/palfy-n\/?page_id=542"},"modified":"2025-04-27T21:13:21","modified_gmt":"2025-04-27T19:13:21","slug":"mapovanie","status":"publish","type":"page","link":"https:\/\/zaverecne-prace.ucimesaweby.sk\/palfy-n\/mapovanie\/","title":{"rendered":"MAPOVANIE"},"content":{"rendered":"\t\t<div data-elementor-type=\"wp-post\" data-elementor-id=\"542\" class=\"elementor elementor-542\" data-elementor-post-type=\"page\">\n\t\t\t\t<div class=\"elementor-element elementor-element-a5aa239 e-flex e-con-boxed e-con e-parent\" data-id=\"a5aa239\" data-element_type=\"container\" data-settings=\"{&quot;background_background&quot;:&quot;classic&quot;}\">\n\t\t\t\t\t<div class=\"e-con-inner\">\n\t\t\t\t<div class=\"elementor-element elementor-element-be96d64 elementor-widget elementor-widget-heading\" data-id=\"be96d64\" data-element_type=\"widget\" data-widget_type=\"heading.default\">\n\t\t\t\t<div class=\"elementor-widget-container\">\n\t\t\t\t\t<h1 class=\"elementor-heading-title elementor-size-default\">MAPOVANIE<\/h1>\t\t\t\t<\/div>\n\t\t\t\t<\/div>\n\t\t\t\t<div class=\"elementor-element elementor-element-bc4bfcc elementor-widget elementor-widget-button\" data-id=\"bc4bfcc\" data-element_type=\"widget\" data-widget_type=\"button.default\">\n\t\t\t\t<div class=\"elementor-widget-container\">\n\t\t\t\t\t\t\t\t\t<div class=\"elementor-button-wrapper\">\n\t\t\t\t\t<a class=\"elementor-button elementor-button-link elementor-size-sm\" href=\"#kraj\">\n\t\t\t\t\t\t<span class=\"elementor-button-content-wrapper\">\n\t\t\t\t\t\t\t\t\t<span class=\"elementor-button-text\">zobrazi\u0165 krajiny<\/span>\n\t\t\t\t\t<\/span>\n\t\t\t\t\t<\/a>\n\t\t\t\t<\/div>\n\t\t\t\t\t\t\t\t<\/div>\n\t\t\t\t<\/div>\n\t\t\t\t\t<\/div>\n\t\t\t\t<\/div>\n\t\t<div class=\"elementor-element elementor-element-1ea260a e-flex e-con-boxed e-con e-parent\" data-id=\"1ea260a\" data-element_type=\"container\" id=\"kraj\" data-settings=\"{&quot;background_background&quot;:&quot;classic&quot;}\">\n\t\t\t\t\t<div class=\"e-con-inner\">\n\t\t<div class=\"elementor-element elementor-element-53e9612 e-con-full e-flex e-con e-child\" data-id=\"53e9612\" data-element_type=\"container\">\n\t\t\t\t<div class=\"elementor-element elementor-element-7179047 elementor-widget elementor-widget-heading\" data-id=\"7179047\" data-element_type=\"widget\" data-widget_type=\"heading.default\">\n\t\t\t\t<div class=\"elementor-widget-container\">\n\t\t\t\t\t<h2 class=\"elementor-heading-title elementor-size-default\">ZOZNAM KRAJ\u00cdN<\/h2>\t\t\t\t<\/div>\n\t\t\t\t<\/div>\n\t\t\t\t<div class=\"elementor-element elementor-element-9db05f7 elementor-widget-divider--view-line elementor-widget elementor-widget-divider\" data-id=\"9db05f7\" data-element_type=\"widget\" data-widget_type=\"divider.default\">\n\t\t\t\t<div class=\"elementor-widget-container\">\n\t\t\t\t\t\t\t<div class=\"elementor-divider\">\n\t\t\t<span class=\"elementor-divider-separator\">\n\t\t\t\t\t\t<\/span>\n\t\t<\/div>\n\t\t\t\t\t\t<\/div>\n\t\t\t\t<\/div>\n\t\t\t\t<\/div>\n\t\t\t\t\t<\/div>\n\t\t\t\t<\/div>\n\t\t<div class=\"elementor-element elementor-element-763a77a e-flex e-con-boxed e-con e-parent\" data-id=\"763a77a\" data-element_type=\"container\" data-settings=\"{&quot;background_background&quot;:&quot;classic&quot;}\">\n\t\t\t\t\t<div class=\"e-con-inner\">\n\t\t<div class=\"elementor-element elementor-element-b19ea39 e-con-full e-flex e-con e-child\" data-id=\"b19ea39\" data-element_type=\"container\">\n\t\t\t\t<div class=\"elementor-element elementor-element-f99f203 elementor-widget elementor-widget-image\" data-id=\"f99f203\" data-element_type=\"widget\" data-widget_type=\"image.default\">\n\t\t\t\t<div class=\"elementor-widget-container\">\n\t\t\t\t\t\t\t\t\t\t\t\t\t\t\t\t<a href=\"https:\/\/zaverecne-prace.ucimesaweby.sk\/palfy-n\/cesko\/\">\n\t\t\t\t\t\t\t<img fetchpriority=\"high\" decoding=\"async\" width=\"1024\" height=\"576\" src=\"https:\/\/zaverecne-prace.ucimesaweby.sk\/palfy-n\/wp-content\/uploads\/2025\/04\/DSC04556-1024x576.jpg\" class=\"attachment-large size-large wp-image-1413\" alt=\"\" srcset=\"https:\/\/zaverecne-prace.ucimesaweby.sk\/palfy-n\/wp-content\/uploads\/2025\/04\/DSC04556-1024x576.jpg 1024w, https:\/\/zaverecne-prace.ucimesaweby.sk\/palfy-n\/wp-content\/uploads\/2025\/04\/DSC04556-300x169.jpg 300w, https:\/\/zaverecne-prace.ucimesaweby.sk\/palfy-n\/wp-content\/uploads\/2025\/04\/DSC04556-768x432.jpg 768w, https:\/\/zaverecne-prace.ucimesaweby.sk\/palfy-n\/wp-content\/uploads\/2025\/04\/DSC04556-1536x864.jpg 1536w, https:\/\/zaverecne-prace.ucimesaweby.sk\/palfy-n\/wp-content\/uploads\/2025\/04\/DSC04556.jpg 2048w\" sizes=\"(max-width: 1024px) 100vw, 1024px\" \/>\t\t\t\t\t\t\t\t<\/a>\n\t\t\t\t\t\t\t\t\t\t\t\t\t\t\t<\/div>\n\t\t\t\t<\/div>\n\t\t\t\t<div class=\"elementor-element elementor-element-5a4b411 elementor-widget elementor-widget-heading\" data-id=\"5a4b411\" data-element_type=\"widget\" data-widget_type=\"heading.default\">\n\t\t\t\t<div class=\"elementor-widget-container\">\n\t\t\t\t\t<h2 class=\"elementor-heading-title elementor-size-default\">\u010cESKO<\/h2>\t\t\t\t<\/div>\n\t\t\t\t<\/div>\n\t\t\t\t<\/div>\n\t\t<div class=\"elementor-element elementor-element-ec35598 e-con-full e-flex e-con e-child\" data-id=\"ec35598\" data-element_type=\"container\">\n\t\t\t\t<div class=\"elementor-element elementor-element-2d2b862 elementor-widget elementor-widget-image\" data-id=\"2d2b862\" data-element_type=\"widget\" data-widget_type=\"image.default\">\n\t\t\t\t<div class=\"elementor-widget-container\">\n\t\t\t\t\t\t\t\t\t\t\t\t\t\t\t\t<a href=\"https:\/\/zaverecne-prace.ucimesaweby.sk\/palfy-n\/nemecko\/\">\n\t\t\t\t\t\t\t<img decoding=\"async\" width=\"1024\" height=\"576\" src=\"https:\/\/zaverecne-prace.ucimesaweby.sk\/palfy-n\/wp-content\/uploads\/2025\/04\/DSC04941-1024x576.jpg\" class=\"attachment-large size-large wp-image-1302\" alt=\"Katedr\u00e1la Najsv\u00e4tej\u0161ej Trojice v Dr\u00e1\u017e\u010fanoch v noci\" srcset=\"https:\/\/zaverecne-prace.ucimesaweby.sk\/palfy-n\/wp-content\/uploads\/2025\/04\/DSC04941-1024x576.jpg 1024w, https:\/\/zaverecne-prace.ucimesaweby.sk\/palfy-n\/wp-content\/uploads\/2025\/04\/DSC04941-300x169.jpg 300w, https:\/\/zaverecne-prace.ucimesaweby.sk\/palfy-n\/wp-content\/uploads\/2025\/04\/DSC04941-768x432.jpg 768w, https:\/\/zaverecne-prace.ucimesaweby.sk\/palfy-n\/wp-content\/uploads\/2025\/04\/DSC04941-1536x864.jpg 1536w, https:\/\/zaverecne-prace.ucimesaweby.sk\/palfy-n\/wp-content\/uploads\/2025\/04\/DSC04941-2048x1152.jpg 2048w\" sizes=\"(max-width: 1024px) 100vw, 1024px\" \/>\t\t\t\t\t\t\t\t<\/a>\n\t\t\t\t\t\t\t\t\t\t\t\t\t\t\t<\/div>\n\t\t\t\t<\/div>\n\t\t\t\t<div class=\"elementor-element elementor-element-aa267c3 elementor-widget elementor-widget-heading\" data-id=\"aa267c3\" data-element_type=\"widget\" data-widget_type=\"heading.default\">\n\t\t\t\t<div class=\"elementor-widget-container\">\n\t\t\t\t\t<h2 class=\"elementor-heading-title elementor-size-default\">NEMECKO<\/h2>\t\t\t\t<\/div>\n\t\t\t\t<\/div>\n\t\t\t\t<\/div>\n\t\t\t\t\t<\/div>\n\t\t\t\t<\/div>\n\t\t<div class=\"elementor-element elementor-element-a6e7ddb e-flex e-con-boxed e-con e-parent\" data-id=\"a6e7ddb\" data-element_type=\"container\" data-settings=\"{&quot;background_background&quot;:&quot;classic&quot;}\">\n\t\t\t\t\t<div class=\"e-con-inner\">\n\t\t<div class=\"elementor-element elementor-element-09d9dd7 e-con-full e-flex e-con e-child\" data-id=\"09d9dd7\" data-element_type=\"container\">\n\t\t\t\t<div class=\"elementor-element elementor-element-1b73336 elementor-widget elementor-widget-image\" data-id=\"1b73336\" data-element_type=\"widget\" data-widget_type=\"image.default\">\n\t\t\t\t<div class=\"elementor-widget-container\">\n\t\t\t\t\t\t\t\t\t\t\t\t\t\t\t\t<a href=\"https:\/\/zaverecne-prace.ucimesaweby.sk\/palfy-n\/polsko\/\">\n\t\t\t\t\t\t\t<img decoding=\"async\" width=\"1024\" height=\"576\" src=\"https:\/\/zaverecne-prace.ucimesaweby.sk\/palfy-n\/wp-content\/uploads\/2025\/04\/DJI_0296-Edit-Edit-1024x576.jpg\" class=\"attachment-large size-large wp-image-1414\" alt=\"\" srcset=\"https:\/\/zaverecne-prace.ucimesaweby.sk\/palfy-n\/wp-content\/uploads\/2025\/04\/DJI_0296-Edit-Edit-1024x576.jpg 1024w, https:\/\/zaverecne-prace.ucimesaweby.sk\/palfy-n\/wp-content\/uploads\/2025\/04\/DJI_0296-Edit-Edit-300x169.jpg 300w, https:\/\/zaverecne-prace.ucimesaweby.sk\/palfy-n\/wp-content\/uploads\/2025\/04\/DJI_0296-Edit-Edit-768x432.jpg 768w, https:\/\/zaverecne-prace.ucimesaweby.sk\/palfy-n\/wp-content\/uploads\/2025\/04\/DJI_0296-Edit-Edit-1536x864.jpg 1536w, https:\/\/zaverecne-prace.ucimesaweby.sk\/palfy-n\/wp-content\/uploads\/2025\/04\/DJI_0296-Edit-Edit.jpg 2048w\" sizes=\"(max-width: 1024px) 100vw, 1024px\" \/>\t\t\t\t\t\t\t\t<\/a>\n\t\t\t\t\t\t\t\t\t\t\t\t\t\t\t<\/div>\n\t\t\t\t<\/div>\n\t\t\t\t<div class=\"elementor-element elementor-element-af2e0f4 elementor-widget elementor-widget-heading\" data-id=\"af2e0f4\" data-element_type=\"widget\" data-widget_type=\"heading.default\">\n\t\t\t\t<div class=\"elementor-widget-container\">\n\t\t\t\t\t<h2 class=\"elementor-heading-title elementor-size-default\">PO\u013dSKO<\/h2>\t\t\t\t<\/div>\n\t\t\t\t<\/div>\n\t\t\t\t<\/div>\n\t\t<div class=\"elementor-element elementor-element-5a4f35d e-con-full e-flex e-con e-child\" data-id=\"5a4f35d\" data-element_type=\"container\">\n\t\t\t\t<div class=\"elementor-element elementor-element-86e590e elementor-widget elementor-widget-image\" data-id=\"86e590e\" data-element_type=\"widget\" data-widget_type=\"image.default\">\n\t\t\t\t<div class=\"elementor-widget-container\">\n\t\t\t\t\t\t\t\t\t\t\t\t\t\t\t\t<a href=\"https:\/\/zaverecne-prace.ucimesaweby.sk\/palfy-n\/litva\/\">\n\t\t\t\t\t\t\t<img loading=\"lazy\" decoding=\"async\" width=\"1024\" height=\"683\" src=\"https:\/\/zaverecne-prace.ucimesaweby.sk\/palfy-n\/wp-content\/uploads\/2025\/04\/DSC07590-Edit-1024x683.jpg\" class=\"attachment-large size-large wp-image-1391\" alt=\"\" srcset=\"https:\/\/zaverecne-prace.ucimesaweby.sk\/palfy-n\/wp-content\/uploads\/2025\/04\/DSC07590-Edit-1024x683.jpg 1024w, https:\/\/zaverecne-prace.ucimesaweby.sk\/palfy-n\/wp-content\/uploads\/2025\/04\/DSC07590-Edit-300x200.jpg 300w, https:\/\/zaverecne-prace.ucimesaweby.sk\/palfy-n\/wp-content\/uploads\/2025\/04\/DSC07590-Edit-768x512.jpg 768w, https:\/\/zaverecne-prace.ucimesaweby.sk\/palfy-n\/wp-content\/uploads\/2025\/04\/DSC07590-Edit-1536x1024.jpg 1536w, https:\/\/zaverecne-prace.ucimesaweby.sk\/palfy-n\/wp-content\/uploads\/2025\/04\/DSC07590-Edit.jpg 2048w\" sizes=\"(max-width: 1024px) 100vw, 1024px\" \/>\t\t\t\t\t\t\t\t<\/a>\n\t\t\t\t\t\t\t\t\t\t\t\t\t\t\t<\/div>\n\t\t\t\t<\/div>\n\t\t\t\t<div class=\"elementor-element elementor-element-c973bf6 elementor-widget elementor-widget-heading\" data-id=\"c973bf6\" data-element_type=\"widget\" data-widget_type=\"heading.default\">\n\t\t\t\t<div class=\"elementor-widget-container\">\n\t\t\t\t\t<h2 class=\"elementor-heading-title elementor-size-default\">LITVA<\/h2>\t\t\t\t<\/div>\n\t\t\t\t<\/div>\n\t\t\t\t<\/div>\n\t\t\t\t\t<\/div>\n\t\t\t\t<\/div>\n\t\t<div class=\"elementor-element elementor-element-5ce4035 e-flex e-con-boxed e-con e-parent\" data-id=\"5ce4035\" data-element_type=\"container\" data-settings=\"{&quot;background_background&quot;:&quot;classic&quot;}\">\n\t\t\t\t\t<div class=\"e-con-inner\">\n\t\t<div class=\"elementor-element elementor-element-a722f70 e-con-full e-flex e-con e-child\" data-id=\"a722f70\" data-element_type=\"container\">\n\t\t\t\t<div class=\"elementor-element elementor-element-07df97f elementor-widget elementor-widget-image\" data-id=\"07df97f\" data-element_type=\"widget\" data-widget_type=\"image.default\">\n\t\t\t\t<div class=\"elementor-widget-container\">\n\t\t\t\t\t\t\t\t\t\t\t\t\t\t\t\t<a href=\"https:\/\/zaverecne-prace.ucimesaweby.sk\/palfy-n\/lotyssko\/\">\n\t\t\t\t\t\t\t<img loading=\"lazy\" decoding=\"async\" width=\"1024\" height=\"683\" src=\"https:\/\/zaverecne-prace.ucimesaweby.sk\/palfy-n\/wp-content\/uploads\/2025\/03\/DSC08102-1024x683.jpg\" class=\"attachment-large size-large wp-image-1237\" alt=\"Riga, Lot\u00fd\u0161sko\" srcset=\"https:\/\/zaverecne-prace.ucimesaweby.sk\/palfy-n\/wp-content\/uploads\/2025\/03\/DSC08102-1024x683.jpg 1024w, https:\/\/zaverecne-prace.ucimesaweby.sk\/palfy-n\/wp-content\/uploads\/2025\/03\/DSC08102-300x200.jpg 300w, https:\/\/zaverecne-prace.ucimesaweby.sk\/palfy-n\/wp-content\/uploads\/2025\/03\/DSC08102-768x512.jpg 768w, https:\/\/zaverecne-prace.ucimesaweby.sk\/palfy-n\/wp-content\/uploads\/2025\/03\/DSC08102-1536x1024.jpg 1536w, https:\/\/zaverecne-prace.ucimesaweby.sk\/palfy-n\/wp-content\/uploads\/2025\/03\/DSC08102-2048x1365.jpg 2048w\" sizes=\"(max-width: 1024px) 100vw, 1024px\" \/>\t\t\t\t\t\t\t\t<\/a>\n\t\t\t\t\t\t\t\t\t\t\t\t\t\t\t<\/div>\n\t\t\t\t<\/div>\n\t\t\t\t<div class=\"elementor-element elementor-element-af3a16f elementor-widget elementor-widget-heading\" data-id=\"af3a16f\" data-element_type=\"widget\" data-widget_type=\"heading.default\">\n\t\t\t\t<div class=\"elementor-widget-container\">\n\t\t\t\t\t<h2 class=\"elementor-heading-title elementor-size-default\">LOTY\u0160SKO<\/h2>\t\t\t\t<\/div>\n\t\t\t\t<\/div>\n\t\t\t\t<\/div>\n\t\t<div class=\"elementor-element elementor-element-78f6d94 e-con-full e-flex e-con e-child\" data-id=\"78f6d94\" data-element_type=\"container\">\n\t\t\t\t<div class=\"elementor-element elementor-element-4befabd elementor-widget elementor-widget-image\" data-id=\"4befabd\" data-element_type=\"widget\" data-widget_type=\"image.default\">\n\t\t\t\t<div class=\"elementor-widget-container\">\n\t\t\t\t\t\t\t\t\t\t\t\t\t\t\t\t<a href=\"https:\/\/zaverecne-prace.ucimesaweby.sk\/palfy-n\/estonsko\/\">\n\t\t\t\t\t\t\t<img loading=\"lazy\" decoding=\"async\" width=\"1024\" height=\"683\" src=\"https:\/\/zaverecne-prace.ucimesaweby.sk\/palfy-n\/wp-content\/uploads\/2025\/04\/DSC08530-1-1024x683.jpg\" class=\"attachment-large size-large wp-image-1420\" alt=\"\" srcset=\"https:\/\/zaverecne-prace.ucimesaweby.sk\/palfy-n\/wp-content\/uploads\/2025\/04\/DSC08530-1-1024x683.jpg 1024w, https:\/\/zaverecne-prace.ucimesaweby.sk\/palfy-n\/wp-content\/uploads\/2025\/04\/DSC08530-1-300x200.jpg 300w, https:\/\/zaverecne-prace.ucimesaweby.sk\/palfy-n\/wp-content\/uploads\/2025\/04\/DSC08530-1-768x512.jpg 768w, https:\/\/zaverecne-prace.ucimesaweby.sk\/palfy-n\/wp-content\/uploads\/2025\/04\/DSC08530-1-1536x1024.jpg 1536w, https:\/\/zaverecne-prace.ucimesaweby.sk\/palfy-n\/wp-content\/uploads\/2025\/04\/DSC08530-1.jpg 2048w\" sizes=\"(max-width: 1024px) 100vw, 1024px\" \/>\t\t\t\t\t\t\t\t<\/a>\n\t\t\t\t\t\t\t\t\t\t\t\t\t\t\t<\/div>\n\t\t\t\t<\/div>\n\t\t\t\t<div class=\"elementor-element elementor-element-08abf5f elementor-widget elementor-widget-heading\" data-id=\"08abf5f\" data-element_type=\"widget\" data-widget_type=\"heading.default\">\n\t\t\t\t<div class=\"elementor-widget-container\">\n\t\t\t\t\t<h2 class=\"elementor-heading-title elementor-size-default\">EST\u00d3NSKO<\/h2>\t\t\t\t<\/div>\n\t\t\t\t<\/div>\n\t\t\t\t<\/div>\n\t\t\t\t\t<\/div>\n\t\t\t\t<\/div>\n\t\t\t\t<\/div>\n\t\t","protected":false},"excerpt":{"rendered":"<p>MAPOVANIE zobrazi\u0165 krajiny ZOZNAM KRAJ\u00cdN \u010cESKO NEMECKO PO\u013dSKO LITVA LOTY\u0160SKO EST\u00d3NSKO<\/p>\n","protected":false},"author":1,"featured_media":0,"parent":0,"menu_order":0,"comment_status":"closed","ping_status":"closed","template":"","meta":{"site-sidebar-layout":"no-sidebar","site-content-layout":"page-builder","ast-site-content-layout":"full-width-container","site-content-style":"unboxed","site-sidebar-style":"unboxed","ast-global-header-display":"","ast-banner-title-visibility":"","ast-main-header-display":"","ast-hfb-above-header-display":"","ast-hfb-below-header-display":"","ast-hfb-mobile-header-display":"","site-post-title":"disabled","ast-breadcrumbs-content":"","ast-featured-img":"disabled","footer-sml-layout":"","theme-transparent-header-meta":"enabled","adv-header-id-meta":"","stick-header-meta":"","header-above-stick-meta":"","header-main-stick-meta":"","header-below-stick-meta":"","astra-migrate-meta-layouts":"set","ast-page-background-enabled":"default","ast-page-background-meta":{"desktop":{"background-color":"","background-image":"","background-repeat":"repeat","background-position":"center center","background-size":"auto","background-attachment":"scroll","background-type":"","background-media":"","overlay-type":"","overlay-color":"","overlay-opacity":"","overlay-gradient":""},"tablet":{"background-color":"","background-image":"","background-repeat":"repeat","background-position":"center center","background-size":"auto","background-attachment":"scroll","background-type":"","background-media":"","overlay-type":"","overlay-color":"","overlay-opacity":"","overlay-gradient":""},"mobile":{"background-color":"","background-image":"","background-repeat":"repeat","background-position":"center center","background-size":"auto","background-attachment":"scroll","background-type":"","background-media":"","overlay-type":"","overlay-color":"","overlay-opacity":"","overlay-gradient":""}},"ast-content-background-meta":{"desktop":{"background-color":"var(--ast-global-color-5)","background-image":"","background-repeat":"repeat","background-position":"center center","background-size":"auto","background-attachment":"scroll","background-type":"","background-media":"","overlay-type":"","overlay-color":"","overlay-opacity":"","overlay-gradient":""},"tablet":{"background-color":"var(--ast-global-color-5)","background-image":"","background-repeat":"repeat","background-position":"center center","background-size":"auto","background-attachment":"scroll","background-type":"","background-media":"","overlay-type":"","overlay-color":"","overlay-opacity":"","overlay-gradient":""},"mobile":{"background-color":"var(--ast-global-color-5)","background-image":"","background-repeat":"repeat","background-position":"center center","background-size":"auto","background-attachment":"scroll","background-type":"","background-media":"","overlay-type":"","overlay-color":"","overlay-opacity":"","overlay-gradient":""}},"footnotes":""},"class_list":["post-542","page","type-page","status-publish","hentry"],"_links":{"self":[{"href":"https:\/\/zaverecne-prace.ucimesaweby.sk\/palfy-n\/wp-json\/wp\/v2\/pages\/542","targetHints":{"allow":["GET"]}}],"collection":[{"href":"https:\/\/zaverecne-prace.ucimesaweby.sk\/palfy-n\/wp-json\/wp\/v2\/pages"}],"about":[{"href":"https:\/\/zaverecne-prace.ucimesaweby.sk\/palfy-n\/wp-json\/wp\/v2\/types\/page"}],"author":[{"embeddable":true,"href":"https:\/\/zaverecne-prace.ucimesaweby.sk\/palfy-n\/wp-json\/wp\/v2\/users\/1"}],"replies":[{"embeddable":true,"href":"https:\/\/zaverecne-prace.ucimesaweby.sk\/palfy-n\/wp-json\/wp\/v2\/comments?post=542"}],"version-history":[{"count":25,"href":"https:\/\/zaverecne-prace.ucimesaweby.sk\/palfy-n\/wp-json\/wp\/v2\/pages\/542\/revisions"}],"predecessor-version":[{"id":1439,"href":"https:\/\/zaverecne-prace.ucimesaweby.sk\/palfy-n\/wp-json\/wp\/v2\/pages\/542\/revisions\/1439"}],"wp:attachment":[{"href":"https:\/\/zaverecne-prace.ucimesaweby.sk\/palfy-n\/wp-json\/wp\/v2\/media?parent=542"}],"curies":[{"name":"wp","href":"https:\/\/api.w.org\/{rel}","templated":true}]}}