{"id":541,"date":"2025-03-19T22:22:01","date_gmt":"2025-03-19T21:22:01","guid":{"rendered":"https:\/\/zaverecne-prace.ucimesaweby.sk\/palfy-n\/?page_id=541"},"modified":"2025-04-27T20:41:04","modified_gmt":"2025-04-27T18:41:04","slug":"o-projekte","status":"publish","type":"page","link":"https:\/\/zaverecne-prace.ucimesaweby.sk\/palfy-n\/o-projekte\/","title":{"rendered":"O PROJEKTE"},"content":{"rendered":"\t\t<div data-elementor-type=\"wp-post\" data-elementor-id=\"541\" class=\"elementor elementor-541\" data-elementor-post-type=\"page\">\n\t\t\t\t<div class=\"elementor-element elementor-element-17b8609 e-flex e-con-boxed e-con e-parent\" data-id=\"17b8609\" data-element_type=\"container\" data-settings=\"{&quot;background_background&quot;:&quot;classic&quot;}\">\n\t\t\t\t\t<div class=\"e-con-inner\">\n\t\t\t\t<div class=\"elementor-element elementor-element-d1655b9 elementor-widget elementor-widget-heading\" data-id=\"d1655b9\" data-element_type=\"widget\" data-widget_type=\"heading.default\">\n\t\t\t\t<div class=\"elementor-widget-container\">\n\t\t\t\t\t<h1 class=\"elementor-heading-title elementor-size-default\">O PROJEKTE<\/h1>\t\t\t\t<\/div>\n\t\t\t\t<\/div>\n\t\t\t\t<div class=\"elementor-element elementor-element-840e735 elementor-widget elementor-widget-button\" data-id=\"840e735\" data-element_type=\"widget\" data-widget_type=\"button.default\">\n\t\t\t\t<div class=\"elementor-widget-container\">\n\t\t\t\t\t\t\t\t\t<div class=\"elementor-button-wrapper\">\n\t\t\t\t\t<a class=\"elementor-button elementor-button-link elementor-size-sm\" href=\"#projekt\">\n\t\t\t\t\t\t<span class=\"elementor-button-content-wrapper\">\n\t\t\t\t\t\t\t\t\t<span class=\"elementor-button-text\">Zisti\u0165 viac<\/span>\n\t\t\t\t\t<\/span>\n\t\t\t\t\t<\/a>\n\t\t\t\t<\/div>\n\t\t\t\t\t\t\t\t<\/div>\n\t\t\t\t<\/div>\n\t\t\t\t\t<\/div>\n\t\t\t\t<\/div>\n\t\t<div class=\"elementor-element elementor-element-ce23579 e-flex e-con-boxed e-con e-parent\" data-id=\"ce23579\" data-element_type=\"container\" id=\"projekt\" data-settings=\"{&quot;background_background&quot;:&quot;classic&quot;}\">\n\t\t\t\t\t<div class=\"e-con-inner\">\n\t\t<div class=\"elementor-element elementor-element-89a7aec e-con-full e-flex e-con e-child\" data-id=\"89a7aec\" data-element_type=\"container\">\n\t\t\t\t<div class=\"elementor-element elementor-element-a01f0dc elementor-widget elementor-widget-heading\" data-id=\"a01f0dc\" data-element_type=\"widget\" data-widget_type=\"heading.default\">\n\t\t\t\t<div class=\"elementor-widget-container\">\n\t\t\t\t\t<h2 class=\"elementor-heading-title elementor-size-default\">\u010co u n\u00e1s n\u00e1jdete<\/h2>\t\t\t\t<\/div>\n\t\t\t\t<\/div>\n\t\t\t\t<div class=\"elementor-element elementor-element-c43b3dd elementor-widget-divider--view-line elementor-widget elementor-widget-divider\" data-id=\"c43b3dd\" data-element_type=\"widget\" data-widget_type=\"divider.default\">\n\t\t\t\t<div class=\"elementor-widget-container\">\n\t\t\t\t\t\t\t<div class=\"elementor-divider\">\n\t\t\t<span class=\"elementor-divider-separator\">\n\t\t\t\t\t\t<\/span>\n\t\t<\/div>\n\t\t\t\t\t\t<\/div>\n\t\t\t\t<\/div>\n\t\t\t\t<div class=\"elementor-element elementor-element-0244f25 elementor-widget elementor-widget-text-editor\" data-id=\"0244f25\" data-element_type=\"widget\" data-widget_type=\"text-editor.default\">\n\t\t\t\t<div class=\"elementor-widget-container\">\n\t\t\t\t\t\t\t\t\t<p>Spoznajte sakr\u00e1lne pamiatky strednej a v\u00fdchodnej Eur\u00f3py tak, ako ste ich e\u0161te nevideli.<br data-start=\"219\" data-end=\"222\"><span style=\"font-style: inherit; font-weight: inherit; text-align: var(--text-align); background-color: var( --e-global-color-astglobalcolor2 );\">N\u00e1\u0161 projekt prep\u00e1ja hist\u00f3riu, architekt\u00faru a kult\u00faru do jednej digit\u00e1lnej platformy, kde m\u00f4\u017eete objavova\u0165 unik\u00e1tne kostoly, katedr\u00e1ly a kaplnky z r\u00f4znych kraj\u00edn a obdob\u00ed. Ka\u017ed\u00e1 pamiatka, ktor\u00fa dokumentujeme, v sebe nesie pr\u00edbeh \u2013 o viere, remesle, komunite a \u010dase, ktor\u00fd ju formoval.<\/span><br><\/p>\t\t\t\t\t\t\t\t<\/div>\n\t\t\t\t<\/div>\n\t\t\t\t<\/div>\n\t\t<div class=\"elementor-element elementor-element-e8e4600 e-con-full e-flex e-con e-child\" data-id=\"e8e4600\" data-element_type=\"container\">\n\t\t\t\t<div class=\"elementor-element elementor-element-6060d91 elementor-widget elementor-widget-image\" data-id=\"6060d91\" data-element_type=\"widget\" data-widget_type=\"image.default\">\n\t\t\t\t<div class=\"elementor-widget-container\">\n\t\t\t\t\t\t\t\t\t\t\t\t\t\t\t<img fetchpriority=\"high\" decoding=\"async\" width=\"2048\" height=\"1365\" src=\"https:\/\/zaverecne-prace.ucimesaweby.sk\/palfy-n\/wp-content\/uploads\/2025\/04\/DSC07590-Edit.jpg\" class=\"attachment-full size-full wp-image-1391\" alt=\"\" srcset=\"https:\/\/zaverecne-prace.ucimesaweby.sk\/palfy-n\/wp-content\/uploads\/2025\/04\/DSC07590-Edit.jpg 2048w, https:\/\/zaverecne-prace.ucimesaweby.sk\/palfy-n\/wp-content\/uploads\/2025\/04\/DSC07590-Edit-300x200.jpg 300w, https:\/\/zaverecne-prace.ucimesaweby.sk\/palfy-n\/wp-content\/uploads\/2025\/04\/DSC07590-Edit-1024x683.jpg 1024w, https:\/\/zaverecne-prace.ucimesaweby.sk\/palfy-n\/wp-content\/uploads\/2025\/04\/DSC07590-Edit-768x512.jpg 768w, https:\/\/zaverecne-prace.ucimesaweby.sk\/palfy-n\/wp-content\/uploads\/2025\/04\/DSC07590-Edit-1536x1024.jpg 1536w\" sizes=\"(max-width: 2048px) 100vw, 2048px\" \/>\t\t\t\t\t\t\t\t\t\t\t\t\t\t\t<\/div>\n\t\t\t\t<\/div>\n\t\t\t\t<\/div>\n\t\t\t\t\t<\/div>\n\t\t\t\t<\/div>\n\t\t<div class=\"elementor-element elementor-element-ebcb870 e-flex e-con-boxed e-con e-parent\" data-id=\"ebcb870\" data-element_type=\"container\" data-settings=\"{&quot;background_background&quot;:&quot;classic&quot;}\">\n\t\t\t\t\t<div class=\"e-con-inner\">\n\t\t<div class=\"elementor-element elementor-element-69ed241 e-con-full e-flex e-con e-child\" data-id=\"69ed241\" data-element_type=\"container\">\n\t\t\t\t<div class=\"elementor-element elementor-element-d582af8 elementor-widget elementor-widget-text-editor\" data-id=\"d582af8\" data-element_type=\"widget\" data-widget_type=\"text-editor.default\">\n\t\t\t\t<div class=\"elementor-widget-container\">\n\t\t\t\t\t\t\t\t\t<p>Prostredn\u00edctvom kvalitn\u00fdch fotografi\u00ed, vide\u00ed a stru\u010dn\u00fdch textov v\u00e1m prin\u00e1\u0161ame autentick\u00fd poh\u013ead na tieto architektonick\u00e9 skvosty. Cie\u013eom je nielen uk\u00e1za\u0165 kr\u00e1su a rozmanitos\u0165 sakr\u00e1lneho dedi\u010dstva, ale aj vzbudi\u0165 z\u00e1ujem o jeho ochranu a hlb\u0161ie spozn\u00e1vanie.<\/p>\t\t\t\t\t\t\t\t<\/div>\n\t\t\t\t<\/div>\n\t\t\t\t<\/div>\n\t\t<div class=\"elementor-element elementor-element-6f17fbd e-con-full e-flex e-con e-child\" data-id=\"6f17fbd\" data-element_type=\"container\">\n\t\t\t\t<div class=\"elementor-element elementor-element-e5f7660 elementor-widget elementor-widget-text-editor\" data-id=\"e5f7660\" data-element_type=\"widget\" data-widget_type=\"text-editor.default\">\n\t\t\t\t<div class=\"elementor-widget-container\">\n\t\t\t\t\t\t\t\t\t<p class=\"\" data-start=\"763\" data-end=\"1034\">Na na\u0161ej str\u00e1nke n\u00e1jdete interakt\u00edvnu mapu, multimedi\u00e1lne prezent\u00e1cie a mno\u017estvo zauj\u00edmavost\u00ed o jednotliv\u00fdch pamiatkach. Str\u00e1nka je navrhnut\u00e1 tak, aby bola dostupn\u00e1 na v\u0161etk\u00fdch zariadeniach a aby ste si mohli vychutna\u0165 virtu\u00e1lnu cestu za hist\u00f3riou kdeko\u013evek a kedyko\u013evek.<\/p><p class=\"\" data-start=\"1036\" data-end=\"1318\">\u00a0<\/p>\t\t\t\t\t\t\t\t<\/div>\n\t\t\t\t<\/div>\n\t\t\t\t<\/div>\n\t\t\t\t\t<\/div>\n\t\t\t\t<\/div>\n\t\t\t\t<\/div>\n\t\t","protected":false},"excerpt":{"rendered":"<p>O PROJEKTE Zisti\u0165 viac \u010co u n\u00e1s n\u00e1jdete Spoznajte sakr\u00e1lne pamiatky strednej a v\u00fdchodnej Eur\u00f3py tak, ako ste ich e\u0161te nevideli.N\u00e1\u0161 projekt prep\u00e1ja hist\u00f3riu, architekt\u00faru a kult\u00faru do jednej digit\u00e1lnej platformy, kde m\u00f4\u017eete objavova\u0165 unik\u00e1tne kostoly, katedr\u00e1ly a kaplnky z r\u00f4znych kraj\u00edn a obdob\u00ed. Ka\u017ed\u00e1 pamiatka, ktor\u00fa dokumentujeme, v sebe nesie pr\u00edbeh \u2013 o viere, [&hellip;]<\/p>\n","protected":false},"author":1,"featured_media":0,"parent":0,"menu_order":0,"comment_status":"closed","ping_status":"closed","template":"","meta":{"site-sidebar-layout":"no-sidebar","site-content-layout":"page-builder","ast-site-content-layout":"full-width-container","site-content-style":"unboxed","site-sidebar-style":"unboxed","ast-global-header-display":"","ast-banner-title-visibility":"","ast-main-header-display":"","ast-hfb-above-header-display":"","ast-hfb-below-header-display":"","ast-hfb-mobile-header-display":"","site-post-title":"disabled","ast-breadcrumbs-content":"","ast-featured-img":"disabled","footer-sml-layout":"","theme-transparent-header-meta":"enabled","adv-header-id-meta":"","stick-header-meta":"","header-above-stick-meta":"","header-main-stick-meta":"","header-below-stick-meta":"","astra-migrate-meta-layouts":"set","ast-page-background-enabled":"default","ast-page-background-meta":{"desktop":{"background-color":"","background-image":"","background-repeat":"repeat","background-position":"center center","background-size":"auto","background-attachment":"scroll","background-type":"","background-media":"","overlay-type":"","overlay-color":"","overlay-opacity":"","overlay-gradient":""},"tablet":{"background-color":"","background-image":"","background-repeat":"repeat","background-position":"center center","background-size":"auto","background-attachment":"scroll","background-type":"","background-media":"","overlay-type":"","overlay-color":"","overlay-opacity":"","overlay-gradient":""},"mobile":{"background-color":"","background-image":"","background-repeat":"repeat","background-position":"center center","background-size":"auto","background-attachment":"scroll","background-type":"","background-media":"","overlay-type":"","overlay-color":"","overlay-opacity":"","overlay-gradient":""}},"ast-content-background-meta":{"desktop":{"background-color":"var(--ast-global-color-5)","background-image":"","background-repeat":"repeat","background-position":"center center","background-size":"auto","background-attachment":"scroll","background-type":"","background-media":"","overlay-type":"","overlay-color":"","overlay-opacity":"","overlay-gradient":""},"tablet":{"background-color":"var(--ast-global-color-5)","background-image":"","background-repeat":"repeat","background-position":"center center","background-size":"auto","background-attachment":"scroll","background-type":"","background-media":"","overlay-type":"","overlay-color":"","overlay-opacity":"","overlay-gradient":""},"mobile":{"background-color":"var(--ast-global-color-5)","background-image":"","background-repeat":"repeat","background-position":"center center","background-size":"auto","background-attachment":"scroll","background-type":"","background-media":"","overlay-type":"","overlay-color":"","overlay-opacity":"","overlay-gradient":""}},"footnotes":""},"class_list":["post-541","page","type-page","status-publish","hentry"],"_links":{"self":[{"href":"https:\/\/zaverecne-prace.ucimesaweby.sk\/palfy-n\/wp-json\/wp\/v2\/pages\/541","targetHints":{"allow":["GET"]}}],"collection":[{"href":"https:\/\/zaverecne-prace.ucimesaweby.sk\/palfy-n\/wp-json\/wp\/v2\/pages"}],"about":[{"href":"https:\/\/zaverecne-prace.ucimesaweby.sk\/palfy-n\/wp-json\/wp\/v2\/types\/page"}],"author":[{"embeddable":true,"href":"https:\/\/zaverecne-prace.ucimesaweby.sk\/palfy-n\/wp-json\/wp\/v2\/users\/1"}],"replies":[{"embeddable":true,"href":"https:\/\/zaverecne-prace.ucimesaweby.sk\/palfy-n\/wp-json\/wp\/v2\/comments?post=541"}],"version-history":[{"count":22,"href":"https:\/\/zaverecne-prace.ucimesaweby.sk\/palfy-n\/wp-json\/wp\/v2\/pages\/541\/revisions"}],"predecessor-version":[{"id":1406,"href":"https:\/\/zaverecne-prace.ucimesaweby.sk\/palfy-n\/wp-json\/wp\/v2\/pages\/541\/revisions\/1406"}],"wp:attachment":[{"href":"https:\/\/zaverecne-prace.ucimesaweby.sk\/palfy-n\/wp-json\/wp\/v2\/media?parent=541"}],"curies":[{"name":"wp","href":"https:\/\/api.w.org\/{rel}","templated":true}]}}