{"id":1258,"date":"2025-03-21T11:48:39","date_gmt":"2025-03-21T10:48:39","guid":{"rendered":"https:\/\/zaverecne-prace.ucimesaweby.sk\/palfy-n\/?page_id=1258"},"modified":"2025-05-06T10:00:29","modified_gmt":"2025-05-06T08:00:29","slug":"estonsko","status":"publish","type":"page","link":"https:\/\/zaverecne-prace.ucimesaweby.sk\/palfy-n\/estonsko\/","title":{"rendered":"Est\u00f3nsko"},"content":{"rendered":"\t\t<div data-elementor-type=\"wp-page\" data-elementor-id=\"1258\" class=\"elementor elementor-1258\" data-elementor-post-type=\"page\">\n\t\t\t\t<div class=\"elementor-element elementor-element-ffed468 e-flex e-con-boxed e-con e-parent\" data-id=\"ffed468\" data-element_type=\"container\" data-settings=\"{&quot;background_background&quot;:&quot;classic&quot;}\">\n\t\t\t\t\t<div class=\"e-con-inner\">\n\t\t\t\t<div class=\"elementor-element elementor-element-c4edbd2 elementor-widget elementor-widget-heading\" data-id=\"c4edbd2\" data-element_type=\"widget\" data-widget_type=\"heading.default\">\n\t\t\t\t<div class=\"elementor-widget-container\">\n\t\t\t\t\t<h1 class=\"elementor-heading-title elementor-size-default\">TALIN<\/h1>\t\t\t\t<\/div>\n\t\t\t\t<\/div>\n\t\t\t\t<div class=\"elementor-element elementor-element-59316b2 elementor-widget elementor-widget-heading\" data-id=\"59316b2\" data-element_type=\"widget\" data-widget_type=\"heading.default\">\n\t\t\t\t<div class=\"elementor-widget-container\">\n\t\t\t\t\t<h2 class=\"elementor-heading-title elementor-size-default\">EST\u00d3NSKO<\/h2>\t\t\t\t<\/div>\n\t\t\t\t<\/div>\n\t\t\t\t<div class=\"elementor-element elementor-element-76effbf elementor-widget elementor-widget-button\" data-id=\"76effbf\" data-element_type=\"widget\" data-widget_type=\"button.default\">\n\t\t\t\t<div class=\"elementor-widget-container\">\n\t\t\t\t\t\t\t\t\t<div class=\"elementor-button-wrapper\">\n\t\t\t\t\t<a class=\"elementor-button elementor-button-link elementor-size-sm\" href=\"#tal\">\n\t\t\t\t\t\t<span class=\"elementor-button-content-wrapper\">\n\t\t\t\t\t\t\t\t\t<span class=\"elementor-button-text\">ZISTI VIAC<\/span>\n\t\t\t\t\t<\/span>\n\t\t\t\t\t<\/a>\n\t\t\t\t<\/div>\n\t\t\t\t\t\t\t\t<\/div>\n\t\t\t\t<\/div>\n\t\t\t\t\t<\/div>\n\t\t\t\t<\/div>\n\t\t<div class=\"elementor-element elementor-element-8168f5f e-flex e-con-boxed e-con e-parent\" data-id=\"8168f5f\" data-element_type=\"container\" id=\"tal\" data-settings=\"{&quot;background_background&quot;:&quot;classic&quot;}\">\n\t\t\t\t\t<div class=\"e-con-inner\">\n\t\t<div class=\"elementor-element elementor-element-c02f59b e-con-full e-flex e-con e-child\" data-id=\"c02f59b\" data-element_type=\"container\">\n\t\t\t\t<div class=\"elementor-element elementor-element-c8902c0 elementor-widget elementor-widget-spacer\" data-id=\"c8902c0\" data-element_type=\"widget\" data-widget_type=\"spacer.default\">\n\t\t\t\t<div class=\"elementor-widget-container\">\n\t\t\t\t\t\t\t<div class=\"elementor-spacer\">\n\t\t\t<div class=\"elementor-spacer-inner\"><\/div>\n\t\t<\/div>\n\t\t\t\t\t\t<\/div>\n\t\t\t\t<\/div>\n\t\t\t\t<div class=\"elementor-element elementor-element-5afeae3 elementor-widget elementor-widget-heading\" data-id=\"5afeae3\" data-element_type=\"widget\" data-widget_type=\"heading.default\">\n\t\t\t\t<div class=\"elementor-widget-container\">\n\t\t\t\t\t<h2 class=\"elementor-heading-title elementor-size-default\">Chr\u00e1m sv\u00e4t\u00e9ho Alexandra Nevsk\u00e9ho v Tallinne v Est\u00f3nsku <\/h2>\t\t\t\t<\/div>\n\t\t\t\t<\/div>\n\t\t\t\t<div class=\"elementor-element elementor-element-1739a93 elementor-widget elementor-widget-text-editor\" data-id=\"1739a93\" data-element_type=\"widget\" data-widget_type=\"text-editor.default\">\n\t\t\t\t<div class=\"elementor-widget-container\">\n\t\t\t\t\t\t\t\t\t<p>V\u00a0Est\u00f3nsku je pravosl\u00e1vna katedr\u00e1la postaven\u00e1 v ruskom byzantskom \u0161t\u00fdle na konci 19. storo\u010dia. Je to najv\u00fdznamnej\u0161ia pravosl\u00e1vna stavba v Est\u00f3nsku a symbol ruskej kult\u00fary v tejto krajine. Katedr\u00e1la je predmetom diskusi\u00ed, ke\u010f\u017ee jej existencia je spojen\u00e1 s historick\u00fdmi a politick\u00fdmi udalos\u0165ami spojen\u00fdmi s vplyvom Ruska v Est\u00f3nsku (Alexander Nevsky Cathedral 2016).<\/p>\t\t\t\t\t\t\t\t<\/div>\n\t\t\t\t<\/div>\n\t\t\t\t<\/div>\n\t\t<div class=\"elementor-element elementor-element-64f6624 e-con-full e-flex e-con e-child\" data-id=\"64f6624\" data-element_type=\"container\">\n\t\t\t\t<div class=\"elementor-element elementor-element-7431ea0 elementor-widget elementor-widget-spacer\" data-id=\"7431ea0\" data-element_type=\"widget\" data-widget_type=\"spacer.default\">\n\t\t\t\t<div class=\"elementor-widget-container\">\n\t\t\t\t\t\t\t<div class=\"elementor-spacer\">\n\t\t\t<div class=\"elementor-spacer-inner\"><\/div>\n\t\t<\/div>\n\t\t\t\t\t\t<\/div>\n\t\t\t\t<\/div>\n\t\t\t\t<div class=\"elementor-element elementor-element-ce44082 elementor-widget elementor-widget-image\" data-id=\"ce44082\" data-element_type=\"widget\" data-widget_type=\"image.default\">\n\t\t\t\t<div class=\"elementor-widget-container\">\n\t\t\t\t\t\t\t\t\t\t\t\t\t\t\t<img fetchpriority=\"high\" decoding=\"async\" width=\"1024\" height=\"683\" src=\"https:\/\/zaverecne-prace.ucimesaweby.sk\/palfy-n\/wp-content\/uploads\/2025\/05\/DSC08530-1024x683.jpg\" class=\"attachment-large size-large wp-image-1499\" alt=\"Chr\u00e1m sv\u00e4t\u00e9ho Alexandra Nevsk\u00e9ho v Tallinne v Est\u00f3nsku\" srcset=\"https:\/\/zaverecne-prace.ucimesaweby.sk\/palfy-n\/wp-content\/uploads\/2025\/05\/DSC08530-1024x683.jpg 1024w, https:\/\/zaverecne-prace.ucimesaweby.sk\/palfy-n\/wp-content\/uploads\/2025\/05\/DSC08530-300x200.jpg 300w, https:\/\/zaverecne-prace.ucimesaweby.sk\/palfy-n\/wp-content\/uploads\/2025\/05\/DSC08530-768x512.jpg 768w, https:\/\/zaverecne-prace.ucimesaweby.sk\/palfy-n\/wp-content\/uploads\/2025\/05\/DSC08530-1536x1024.jpg 1536w, https:\/\/zaverecne-prace.ucimesaweby.sk\/palfy-n\/wp-content\/uploads\/2025\/05\/DSC08530.jpg 2048w\" sizes=\"(max-width: 1024px) 100vw, 1024px\" \/>\t\t\t\t\t\t\t\t\t\t\t\t\t\t\t<\/div>\n\t\t\t\t<\/div>\n\t\t\t\t<\/div>\n\t\t\t\t\t<\/div>\n\t\t\t\t<\/div>\n\t\t<div class=\"elementor-element elementor-element-fc66f0b e-flex e-con-boxed e-con e-parent\" data-id=\"fc66f0b\" data-element_type=\"container\" data-settings=\"{&quot;background_background&quot;:&quot;classic&quot;}\">\n\t\t\t\t\t<div class=\"e-con-inner\">\n\t\t<div class=\"elementor-element elementor-element-a92c146 e-con-full e-flex e-con e-child\" data-id=\"a92c146\" data-element_type=\"container\">\n\t\t\t\t<div class=\"elementor-element elementor-element-1bd4e19 elementor-widget elementor-widget-image\" data-id=\"1bd4e19\" data-element_type=\"widget\" data-widget_type=\"image.default\">\n\t\t\t\t<div class=\"elementor-widget-container\">\n\t\t\t\t\t\t\t\t\t\t\t\t\t\t\t<img decoding=\"async\" width=\"683\" height=\"1024\" src=\"https:\/\/zaverecne-prace.ucimesaweby.sk\/palfy-n\/wp-content\/uploads\/2025\/05\/BC820EC4-0BBB-4DD3-833E-D7A7EC640E77_1_102_o-683x1024.jpg\" class=\"attachment-large size-large wp-image-1581\" alt=\"Olt\u00e1r v chr\u00e1me sv\u00e4t\u00e9ho Alexandra Nevsk\u00e9ho v Tallinne v Est\u00f3nsku\" srcset=\"https:\/\/zaverecne-prace.ucimesaweby.sk\/palfy-n\/wp-content\/uploads\/2025\/05\/BC820EC4-0BBB-4DD3-833E-D7A7EC640E77_1_102_o-683x1024.jpg 683w, https:\/\/zaverecne-prace.ucimesaweby.sk\/palfy-n\/wp-content\/uploads\/2025\/05\/BC820EC4-0BBB-4DD3-833E-D7A7EC640E77_1_102_o-200x300.jpg 200w, https:\/\/zaverecne-prace.ucimesaweby.sk\/palfy-n\/wp-content\/uploads\/2025\/05\/BC820EC4-0BBB-4DD3-833E-D7A7EC640E77_1_102_o-768x1152.jpg 768w, https:\/\/zaverecne-prace.ucimesaweby.sk\/palfy-n\/wp-content\/uploads\/2025\/05\/BC820EC4-0BBB-4DD3-833E-D7A7EC640E77_1_102_o-1024x1536.jpg 1024w, https:\/\/zaverecne-prace.ucimesaweby.sk\/palfy-n\/wp-content\/uploads\/2025\/05\/BC820EC4-0BBB-4DD3-833E-D7A7EC640E77_1_102_o.jpg 1365w\" sizes=\"(max-width: 683px) 100vw, 683px\" \/>\t\t\t\t\t\t\t\t\t\t\t\t\t\t\t<\/div>\n\t\t\t\t<\/div>\n\t\t\t\t<div class=\"elementor-element elementor-element-639a222 elementor-widget elementor-widget-spacer\" data-id=\"639a222\" data-element_type=\"widget\" data-widget_type=\"spacer.default\">\n\t\t\t\t<div class=\"elementor-widget-container\">\n\t\t\t\t\t\t\t<div class=\"elementor-spacer\">\n\t\t\t<div class=\"elementor-spacer-inner\"><\/div>\n\t\t<\/div>\n\t\t\t\t\t\t<\/div>\n\t\t\t\t<\/div>\n\t\t\t\t<\/div>\n\t\t<div class=\"elementor-element elementor-element-7055084 e-con-full e-flex e-con e-child\" data-id=\"7055084\" data-element_type=\"container\">\n\t\t\t\t<div class=\"elementor-element elementor-element-53b4638 elementor-widget elementor-widget-image\" data-id=\"53b4638\" data-element_type=\"widget\" data-widget_type=\"image.default\">\n\t\t\t\t<div class=\"elementor-widget-container\">\n\t\t\t\t\t\t\t\t\t\t\t\t\t\t\t<img decoding=\"async\" width=\"683\" height=\"1024\" src=\"https:\/\/zaverecne-prace.ucimesaweby.sk\/palfy-n\/wp-content\/uploads\/2025\/05\/DSC08324-683x1024.jpg\" class=\"attachment-large size-large wp-image-1582\" alt=\"Vchod do chr\u00e1mu sv\u00e4t\u00e9ho Alexandra Nevsk\u00e9ho v Tallinne v Est\u00f3nsku\" srcset=\"https:\/\/zaverecne-prace.ucimesaweby.sk\/palfy-n\/wp-content\/uploads\/2025\/05\/DSC08324-683x1024.jpg 683w, https:\/\/zaverecne-prace.ucimesaweby.sk\/palfy-n\/wp-content\/uploads\/2025\/05\/DSC08324-200x300.jpg 200w, https:\/\/zaverecne-prace.ucimesaweby.sk\/palfy-n\/wp-content\/uploads\/2025\/05\/DSC08324-768x1152.jpg 768w, https:\/\/zaverecne-prace.ucimesaweby.sk\/palfy-n\/wp-content\/uploads\/2025\/05\/DSC08324-1024x1536.jpg 1024w, https:\/\/zaverecne-prace.ucimesaweby.sk\/palfy-n\/wp-content\/uploads\/2025\/05\/DSC08324.jpg 1365w\" sizes=\"(max-width: 683px) 100vw, 683px\" \/>\t\t\t\t\t\t\t\t\t\t\t\t\t\t\t<\/div>\n\t\t\t\t<\/div>\n\t\t\t\t<div class=\"elementor-element elementor-element-98d09c4 elementor-widget elementor-widget-spacer\" data-id=\"98d09c4\" data-element_type=\"widget\" data-widget_type=\"spacer.default\">\n\t\t\t\t<div class=\"elementor-widget-container\">\n\t\t\t\t\t\t\t<div class=\"elementor-spacer\">\n\t\t\t<div class=\"elementor-spacer-inner\"><\/div>\n\t\t<\/div>\n\t\t\t\t\t\t<\/div>\n\t\t\t\t<\/div>\n\t\t\t\t<\/div>\n\t\t\t\t\t<\/div>\n\t\t\t\t<\/div>\n\t\t\t\t<\/div>\n\t\t","protected":false},"excerpt":{"rendered":"<p>TALIN EST\u00d3NSKO ZISTI VIAC Chr\u00e1m sv\u00e4t\u00e9ho Alexandra Nevsk\u00e9ho v Tallinne v Est\u00f3nsku V\u00a0Est\u00f3nsku je pravosl\u00e1vna katedr\u00e1la postaven\u00e1 v ruskom byzantskom \u0161t\u00fdle na konci 19. storo\u010dia. Je to najv\u00fdznamnej\u0161ia pravosl\u00e1vna stavba v Est\u00f3nsku a symbol ruskej kult\u00fary v tejto krajine. Katedr\u00e1la je predmetom diskusi\u00ed, ke\u010f\u017ee jej existencia je spojen\u00e1 s historick\u00fdmi a politick\u00fdmi udalos\u0165ami spojen\u00fdmi s [&hellip;]<\/p>\n","protected":false},"author":1,"featured_media":0,"parent":0,"menu_order":0,"comment_status":"closed","ping_status":"closed","template":"","meta":{"site-sidebar-layout":"no-sidebar","site-content-layout":"page-builder","ast-site-content-layout":"full-width-container","site-content-style":"default","site-sidebar-style":"default","ast-global-header-display":"","ast-banner-title-visibility":"","ast-main-header-display":"","ast-hfb-above-header-display":"","ast-hfb-below-header-display":"","ast-hfb-mobile-header-display":"","site-post-title":"disabled","ast-breadcrumbs-content":"","ast-featured-img":"disabled","footer-sml-layout":"","theme-transparent-header-meta":"default","adv-header-id-meta":"","stick-header-meta":"","header-above-stick-meta":"","header-main-stick-meta":"","header-below-stick-meta":"","astra-migrate-meta-layouts":"set","ast-page-background-enabled":"default","ast-page-background-meta":{"desktop":{"background-color":"","background-image":"","background-repeat":"repeat","background-position":"center center","background-size":"auto","background-attachment":"scroll","background-type":"","background-media":"","overlay-type":"","overlay-color":"","overlay-opacity":"","overlay-gradient":""},"tablet":{"background-color":"","background-image":"","background-repeat":"repeat","background-position":"center center","background-size":"auto","background-attachment":"scroll","background-type":"","background-media":"","overlay-type":"","overlay-color":"","overlay-opacity":"","overlay-gradient":""},"mobile":{"background-color":"","background-image":"","background-repeat":"repeat","background-position":"center center","background-size":"auto","background-attachment":"scroll","background-type":"","background-media":"","overlay-type":"","overlay-color":"","overlay-opacity":"","overlay-gradient":""}},"ast-content-background-meta":{"desktop":{"background-color":"var(--ast-global-color-5)","background-image":"","background-repeat":"repeat","background-position":"center center","background-size":"auto","background-attachment":"scroll","background-type":"","background-media":"","overlay-type":"","overlay-color":"","overlay-opacity":"","overlay-gradient":""},"tablet":{"background-color":"var(--ast-global-color-5)","background-image":"","background-repeat":"repeat","background-position":"center center","background-size":"auto","background-attachment":"scroll","background-type":"","background-media":"","overlay-type":"","overlay-color":"","overlay-opacity":"","overlay-gradient":""},"mobile":{"background-color":"var(--ast-global-color-5)","background-image":"","background-repeat":"repeat","background-position":"center center","background-size":"auto","background-attachment":"scroll","background-type":"","background-media":"","overlay-type":"","overlay-color":"","overlay-opacity":"","overlay-gradient":""}},"footnotes":""},"class_list":["post-1258","page","type-page","status-publish","hentry"],"_links":{"self":[{"href":"https:\/\/zaverecne-prace.ucimesaweby.sk\/palfy-n\/wp-json\/wp\/v2\/pages\/1258","targetHints":{"allow":["GET"]}}],"collection":[{"href":"https:\/\/zaverecne-prace.ucimesaweby.sk\/palfy-n\/wp-json\/wp\/v2\/pages"}],"about":[{"href":"https:\/\/zaverecne-prace.ucimesaweby.sk\/palfy-n\/wp-json\/wp\/v2\/types\/page"}],"author":[{"embeddable":true,"href":"https:\/\/zaverecne-prace.ucimesaweby.sk\/palfy-n\/wp-json\/wp\/v2\/users\/1"}],"replies":[{"embeddable":true,"href":"https:\/\/zaverecne-prace.ucimesaweby.sk\/palfy-n\/wp-json\/wp\/v2\/comments?post=1258"}],"version-history":[{"count":9,"href":"https:\/\/zaverecne-prace.ucimesaweby.sk\/palfy-n\/wp-json\/wp\/v2\/pages\/1258\/revisions"}],"predecessor-version":[{"id":1585,"href":"https:\/\/zaverecne-prace.ucimesaweby.sk\/palfy-n\/wp-json\/wp\/v2\/pages\/1258\/revisions\/1585"}],"wp:attachment":[{"href":"https:\/\/zaverecne-prace.ucimesaweby.sk\/palfy-n\/wp-json\/wp\/v2\/media?parent=1258"}],"curies":[{"name":"wp","href":"https:\/\/api.w.org\/{rel}","templated":true}]}}