{"id":1256,"date":"2025-03-21T11:47:52","date_gmt":"2025-03-21T10:47:52","guid":{"rendered":"https:\/\/zaverecne-prace.ucimesaweby.sk\/palfy-n\/?page_id=1256"},"modified":"2025-05-06T10:09:45","modified_gmt":"2025-05-06T08:09:45","slug":"cesko","status":"publish","type":"page","link":"https:\/\/zaverecne-prace.ucimesaweby.sk\/palfy-n\/cesko\/","title":{"rendered":"\u010cesko"},"content":{"rendered":"\t\t<div data-elementor-type=\"wp-page\" data-elementor-id=\"1256\" class=\"elementor elementor-1256\" data-elementor-post-type=\"page\">\n\t\t\t\t<div class=\"elementor-element elementor-element-e355582 e-flex e-con-boxed e-con e-parent\" data-id=\"e355582\" data-element_type=\"container\" data-settings=\"{&quot;background_background&quot;:&quot;classic&quot;}\">\n\t\t\t\t\t<div class=\"e-con-inner\">\n\t\t\t\t<div class=\"elementor-element elementor-element-4027e02 elementor-widget elementor-widget-heading\" data-id=\"4027e02\" data-element_type=\"widget\" data-widget_type=\"heading.default\">\n\t\t\t\t<div class=\"elementor-widget-container\">\n\t\t\t\t\t<h1 class=\"elementor-heading-title elementor-size-default\">PRAHA<\/h1>\t\t\t\t<\/div>\n\t\t\t\t<\/div>\n\t\t\t\t<div class=\"elementor-element elementor-element-297caf5 elementor-widget elementor-widget-heading\" data-id=\"297caf5\" data-element_type=\"widget\" data-widget_type=\"heading.default\">\n\t\t\t\t<div class=\"elementor-widget-container\">\n\t\t\t\t\t<h2 class=\"elementor-heading-title elementor-size-default\">\u010cESK\u00c1 REPUBLIKA<\/h2>\t\t\t\t<\/div>\n\t\t\t\t<\/div>\n\t\t\t\t<div class=\"elementor-element elementor-element-4c661d6 elementor-widget elementor-widget-button\" data-id=\"4c661d6\" data-element_type=\"widget\" data-widget_type=\"button.default\">\n\t\t\t\t<div class=\"elementor-widget-container\">\n\t\t\t\t\t\t\t\t\t<div class=\"elementor-button-wrapper\">\n\t\t\t\t\t<a class=\"elementor-button elementor-button-link elementor-size-sm\" href=\"#cze\">\n\t\t\t\t\t\t<span class=\"elementor-button-content-wrapper\">\n\t\t\t\t\t\t\t\t\t<span class=\"elementor-button-text\">Zisti\u0165 viac<\/span>\n\t\t\t\t\t<\/span>\n\t\t\t\t\t<\/a>\n\t\t\t\t<\/div>\n\t\t\t\t\t\t\t\t<\/div>\n\t\t\t\t<\/div>\n\t\t\t\t\t<\/div>\n\t\t\t\t<\/div>\n\t\t<div class=\"elementor-element elementor-element-00aacb2 e-flex e-con-boxed e-con e-parent\" data-id=\"00aacb2\" data-element_type=\"container\" id=\"cze\" data-settings=\"{&quot;background_background&quot;:&quot;classic&quot;}\">\n\t\t\t\t\t<div class=\"e-con-inner\">\n\t\t<div class=\"elementor-element elementor-element-c7ea1d8 e-con-full e-flex e-con e-child\" data-id=\"c7ea1d8\" data-element_type=\"container\">\n\t\t\t\t<div class=\"elementor-element elementor-element-66864a9 elementor-widget elementor-widget-spacer\" data-id=\"66864a9\" data-element_type=\"widget\" data-widget_type=\"spacer.default\">\n\t\t\t\t<div class=\"elementor-widget-container\">\n\t\t\t\t\t\t\t<div class=\"elementor-spacer\">\n\t\t\t<div class=\"elementor-spacer-inner\"><\/div>\n\t\t<\/div>\n\t\t\t\t\t\t<\/div>\n\t\t\t\t<\/div>\n\t\t\t\t<div class=\"elementor-element elementor-element-05daa70 elementor-widget elementor-widget-heading\" data-id=\"05daa70\" data-element_type=\"widget\" data-widget_type=\"heading.default\">\n\t\t\t\t<div class=\"elementor-widget-container\">\n\t\t\t\t\t<h2 class=\"elementor-heading-title elementor-size-default\">Katedr\u00e1la sv\u00e4t\u00e9ho V\u00edta v Prahe<\/h2>\t\t\t\t<\/div>\n\t\t\t\t<\/div>\n\t\t\t\t<div class=\"elementor-element elementor-element-182a5a0 elementor-widget elementor-widget-text-editor\" data-id=\"182a5a0\" data-element_type=\"widget\" data-widget_type=\"text-editor.default\">\n\t\t\t\t<div class=\"elementor-widget-container\">\n\t\t\t\t\t\t\t\t\t<p>T\u00e1to katedr\u00e1la je jednou z najd\u00f4le\u017eitej\u0161\u00edch gotick\u00fdch stavieb v krajine a jej v\u00fdstavba sa za\u010dala v 14. storo\u010d\u00ed. Nach\u00e1dza sa v are\u00e1li Pra\u017esk\u00e9ho hradu a zohr\u00e1va v\u00fdznamn\u00fa rolu v n\u00e1bo\u017eenskom a politickom \u017eivote krajiny. Katedr\u00e1la sv\u00e4t\u00e9ho V\u00edta je symbolom \u010desk\u00e9ho n\u00e1roda a je spojen\u00e1 s korunov\u00e1ciami \u010desk\u00fdch kr\u00e1\u013eov. Okrem historick\u00e9ho v\u00fdznamu je zn\u00e1ma aj svojimi gotick\u00fdmi vitr\u00e1\u017eami a monument\u00e1lnymi klenbami (Pra\u017esk\u00fd hrad).<\/p>\t\t\t\t\t\t\t\t<\/div>\n\t\t\t\t<\/div>\n\t\t\t\t<\/div>\n\t\t<div class=\"elementor-element elementor-element-afb968d e-con-full e-flex e-con e-child\" data-id=\"afb968d\" data-element_type=\"container\">\n\t\t\t\t<div class=\"elementor-element elementor-element-23a1815 elementor-widget elementor-widget-spacer\" data-id=\"23a1815\" data-element_type=\"widget\" data-widget_type=\"spacer.default\">\n\t\t\t\t<div class=\"elementor-widget-container\">\n\t\t\t\t\t\t\t<div class=\"elementor-spacer\">\n\t\t\t<div class=\"elementor-spacer-inner\"><\/div>\n\t\t<\/div>\n\t\t\t\t\t\t<\/div>\n\t\t\t\t<\/div>\n\t\t\t\t<div class=\"elementor-element elementor-element-78b6dc8 elementor-widget elementor-widget-image\" data-id=\"78b6dc8\" data-element_type=\"widget\" data-widget_type=\"image.default\">\n\t\t\t\t<div class=\"elementor-widget-container\">\n\t\t\t\t\t\t\t\t\t\t\t\t\t\t\t<img fetchpriority=\"high\" decoding=\"async\" width=\"1024\" height=\"576\" src=\"https:\/\/zaverecne-prace.ucimesaweby.sk\/palfy-n\/wp-content\/uploads\/2025\/05\/DSC04556-1024x576.jpg\" class=\"attachment-large size-large wp-image-1480\" alt=\"Katedr\u00e1la sv\u00e4t\u00e9ho V\u00edta v Prahe\" srcset=\"https:\/\/zaverecne-prace.ucimesaweby.sk\/palfy-n\/wp-content\/uploads\/2025\/05\/DSC04556-1024x576.jpg 1024w, https:\/\/zaverecne-prace.ucimesaweby.sk\/palfy-n\/wp-content\/uploads\/2025\/05\/DSC04556-300x169.jpg 300w, https:\/\/zaverecne-prace.ucimesaweby.sk\/palfy-n\/wp-content\/uploads\/2025\/05\/DSC04556-768x432.jpg 768w, https:\/\/zaverecne-prace.ucimesaweby.sk\/palfy-n\/wp-content\/uploads\/2025\/05\/DSC04556-1536x864.jpg 1536w, https:\/\/zaverecne-prace.ucimesaweby.sk\/palfy-n\/wp-content\/uploads\/2025\/05\/DSC04556.jpg 2048w\" sizes=\"(max-width: 1024px) 100vw, 1024px\" \/>\t\t\t\t\t\t\t\t\t\t\t\t\t\t\t<\/div>\n\t\t\t\t<\/div>\n\t\t\t\t<\/div>\n\t\t\t\t\t<\/div>\n\t\t\t\t<\/div>\n\t\t<div class=\"elementor-element elementor-element-0822800 e-flex e-con-boxed e-con e-parent\" data-id=\"0822800\" data-element_type=\"container\" data-settings=\"{&quot;background_background&quot;:&quot;classic&quot;}\">\n\t\t\t\t\t<div class=\"e-con-inner\">\n\t\t<div class=\"elementor-element elementor-element-93ffc41 e-con-full e-flex e-con e-child\" data-id=\"93ffc41\" data-element_type=\"container\">\n\t\t\t\t<div class=\"elementor-element elementor-element-a16b7ef elementor-widget elementor-widget-image\" data-id=\"a16b7ef\" data-element_type=\"widget\" data-widget_type=\"image.default\">\n\t\t\t\t<div class=\"elementor-widget-container\">\n\t\t\t\t\t\t\t\t\t\t\t\t\t\t\t<img decoding=\"async\" width=\"683\" height=\"1024\" src=\"https:\/\/zaverecne-prace.ucimesaweby.sk\/palfy-n\/wp-content\/uploads\/2025\/05\/DSC03900-683x1024.jpg\" class=\"attachment-large size-large wp-image-1481\" alt=\"Interi\u00e9r katedr\u00e1ly sv. V\u00edta\" srcset=\"https:\/\/zaverecne-prace.ucimesaweby.sk\/palfy-n\/wp-content\/uploads\/2025\/05\/DSC03900-683x1024.jpg 683w, https:\/\/zaverecne-prace.ucimesaweby.sk\/palfy-n\/wp-content\/uploads\/2025\/05\/DSC03900-200x300.jpg 200w, https:\/\/zaverecne-prace.ucimesaweby.sk\/palfy-n\/wp-content\/uploads\/2025\/05\/DSC03900-768x1152.jpg 768w, https:\/\/zaverecne-prace.ucimesaweby.sk\/palfy-n\/wp-content\/uploads\/2025\/05\/DSC03900-1024x1536.jpg 1024w, https:\/\/zaverecne-prace.ucimesaweby.sk\/palfy-n\/wp-content\/uploads\/2025\/05\/DSC03900.jpg 1365w\" sizes=\"(max-width: 683px) 100vw, 683px\" \/>\t\t\t\t\t\t\t\t\t\t\t\t\t\t\t<\/div>\n\t\t\t\t<\/div>\n\t\t\t\t<div class=\"elementor-element elementor-element-dcc8684 elementor-widget elementor-widget-spacer\" data-id=\"dcc8684\" data-element_type=\"widget\" data-widget_type=\"spacer.default\">\n\t\t\t\t<div class=\"elementor-widget-container\">\n\t\t\t\t\t\t\t<div class=\"elementor-spacer\">\n\t\t\t<div class=\"elementor-spacer-inner\"><\/div>\n\t\t<\/div>\n\t\t\t\t\t\t<\/div>\n\t\t\t\t<\/div>\n\t\t\t\t<\/div>\n\t\t<div class=\"elementor-element elementor-element-0545393 e-con-full e-flex e-con e-child\" data-id=\"0545393\" data-element_type=\"container\">\n\t\t\t\t<div class=\"elementor-element elementor-element-15425ae elementor-widget elementor-widget-image\" data-id=\"15425ae\" data-element_type=\"widget\" data-widget_type=\"image.default\">\n\t\t\t\t<div class=\"elementor-widget-container\">\n\t\t\t\t\t\t\t\t\t\t\t\t\t\t\t<img decoding=\"async\" width=\"683\" height=\"1024\" src=\"https:\/\/zaverecne-prace.ucimesaweby.sk\/palfy-n\/wp-content\/uploads\/2025\/05\/DSC03890-1-683x1024.jpg\" class=\"attachment-large size-large wp-image-1566\" alt=\"Org\u00e1n v katedr\u00e1le sv\u00e4t\u00e9ho V\u00edta v Prahe\" srcset=\"https:\/\/zaverecne-prace.ucimesaweby.sk\/palfy-n\/wp-content\/uploads\/2025\/05\/DSC03890-1-683x1024.jpg 683w, https:\/\/zaverecne-prace.ucimesaweby.sk\/palfy-n\/wp-content\/uploads\/2025\/05\/DSC03890-1-200x300.jpg 200w, https:\/\/zaverecne-prace.ucimesaweby.sk\/palfy-n\/wp-content\/uploads\/2025\/05\/DSC03890-1-768x1152.jpg 768w, https:\/\/zaverecne-prace.ucimesaweby.sk\/palfy-n\/wp-content\/uploads\/2025\/05\/DSC03890-1-1024x1536.jpg 1024w, https:\/\/zaverecne-prace.ucimesaweby.sk\/palfy-n\/wp-content\/uploads\/2025\/05\/DSC03890-1.jpg 1365w\" sizes=\"(max-width: 683px) 100vw, 683px\" \/>\t\t\t\t\t\t\t\t\t\t\t\t\t\t\t<\/div>\n\t\t\t\t<\/div>\n\t\t\t\t<div class=\"elementor-element elementor-element-23a850e elementor-widget elementor-widget-spacer\" data-id=\"23a850e\" data-element_type=\"widget\" data-widget_type=\"spacer.default\">\n\t\t\t\t<div class=\"elementor-widget-container\">\n\t\t\t\t\t\t\t<div class=\"elementor-spacer\">\n\t\t\t<div class=\"elementor-spacer-inner\"><\/div>\n\t\t<\/div>\n\t\t\t\t\t\t<\/div>\n\t\t\t\t<\/div>\n\t\t\t\t<\/div>\n\t\t\t\t\t<\/div>\n\t\t\t\t<\/div>\n\t\t\t\t<\/div>\n\t\t","protected":false},"excerpt":{"rendered":"<p>PRAHA \u010cESK\u00c1 REPUBLIKA Zisti\u0165 viac Katedr\u00e1la sv\u00e4t\u00e9ho V\u00edta v Prahe T\u00e1to katedr\u00e1la je jednou z najd\u00f4le\u017eitej\u0161\u00edch gotick\u00fdch stavieb v krajine a jej v\u00fdstavba sa za\u010dala v 14. storo\u010d\u00ed. Nach\u00e1dza sa v are\u00e1li Pra\u017esk\u00e9ho hradu a zohr\u00e1va v\u00fdznamn\u00fa rolu v n\u00e1bo\u017eenskom a politickom \u017eivote krajiny. Katedr\u00e1la sv\u00e4t\u00e9ho V\u00edta je symbolom \u010desk\u00e9ho n\u00e1roda a je spojen\u00e1 s [&hellip;]<\/p>\n","protected":false},"author":1,"featured_media":0,"parent":0,"menu_order":0,"comment_status":"closed","ping_status":"closed","template":"","meta":{"site-sidebar-layout":"no-sidebar","site-content-layout":"page-builder","ast-site-content-layout":"full-width-container","site-content-style":"default","site-sidebar-style":"default","ast-global-header-display":"","ast-banner-title-visibility":"","ast-main-header-display":"","ast-hfb-above-header-display":"","ast-hfb-below-header-display":"","ast-hfb-mobile-header-display":"","site-post-title":"disabled","ast-breadcrumbs-content":"","ast-featured-img":"disabled","footer-sml-layout":"","theme-transparent-header-meta":"default","adv-header-id-meta":"","stick-header-meta":"","header-above-stick-meta":"","header-main-stick-meta":"","header-below-stick-meta":"","astra-migrate-meta-layouts":"set","ast-page-background-enabled":"default","ast-page-background-meta":{"desktop":{"background-color":"","background-image":"","background-repeat":"repeat","background-position":"center center","background-size":"auto","background-attachment":"scroll","background-type":"","background-media":"","overlay-type":"","overlay-color":"","overlay-opacity":"","overlay-gradient":""},"tablet":{"background-color":"","background-image":"","background-repeat":"repeat","background-position":"center center","background-size":"auto","background-attachment":"scroll","background-type":"","background-media":"","overlay-type":"","overlay-color":"","overlay-opacity":"","overlay-gradient":""},"mobile":{"background-color":"","background-image":"","background-repeat":"repeat","background-position":"center center","background-size":"auto","background-attachment":"scroll","background-type":"","background-media":"","overlay-type":"","overlay-color":"","overlay-opacity":"","overlay-gradient":""}},"ast-content-background-meta":{"desktop":{"background-color":"var(--ast-global-color-5)","background-image":"","background-repeat":"repeat","background-position":"center center","background-size":"auto","background-attachment":"scroll","background-type":"","background-media":"","overlay-type":"","overlay-color":"","overlay-opacity":"","overlay-gradient":""},"tablet":{"background-color":"var(--ast-global-color-5)","background-image":"","background-repeat":"repeat","background-position":"center center","background-size":"auto","background-attachment":"scroll","background-type":"","background-media":"","overlay-type":"","overlay-color":"","overlay-opacity":"","overlay-gradient":""},"mobile":{"background-color":"var(--ast-global-color-5)","background-image":"","background-repeat":"repeat","background-position":"center center","background-size":"auto","background-attachment":"scroll","background-type":"","background-media":"","overlay-type":"","overlay-color":"","overlay-opacity":"","overlay-gradient":""}},"footnotes":""},"class_list":["post-1256","page","type-page","status-publish","hentry"],"_links":{"self":[{"href":"https:\/\/zaverecne-prace.ucimesaweby.sk\/palfy-n\/wp-json\/wp\/v2\/pages\/1256","targetHints":{"allow":["GET"]}}],"collection":[{"href":"https:\/\/zaverecne-prace.ucimesaweby.sk\/palfy-n\/wp-json\/wp\/v2\/pages"}],"about":[{"href":"https:\/\/zaverecne-prace.ucimesaweby.sk\/palfy-n\/wp-json\/wp\/v2\/types\/page"}],"author":[{"embeddable":true,"href":"https:\/\/zaverecne-prace.ucimesaweby.sk\/palfy-n\/wp-json\/wp\/v2\/users\/1"}],"replies":[{"embeddable":true,"href":"https:\/\/zaverecne-prace.ucimesaweby.sk\/palfy-n\/wp-json\/wp\/v2\/comments?post=1256"}],"version-history":[{"count":12,"href":"https:\/\/zaverecne-prace.ucimesaweby.sk\/palfy-n\/wp-json\/wp\/v2\/pages\/1256\/revisions"}],"predecessor-version":[{"id":1588,"href":"https:\/\/zaverecne-prace.ucimesaweby.sk\/palfy-n\/wp-json\/wp\/v2\/pages\/1256\/revisions\/1588"}],"wp:attachment":[{"href":"https:\/\/zaverecne-prace.ucimesaweby.sk\/palfy-n\/wp-json\/wp\/v2\/media?parent=1256"}],"curies":[{"name":"wp","href":"https:\/\/api.w.org\/{rel}","templated":true}]}}