{"id":1252,"date":"2025-03-21T11:46:58","date_gmt":"2025-03-21T10:46:58","guid":{"rendered":"https:\/\/zaverecne-prace.ucimesaweby.sk\/palfy-n\/?page_id=1252"},"modified":"2025-05-06T09:25:30","modified_gmt":"2025-05-06T07:25:30","slug":"polsko","status":"publish","type":"page","link":"https:\/\/zaverecne-prace.ucimesaweby.sk\/palfy-n\/polsko\/","title":{"rendered":"Po\u013esko"},"content":{"rendered":"\t\t<div data-elementor-type=\"wp-page\" data-elementor-id=\"1252\" class=\"elementor elementor-1252\" data-elementor-post-type=\"page\">\n\t\t\t\t<div class=\"elementor-element elementor-element-478a352 e-flex e-con-boxed e-con e-parent\" data-id=\"478a352\" data-element_type=\"container\" data-settings=\"{&quot;background_background&quot;:&quot;classic&quot;}\">\n\t\t\t\t\t<div class=\"e-con-inner\">\n\t\t\t\t<div class=\"elementor-element elementor-element-c809b56 elementor-widget elementor-widget-heading\" data-id=\"c809b56\" data-element_type=\"widget\" data-widget_type=\"heading.default\">\n\t\t\t\t<div class=\"elementor-widget-container\">\n\t\t\t\t\t<h1 class=\"elementor-heading-title elementor-size-default\">PO\u013dSKO<\/h1>\t\t\t\t<\/div>\n\t\t\t\t<\/div>\n\t\t\t\t<div class=\"elementor-element elementor-element-0875cc4 elementor-widget elementor-widget-button\" data-id=\"0875cc4\" data-element_type=\"widget\" data-widget_type=\"button.default\">\n\t\t\t\t<div class=\"elementor-widget-container\">\n\t\t\t\t\t\t\t\t\t<div class=\"elementor-button-wrapper\">\n\t\t\t\t\t<a class=\"elementor-button elementor-button-link elementor-size-sm\" href=\"#pol\">\n\t\t\t\t\t\t<span class=\"elementor-button-content-wrapper\">\n\t\t\t\t\t\t\t\t\t<span class=\"elementor-button-text\">ZISTI\u0164 VIAC<\/span>\n\t\t\t\t\t<\/span>\n\t\t\t\t\t<\/a>\n\t\t\t\t<\/div>\n\t\t\t\t\t\t\t\t<\/div>\n\t\t\t\t<\/div>\n\t\t\t\t\t<\/div>\n\t\t\t\t<\/div>\n\t\t<div class=\"elementor-element elementor-element-fb1fd6e e-flex e-con-boxed e-con e-parent\" data-id=\"fb1fd6e\" data-element_type=\"container\" id=\"pol\" data-settings=\"{&quot;background_background&quot;:&quot;classic&quot;}\">\n\t\t\t\t\t<div class=\"e-con-inner\">\n\t\t\t\t<div class=\"elementor-element elementor-element-7ad6d1c elementor-widget elementor-widget-spacer\" data-id=\"7ad6d1c\" data-element_type=\"widget\" data-widget_type=\"spacer.default\">\n\t\t\t\t<div class=\"elementor-widget-container\">\n\t\t\t\t\t\t\t<div class=\"elementor-spacer\">\n\t\t\t<div class=\"elementor-spacer-inner\"><\/div>\n\t\t<\/div>\n\t\t\t\t\t\t<\/div>\n\t\t\t\t<\/div>\n\t\t\t\t<div class=\"elementor-element elementor-element-5e3c2d8 elementor-widget elementor-widget-heading\" data-id=\"5e3c2d8\" data-element_type=\"widget\" data-widget_type=\"heading.default\">\n\t\t\t\t<div class=\"elementor-widget-container\">\n\t\t\t\t\t<h2 class=\"elementor-heading-title elementor-size-default\">Kostol Panny M\u00e1rie v Gdyni<\/h2>\t\t\t\t<\/div>\n\t\t\t\t<\/div>\n\t\t\t\t<div class=\"elementor-element elementor-element-8bb8877 elementor-widget elementor-widget-text-editor\" data-id=\"8bb8877\" data-element_type=\"widget\" data-widget_type=\"text-editor.default\">\n\t\t\t\t<div class=\"elementor-widget-container\">\n\t\t\t\t\t\t\t\t\t<p>V Gdyni, Po\u013esko, sa nach\u00e1dza modern\u00fd kostol zasv\u00e4ten\u00fd Panne M\u00e1rii, ktor\u00fd bol postaven\u00fd v druhej polovici 20. storo\u010dia v funkcionalistickom \u0161t\u00fdle. Tento kostol je d\u00f4le\u017eit\u00fdm n\u00e1bo\u017eensk\u00fdm a kult\u00farnym centrom pre obyvate\u013eov Gdynie, pri\u010dom jeho unik\u00e1tny architektonick\u00fd dizajn odr\u00e1\u017ea prechod do modern\u00fdch pr\u00edstupov v sakr\u00e1lnej architekt\u00fare (Ko\u015bci\u00f3\u0142 Naj\u015bwi\u0119tszej Maryi Panny).<\/p>\t\t\t\t\t\t\t\t<\/div>\n\t\t\t\t<\/div>\n\t\t\t\t\t<\/div>\n\t\t\t\t<\/div>\n\t\t<div class=\"elementor-element elementor-element-0e4eb51 e-flex e-con-boxed e-con e-parent\" data-id=\"0e4eb51\" data-element_type=\"container\" data-settings=\"{&quot;background_background&quot;:&quot;classic&quot;}\">\n\t\t\t\t\t<div class=\"e-con-inner\">\n\t\t<div class=\"elementor-element elementor-element-8183de6 e-con-full e-flex e-con e-child\" data-id=\"8183de6\" data-element_type=\"container\">\n\t\t\t\t<div class=\"elementor-element elementor-element-50ca022 elementor-widget elementor-widget-image\" data-id=\"50ca022\" data-element_type=\"widget\" data-widget_type=\"image.default\">\n\t\t\t\t<div class=\"elementor-widget-container\">\n\t\t\t\t\t\t\t\t\t\t\t\t\t\t\t<img fetchpriority=\"high\" decoding=\"async\" width=\"683\" height=\"1024\" src=\"https:\/\/zaverecne-prace.ucimesaweby.sk\/palfy-n\/wp-content\/uploads\/2025\/05\/DSC06591-Edit-683x1024.jpg\" class=\"attachment-large size-large wp-image-1478\" alt=\"Kostol Panny M\u00e1rie v Gdyni cez de\u0148\" srcset=\"https:\/\/zaverecne-prace.ucimesaweby.sk\/palfy-n\/wp-content\/uploads\/2025\/05\/DSC06591-Edit-683x1024.jpg 683w, https:\/\/zaverecne-prace.ucimesaweby.sk\/palfy-n\/wp-content\/uploads\/2025\/05\/DSC06591-Edit-200x300.jpg 200w, https:\/\/zaverecne-prace.ucimesaweby.sk\/palfy-n\/wp-content\/uploads\/2025\/05\/DSC06591-Edit-768x1152.jpg 768w, https:\/\/zaverecne-prace.ucimesaweby.sk\/palfy-n\/wp-content\/uploads\/2025\/05\/DSC06591-Edit-1024x1536.jpg 1024w, https:\/\/zaverecne-prace.ucimesaweby.sk\/palfy-n\/wp-content\/uploads\/2025\/05\/DSC06591-Edit.jpg 1365w\" sizes=\"(max-width: 683px) 100vw, 683px\" \/>\t\t\t\t\t\t\t\t\t\t\t\t\t\t\t<\/div>\n\t\t\t\t<\/div>\n\t\t\t\t<\/div>\n\t\t<div class=\"elementor-element elementor-element-8f2ce60 e-con-full e-flex e-con e-child\" data-id=\"8f2ce60\" data-element_type=\"container\">\n\t\t\t\t<div class=\"elementor-element elementor-element-253b221 elementor-widget elementor-widget-image\" data-id=\"253b221\" data-element_type=\"widget\" data-widget_type=\"image.default\">\n\t\t\t\t<div class=\"elementor-widget-container\">\n\t\t\t\t\t\t\t\t\t\t\t\t\t\t\t<img decoding=\"async\" width=\"683\" height=\"1024\" src=\"https:\/\/zaverecne-prace.ucimesaweby.sk\/palfy-n\/wp-content\/uploads\/2025\/05\/DSC06468-683x1024.jpg\" class=\"attachment-large size-large wp-image-1488\" alt=\"Interi\u00e9r v kostole Panny M\u00e1rie v Gdyni\" srcset=\"https:\/\/zaverecne-prace.ucimesaweby.sk\/palfy-n\/wp-content\/uploads\/2025\/05\/DSC06468-683x1024.jpg 683w, https:\/\/zaverecne-prace.ucimesaweby.sk\/palfy-n\/wp-content\/uploads\/2025\/05\/DSC06468-200x300.jpg 200w, https:\/\/zaverecne-prace.ucimesaweby.sk\/palfy-n\/wp-content\/uploads\/2025\/05\/DSC06468-768x1152.jpg 768w, https:\/\/zaverecne-prace.ucimesaweby.sk\/palfy-n\/wp-content\/uploads\/2025\/05\/DSC06468-1024x1536.jpg 1024w, https:\/\/zaverecne-prace.ucimesaweby.sk\/palfy-n\/wp-content\/uploads\/2025\/05\/DSC06468.jpg 1365w\" sizes=\"(max-width: 683px) 100vw, 683px\" \/>\t\t\t\t\t\t\t\t\t\t\t\t\t\t\t<\/div>\n\t\t\t\t<\/div>\n\t\t\t\t<\/div>\n\t\t\t\t\t<\/div>\n\t\t\t\t<\/div>\n\t\t<div class=\"elementor-element elementor-element-4fbeeb3 e-flex e-con-boxed e-con e-parent\" data-id=\"4fbeeb3\" data-element_type=\"container\" data-settings=\"{&quot;background_background&quot;:&quot;classic&quot;}\">\n\t\t\t\t\t<div class=\"e-con-inner\">\n\t\t<div class=\"elementor-element elementor-element-95f75fd e-con-full e-flex e-con e-child\" data-id=\"95f75fd\" data-element_type=\"container\">\n\t\t\t\t<div class=\"elementor-element elementor-element-e537922 elementor-widget elementor-widget-image\" data-id=\"e537922\" data-element_type=\"widget\" data-widget_type=\"image.default\">\n\t\t\t\t<div class=\"elementor-widget-container\">\n\t\t\t\t\t\t\t\t\t\t\t\t\t\t\t<img decoding=\"async\" width=\"1024\" height=\"576\" src=\"https:\/\/zaverecne-prace.ucimesaweby.sk\/palfy-n\/wp-content\/uploads\/2025\/05\/DJI_0296-Edit-Edit-1024x576.jpg\" class=\"attachment-large size-large wp-image-1477\" alt=\"Bazilika Nanebovzatia Najsv\u00e4tej\u0161ej Panny M\u00e1rie v Gda\u0148sku\" srcset=\"https:\/\/zaverecne-prace.ucimesaweby.sk\/palfy-n\/wp-content\/uploads\/2025\/05\/DJI_0296-Edit-Edit-1024x576.jpg 1024w, https:\/\/zaverecne-prace.ucimesaweby.sk\/palfy-n\/wp-content\/uploads\/2025\/05\/DJI_0296-Edit-Edit-300x169.jpg 300w, https:\/\/zaverecne-prace.ucimesaweby.sk\/palfy-n\/wp-content\/uploads\/2025\/05\/DJI_0296-Edit-Edit-768x432.jpg 768w, https:\/\/zaverecne-prace.ucimesaweby.sk\/palfy-n\/wp-content\/uploads\/2025\/05\/DJI_0296-Edit-Edit-1536x864.jpg 1536w, https:\/\/zaverecne-prace.ucimesaweby.sk\/palfy-n\/wp-content\/uploads\/2025\/05\/DJI_0296-Edit-Edit.jpg 2048w\" sizes=\"(max-width: 1024px) 100vw, 1024px\" \/>\t\t\t\t\t\t\t\t\t\t\t\t\t\t\t<\/div>\n\t\t\t\t<\/div>\n\t\t\t\t<\/div>\n\t\t<div class=\"elementor-element elementor-element-9f7ce08 e-con-full e-flex e-con e-child\" data-id=\"9f7ce08\" data-element_type=\"container\">\n\t\t\t\t<div class=\"elementor-element elementor-element-e7a3619 elementor-widget elementor-widget-heading\" data-id=\"e7a3619\" data-element_type=\"widget\" data-widget_type=\"heading.default\">\n\t\t\t\t<div class=\"elementor-widget-container\">\n\t\t\t\t\t<h2 class=\"elementor-heading-title elementor-size-default\">Bazilika Nanebovzatia Najsv\u00e4tej\u0161ej Panny M\u00e1rie v Gda\u0148sku <\/h2>\t\t\t\t<\/div>\n\t\t\t\t<\/div>\n\t\t\t\t<div class=\"elementor-element elementor-element-f749938 elementor-widget elementor-widget-text-editor\" data-id=\"f749938\" data-element_type=\"widget\" data-widget_type=\"text-editor.default\">\n\t\t\t\t<div class=\"elementor-widget-container\">\n\t\t\t\t\t\t\t\t\t<p>Bazilika je jednou z najv\u00e4\u010d\u0161\u00edch gotick\u00fdch stavieb v Po\u013esku. Postaven\u00e1 v 14. storo\u010d\u00ed, t\u00e1to bazilika zohr\u00e1va v\u00fdznamn\u00fa rolu v hist\u00f3rii po\u013esk\u00e9ho katolicizmu. Okrem svojej n\u00e1bo\u017eenskej funkcie je aj v\u00fdznamn\u00fdm historick\u00fdm a architektonick\u00fdm objektom, ktor\u00fd pri\u0165ahuje n\u00e1v\u0161tevn\u00edkov z cel\u00e9ho sveta (Bazylika Mariacka 2020).<\/p>\t\t\t\t\t\t\t\t<\/div>\n\t\t\t\t<\/div>\n\t\t\t\t<\/div>\n\t\t\t\t\t<\/div>\n\t\t\t\t<\/div>\n\t\t<div class=\"elementor-element elementor-element-b58b9b7 e-flex e-con-boxed e-con e-parent\" data-id=\"b58b9b7\" data-element_type=\"container\" data-settings=\"{&quot;background_background&quot;:&quot;classic&quot;}\">\n\t\t\t\t\t<div class=\"e-con-inner\">\n\t\t<div class=\"elementor-element elementor-element-8aafed4 e-con-full e-flex e-con e-child\" data-id=\"8aafed4\" data-element_type=\"container\">\n\t\t\t\t<div class=\"elementor-element elementor-element-6fa14ef elementor-widget elementor-widget-image\" data-id=\"6fa14ef\" data-element_type=\"widget\" data-widget_type=\"image.default\">\n\t\t\t\t<div class=\"elementor-widget-container\">\n\t\t\t\t\t\t\t\t\t\t\t\t\t\t\t<img loading=\"lazy\" decoding=\"async\" width=\"683\" height=\"1024\" src=\"https:\/\/zaverecne-prace.ucimesaweby.sk\/palfy-n\/wp-content\/uploads\/2025\/05\/DSC06752-683x1024.jpg\" class=\"attachment-large size-large wp-image-1490\" alt=\"Interi\u00e9r v bazilike Nanebovzatia Najsv\u00e4tej\u0161ej Panny M\u00e1rie v Gda\u0148sku\" srcset=\"https:\/\/zaverecne-prace.ucimesaweby.sk\/palfy-n\/wp-content\/uploads\/2025\/05\/DSC06752-683x1024.jpg 683w, https:\/\/zaverecne-prace.ucimesaweby.sk\/palfy-n\/wp-content\/uploads\/2025\/05\/DSC06752-200x300.jpg 200w, https:\/\/zaverecne-prace.ucimesaweby.sk\/palfy-n\/wp-content\/uploads\/2025\/05\/DSC06752-768x1152.jpg 768w, https:\/\/zaverecne-prace.ucimesaweby.sk\/palfy-n\/wp-content\/uploads\/2025\/05\/DSC06752-1024x1536.jpg 1024w, https:\/\/zaverecne-prace.ucimesaweby.sk\/palfy-n\/wp-content\/uploads\/2025\/05\/DSC06752.jpg 1365w\" sizes=\"(max-width: 683px) 100vw, 683px\" \/>\t\t\t\t\t\t\t\t\t\t\t\t\t\t\t<\/div>\n\t\t\t\t<\/div>\n\t\t\t\t<\/div>\n\t\t<div class=\"elementor-element elementor-element-b9fa950 e-con-full e-flex e-con e-child\" data-id=\"b9fa950\" data-element_type=\"container\">\n\t\t\t\t<div class=\"elementor-element elementor-element-f1578cf elementor-widget elementor-widget-image\" data-id=\"f1578cf\" data-element_type=\"widget\" data-widget_type=\"image.default\">\n\t\t\t\t<div class=\"elementor-widget-container\">\n\t\t\t\t\t\t\t\t\t\t\t\t\t\t\t<img loading=\"lazy\" decoding=\"async\" width=\"683\" height=\"1024\" src=\"https:\/\/zaverecne-prace.ucimesaweby.sk\/palfy-n\/wp-content\/uploads\/2025\/05\/DSC06732-683x1024.jpg\" class=\"attachment-large size-large wp-image-1489\" alt=\"Org\u00e1n v bazilike Nanebovzatia Najsv\u00e4tej\u0161ej Panny M\u00e1rie v Gda\u0148sku\" srcset=\"https:\/\/zaverecne-prace.ucimesaweby.sk\/palfy-n\/wp-content\/uploads\/2025\/05\/DSC06732-683x1024.jpg 683w, https:\/\/zaverecne-prace.ucimesaweby.sk\/palfy-n\/wp-content\/uploads\/2025\/05\/DSC06732-200x300.jpg 200w, https:\/\/zaverecne-prace.ucimesaweby.sk\/palfy-n\/wp-content\/uploads\/2025\/05\/DSC06732-768x1152.jpg 768w, https:\/\/zaverecne-prace.ucimesaweby.sk\/palfy-n\/wp-content\/uploads\/2025\/05\/DSC06732-1024x1536.jpg 1024w, https:\/\/zaverecne-prace.ucimesaweby.sk\/palfy-n\/wp-content\/uploads\/2025\/05\/DSC06732.jpg 1365w\" sizes=\"(max-width: 683px) 100vw, 683px\" \/>\t\t\t\t\t\t\t\t\t\t\t\t\t\t\t<\/div>\n\t\t\t\t<\/div>\n\t\t\t\t<\/div>\n\t\t\t\t\t<\/div>\n\t\t\t\t<\/div>\n\t\t<div class=\"elementor-element elementor-element-0ff6be7 e-flex e-con-boxed e-con e-parent\" data-id=\"0ff6be7\" data-element_type=\"container\" data-settings=\"{&quot;background_background&quot;:&quot;classic&quot;}\">\n\t\t\t\t\t<div class=\"e-con-inner\">\n\t\t<div class=\"elementor-element elementor-element-d77698c e-con-full e-flex e-con e-child\" data-id=\"d77698c\" data-element_type=\"container\">\n\t\t\t\t<div class=\"elementor-element elementor-element-22af19e elementor-widget elementor-widget-heading\" data-id=\"22af19e\" data-element_type=\"widget\" data-widget_type=\"heading.default\">\n\t\t\t\t<div class=\"elementor-widget-container\">\n\t\t\t\t\t<h2 class=\"elementor-heading-title elementor-size-default\">ArciKatedr\u00e1la sv\u00e4t\u00e9ho J\u00e1na Krstite\u013ea vo Var\u0161ave<\/h2>\t\t\t\t<\/div>\n\t\t\t\t<\/div>\n\t\t\t\t<div class=\"elementor-element elementor-element-dda8a54 elementor-widget elementor-widget-text-editor\" data-id=\"dda8a54\" data-element_type=\"widget\" data-widget_type=\"text-editor.default\">\n\t\t\t\t<div class=\"elementor-widget-container\">\n\t\t\t\t\t\t\t\t\t<p>ArciKatedr\u00e1la je najstar\u0161\u00edm kostolom v hlavnom meste Po\u013eska. Postaven\u00e1 v gotickom \u0161t\u00fdle v 14. storo\u010d\u00ed, bola viackr\u00e1t po\u0161koden\u00e1 po\u010das r\u00f4znych vojnov\u00fdch konfliktov, ale nesk\u00f4r bola zrekon\u0161truovan\u00e1. Katedr\u00e1la je symbolom n\u00e1rodnej hist\u00f3rie a v\u00fdznamn\u00fdm miestom pre po\u013esk\u00fa cirkev (Var\u0161avsk\u00e1 arckatedr\u00e1la).<\/p>\t\t\t\t\t\t\t\t<\/div>\n\t\t\t\t<\/div>\n\t\t\t\t<\/div>\n\t\t<div class=\"elementor-element elementor-element-7b781d4 e-con-full e-flex e-con e-child\" data-id=\"7b781d4\" data-element_type=\"container\">\n\t\t\t\t<div class=\"elementor-element elementor-element-74bc4c3 elementor-widget elementor-widget-image\" data-id=\"74bc4c3\" data-element_type=\"widget\" data-widget_type=\"image.default\">\n\t\t\t\t<div class=\"elementor-widget-container\">\n\t\t\t\t\t\t\t\t\t\t\t\t\t\t\t<img loading=\"lazy\" decoding=\"async\" width=\"1024\" height=\"576\" src=\"https:\/\/zaverecne-prace.ucimesaweby.sk\/palfy-n\/wp-content\/uploads\/2025\/05\/dji_fly_20240729_055648_377_1722225611676_photo_optimized-1024x576.jpg\" class=\"attachment-large size-large wp-image-1556\" alt=\"ArciKatedr\u00e1la sv\u00e4t\u00e9ho J\u00e1na Krstite\u013ea vo Var\u0161ave\" srcset=\"https:\/\/zaverecne-prace.ucimesaweby.sk\/palfy-n\/wp-content\/uploads\/2025\/05\/dji_fly_20240729_055648_377_1722225611676_photo_optimized-1024x576.jpg 1024w, https:\/\/zaverecne-prace.ucimesaweby.sk\/palfy-n\/wp-content\/uploads\/2025\/05\/dji_fly_20240729_055648_377_1722225611676_photo_optimized-300x169.jpg 300w, https:\/\/zaverecne-prace.ucimesaweby.sk\/palfy-n\/wp-content\/uploads\/2025\/05\/dji_fly_20240729_055648_377_1722225611676_photo_optimized-768x432.jpg 768w, https:\/\/zaverecne-prace.ucimesaweby.sk\/palfy-n\/wp-content\/uploads\/2025\/05\/dji_fly_20240729_055648_377_1722225611676_photo_optimized-1536x864.jpg 1536w, https:\/\/zaverecne-prace.ucimesaweby.sk\/palfy-n\/wp-content\/uploads\/2025\/05\/dji_fly_20240729_055648_377_1722225611676_photo_optimized-2048x1152.jpg 2048w\" sizes=\"(max-width: 1024px) 100vw, 1024px\" \/>\t\t\t\t\t\t\t\t\t\t\t\t\t\t\t<\/div>\n\t\t\t\t<\/div>\n\t\t\t\t<\/div>\n\t\t\t\t\t<\/div>\n\t\t\t\t<\/div>\n\t\t<div class=\"elementor-element elementor-element-bd46482 e-flex e-con-boxed e-con e-parent\" data-id=\"bd46482\" data-element_type=\"container\" data-settings=\"{&quot;background_background&quot;:&quot;classic&quot;}\">\n\t\t\t\t\t<div class=\"e-con-inner\">\n\t\t<div class=\"elementor-element elementor-element-d02a662 e-con-full e-flex e-con e-child\" data-id=\"d02a662\" data-element_type=\"container\">\n\t\t\t\t<div class=\"elementor-element elementor-element-616c034 elementor-widget elementor-widget-image\" data-id=\"616c034\" data-element_type=\"widget\" data-widget_type=\"image.default\">\n\t\t\t\t<div class=\"elementor-widget-container\">\n\t\t\t\t\t\t\t\t\t\t\t\t\t\t\t<img loading=\"lazy\" decoding=\"async\" width=\"683\" height=\"1024\" src=\"https:\/\/zaverecne-prace.ucimesaweby.sk\/palfy-n\/wp-content\/uploads\/2025\/05\/DSC07063-683x1024.jpg\" class=\"attachment-large size-large wp-image-1491\" alt=\"Interi\u00e9r v ArciKatedr\u00e1le sv\u00e4t\u00e9ho J\u00e1na Krstite\u013ea vo Var\u0161ave\" srcset=\"https:\/\/zaverecne-prace.ucimesaweby.sk\/palfy-n\/wp-content\/uploads\/2025\/05\/DSC07063-683x1024.jpg 683w, https:\/\/zaverecne-prace.ucimesaweby.sk\/palfy-n\/wp-content\/uploads\/2025\/05\/DSC07063-200x300.jpg 200w, https:\/\/zaverecne-prace.ucimesaweby.sk\/palfy-n\/wp-content\/uploads\/2025\/05\/DSC07063-768x1152.jpg 768w, https:\/\/zaverecne-prace.ucimesaweby.sk\/palfy-n\/wp-content\/uploads\/2025\/05\/DSC07063-1024x1536.jpg 1024w, https:\/\/zaverecne-prace.ucimesaweby.sk\/palfy-n\/wp-content\/uploads\/2025\/05\/DSC07063.jpg 1365w\" sizes=\"(max-width: 683px) 100vw, 683px\" \/>\t\t\t\t\t\t\t\t\t\t\t\t\t\t\t<\/div>\n\t\t\t\t<\/div>\n\t\t\t\t<div class=\"elementor-element elementor-element-c43c989 elementor-widget elementor-widget-spacer\" data-id=\"c43c989\" data-element_type=\"widget\" data-widget_type=\"spacer.default\">\n\t\t\t\t<div class=\"elementor-widget-container\">\n\t\t\t\t\t\t\t<div class=\"elementor-spacer\">\n\t\t\t<div class=\"elementor-spacer-inner\"><\/div>\n\t\t<\/div>\n\t\t\t\t\t\t<\/div>\n\t\t\t\t<\/div>\n\t\t\t\t<\/div>\n\t\t<div class=\"elementor-element elementor-element-3d883ca e-con-full e-flex e-con e-child\" data-id=\"3d883ca\" data-element_type=\"container\">\n\t\t\t\t<div class=\"elementor-element elementor-element-4cec4b5 elementor-widget elementor-widget-image\" data-id=\"4cec4b5\" data-element_type=\"widget\" data-widget_type=\"image.default\">\n\t\t\t\t<div class=\"elementor-widget-container\">\n\t\t\t\t\t\t\t\t\t\t\t\t\t\t\t<img loading=\"lazy\" decoding=\"async\" width=\"683\" height=\"1024\" src=\"https:\/\/zaverecne-prace.ucimesaweby.sk\/palfy-n\/wp-content\/uploads\/2025\/05\/DSC07065-683x1024.jpg\" class=\"attachment-large size-large wp-image-1492\" alt=\"Org\u00e1n v ArciKatedr\u00e1le sv\u00e4t\u00e9ho J\u00e1na Krstite\u013ea vo Var\u0161ave\" srcset=\"https:\/\/zaverecne-prace.ucimesaweby.sk\/palfy-n\/wp-content\/uploads\/2025\/05\/DSC07065-683x1024.jpg 683w, https:\/\/zaverecne-prace.ucimesaweby.sk\/palfy-n\/wp-content\/uploads\/2025\/05\/DSC07065-200x300.jpg 200w, https:\/\/zaverecne-prace.ucimesaweby.sk\/palfy-n\/wp-content\/uploads\/2025\/05\/DSC07065-768x1152.jpg 768w, https:\/\/zaverecne-prace.ucimesaweby.sk\/palfy-n\/wp-content\/uploads\/2025\/05\/DSC07065-1024x1536.jpg 1024w, https:\/\/zaverecne-prace.ucimesaweby.sk\/palfy-n\/wp-content\/uploads\/2025\/05\/DSC07065.jpg 1365w\" sizes=\"(max-width: 683px) 100vw, 683px\" \/>\t\t\t\t\t\t\t\t\t\t\t\t\t\t\t<\/div>\n\t\t\t\t<\/div>\n\t\t\t\t<div class=\"elementor-element elementor-element-e8df309 elementor-widget elementor-widget-spacer\" data-id=\"e8df309\" data-element_type=\"widget\" data-widget_type=\"spacer.default\">\n\t\t\t\t<div class=\"elementor-widget-container\">\n\t\t\t\t\t\t\t<div class=\"elementor-spacer\">\n\t\t\t<div class=\"elementor-spacer-inner\"><\/div>\n\t\t<\/div>\n\t\t\t\t\t\t<\/div>\n\t\t\t\t<\/div>\n\t\t\t\t<\/div>\n\t\t\t\t\t<\/div>\n\t\t\t\t<\/div>\n\t\t\t\t<\/div>\n\t\t","protected":false},"excerpt":{"rendered":"<p>PO\u013dSKO ZISTI\u0164 VIAC Kostol Panny M\u00e1rie v Gdyni V Gdyni, Po\u013esko, sa nach\u00e1dza modern\u00fd kostol zasv\u00e4ten\u00fd Panne M\u00e1rii, ktor\u00fd bol postaven\u00fd v druhej polovici 20. storo\u010dia v funkcionalistickom \u0161t\u00fdle. Tento kostol je d\u00f4le\u017eit\u00fdm n\u00e1bo\u017eensk\u00fdm a kult\u00farnym centrom pre obyvate\u013eov Gdynie, pri\u010dom jeho unik\u00e1tny architektonick\u00fd dizajn odr\u00e1\u017ea prechod do modern\u00fdch pr\u00edstupov v sakr\u00e1lnej architekt\u00fare (Ko\u015bci\u00f3\u0142 Naj\u015bwi\u0119tszej [&hellip;]<\/p>\n","protected":false},"author":1,"featured_media":0,"parent":0,"menu_order":0,"comment_status":"closed","ping_status":"closed","template":"","meta":{"site-sidebar-layout":"no-sidebar","site-content-layout":"page-builder","ast-site-content-layout":"full-width-container","site-content-style":"default","site-sidebar-style":"default","ast-global-header-display":"","ast-banner-title-visibility":"","ast-main-header-display":"","ast-hfb-above-header-display":"","ast-hfb-below-header-display":"","ast-hfb-mobile-header-display":"","site-post-title":"disabled","ast-breadcrumbs-content":"","ast-featured-img":"disabled","footer-sml-layout":"","theme-transparent-header-meta":"default","adv-header-id-meta":"","stick-header-meta":"","header-above-stick-meta":"","header-main-stick-meta":"","header-below-stick-meta":"","astra-migrate-meta-layouts":"set","ast-page-background-enabled":"default","ast-page-background-meta":{"desktop":{"background-color":"","background-image":"","background-repeat":"repeat","background-position":"center center","background-size":"auto","background-attachment":"scroll","background-type":"","background-media":"","overlay-type":"","overlay-color":"","overlay-opacity":"","overlay-gradient":""},"tablet":{"background-color":"","background-image":"","background-repeat":"repeat","background-position":"center center","background-size":"auto","background-attachment":"scroll","background-type":"","background-media":"","overlay-type":"","overlay-color":"","overlay-opacity":"","overlay-gradient":""},"mobile":{"background-color":"","background-image":"","background-repeat":"repeat","background-position":"center center","background-size":"auto","background-attachment":"scroll","background-type":"","background-media":"","overlay-type":"","overlay-color":"","overlay-opacity":"","overlay-gradient":""}},"ast-content-background-meta":{"desktop":{"background-color":"var(--ast-global-color-5)","background-image":"","background-repeat":"repeat","background-position":"center center","background-size":"auto","background-attachment":"scroll","background-type":"","background-media":"","overlay-type":"","overlay-color":"","overlay-opacity":"","overlay-gradient":""},"tablet":{"background-color":"var(--ast-global-color-5)","background-image":"","background-repeat":"repeat","background-position":"center center","background-size":"auto","background-attachment":"scroll","background-type":"","background-media":"","overlay-type":"","overlay-color":"","overlay-opacity":"","overlay-gradient":""},"mobile":{"background-color":"var(--ast-global-color-5)","background-image":"","background-repeat":"repeat","background-position":"center center","background-size":"auto","background-attachment":"scroll","background-type":"","background-media":"","overlay-type":"","overlay-color":"","overlay-opacity":"","overlay-gradient":""}},"footnotes":""},"class_list":["post-1252","page","type-page","status-publish","hentry"],"_links":{"self":[{"href":"https:\/\/zaverecne-prace.ucimesaweby.sk\/palfy-n\/wp-json\/wp\/v2\/pages\/1252","targetHints":{"allow":["GET"]}}],"collection":[{"href":"https:\/\/zaverecne-prace.ucimesaweby.sk\/palfy-n\/wp-json\/wp\/v2\/pages"}],"about":[{"href":"https:\/\/zaverecne-prace.ucimesaweby.sk\/palfy-n\/wp-json\/wp\/v2\/types\/page"}],"author":[{"embeddable":true,"href":"https:\/\/zaverecne-prace.ucimesaweby.sk\/palfy-n\/wp-json\/wp\/v2\/users\/1"}],"replies":[{"embeddable":true,"href":"https:\/\/zaverecne-prace.ucimesaweby.sk\/palfy-n\/wp-json\/wp\/v2\/comments?post=1252"}],"version-history":[{"count":15,"href":"https:\/\/zaverecne-prace.ucimesaweby.sk\/palfy-n\/wp-json\/wp\/v2\/pages\/1252\/revisions"}],"predecessor-version":[{"id":1559,"href":"https:\/\/zaverecne-prace.ucimesaweby.sk\/palfy-n\/wp-json\/wp\/v2\/pages\/1252\/revisions\/1559"}],"wp:attachment":[{"href":"https:\/\/zaverecne-prace.ucimesaweby.sk\/palfy-n\/wp-json\/wp\/v2\/media?parent=1252"}],"curies":[{"name":"wp","href":"https:\/\/api.w.org\/{rel}","templated":true}]}}