{"id":94,"date":"2023-02-21T19:09:53","date_gmt":"2023-02-21T18:09:53","guid":{"rendered":"https:\/\/zaverecne-prace.ucimesaweby.sk\/molnarova\/?page_id=94"},"modified":"2023-05-25T08:28:21","modified_gmt":"2023-05-25T06:28:21","slug":"pokyny-pre-autorov","status":"publish","type":"page","link":"https:\/\/zaverecne-prace.ucimesaweby.sk\/molnarova\/pokyny-pre-autorov\/","title":{"rendered":"Pokyny pre autorov"},"content":{"rendered":"<section class=\"l-section wpb_row us_custom_9ccc05f2 height_medium\"><div class=\"l-section-h i-cf\"><div class=\"g-cols vc_row via_grid cols_1 laptops-cols_inherit tablets-cols_inherit mobiles-cols_1 valign_middle type_default stacking_default\"><div class=\"wpb_column vc_column_container\"><div class=\"vc_column-inner\"><h1 class=\"w-text us_custom_d7166887 has_text_color\"><span class=\"w-text-h\"><span class=\"w-text-value\">Pokyny pre autorov<\/span><\/span><\/h1><\/div><\/div><\/div><\/div><\/section><section class=\"l-section wpb_row height_medium\"><div class=\"l-section-h i-cf\"><div class=\"g-cols vc_row via_grid cols_1 laptops-cols_inherit tablets-cols_inherit mobiles-cols_1 valign_top type_default stacking_default\"><div class=\"wpb_column vc_column_container\"><div class=\"vc_column-inner\"><div class=\"g-cols wpb_row via_grid cols_2 laptops-cols_inherit tablets-cols_inherit mobiles-cols_1 valign_middle type_default stacking_default\"><div class=\"wpb_column vc_column_container\"><div class=\"vc_column-inner\"><div class=\"wpb_text_column\"><div class=\"wpb_wrapper\"><h2><strong>mkd: Revue o nov\u00fdch m\u00e9di\u00e1ch a kult\u00farnom dedi\u010dstve<\/strong><\/h2>\n<p>Elektronick\u00fd vedecko-odborn\u00fd \u010dasopis, ktor\u00fd sa zameriava na prezent\u00e1ciu a populariz\u00e1ciu v\u00fdsledkov v\u00fdskumu v oblasti mediamatiky, dokument\u00e1cie kult\u00farneho dedi\u010dstva a jeho prezent\u00e1cie v nov\u00fdch m\u00e9di\u00e1ch. Vych\u00e1dza polro\u010dne v elektronickej podobe.<\/p>\n<p>Pr\u00edspevky akceptujeme v slovenskom, \u010deskom a anglickom jazyku. Za jazykov\u00fa kult\u00faru a obsahov\u00fa str\u00e1nku pr\u00edspevkov zodpovedaj\u00fa samotn\u00ed autori. V pr\u00edpade publikovania pr\u00edspevku v inom \u010dasopise, ozn\u00e1mte t\u00fato skuto\u010dnos\u0165 redakcii mkd. Pr\u00edspevky zasielajte elektronicky na emailov\u00fa adresu <a href=\"mailto:kmkd@fhv.uniza.sk\">kmkd@fhv.uniza.sk<\/a>. O prijat\u00ed a publikovan\u00ed \u010dl\u00e1nku rozhoduje redakcia.<\/p>\n<\/div><\/div><\/div><\/div><div class=\"wpb_column vc_column_container\"><div class=\"vc_column-inner\"><div class=\"w-image align_none\"><div class=\"w-image-h\"><img decoding=\"async\" width=\"1024\" height=\"683\" src=\"https:\/\/zaverecne-prace.ucimesaweby.sk\/molnarova\/wp-content\/uploads\/2023\/02\/cropped-view-woman-hands-typing-laptop-1024x683.jpg\" class=\"attachment-large size-large\" alt=\"Pokyny pre autorov\" srcset=\"https:\/\/zaverecne-prace.ucimesaweby.sk\/molnarova\/wp-content\/uploads\/2023\/02\/cropped-view-woman-hands-typing-laptop-1024x683.jpg 1024w, https:\/\/zaverecne-prace.ucimesaweby.sk\/molnarova\/wp-content\/uploads\/2023\/02\/cropped-view-woman-hands-typing-laptop-300x200.jpg 300w\" sizes=\"(max-width: 1024px) 100vw, 1024px\" \/><\/div><\/div><\/div><\/div><\/div><div class=\"w-separator size_medium\"><\/div><div class=\"g-cols wpb_row via_grid cols_2 laptops-cols_inherit tablets-cols_inherit mobiles-cols_1 valign_middle type_default reversed stacking_default\"><div class=\"wpb_column vc_column_container\"><div class=\"vc_column-inner\"><div class=\"w-image align_none\"><div class=\"w-image-h\"><img decoding=\"async\" width=\"1024\" height=\"683\" src=\"https:\/\/zaverecne-prace.ucimesaweby.sk\/molnarova\/wp-content\/uploads\/2023\/02\/checkbox-hand-writing-concepts-yes-1024x683.jpg\" class=\"attachment-large size-large\" alt=\"Pokyny pre autorov\" srcset=\"https:\/\/zaverecne-prace.ucimesaweby.sk\/molnarova\/wp-content\/uploads\/2023\/02\/checkbox-hand-writing-concepts-yes-1024x683.jpg 1024w, https:\/\/zaverecne-prace.ucimesaweby.sk\/molnarova\/wp-content\/uploads\/2023\/02\/checkbox-hand-writing-concepts-yes-300x200.jpg 300w\" sizes=\"(max-width: 1024px) 100vw, 1024px\" \/><\/div><\/div><\/div><\/div><div class=\"wpb_column vc_column_container\"><div class=\"vc_column-inner\"><h2 class=\"w-text us_custom_89be9c27 has_text_color\"><span class=\"w-text-h\"><span class=\"w-text-value\">Pokyny pre autorov<\/span><\/span><\/h2><div class=\"wpb_text_column\"><div class=\"wpb_wrapper\"><h2><strong>Form\u00e1lna \u00faprava pr\u00edspevku<\/strong><\/h2>\n<p>Pr\u00edspevky prij\u00edmame v editovate\u013enom form\u00e1te, pdf neakceptujeme.<br \/>\nOdpor\u00fa\u010dame pou\u017ei\u0165: ve\u013ekos\u0165 p\u00edsma 12pt, riadkovanie 1,5. V texte nepou\u017e\u00edva\u0165 formu pod\u010diarknut\u00e9ho p\u00edsma. Tabu\u013eky, grafy a obr\u00e1zky musia by\u0165 umiestnen\u00e9 na pr\u00edslu\u0161nom mieste v pr\u00edspevku (autor ich neposiela samostatne). Tabu\u013eky, grafy a obr\u00e1zky musia by\u0165 ozna\u010den\u00e9 \u010d\u00edslom a n\u00e1zvom.<\/p>\n<p>Optim\u00e1lne rozl\u00ed\u0161enie grafick\u00fdch podkladov je 300dpi. Vzh\u013eadom na platnos\u0165 STN ISO 690 \u2013 Dokument\u00e1cia. Bibliografick\u00e9 odkazy \u2013 je potrebn\u00e9 re\u0161pektova\u0165 jej z\u00e1sady. K pr\u00edspevku je potrebn\u00e9 pripoji\u0165 osobn\u00e9 \u00fadaje o autorovi: meno a priezvisko autora, pracovisko, mailov\u00fd kontakt. Odpor\u00fa\u010dame, aby pr\u00edspevok obsahoval abstrakt a k\u013e\u00fa\u010dov\u00e9 slov\u00e1 v jazyku pr\u00edspevku.<\/p>\n<\/div><\/div><\/div><\/div><\/div><\/div><\/div><\/div><\/div><\/section>\n","protected":false},"excerpt":{"rendered":"Pokyny pre autorovmkd: Revue o nov\u00fdch m\u00e9di\u00e1ch a kult\u00farnom dedi\u010dstve Elektronick\u00fd vedecko-odborn\u00fd \u010dasopis, ktor\u00fd sa zameriava na prezent\u00e1ciu a populariz\u00e1ciu v\u00fdsledkov v\u00fdskumu v oblasti mediamatiky, dokument\u00e1cie kult\u00farneho dedi\u010dstva a jeho prezent\u00e1cie v nov\u00fdch m\u00e9di\u00e1ch. Vych\u00e1dza polro\u010dne v elektronickej podobe. Pr\u00edspevky akceptujeme v slovenskom, \u010deskom a anglickom jazyku. Za jazykov\u00fa kult\u00faru a obsahov\u00fa str\u00e1nku pr\u00edspevkov zodpovedaj\u00fa...","protected":false},"author":2,"featured_media":0,"parent":0,"menu_order":0,"comment_status":"closed","ping_status":"closed","template":"","meta":{"footnotes":""},"class_list":["post-94","page","type-page","status-publish","hentry"],"yoast_head":"<!-- This site is optimized with the Yoast SEO plugin v20.8 - https:\/\/yoast.com\/wordpress\/plugins\/seo\/ -->\n<title>Pokyny pre autorov | MKD Revue<\/title>\n<meta name=\"description\" content=\"Pokyny pre autorov zah\u0155\u0148aj\u00fa form\u00e1lne n\u00e1le\u017eitosti na \u00fapravu pr\u00edspevku v elektronickom vedecko-odbornom \u010dasopise MKD Revue.\" \/>\n<meta name=\"robots\" content=\"noindex, follow, max-snippet:-1, max-image-preview:large, max-video-preview:-1\" \/>\n<meta property=\"og:locale\" content=\"sk_SK\" \/>\n<meta property=\"og:type\" content=\"article\" \/>\n<meta property=\"og:title\" content=\"Pokyny pre autorov | MKD Revue\" \/>\n<meta property=\"og:description\" content=\"Pokyny pre autorov zah\u0155\u0148aj\u00fa form\u00e1lne n\u00e1le\u017eitosti na \u00fapravu pr\u00edspevku v elektronickom vedecko-odbornom \u010dasopise MKD Revue.\" \/>\n<meta property=\"og:url\" content=\"https:\/\/zaverecne-prace.ucimesaweby.sk\/molnarova\/pokyny-pre-autorov\/\" \/>\n<meta property=\"og:site_name\" content=\"MKD REVUE new\" \/>\n<meta property=\"article:modified_time\" content=\"2023-05-25T06:28:21+00:00\" \/>\n<meta name=\"twitter:card\" content=\"summary_large_image\" \/>\n<meta name=\"twitter:label1\" content=\"Predpokladan\u00fd \u010das \u010d\u00edtania\" \/>\n\t<meta name=\"twitter:data1\" content=\"2 min\u00faty\" \/>\n<script type=\"application\/ld+json\" class=\"yoast-schema-graph\">{\"@context\":\"https:\/\/schema.org\",\"@graph\":[{\"@type\":\"WebPage\",\"@id\":\"https:\/\/zaverecne-prace.ucimesaweby.sk\/molnarova\/pokyny-pre-autorov\/\",\"url\":\"https:\/\/zaverecne-prace.ucimesaweby.sk\/molnarova\/pokyny-pre-autorov\/\",\"name\":\"Pokyny pre autorov | MKD Revue\",\"isPartOf\":{\"@id\":\"https:\/\/zaverecne-prace.ucimesaweby.sk\/molnarova\/#website\"},\"datePublished\":\"2023-02-21T18:09:53+00:00\",\"dateModified\":\"2023-05-25T06:28:21+00:00\",\"description\":\"Pokyny pre autorov zah\u0155\u0148aj\u00fa form\u00e1lne n\u00e1le\u017eitosti na \u00fapravu pr\u00edspevku v elektronickom vedecko-odbornom \u010dasopise MKD Revue.\",\"breadcrumb\":{\"@id\":\"https:\/\/zaverecne-prace.ucimesaweby.sk\/molnarova\/pokyny-pre-autorov\/#breadcrumb\"},\"inLanguage\":\"sk-SK\",\"potentialAction\":[{\"@type\":\"ReadAction\",\"target\":[\"https:\/\/zaverecne-prace.ucimesaweby.sk\/molnarova\/pokyny-pre-autorov\/\"]}]},{\"@type\":\"BreadcrumbList\",\"@id\":\"https:\/\/zaverecne-prace.ucimesaweby.sk\/molnarova\/pokyny-pre-autorov\/#breadcrumb\",\"itemListElement\":[{\"@type\":\"ListItem\",\"position\":1,\"name\":\"Domovsk\u00e1 str\u00e1nka\",\"item\":\"https:\/\/zaverecne-prace.ucimesaweby.sk\/molnarova\/\"},{\"@type\":\"ListItem\",\"position\":2,\"name\":\"Pokyny pre autorov\"}]},{\"@type\":\"WebSite\",\"@id\":\"https:\/\/zaverecne-prace.ucimesaweby.sk\/molnarova\/#website\",\"url\":\"https:\/\/zaverecne-prace.ucimesaweby.sk\/molnarova\/\",\"name\":\"MKD REVUE new\",\"description\":\"Online odborn\u00fd \u010dasopis\",\"potentialAction\":[{\"@type\":\"SearchAction\",\"target\":{\"@type\":\"EntryPoint\",\"urlTemplate\":\"https:\/\/zaverecne-prace.ucimesaweby.sk\/molnarova\/?s={search_term_string}\"},\"query-input\":\"required name=search_term_string\"}],\"inLanguage\":\"sk-SK\"}]}<\/script>\n<!-- \/ Yoast SEO plugin. -->","yoast_head_json":{"title":"Pokyny pre autorov | MKD Revue","description":"Pokyny pre autorov zah\u0155\u0148aj\u00fa form\u00e1lne n\u00e1le\u017eitosti na \u00fapravu pr\u00edspevku v elektronickom vedecko-odbornom \u010dasopise MKD Revue.","robots":{"index":"noindex","follow":"follow","max-snippet":"max-snippet:-1","max-image-preview":"max-image-preview:large","max-video-preview":"max-video-preview:-1"},"og_locale":"sk_SK","og_type":"article","og_title":"Pokyny pre autorov | MKD Revue","og_description":"Pokyny pre autorov zah\u0155\u0148aj\u00fa form\u00e1lne n\u00e1le\u017eitosti na \u00fapravu pr\u00edspevku v elektronickom vedecko-odbornom \u010dasopise MKD Revue.","og_url":"https:\/\/zaverecne-prace.ucimesaweby.sk\/molnarova\/pokyny-pre-autorov\/","og_site_name":"MKD REVUE new","article_modified_time":"2023-05-25T06:28:21+00:00","twitter_card":"summary_large_image","twitter_misc":{"Predpokladan\u00fd \u010das \u010d\u00edtania":"2 min\u00faty"},"schema":{"@context":"https:\/\/schema.org","@graph":[{"@type":"WebPage","@id":"https:\/\/zaverecne-prace.ucimesaweby.sk\/molnarova\/pokyny-pre-autorov\/","url":"https:\/\/zaverecne-prace.ucimesaweby.sk\/molnarova\/pokyny-pre-autorov\/","name":"Pokyny pre autorov | MKD Revue","isPartOf":{"@id":"https:\/\/zaverecne-prace.ucimesaweby.sk\/molnarova\/#website"},"datePublished":"2023-02-21T18:09:53+00:00","dateModified":"2023-05-25T06:28:21+00:00","description":"Pokyny pre autorov zah\u0155\u0148aj\u00fa form\u00e1lne n\u00e1le\u017eitosti na \u00fapravu pr\u00edspevku v elektronickom vedecko-odbornom \u010dasopise MKD Revue.","breadcrumb":{"@id":"https:\/\/zaverecne-prace.ucimesaweby.sk\/molnarova\/pokyny-pre-autorov\/#breadcrumb"},"inLanguage":"sk-SK","potentialAction":[{"@type":"ReadAction","target":["https:\/\/zaverecne-prace.ucimesaweby.sk\/molnarova\/pokyny-pre-autorov\/"]}]},{"@type":"BreadcrumbList","@id":"https:\/\/zaverecne-prace.ucimesaweby.sk\/molnarova\/pokyny-pre-autorov\/#breadcrumb","itemListElement":[{"@type":"ListItem","position":1,"name":"Domovsk\u00e1 str\u00e1nka","item":"https:\/\/zaverecne-prace.ucimesaweby.sk\/molnarova\/"},{"@type":"ListItem","position":2,"name":"Pokyny pre autorov"}]},{"@type":"WebSite","@id":"https:\/\/zaverecne-prace.ucimesaweby.sk\/molnarova\/#website","url":"https:\/\/zaverecne-prace.ucimesaweby.sk\/molnarova\/","name":"MKD REVUE new","description":"Online odborn\u00fd \u010dasopis","potentialAction":[{"@type":"SearchAction","target":{"@type":"EntryPoint","urlTemplate":"https:\/\/zaverecne-prace.ucimesaweby.sk\/molnarova\/?s={search_term_string}"},"query-input":"required name=search_term_string"}],"inLanguage":"sk-SK"}]}},"_links":{"self":[{"href":"https:\/\/zaverecne-prace.ucimesaweby.sk\/molnarova\/wp-json\/wp\/v2\/pages\/94","targetHints":{"allow":["GET"]}}],"collection":[{"href":"https:\/\/zaverecne-prace.ucimesaweby.sk\/molnarova\/wp-json\/wp\/v2\/pages"}],"about":[{"href":"https:\/\/zaverecne-prace.ucimesaweby.sk\/molnarova\/wp-json\/wp\/v2\/types\/page"}],"author":[{"embeddable":true,"href":"https:\/\/zaverecne-prace.ucimesaweby.sk\/molnarova\/wp-json\/wp\/v2\/users\/2"}],"replies":[{"embeddable":true,"href":"https:\/\/zaverecne-prace.ucimesaweby.sk\/molnarova\/wp-json\/wp\/v2\/comments?post=94"}],"version-history":[{"count":20,"href":"https:\/\/zaverecne-prace.ucimesaweby.sk\/molnarova\/wp-json\/wp\/v2\/pages\/94\/revisions"}],"predecessor-version":[{"id":276,"href":"https:\/\/zaverecne-prace.ucimesaweby.sk\/molnarova\/wp-json\/wp\/v2\/pages\/94\/revisions\/276"}],"wp:attachment":[{"href":"https:\/\/zaverecne-prace.ucimesaweby.sk\/molnarova\/wp-json\/wp\/v2\/media?parent=94"}],"curies":[{"name":"wp","href":"https:\/\/api.w.org\/{rel}","templated":true}]}}