{"id":124,"date":"2023-02-22T19:06:20","date_gmt":"2023-02-22T18:06:20","guid":{"rendered":"https:\/\/zaverecne-prace.ucimesaweby.sk\/molnarova\/?page_id=124"},"modified":"2023-04-23T14:46:04","modified_gmt":"2023-04-23T12:46:04","slug":"redakcia","status":"publish","type":"page","link":"https:\/\/zaverecne-prace.ucimesaweby.sk\/molnarova\/redakcia\/","title":{"rendered":"Redakcia"},"content":{"rendered":"<section class=\"l-section wpb_row us_custom_9ccc05f2 height_medium\"><div class=\"l-section-h i-cf\"><div class=\"g-cols vc_row via_grid cols_1 laptops-cols_inherit tablets-cols_inherit mobiles-cols_1 valign_middle type_default stacking_default\"><div class=\"wpb_column vc_column_container\"><div class=\"vc_column-inner\"><h1 class=\"w-text us_custom_d7166887 has_text_color\"><span class=\"w-text-h\"><span class=\"w-text-value\">Redakcia<\/span><\/span><\/h1><\/div><\/div><\/div><\/div><\/section><section class=\"l-section wpb_row height_medium\"><div class=\"l-section-h i-cf\"><div class=\"g-cols vc_row via_grid cols_1 laptops-cols_inherit tablets-cols_inherit mobiles-cols_1 valign_top type_default stacking_default\"><div class=\"wpb_column vc_column_container\"><div class=\"vc_column-inner\"><div class=\"g-cols wpb_row via_grid cols_1 laptops-cols_inherit tablets-cols_inherit mobiles-cols_1 valign_top type_default stacking_default\"><div class=\"wpb_column vc_column_container\"><div class=\"vc_column-inner\"><div class=\"wpb_text_column\"><div class=\"wpb_wrapper\"><p>Kolekt\u00edv redakcie je zostaven\u00fd z odborn\u00fdch a v\u00fdskumn\u00fdch pracovn\u00edkov Katedry mediamatiky a kult\u00farneho dedi\u010dstva Fakulty humanitn\u00fdch vied \u017dilinskej univerzity v \u017diline a z extern\u00fdch spolupracovn\u00edkov \u2013 odborn\u00edkov na prezentovan\u00e9 t\u00e9my. Medzi autormi a redak\u010dn\u00fdm kolekt\u00edvom a autormi a \u010ditate\u013emi prebieha elektronick\u00e1 komunik\u00e1cia.<\/p>\n<\/div><\/div><\/div><\/div><\/div><div class=\"w-separator size_medium\"><\/div><div class=\"g-cols wpb_row via_grid cols_3 laptops-cols_inherit tablets-cols_inherit mobiles-cols_1 valign_top type_default stacking_default\"><div class=\"wpb_column vc_column_container\"><div class=\"vc_column-inner\"><div class=\"w-vwrapper align_none valign_top\"><div class=\"w-text us_custom_87dbcd4c\"><span class=\"w-text-h\"><span class=\"w-text-value\">Mgr. Eva August\u00ednov\u00e1, PhD.<\/span><\/span><\/div><div class=\"wpb_text_column us_custom_1b04de86\"><div class=\"wpb_wrapper\"><p>Predseda redak\u010dnej rady<\/p>\n<\/div><\/div><div class=\"w-iconbox iconpos_left style_default color_primary align_left no_title\"><div class=\"w-iconbox-icon\" style=\"font-size:1rem;\"><i class=\"fas fa-envelope\"><\/i><\/div><div class=\"w-iconbox-meta\"><div class=\"w-iconbox-text\"><p><a href=\"mailto:eva.augustinova@fhv.uniza.sk\">eva.augustinova@fhv.uniza.sk<\/a><\/p>\n<\/div><\/div><\/div><\/div><\/div><\/div><div class=\"wpb_column vc_column_container\"><div class=\"vc_column-inner\"><div class=\"w-vwrapper align_none valign_top\"><div class=\"w-text us_custom_87dbcd4c\"><span class=\"w-text-h\"><span class=\"w-text-value\">Mgr. Veronika Ma\u017egutov\u00e1, PhD.<\/span><\/span><\/div><div class=\"wpb_text_column us_custom_1b04de86\"><div class=\"wpb_wrapper\"><p>\u010clenovia redak\u010dnej rady<\/p>\n<\/div><\/div><div class=\"w-iconbox iconpos_left style_default color_primary align_left no_title\"><div class=\"w-iconbox-icon\" style=\"font-size:1rem;\"><i class=\"fas fa-envelope\"><\/i><\/div><div class=\"w-iconbox-meta\"><div class=\"w-iconbox-text\"><p><a href=\"mailto:veronika.mazgutova@fhv.uniza.sk\">veronika.mazgutova@fhv.uniza.sk<\/a><\/p>\n<\/div><\/div><\/div><\/div><\/div><\/div><div class=\"wpb_column vc_column_container\"><div class=\"vc_column-inner\"><div class=\"w-vwrapper align_none valign_top\"><div class=\"w-text us_custom_87dbcd4c\"><span class=\"w-text-h\"><span class=\"w-text-value\">Mgr. Marcela Kozejov\u00e1 Palkechov\u00e1, PhD.<\/span><\/span><\/div><div class=\"wpb_text_column us_custom_1b04de86\"><div class=\"wpb_wrapper\"><p>\u010clenovia redak\u010dnej rady<\/p>\n<\/div><\/div><div class=\"w-iconbox iconpos_left style_default color_primary align_left no_title\"><div class=\"w-iconbox-icon\" style=\"font-size:1rem;\"><i class=\"fas fa-envelope\"><\/i><\/div><div class=\"w-iconbox-meta\"><div class=\"w-iconbox-text\"><p><a href=\"mailto:marcela.kozejova.palkechova@fhv.uniza.sk\">marcela.kozejova.palkechova@fhv.uniza.sk<\/a><\/p>\n<\/div><\/div><\/div><\/div><\/div><\/div><\/div><div class=\"w-separator size_medium\"><\/div><div class=\"g-cols wpb_row via_grid cols_3 laptops-cols_inherit tablets-cols_inherit mobiles-cols_1 valign_top type_default stacking_default\"><div class=\"wpb_column vc_column_container\"><div class=\"vc_column-inner\"><div class=\"w-vwrapper align_none valign_top\"><div class=\"w-text us_custom_87dbcd4c\"><span class=\"w-text-h\"><span class=\"w-text-value\">doc. Mgr. Mari\u00e1n Grupa\u010d, PhD.<\/span><\/span><\/div><div class=\"wpb_text_column us_custom_1b04de86\"><div class=\"wpb_wrapper\"><p>\u010clenovia redak\u010dnej rady<\/p>\n<\/div><\/div><div class=\"w-iconbox iconpos_left style_default color_primary align_left no_title\"><div class=\"w-iconbox-icon\" style=\"font-size:1rem;\"><i class=\"fas fa-envelope\"><\/i><\/div><div class=\"w-iconbox-meta\"><div class=\"w-iconbox-text\"><p><a href=\"mailto:marian.grupac@fhv.uniza.sk\">marian.grupac@fhv.uniza.sk<\/a><\/p>\n<\/div><\/div><\/div><\/div><\/div><\/div><div class=\"wpb_column vc_column_container\"><div class=\"vc_column-inner\"><div class=\"w-vwrapper align_none valign_top\"><div class=\"w-text us_custom_87dbcd4c\"><span class=\"w-text-h\"><span class=\"w-text-value\">Mgr. Jarmila Majerov\u00e1, PhD.<\/span><\/span><\/div><div class=\"wpb_text_column us_custom_1b04de86\"><div class=\"wpb_wrapper\"><p>\u010clenovia redak\u010dnej rady<\/p>\n<\/div><\/div><div class=\"w-iconbox iconpos_left style_default color_primary align_left no_title\"><div class=\"w-iconbox-icon\" style=\"font-size:1rem;\"><i class=\"fas fa-envelope\"><\/i><\/div><div class=\"w-iconbox-meta\"><div class=\"w-iconbox-text\"><p><a href=\"mailto:jarmila.majerova@fhv.uniza.sk\">jarmila.majerova@fhv.uniza.sk<\/a><\/p>\n<\/div><\/div><\/div><\/div><\/div><\/div><div class=\"wpb_column vc_column_container\"><div class=\"vc_column-inner\"><div class=\"w-vwrapper align_none valign_top\"><div class=\"w-text us_custom_87dbcd4c\"><span class=\"w-text-h\"><span class=\"w-text-value\">Mgr. Katar\u00edna Peka\u0159ov\u00e1, PhD.<\/span><\/span><\/div><div class=\"wpb_text_column us_custom_1b04de86\"><div class=\"wpb_wrapper\"><p>Extern\u00ed spolupracovn\u00edci<\/p>\n<\/div><\/div><div class=\"w-iconbox iconpos_left style_default color_primary align_left no_title\"><div class=\"w-iconbox-icon\" style=\"font-size:1rem;\"><i class=\"fas fa-envelope\"><\/i><\/div><div class=\"w-iconbox-meta\"><div class=\"w-iconbox-text\"><p><a href=\"mailto:katarina.pekarova@nbs.sk\">katarina.pekarova@nbs.sk<\/a><\/p>\n<\/div><\/div><\/div><\/div><\/div><\/div><\/div><div class=\"w-separator size_medium\"><\/div><div class=\"g-cols wpb_row via_grid cols_3 laptops-cols_inherit tablets-cols_inherit mobiles-cols_1 valign_top type_default stacking_default\"><div class=\"wpb_column vc_column_container\"><div class=\"vc_column-inner\"><div class=\"w-vwrapper align_none valign_top\"><div class=\"w-text us_custom_87dbcd4c\"><span class=\"w-text-h\"><span class=\"w-text-value\">PhDr. Kl\u00e1ra Komorov\u00e1, PhD.<\/span><\/span><\/div><div class=\"wpb_text_column us_custom_1b04de86\"><div class=\"wpb_wrapper\"><p>Extern\u00ed spolupracovn\u00edci<\/p>\n<\/div><\/div><\/div><\/div><\/div><div class=\"wpb_column vc_column_container\"><div class=\"vc_column-inner\"><div class=\"w-vwrapper align_none valign_top\"><div class=\"w-text us_custom_87dbcd4c\"><span class=\"w-text-h\"><span class=\"w-text-value\">Centr\u00e1lna kni\u017enica N\u00e1rodnej banky Slovenska<\/span><\/span><\/div><div class=\"wpb_text_column us_custom_1b04de86\"><div class=\"wpb_wrapper\"><p>Extern\u00ed spolupracovn\u00edci<\/p>\n<\/div><\/div><\/div><\/div><\/div><div class=\"wpb_column vc_column_container\"><div class=\"vc_column-inner\"><\/div><\/div><\/div><\/div><\/div><\/div><\/div><\/section>\n","protected":false},"excerpt":{"rendered":"RedakciaKolekt\u00edv redakcie je zostaven\u00fd z odborn\u00fdch a v\u00fdskumn\u00fdch pracovn\u00edkov Katedry mediamatiky a kult\u00farneho dedi\u010dstva Fakulty humanitn\u00fdch vied \u017dilinskej univerzity v \u017diline a z extern\u00fdch spolupracovn\u00edkov \u2013 odborn\u00edkov na prezentovan\u00e9 t\u00e9my. Medzi autormi a redak\u010dn\u00fdm kolekt\u00edvom a autormi a \u010ditate\u013emi prebieha elektronick\u00e1 komunik\u00e1cia. Mgr. Eva August\u00ednov\u00e1, PhD.Predseda redak\u010dnej rady eva.augustinova@fhv.uniza.sk Mgr. Veronika Ma\u017egutov\u00e1, PhD.\u010clenovia redak\u010dnej rady...","protected":false},"author":2,"featured_media":0,"parent":0,"menu_order":0,"comment_status":"closed","ping_status":"closed","template":"","meta":{"footnotes":""},"class_list":["post-124","page","type-page","status-publish","hentry"],"yoast_head":"<!-- This site is optimized with the Yoast SEO plugin v20.8 - https:\/\/yoast.com\/wordpress\/plugins\/seo\/ -->\n<title>Redakcia | MKD Revue<\/title>\n<meta name=\"description\" content=\"Redakcia \u010dasopisu je zostaven\u00e1 z odborn\u00fdch pracovn\u00edkov Katedry mediamatiky a kult\u00farneho dedi\u010dstva na \u017dilinskej univerzite v \u017diline.\" \/>\n<meta name=\"robots\" content=\"noindex, follow, max-snippet:-1, max-image-preview:large, max-video-preview:-1\" \/>\n<meta property=\"og:locale\" content=\"sk_SK\" \/>\n<meta property=\"og:type\" content=\"article\" \/>\n<meta property=\"og:title\" content=\"Redakcia | MKD Revue\" \/>\n<meta property=\"og:description\" content=\"Redakcia \u010dasopisu je zostaven\u00e1 z odborn\u00fdch pracovn\u00edkov Katedry mediamatiky a kult\u00farneho dedi\u010dstva na \u017dilinskej univerzite v \u017diline.\" \/>\n<meta property=\"og:url\" content=\"https:\/\/zaverecne-prace.ucimesaweby.sk\/molnarova\/redakcia\/\" \/>\n<meta property=\"og:site_name\" content=\"MKD REVUE new\" \/>\n<meta property=\"article:modified_time\" content=\"2023-04-23T12:46:04+00:00\" \/>\n<meta name=\"twitter:card\" content=\"summary_large_image\" \/>\n<meta name=\"twitter:label1\" content=\"Predpokladan\u00fd \u010das \u010d\u00edtania\" \/>\n\t<meta name=\"twitter:data1\" content=\"1 min\u00fata\" \/>\n<script type=\"application\/ld+json\" class=\"yoast-schema-graph\">{\"@context\":\"https:\/\/schema.org\",\"@graph\":[{\"@type\":\"WebPage\",\"@id\":\"https:\/\/zaverecne-prace.ucimesaweby.sk\/molnarova\/redakcia\/\",\"url\":\"https:\/\/zaverecne-prace.ucimesaweby.sk\/molnarova\/redakcia\/\",\"name\":\"Redakcia | MKD Revue\",\"isPartOf\":{\"@id\":\"https:\/\/zaverecne-prace.ucimesaweby.sk\/molnarova\/#website\"},\"datePublished\":\"2023-02-22T18:06:20+00:00\",\"dateModified\":\"2023-04-23T12:46:04+00:00\",\"description\":\"Redakcia \u010dasopisu je zostaven\u00e1 z odborn\u00fdch pracovn\u00edkov Katedry mediamatiky a kult\u00farneho dedi\u010dstva na \u017dilinskej univerzite v \u017diline.\",\"breadcrumb\":{\"@id\":\"https:\/\/zaverecne-prace.ucimesaweby.sk\/molnarova\/redakcia\/#breadcrumb\"},\"inLanguage\":\"sk-SK\",\"potentialAction\":[{\"@type\":\"ReadAction\",\"target\":[\"https:\/\/zaverecne-prace.ucimesaweby.sk\/molnarova\/redakcia\/\"]}]},{\"@type\":\"BreadcrumbList\",\"@id\":\"https:\/\/zaverecne-prace.ucimesaweby.sk\/molnarova\/redakcia\/#breadcrumb\",\"itemListElement\":[{\"@type\":\"ListItem\",\"position\":1,\"name\":\"Domovsk\u00e1 str\u00e1nka\",\"item\":\"https:\/\/zaverecne-prace.ucimesaweby.sk\/molnarova\/\"},{\"@type\":\"ListItem\",\"position\":2,\"name\":\"Redakcia\"}]},{\"@type\":\"WebSite\",\"@id\":\"https:\/\/zaverecne-prace.ucimesaweby.sk\/molnarova\/#website\",\"url\":\"https:\/\/zaverecne-prace.ucimesaweby.sk\/molnarova\/\",\"name\":\"MKD REVUE new\",\"description\":\"Online odborn\u00fd \u010dasopis\",\"potentialAction\":[{\"@type\":\"SearchAction\",\"target\":{\"@type\":\"EntryPoint\",\"urlTemplate\":\"https:\/\/zaverecne-prace.ucimesaweby.sk\/molnarova\/?s={search_term_string}\"},\"query-input\":\"required name=search_term_string\"}],\"inLanguage\":\"sk-SK\"}]}<\/script>\n<!-- \/ Yoast SEO plugin. -->","yoast_head_json":{"title":"Redakcia | MKD Revue","description":"Redakcia \u010dasopisu je zostaven\u00e1 z odborn\u00fdch pracovn\u00edkov Katedry mediamatiky a kult\u00farneho dedi\u010dstva na \u017dilinskej univerzite v \u017diline.","robots":{"index":"noindex","follow":"follow","max-snippet":"max-snippet:-1","max-image-preview":"max-image-preview:large","max-video-preview":"max-video-preview:-1"},"og_locale":"sk_SK","og_type":"article","og_title":"Redakcia | MKD Revue","og_description":"Redakcia \u010dasopisu je zostaven\u00e1 z odborn\u00fdch pracovn\u00edkov Katedry mediamatiky a kult\u00farneho dedi\u010dstva na \u017dilinskej univerzite v \u017diline.","og_url":"https:\/\/zaverecne-prace.ucimesaweby.sk\/molnarova\/redakcia\/","og_site_name":"MKD REVUE new","article_modified_time":"2023-04-23T12:46:04+00:00","twitter_card":"summary_large_image","twitter_misc":{"Predpokladan\u00fd \u010das \u010d\u00edtania":"1 min\u00fata"},"schema":{"@context":"https:\/\/schema.org","@graph":[{"@type":"WebPage","@id":"https:\/\/zaverecne-prace.ucimesaweby.sk\/molnarova\/redakcia\/","url":"https:\/\/zaverecne-prace.ucimesaweby.sk\/molnarova\/redakcia\/","name":"Redakcia | MKD Revue","isPartOf":{"@id":"https:\/\/zaverecne-prace.ucimesaweby.sk\/molnarova\/#website"},"datePublished":"2023-02-22T18:06:20+00:00","dateModified":"2023-04-23T12:46:04+00:00","description":"Redakcia \u010dasopisu je zostaven\u00e1 z odborn\u00fdch pracovn\u00edkov Katedry mediamatiky a kult\u00farneho dedi\u010dstva na \u017dilinskej univerzite v \u017diline.","breadcrumb":{"@id":"https:\/\/zaverecne-prace.ucimesaweby.sk\/molnarova\/redakcia\/#breadcrumb"},"inLanguage":"sk-SK","potentialAction":[{"@type":"ReadAction","target":["https:\/\/zaverecne-prace.ucimesaweby.sk\/molnarova\/redakcia\/"]}]},{"@type":"BreadcrumbList","@id":"https:\/\/zaverecne-prace.ucimesaweby.sk\/molnarova\/redakcia\/#breadcrumb","itemListElement":[{"@type":"ListItem","position":1,"name":"Domovsk\u00e1 str\u00e1nka","item":"https:\/\/zaverecne-prace.ucimesaweby.sk\/molnarova\/"},{"@type":"ListItem","position":2,"name":"Redakcia"}]},{"@type":"WebSite","@id":"https:\/\/zaverecne-prace.ucimesaweby.sk\/molnarova\/#website","url":"https:\/\/zaverecne-prace.ucimesaweby.sk\/molnarova\/","name":"MKD REVUE new","description":"Online odborn\u00fd \u010dasopis","potentialAction":[{"@type":"SearchAction","target":{"@type":"EntryPoint","urlTemplate":"https:\/\/zaverecne-prace.ucimesaweby.sk\/molnarova\/?s={search_term_string}"},"query-input":"required name=search_term_string"}],"inLanguage":"sk-SK"}]}},"_links":{"self":[{"href":"https:\/\/zaverecne-prace.ucimesaweby.sk\/molnarova\/wp-json\/wp\/v2\/pages\/124","targetHints":{"allow":["GET"]}}],"collection":[{"href":"https:\/\/zaverecne-prace.ucimesaweby.sk\/molnarova\/wp-json\/wp\/v2\/pages"}],"about":[{"href":"https:\/\/zaverecne-prace.ucimesaweby.sk\/molnarova\/wp-json\/wp\/v2\/types\/page"}],"author":[{"embeddable":true,"href":"https:\/\/zaverecne-prace.ucimesaweby.sk\/molnarova\/wp-json\/wp\/v2\/users\/2"}],"replies":[{"embeddable":true,"href":"https:\/\/zaverecne-prace.ucimesaweby.sk\/molnarova\/wp-json\/wp\/v2\/comments?post=124"}],"version-history":[{"count":21,"href":"https:\/\/zaverecne-prace.ucimesaweby.sk\/molnarova\/wp-json\/wp\/v2\/pages\/124\/revisions"}],"predecessor-version":[{"id":229,"href":"https:\/\/zaverecne-prace.ucimesaweby.sk\/molnarova\/wp-json\/wp\/v2\/pages\/124\/revisions\/229"}],"wp:attachment":[{"href":"https:\/\/zaverecne-prace.ucimesaweby.sk\/molnarova\/wp-json\/wp\/v2\/media?parent=124"}],"curies":[{"name":"wp","href":"https:\/\/api.w.org\/{rel}","templated":true}]}}