{"id":93,"date":"2026-03-05T12:59:02","date_gmt":"2026-03-05T11:59:02","guid":{"rendered":"https:\/\/zaverecne-prace.ucimesaweby.sk\/macek\/?page_id=93"},"modified":"2026-03-20T11:14:03","modified_gmt":"2026-03-20T10:14:03","slug":"93-2","status":"publish","type":"page","link":"https:\/\/zaverecne-prace.ucimesaweby.sk\/macek\/93-2\/","title":{"rendered":"Zoznam kostolov"},"content":{"rendered":"<form role=\"search\" method=\"get\" action=\"https:\/\/zaverecne-prace.ucimesaweby.sk\/macek\/\" class=\"wp-block-search__button-outside wp-block-search__text-button wp-block-search\"    ><label class=\"wp-block-search__label\" for=\"wp-block-search__input-1\" >H\u013eada\u0165<\/label><div class=\"wp-block-search__inside-wrapper\" ><input class=\"wp-block-search__input\" id=\"wp-block-search__input-1\" placeholder=\"\" value=\"\" type=\"search\" name=\"s\" required \/><button aria-label=\"H\u013eada\u0165\" class=\"wp-block-search__button wp-element-button\" type=\"submit\" >H\u013eada\u0165<\/button><\/div><\/form>\n\n\n<div class=\"wp-block-query is-layout-flow wp-block-query-is-layout-flow\"><ul class=\"columns-3 wp-block-post-template is-layout-grid wp-container-core-post-template-is-layout-572542b5 wp-block-post-template-is-layout-grid\"><li class=\"wp-block-post post-18 post type-post status-publish format-standard hentry category-tatransky-seniorat category-vychodny-distrikt\">\n\n\n<div class=\"wp-block-post-date\"><time datetime=\"2026-02-18T14:41:44+01:00\">18. febru\u00e1ra 2026<\/time><\/div>\n\n<h2 class=\"wp-block-post-title\"><a href=\"https:\/\/zaverecne-prace.ucimesaweby.sk\/macek\/2026\/02\/18\/tolerancny-kostol-batizovce-narodna-kulturna-pamiatka\/\" target=\"_self\" >Batizovce (NKP)<\/a><\/h2>\n<\/li><li class=\"wp-block-post post-12 post type-post status-publish format-standard hentry category-turciansky-seniorat category-vychodny-distrikt\">\n\n\n<div class=\"wp-block-post-date\"><time datetime=\"2026-02-18T13:10:31+01:00\">18. febru\u00e1ra 2026<\/time><\/div>\n\n<h2 class=\"wp-block-post-title\"><a href=\"https:\/\/zaverecne-prace.ucimesaweby.sk\/macek\/2026\/02\/18\/tolerancny-kostol-blatnica-narodna-kulturna-pamiatka\/\" target=\"_self\" >Blatnica (NKP)<\/a><\/h2>\n<\/li><li class=\"wp-block-post post-113 post type-post status-publish format-standard hentry category-hontiansky-seniorat category-zapadny-distrikt\">\n\n\n<div class=\"wp-block-post-date\"><time datetime=\"2026-03-06T10:09:24+01:00\">6. marca 2026<\/time><\/div>\n\n<h2 class=\"wp-block-post-title\"><a href=\"https:\/\/zaverecne-prace.ucimesaweby.sk\/macek\/2026\/03\/06\/devicie\/\" target=\"_self\" >Devi\u010die<\/a><\/h2>\n<\/li><li class=\"wp-block-post post-99 post type-post status-publish format-standard hentry category-myjavsky-seniorat category-zapadny-distrikt\">\n\n\n<div class=\"wp-block-post-date\"><time datetime=\"2026-03-05T13:13:08+01:00\">5. marca 2026<\/time><\/div>\n\n<h2 class=\"wp-block-post-title\"><a href=\"https:\/\/zaverecne-prace.ucimesaweby.sk\/macek\/2026\/03\/05\/hlboke-nkp\/\" target=\"_self\" >Hlbok\u00e9 (NKP)<\/a><\/h2>\n<\/li><li class=\"wp-block-post post-115 post type-post status-publish format-standard hentry category-zapadny-distrikt category-zvolensky-seniorat\">\n\n\n<div class=\"wp-block-post-date\"><time datetime=\"2026-03-06T10:09:54+01:00\">6. marca 2026<\/time><\/div>\n\n<h2 class=\"wp-block-post-title\"><a href=\"https:\/\/zaverecne-prace.ucimesaweby.sk\/macek\/2026\/03\/06\/horna-micina\/\" target=\"_self\" >Horn\u00e1 Mi\u010dina<\/a><\/h2>\n<\/li><li class=\"wp-block-post post-120 post type-post status-publish format-standard hentry category-rimavsky-seniorat category-zapadny-distrikt\">\n\n\n<div class=\"wp-block-post-date\"><time datetime=\"2026-03-06T10:11:38+01:00\">6. marca 2026<\/time><\/div>\n\n<h2 class=\"wp-block-post-title\"><a href=\"https:\/\/zaverecne-prace.ucimesaweby.sk\/macek\/2026\/03\/06\/hrachovo\/\" target=\"_self\" >Hrachovo<\/a><\/h2>\n<\/li><li class=\"wp-block-post post-107 post type-post status-publish format-standard hentry category-povazsky-seniorat category-zapadny-distrikt\">\n\n\n<div class=\"wp-block-post-date\"><time datetime=\"2026-03-06T10:04:01+01:00\">6. marca 2026<\/time><\/div>\n\n<h2 class=\"wp-block-post-title\"><a href=\"https:\/\/zaverecne-prace.ucimesaweby.sk\/macek\/2026\/03\/06\/lubina\/\" target=\"_self\" >\u013dubina<\/a><\/h2>\n<\/li><li class=\"wp-block-post post-22 post type-post status-publish format-standard hentry category-kosicky-seniorat category-vychodny-distrikt\">\n\n\n<div class=\"wp-block-post-date\"><time datetime=\"2026-02-18T14:48:46+01:00\">18. febru\u00e1ra 2026<\/time><\/div>\n\n<h2 class=\"wp-block-post-title\"><a href=\"https:\/\/zaverecne-prace.ucimesaweby.sk\/macek\/2026\/02\/18\/tolerancny-kostol-obisovce\/\" target=\"_self\" >Obi\u0161ovce<\/a><\/h2>\n<\/li><li class=\"wp-block-post post-111 post type-post status-publish format-standard hentry category-dunajsko-nitriansky-seniorat category-zapadny-distrikt\">\n\n\n<div class=\"wp-block-post-date\"><time datetime=\"2026-03-06T10:05:15+01:00\">6. marca 2026<\/time><\/div>\n\n<h2 class=\"wp-block-post-title\"><a href=\"https:\/\/zaverecne-prace.ucimesaweby.sk\/macek\/2026\/03\/06\/plave-vozokany\/\" target=\"_self\" >Plav\u00e9 Vozokany<\/a><\/h2>\n<\/li><li class=\"wp-block-post post-117 post type-post status-publish format-standard hentry category-novohradsky-seniorat category-zapadny-distrikt\">\n\n\n<div class=\"wp-block-post-date\"><time datetime=\"2026-03-06T10:10:24+01:00\">6. marca 2026<\/time><\/div>\n\n<h2 class=\"wp-block-post-title\"><a href=\"https:\/\/zaverecne-prace.ucimesaweby.sk\/macek\/2026\/03\/06\/polichno\/\" target=\"_self\" >Polichno<\/a><\/h2>\n<\/li><li class=\"wp-block-post post-24 post type-post status-publish format-standard hentry category-gemersky-seniorat category-vychodny-distrikt\">\n\n\n<div class=\"wp-block-post-date\"><time datetime=\"2026-02-18T14:51:06+01:00\">18. febru\u00e1ra 2026<\/time><\/div>\n\n<h2 class=\"wp-block-post-title\"><a href=\"https:\/\/zaverecne-prace.ucimesaweby.sk\/macek\/2026\/02\/18\/tolerancny-kostol-sivetice\/\" target=\"_self\" >\u0160ivetice<\/a><\/h2>\n<\/li><li class=\"wp-block-post post-20 post type-post status-publish format-standard hentry category-sarissko-zemplinsky-seniorat category-vychodny-distrikt\">\n\n\n<div class=\"wp-block-post-date\"><time datetime=\"2026-02-18T14:45:57+01:00\">18. febru\u00e1ra 2026<\/time><\/div>\n\n<h2 class=\"wp-block-post-title\"><a href=\"https:\/\/zaverecne-prace.ucimesaweby.sk\/macek\/2026\/02\/18\/tolerancny-kostol-sol-narodna-kulturna-pamiatka\/\" target=\"_self\" >So\u013e (NKP)<\/a><\/h2>\n<\/li><li class=\"wp-block-post post-16 post type-post status-publish format-standard hentry category-liptovsko-oravsky-seniorat category-vychodny-distrikt\">\n\n\n<div class=\"wp-block-post-date\"><time datetime=\"2026-02-18T14:38:56+01:00\">18. febru\u00e1ra 2026<\/time><\/div>\n\n<h2 class=\"wp-block-post-title\"><a href=\"https:\/\/zaverecne-prace.ucimesaweby.sk\/macek\/2026\/02\/18\/tolerencny-kostol-velicna\/\" target=\"_self\" >Veli\u010dn\u00e1<\/a><\/h2>\n<\/li><li class=\"wp-block-post post-109 post type-post status-publish format-standard hentry category-bratislavsky-seniorat category-zapadny-distrikt\">\n\n\n<div class=\"wp-block-post-date\"><time datetime=\"2026-03-06T10:04:32+01:00\">6. marca 2026<\/time><\/div>\n\n<h2 class=\"wp-block-post-title\"><a href=\"https:\/\/zaverecne-prace.ucimesaweby.sk\/macek\/2026\/03\/06\/velke-levare\/\" target=\"_self\" >Ve\u013ek\u00e9 Lev\u00e1re<\/a><\/h2>\n<\/li><\/ul>\n\n\n\n<\/div>\n","protected":false},"excerpt":{"rendered":"","protected":false},"author":1,"featured_media":0,"parent":0,"menu_order":0,"comment_status":"closed","ping_status":"closed","template":"","meta":{"site-sidebar-layout":"default","site-content-layout":"","ast-site-content-layout":"default","site-content-style":"default","site-sidebar-style":"default","ast-global-header-display":"","ast-banner-title-visibility":"","ast-main-header-display":"","ast-hfb-above-header-display":"","ast-hfb-below-header-display":"","ast-hfb-mobile-header-display":"","site-post-title":"","ast-breadcrumbs-content":"","ast-featured-img":"","footer-sml-layout":"","ast-disable-related-posts":"","theme-transparent-header-meta":"","adv-header-id-meta":"","stick-header-meta":"","header-above-stick-meta":"","header-main-stick-meta":"","header-below-stick-meta":"","astra-migrate-meta-layouts":"default","ast-page-background-enabled":"default","ast-page-background-meta":{"desktop":{"background-color":"var(--ast-global-color-5)","background-image":"","background-repeat":"repeat","background-position":"center center","background-size":"auto","background-attachment":"scroll","background-type":"","background-media":"","overlay-type":"","overlay-color":"","overlay-opacity":"","overlay-gradient":""},"tablet":{"background-color":"","background-image":"","background-repeat":"repeat","background-position":"center center","background-size":"auto","background-attachment":"scroll","background-type":"","background-media":"","overlay-type":"","overlay-color":"","overlay-opacity":"","overlay-gradient":""},"mobile":{"background-color":"","background-image":"","background-repeat":"repeat","background-position":"center center","background-size":"auto","background-attachment":"scroll","background-type":"","background-media":"","overlay-type":"","overlay-color":"","overlay-opacity":"","overlay-gradient":""}},"ast-content-background-meta":{"desktop":{"background-color":"var(--ast-global-color-4)","background-image":"","background-repeat":"repeat","background-position":"center center","background-size":"auto","background-attachment":"scroll","background-type":"","background-media":"","overlay-type":"","overlay-color":"","overlay-opacity":"","overlay-gradient":""},"tablet":{"background-color":"var(--ast-global-color-4)","background-image":"","background-repeat":"repeat","background-position":"center center","background-size":"auto","background-attachment":"scroll","background-type":"","background-media":"","overlay-type":"","overlay-color":"","overlay-opacity":"","overlay-gradient":""},"mobile":{"background-color":"var(--ast-global-color-4)","background-image":"","background-repeat":"repeat","background-position":"center center","background-size":"auto","background-attachment":"scroll","background-type":"","background-media":"","overlay-type":"","overlay-color":"","overlay-opacity":"","overlay-gradient":""}},"footnotes":""},"class_list":["post-93","page","type-page","status-publish","hentry"],"_links":{"self":[{"href":"https:\/\/zaverecne-prace.ucimesaweby.sk\/macek\/wp-json\/wp\/v2\/pages\/93","targetHints":{"allow":["GET"]}}],"collection":[{"href":"https:\/\/zaverecne-prace.ucimesaweby.sk\/macek\/wp-json\/wp\/v2\/pages"}],"about":[{"href":"https:\/\/zaverecne-prace.ucimesaweby.sk\/macek\/wp-json\/wp\/v2\/types\/page"}],"author":[{"embeddable":true,"href":"https:\/\/zaverecne-prace.ucimesaweby.sk\/macek\/wp-json\/wp\/v2\/users\/1"}],"replies":[{"embeddable":true,"href":"https:\/\/zaverecne-prace.ucimesaweby.sk\/macek\/wp-json\/wp\/v2\/comments?post=93"}],"version-history":[{"count":4,"href":"https:\/\/zaverecne-prace.ucimesaweby.sk\/macek\/wp-json\/wp\/v2\/pages\/93\/revisions"}],"predecessor-version":[{"id":157,"href":"https:\/\/zaverecne-prace.ucimesaweby.sk\/macek\/wp-json\/wp\/v2\/pages\/93\/revisions\/157"}],"wp:attachment":[{"href":"https:\/\/zaverecne-prace.ucimesaweby.sk\/macek\/wp-json\/wp\/v2\/media?parent=93"}],"curies":[{"name":"wp","href":"https:\/\/api.w.org\/{rel}","templated":true}]}}