{"id":78,"date":"2026-02-19T11:35:23","date_gmt":"2026-02-19T10:35:23","guid":{"rendered":"https:\/\/zaverecne-prace.ucimesaweby.sk\/macek\/o-praci-2\/"},"modified":"2026-03-31T10:31:12","modified_gmt":"2026-03-31T08:31:12","slug":"o-praci-2","status":"publish","type":"page","link":"https:\/\/zaverecne-prace.ucimesaweby.sk\/macek\/o-praci-2\/","title":{"rendered":"O pr\u00e1ci"},"content":{"rendered":"\n<p>Pri spracovan\u00ed dizerta\u010dnej pr\u00e1ce o&nbsp;vidieckych toleran\u010dn\u00fdch kostoloch je k\u013e\u00fa\u010dov\u00e9 vn\u00edma\u0165 ich nielen ako stavby, ale ako fyzick\u00e9 vyjadrenie cirkevn\u00e9ho tlaku a&nbsp;n\u00e1bo\u017eenskej identity. Na z\u00e1klade dobov\u00fdch dokumentov mo\u017eno kon\u0161tatova\u0165, \u017ee podoba t\u00fdchto chr\u00e1mov bola v\u00fdsledkom pr\u00edsneho toleran\u010dn\u00e9ho z\u00e1konodarstva, ktor\u00e9 malo za cie\u013e udr\u017ea\u0165 vizu\u00e1lnu dominanciu katol\u00edckej cirkvi.<\/p>\n\n\n\n<p>Vidiecky toleran\u010dn\u00fd kostol, v&nbsp;dobovej terminol\u00f3gi\u00ed ozna\u010dovan\u00fd sk\u00f4r ako modliteb\u0148a, musel sp\u013a\u0148a\u0165 \u0161pecifick\u00e9 krit\u00e9ria, ktor\u00e9 mu zabra\u0148ovali nadobudn\u00fa\u0165 tradi\u010dn\u00fd sakr\u00e1lny vzh\u013ead. Najv\u00fdraznej\u0161\u00edm obmedzen\u00edm bol absol\u00fatny z\u00e1kaz ve\u017e\u00ed a&nbsp;zvonov, pri\u010dom stavba nesmela ma\u0165 vchod z&nbsp;hlavnej ulice a&nbsp;celkovo nesmela predstavova\u0165 chr\u00e1m. Tento n\u00e1tlak viedol ku vzniku unik\u00e1tneho typu architekt\u00fary, ktor\u00e1 sa \u010dasto podobala civilnej, obytnej alebo hospod\u00e1rskej stavbe, \u010do je pre vidiecke prostredie 18. storo\u010dia typick\u00e9.<\/p>\n\n\n\n<p>V\u00fdber tejto t\u00e9my pre na\u0161u dizerta\u010dn\u00fa pr\u00e1cu vych\u00e1dza z&nbsp;n\u00e1\u0161ho dlhodob\u00e9ho z\u00e1ujmu o&nbsp;kult\u00farne dedi\u010dstvo a&nbsp;snahy pouk\u00e1za\u0165 na to, ako dok\u00e1\u017ee politick\u00e1 nesloboda reagova\u0165 na samotn\u00fa architekt\u00faru dobov\u00fdch chr\u00e1mov. Na\u0161a osobn\u00e1 sk\u00fasenos\u0165 s&nbsp;touto t\u00e9mou sa formovala po\u010das ter\u00e9nnych v\u00fdskumov, kde sme si uvedomili, \u017ee tieto pamiatky s\u00fa \u010dasto nepr\u00e1vom prehliadnut\u00e9 a&nbsp;z\u00e1rove\u0148 pri \u0161t\u00fadiu literat\u00fary a&nbsp;odborn\u00fdch zdrojov sme zistili, \u017ee je t\u00e1to problematika toleran\u010dn\u00fdch kostolov m\u00e1lo zaznamenan\u00e1.<\/p>\n\n\n\n<p>Ekonomick\u00fd a&nbsp;demografick\u00fd aspekt vzniku t\u00fdchto chr\u00e1mov bol rovnako d\u00f4le\u017eit\u00fd. Povolenie na stavbu bolo viazan\u00e9 na pr\u00edsny po\u010det sto du\u0161\u00ed (rod\u00edn), ktor\u00e9 sa museli k&nbsp;vyznaniu prihl\u00e1si\u0165, pri\u010dom cel\u00e9 financovanie zn\u00e1\u0161ali pr\u00e1ve oni bez akejko\u013evek \u0161t\u00e1tnej pomoci.<\/p>\n\n\n\n<p>Interi\u00e9ry t\u00fdchto stavieb sa museli prisp\u00f4sobi\u0165 nov\u00fdm potreb\u00e1m doby, kde dominovala kazate\u013enica a&nbsp;d\u00f4raz na slovo. Na vidieku \u010dasto tieto chr\u00e1my netvorili len izolovan\u00e9 jednotky, ale v\u00e4\u010d\u0161inou boli s\u00fa\u010das\u0165ou \u0161ir\u0161\u00edch are\u00e1lov, ktor\u00e9 zah\u0155\u0148ali aj \u0161koly a&nbsp;fary, \u010d\u00edm sa st\u00e1vali d\u00f4le\u017eit\u00fdmi kult\u00farnymi a&nbsp;vzdel\u00e1vac\u00edmi centrami danej komunity.&nbsp;<\/p>\n\n\n\n<p>Toleran\u010dn\u00e9 kostoly evanjelickej cirkvi augsbursk\u00e9ho vierovyznania na Slovensku tak predstavuj\u00fa v\u00fdznamn\u00fa s\u00fa\u010das\u0165 kult\u00farneho a&nbsp;duchovn\u00e9ho dedi\u010dstva krajiny. Tieto stavby, vznikaj\u00face preva\u017ene na prelome 18. a&nbsp;19. storo\u010dia, s\u00fa nielen d\u00f4kazom n\u00e1bo\u017eenskej odolnosti a&nbsp;kreativity, ale aj cenn\u00fdm dokladom o&nbsp;soci\u00e1lnych, politick\u00fdch a&nbsp;architektonick\u00fdch v\u00fdzvach, ktor\u00fdm \u010delili ich tvorcovia. Ich existencia tak vypoved\u00e1 o&nbsp;technick\u00fdch schopnostiach a&nbsp;umeleckom c\u00edten\u00ed stavite\u013eov a&nbsp;aj o&nbsp;hlbokom duchovnom v\u00fdzname, ktor\u00fd tieto komunity mali.<\/p>\n","protected":false},"excerpt":{"rendered":"<p>Pri spracovan\u00ed dizerta\u010dnej pr\u00e1ce o&nbsp;vidieckych toleran\u010dn\u00fdch kostoloch je k\u013e\u00fa\u010dov\u00e9 vn\u00edma\u0165 ich nielen ako stavby, ale ako fyzick\u00e9 vyjadrenie cirkevn\u00e9ho tlaku [&hellip;]<\/p>\n","protected":false},"author":1,"featured_media":0,"parent":0,"menu_order":0,"comment_status":"closed","ping_status":"closed","template":"","meta":{"site-sidebar-layout":"default","site-content-layout":"","ast-site-content-layout":"default","site-content-style":"default","site-sidebar-style":"default","ast-global-header-display":"","ast-banner-title-visibility":"","ast-main-header-display":"","ast-hfb-above-header-display":"","ast-hfb-below-header-display":"","ast-hfb-mobile-header-display":"","site-post-title":"","ast-breadcrumbs-content":"","ast-featured-img":"","footer-sml-layout":"","ast-disable-related-posts":"","theme-transparent-header-meta":"","adv-header-id-meta":"","stick-header-meta":"","header-above-stick-meta":"","header-main-stick-meta":"","header-below-stick-meta":"","astra-migrate-meta-layouts":"default","ast-page-background-enabled":"default","ast-page-background-meta":{"desktop":{"background-color":"var(--ast-global-color-5)","background-image":"","background-repeat":"repeat","background-position":"center center","background-size":"auto","background-attachment":"scroll","background-type":"","background-media":"","overlay-type":"","overlay-color":"","overlay-opacity":"","overlay-gradient":""},"tablet":{"background-color":"","background-image":"","background-repeat":"repeat","background-position":"center center","background-size":"auto","background-attachment":"scroll","background-type":"","background-media":"","overlay-type":"","overlay-color":"","overlay-opacity":"","overlay-gradient":""},"mobile":{"background-color":"","background-image":"","background-repeat":"repeat","background-position":"center center","background-size":"auto","background-attachment":"scroll","background-type":"","background-media":"","overlay-type":"","overlay-color":"","overlay-opacity":"","overlay-gradient":""}},"ast-content-background-meta":{"desktop":{"background-color":"var(--ast-global-color-4)","background-image":"","background-repeat":"repeat","background-position":"center center","background-size":"auto","background-attachment":"scroll","background-type":"","background-media":"","overlay-type":"","overlay-color":"","overlay-opacity":"","overlay-gradient":""},"tablet":{"background-color":"var(--ast-global-color-4)","background-image":"","background-repeat":"repeat","background-position":"center center","background-size":"auto","background-attachment":"scroll","background-type":"","background-media":"","overlay-type":"","overlay-color":"","overlay-opacity":"","overlay-gradient":""},"mobile":{"background-color":"var(--ast-global-color-4)","background-image":"","background-repeat":"repeat","background-position":"center center","background-size":"auto","background-attachment":"scroll","background-type":"","background-media":"","overlay-type":"","overlay-color":"","overlay-opacity":"","overlay-gradient":""}},"footnotes":""},"class_list":["post-78","page","type-page","status-publish","hentry"],"_links":{"self":[{"href":"https:\/\/zaverecne-prace.ucimesaweby.sk\/macek\/wp-json\/wp\/v2\/pages\/78","targetHints":{"allow":["GET"]}}],"collection":[{"href":"https:\/\/zaverecne-prace.ucimesaweby.sk\/macek\/wp-json\/wp\/v2\/pages"}],"about":[{"href":"https:\/\/zaverecne-prace.ucimesaweby.sk\/macek\/wp-json\/wp\/v2\/types\/page"}],"author":[{"embeddable":true,"href":"https:\/\/zaverecne-prace.ucimesaweby.sk\/macek\/wp-json\/wp\/v2\/users\/1"}],"replies":[{"embeddable":true,"href":"https:\/\/zaverecne-prace.ucimesaweby.sk\/macek\/wp-json\/wp\/v2\/comments?post=78"}],"version-history":[{"count":1,"href":"https:\/\/zaverecne-prace.ucimesaweby.sk\/macek\/wp-json\/wp\/v2\/pages\/78\/revisions"}],"predecessor-version":[{"id":245,"href":"https:\/\/zaverecne-prace.ucimesaweby.sk\/macek\/wp-json\/wp\/v2\/pages\/78\/revisions\/245"}],"wp:attachment":[{"href":"https:\/\/zaverecne-prace.ucimesaweby.sk\/macek\/wp-json\/wp\/v2\/media?parent=78"}],"curies":[{"name":"wp","href":"https:\/\/api.w.org\/{rel}","templated":true}]}}