{"id":57,"date":"2026-02-19T11:16:41","date_gmt":"2026-02-19T10:16:41","guid":{"rendered":"https:\/\/zaverecne-prace.ucimesaweby.sk\/macek\/kontakt\/"},"modified":"2026-04-17T09:44:26","modified_gmt":"2026-04-17T07:44:26","slug":"kontakt","status":"publish","type":"page","link":"https:\/\/zaverecne-prace.ucimesaweby.sk\/macek\/kontakt\/","title":{"rendered":"Kontakt"},"content":{"rendered":"\t\t<div data-elementor-type=\"wp-page\" data-elementor-id=\"57\" class=\"elementor elementor-57\">\n\t\t\t\t<div class=\"elementor-element elementor-element-5d0b12b1 e-con-full e-flex e-con e-parent\" data-id=\"5d0b12b1\" data-element_type=\"container\" data-e-type=\"container\">\n\t\t\t\t\t\t\t\n\t\t<img class=\"e-image-base \" \n\t\t\t\t\tdata-interaction-id=\"f25379b\" \n\t\t \n\t\t \n\t\t\t\t\t\t\t\t\tsrc=\"https:\/\/zaverecne-prace.ucimesaweby.sk\/macek\/wp-content\/plugins\/elementor\/assets\/images\/placeholder-v4.svg\"\n\t\t\t\t\t\t\/>\n\t\t\t\t\t<div class=\"elementor-element elementor-element-7c81e04c elementor-widget elementor-widget-text-editor\" data-id=\"7c81e04c\" data-element_type=\"widget\" data-e-type=\"widget\" data-widget_type=\"text-editor.default\">\n\t\t\t\t\t\t\t\t\t\n<p>Mgr. Dominik Ma\u010dek, intern\u00fd doktorand.<\/p>\n\n\n\n<p>dominik.macek@umkd.uniza.sk<\/p>\n\n\n\n<p>\u017dilinsk\u00e1 univerzita v\u00a0\u017diline<br>\u00dastav mediamatiky a\u00a0kult\u00farneho dedi\u010dstva<br>Univerzitn\u00e1 8215\/1, 010 26\u00a0 \u017dilina<\/p>\n\n\n\n<p><\/p>\n\t\t\t\t\t\t\t\t<\/div>\n\t\t\t\t<\/div>\n\t\t\t\t<\/div>\n\t\t","protected":false},"excerpt":{"rendered":"<p>Mgr. Dominik Ma\u010dek, intern\u00fd doktorand. dominik.macek@umkd.uniza.sk \u017dilinsk\u00e1 univerzita v\u00a0\u017diline\u00dastav mediamatiky a\u00a0kult\u00farneho dedi\u010dstvaUniverzitn\u00e1 8215\/1, 010 26\u00a0 \u017dilina<\/p>\n","protected":false},"author":1,"featured_media":0,"parent":0,"menu_order":0,"comment_status":"closed","ping_status":"closed","template":"","meta":{"site-sidebar-layout":"default","site-content-layout":"","ast-site-content-layout":"default","site-content-style":"default","site-sidebar-style":"default","ast-global-header-display":"","ast-banner-title-visibility":"","ast-main-header-display":"","ast-hfb-above-header-display":"","ast-hfb-below-header-display":"","ast-hfb-mobile-header-display":"","site-post-title":"","ast-breadcrumbs-content":"","ast-featured-img":"","footer-sml-layout":"","ast-disable-related-posts":"","theme-transparent-header-meta":"","adv-header-id-meta":"","stick-header-meta":"","header-above-stick-meta":"","header-main-stick-meta":"","header-below-stick-meta":"","astra-migrate-meta-layouts":"default","ast-page-background-enabled":"default","ast-page-background-meta":{"desktop":{"background-color":"var(--ast-global-color-5)","background-image":"","background-repeat":"repeat","background-position":"center center","background-size":"auto","background-attachment":"scroll","background-type":"","background-media":"","overlay-type":"","overlay-color":"","overlay-opacity":"","overlay-gradient":""},"tablet":{"background-color":"","background-image":"","background-repeat":"repeat","background-position":"center center","background-size":"auto","background-attachment":"scroll","background-type":"","background-media":"","overlay-type":"","overlay-color":"","overlay-opacity":"","overlay-gradient":""},"mobile":{"background-color":"","background-image":"","background-repeat":"repeat","background-position":"center center","background-size":"auto","background-attachment":"scroll","background-type":"","background-media":"","overlay-type":"","overlay-color":"","overlay-opacity":"","overlay-gradient":""}},"ast-content-background-meta":{"desktop":{"background-color":"var(--ast-global-color-4)","background-image":"","background-repeat":"repeat","background-position":"center center","background-size":"auto","background-attachment":"scroll","background-type":"","background-media":"","overlay-type":"","overlay-color":"","overlay-opacity":"","overlay-gradient":""},"tablet":{"background-color":"var(--ast-global-color-4)","background-image":"","background-repeat":"repeat","background-position":"center center","background-size":"auto","background-attachment":"scroll","background-type":"","background-media":"","overlay-type":"","overlay-color":"","overlay-opacity":"","overlay-gradient":""},"mobile":{"background-color":"var(--ast-global-color-4)","background-image":"","background-repeat":"repeat","background-position":"center center","background-size":"auto","background-attachment":"scroll","background-type":"","background-media":"","overlay-type":"","overlay-color":"","overlay-opacity":"","overlay-gradient":""}},"footnotes":""},"class_list":["post-57","page","type-page","status-publish","hentry"],"_links":{"self":[{"href":"https:\/\/zaverecne-prace.ucimesaweby.sk\/macek\/wp-json\/wp\/v2\/pages\/57","targetHints":{"allow":["GET"]}}],"collection":[{"href":"https:\/\/zaverecne-prace.ucimesaweby.sk\/macek\/wp-json\/wp\/v2\/pages"}],"about":[{"href":"https:\/\/zaverecne-prace.ucimesaweby.sk\/macek\/wp-json\/wp\/v2\/types\/page"}],"author":[{"embeddable":true,"href":"https:\/\/zaverecne-prace.ucimesaweby.sk\/macek\/wp-json\/wp\/v2\/users\/1"}],"replies":[{"embeddable":true,"href":"https:\/\/zaverecne-prace.ucimesaweby.sk\/macek\/wp-json\/wp\/v2\/comments?post=57"}],"version-history":[{"count":5,"href":"https:\/\/zaverecne-prace.ucimesaweby.sk\/macek\/wp-json\/wp\/v2\/pages\/57\/revisions"}],"predecessor-version":[{"id":330,"href":"https:\/\/zaverecne-prace.ucimesaweby.sk\/macek\/wp-json\/wp\/v2\/pages\/57\/revisions\/330"}],"wp:attachment":[{"href":"https:\/\/zaverecne-prace.ucimesaweby.sk\/macek\/wp-json\/wp\/v2\/media?parent=57"}],"curies":[{"name":"wp","href":"https:\/\/api.w.org\/{rel}","templated":true}]}}