{"id":374,"date":"2026-04-20T18:00:49","date_gmt":"2026-04-20T16:00:49","guid":{"rendered":"https:\/\/zaverecne-prace.ucimesaweby.sk\/macek\/document-library\/"},"modified":"2026-04-20T18:00:49","modified_gmt":"2026-04-20T16:00:49","slug":"document-library","status":"publish","type":"page","link":"https:\/\/zaverecne-prace.ucimesaweby.sk\/macek\/document-library\/","title":{"rendered":"Document Library"},"content":{"rendered":"\t\t<input type=\"hidden\" name=\"category-search-77147225511d5c295439b13a854170292f\" value=\"\" class=\"category-search-77147225511d5c295439b13a854170292f\">\n\t\t<table id=\"77147225511d5c295439b13a854170292f\" class=\"document-library-table\" data-page-length=\"20\" data-paging=\"false\" data-click-filter=\"true\" data-scroll-offset=\"15\" cellspacing=\"0\" width=\"100%\">\n\t\t\t<thead><tr><th data-name=\"id\" data-priority=\"3\" data-width=\"\" data-orderable=\"true\">ID<\/th><th data-name=\"title\" data-priority=\"1\" data-width=\"\" data-orderable=\"true\">Title<\/th><th data-name=\"content\" data-priority=\"5\" data-width=\"\" data-orderable=\"true\">Content<\/th><th data-name=\"image\" data-priority=\"6\" data-width=\"\" data-orderable=\"false\">Image<\/th><th data-name=\"date\" data-priority=\"2\" data-width=\"\" data-orderable=\"true\">Date<\/th><th data-name=\"doc_categories\" data-priority=\"7\" data-width=\"\" data-orderable=\"true\">Categories<\/th><th data-name=\"link\" data-priority=\"4\" data-width=\"\" data-orderable=\"false\">Link<\/th><\/tr><\/thead>\t\t\t<tbody>\n\t\t\t\t<tr><td>375<\/td><td>Evanjelick\u00e9 a.v. spolo\u010denstvo v 18. storo\u010d\u00ed<\/td><td>Kowalska_evanjel_a_v_spolocenstvo<\/td><td><\/td><td>2026\/04\/20<\/td><td><\/td><td><a href=\"https:\/\/zaverecne-prace.ucimesaweby.sk\/macek\/wp-content\/uploads\/2026\/04\/Kowalska_evanjel_a_v_spolocenstvo.pdf\" class=\"dll-download-button document-library-button button btn\"  download=\"Kowalska_evanjel_a_v_spolocenstvo.pdf\" type=\"application\/pdf\">Download<\/a><\/td><\/tr>\t\t\t<\/tbody>\n\t\t<\/table>\n\t\t\n","protected":false},"excerpt":{"rendered":"","protected":false},"author":1,"featured_media":0,"parent":0,"menu_order":0,"comment_status":"closed","ping_status":"closed","template":"","meta":{"site-sidebar-layout":"default","site-content-layout":"","ast-site-content-layout":"default","site-content-style":"default","site-sidebar-style":"default","ast-global-header-display":"","ast-banner-title-visibility":"","ast-main-header-display":"","ast-hfb-above-header-display":"","ast-hfb-below-header-display":"","ast-hfb-mobile-header-display":"","site-post-title":"","ast-breadcrumbs-content":"","ast-featured-img":"","footer-sml-layout":"","ast-disable-related-posts":"","theme-transparent-header-meta":"","adv-header-id-meta":"","stick-header-meta":"","header-above-stick-meta":"","header-main-stick-meta":"","header-below-stick-meta":"","astra-migrate-meta-layouts":"default","ast-page-background-enabled":"default","ast-page-background-meta":{"desktop":{"background-color":"var(--ast-global-color-5)","background-image":"","background-repeat":"repeat","background-position":"center center","background-size":"auto","background-attachment":"scroll","background-type":"","background-media":"","overlay-type":"","overlay-color":"","overlay-opacity":"","overlay-gradient":""},"tablet":{"background-color":"","background-image":"","background-repeat":"repeat","background-position":"center center","background-size":"auto","background-attachment":"scroll","background-type":"","background-media":"","overlay-type":"","overlay-color":"","overlay-opacity":"","overlay-gradient":""},"mobile":{"background-color":"","background-image":"","background-repeat":"repeat","background-position":"center center","background-size":"auto","background-attachment":"scroll","background-type":"","background-media":"","overlay-type":"","overlay-color":"","overlay-opacity":"","overlay-gradient":""}},"ast-content-background-meta":{"desktop":{"background-color":"var(--ast-global-color-4)","background-image":"","background-repeat":"repeat","background-position":"center center","background-size":"auto","background-attachment":"scroll","background-type":"","background-media":"","overlay-type":"","overlay-color":"","overlay-opacity":"","overlay-gradient":""},"tablet":{"background-color":"var(--ast-global-color-4)","background-image":"","background-repeat":"repeat","background-position":"center center","background-size":"auto","background-attachment":"scroll","background-type":"","background-media":"","overlay-type":"","overlay-color":"","overlay-opacity":"","overlay-gradient":""},"mobile":{"background-color":"var(--ast-global-color-4)","background-image":"","background-repeat":"repeat","background-position":"center center","background-size":"auto","background-attachment":"scroll","background-type":"","background-media":"","overlay-type":"","overlay-color":"","overlay-opacity":"","overlay-gradient":""}},"footnotes":""},"class_list":["post-374","page","type-page","status-publish","hentry"],"_links":{"self":[{"href":"https:\/\/zaverecne-prace.ucimesaweby.sk\/macek\/wp-json\/wp\/v2\/pages\/374","targetHints":{"allow":["GET"]}}],"collection":[{"href":"https:\/\/zaverecne-prace.ucimesaweby.sk\/macek\/wp-json\/wp\/v2\/pages"}],"about":[{"href":"https:\/\/zaverecne-prace.ucimesaweby.sk\/macek\/wp-json\/wp\/v2\/types\/page"}],"author":[{"embeddable":true,"href":"https:\/\/zaverecne-prace.ucimesaweby.sk\/macek\/wp-json\/wp\/v2\/users\/1"}],"replies":[{"embeddable":true,"href":"https:\/\/zaverecne-prace.ucimesaweby.sk\/macek\/wp-json\/wp\/v2\/comments?post=374"}],"version-history":[{"count":0,"href":"https:\/\/zaverecne-prace.ucimesaweby.sk\/macek\/wp-json\/wp\/v2\/pages\/374\/revisions"}],"wp:attachment":[{"href":"https:\/\/zaverecne-prace.ucimesaweby.sk\/macek\/wp-json\/wp\/v2\/media?parent=374"}],"curies":[{"name":"wp","href":"https:\/\/api.w.org\/{rel}","templated":true}]}}