{"id":330,"date":"2024-04-25T12:12:40","date_gmt":"2024-04-25T10:12:40","guid":{"rendered":"https:\/\/zaverecne-prace.ucimesaweby.sk\/baricova\/?page_id=330"},"modified":"2024-04-30T12:06:51","modified_gmt":"2024-04-30T10:06:51","slug":"elementor-330","status":"publish","type":"page","link":"https:\/\/zaverecne-prace.ucimesaweby.sk\/baricova\/elementor-330\/","title":{"rendered":"Inform\u00e1cie k predmetu"},"content":{"rendered":"\t\t<div data-elementor-type=\"wp-page\" data-elementor-id=\"330\" class=\"elementor elementor-330\">\n\t\t\t\t<div class=\"elementor-element elementor-element-00c3a42 e-flex e-con-boxed e-con e-parent\" data-id=\"00c3a42\" data-element_type=\"container\">\n\t\t\t\t\t<div class=\"e-con-inner\">\n\t\t\t\t<div class=\"elementor-element elementor-element-94a05fd elementor-widget elementor-widget-heading\" data-id=\"94a05fd\" data-element_type=\"widget\" data-widget_type=\"heading.default\">\n\t\t\t\t<div class=\"elementor-widget-container\">\n\t\t\t<style>\/*! elementor - v3.21.0 - 15-04-2024 *\/\n.elementor-heading-title{padding:0;margin:0;line-height:1}.elementor-widget-heading .elementor-heading-title[class*=elementor-size-]>a{color:inherit;font-size:inherit;line-height:inherit}.elementor-widget-heading .elementor-heading-title.elementor-size-small{font-size:15px}.elementor-widget-heading .elementor-heading-title.elementor-size-medium{font-size:19px}.elementor-widget-heading .elementor-heading-title.elementor-size-large{font-size:29px}.elementor-widget-heading .elementor-heading-title.elementor-size-xl{font-size:39px}.elementor-widget-heading .elementor-heading-title.elementor-size-xxl{font-size:59px}<\/style><h2 class=\"elementor-heading-title elementor-size-default\">\u00davod do umelej inteligencie a expertn\u00e9 syst\u00e9my<\/h2>\t\t<\/div>\n\t\t\t\t<\/div>\n\t\t\t\t\t<\/div>\n\t\t\t\t<\/div>\n\t\t<div class=\"elementor-element elementor-element-fc7c081 e-flex e-con-boxed e-con e-parent\" data-id=\"fc7c081\" data-element_type=\"container\">\n\t\t\t\t\t<div class=\"e-con-inner\">\n\t\t\t\t<div class=\"elementor-element elementor-element-32796b8 elementor-widget elementor-widget-accordion\" data-id=\"32796b8\" data-element_type=\"widget\" data-widget_type=\"accordion.default\">\n\t\t\t\t<div class=\"elementor-widget-container\">\n\t\t\t<style>\/*! elementor - v3.21.0 - 15-04-2024 *\/\n.elementor-accordion{text-align:start}.elementor-accordion .elementor-accordion-item{border:1px solid #d5d8dc}.elementor-accordion .elementor-accordion-item+.elementor-accordion-item{border-top:none}.elementor-accordion .elementor-tab-title{margin:0;padding:15px 20px;font-weight:700;line-height:1;cursor:pointer;outline:none}.elementor-accordion .elementor-tab-title .elementor-accordion-icon{display:inline-block;width:1.5em}.elementor-accordion .elementor-tab-title .elementor-accordion-icon svg{width:1em;height:1em}.elementor-accordion .elementor-tab-title .elementor-accordion-icon.elementor-accordion-icon-right{float:right;text-align:right}.elementor-accordion .elementor-tab-title .elementor-accordion-icon.elementor-accordion-icon-left{float:left;text-align:left}.elementor-accordion .elementor-tab-title .elementor-accordion-icon .elementor-accordion-icon-closed{display:block}.elementor-accordion .elementor-tab-title .elementor-accordion-icon .elementor-accordion-icon-opened,.elementor-accordion .elementor-tab-title.elementor-active .elementor-accordion-icon-closed{display:none}.elementor-accordion .elementor-tab-title.elementor-active .elementor-accordion-icon-opened{display:block}.elementor-accordion .elementor-tab-content{display:none;padding:15px 20px;border-top:1px solid #d5d8dc}@media (max-width:767px){.elementor-accordion .elementor-tab-title{padding:12px 15px}.elementor-accordion .elementor-tab-title .elementor-accordion-icon{width:1.2em}.elementor-accordion .elementor-tab-content{padding:7px 15px}}.e-con-inner>.elementor-widget-accordion,.e-con>.elementor-widget-accordion{width:var(--container-widget-width);--flex-grow:var(--container-widget-flex-grow)}<\/style>\t\t<div class=\"elementor-accordion\">\n\t\t\t\t\t\t\t<div class=\"elementor-accordion-item\">\n\t\t\t\t\t<div id=\"elementor-tab-title-5291\" class=\"elementor-tab-title\" data-tab=\"1\" role=\"button\" aria-controls=\"elementor-tab-content-5291\" aria-expanded=\"false\">\n\t\t\t\t\t\t\t\t\t\t\t\t\t<span class=\"elementor-accordion-icon elementor-accordion-icon-left\" aria-hidden=\"true\">\n\t\t\t\t\t\t\t\t\t\t\t\t\t\t\t<span class=\"elementor-accordion-icon-closed\"><svg class=\"e-font-icon-svg e-far-file\" viewBox=\"0 0 384 512\" xmlns=\"http:\/\/www.w3.org\/2000\/svg\"><path d=\"M369.9 97.9L286 14C277 5 264.8-.1 252.1-.1H48C21.5 0 0 21.5 0 48v416c0 26.5 21.5 48 48 48h288c26.5 0 48-21.5 48-48V131.9c0-12.7-5.1-25-14.1-34zM332.1 128H256V51.9l76.1 76.1zM48 464V48h160v104c0 13.3 10.7 24 24 24h104v288H48z\"><\/path><\/svg><\/span>\n\t\t\t\t\t\t\t\t<span class=\"elementor-accordion-icon-opened\"><svg class=\"e-font-icon-svg e-fas-minus\" viewBox=\"0 0 448 512\" xmlns=\"http:\/\/www.w3.org\/2000\/svg\"><path d=\"M416 208H32c-17.67 0-32 14.33-32 32v32c0 17.67 14.33 32 32 32h384c17.67 0 32-14.33 32-32v-32c0-17.67-14.33-32-32-32z\"><\/path><\/svg><\/span>\n\t\t\t\t\t\t\t\t\t\t\t\t\t\t<\/span>\n\t\t\t\t\t\t\t\t\t\t\t\t<a class=\"elementor-accordion-title\" tabindex=\"0\">Sylabus<\/a>\n\t\t\t\t\t<\/div>\n\t\t\t\t\t<div id=\"elementor-tab-content-5291\" class=\"elementor-tab-content elementor-clearfix\" data-tab=\"1\" role=\"region\" aria-labelledby=\"elementor-tab-title-5291\"><p><a href=\"https:\/\/zaverecne-prace.ucimesaweby.sk\/baricova\/wp-content\/uploads\/2024\/04\/Sylaby_UdUIaES_LS_2023_24.docx\">Sylaby k predmetu<\/a><\/p><\/div>\n\t\t\t\t<\/div>\n\t\t\t\t\t\t\t<div class=\"elementor-accordion-item\">\n\t\t\t\t\t<div id=\"elementor-tab-title-5292\" class=\"elementor-tab-title\" data-tab=\"2\" role=\"button\" aria-controls=\"elementor-tab-content-5292\" aria-expanded=\"false\">\n\t\t\t\t\t\t\t\t\t\t\t\t\t<span class=\"elementor-accordion-icon elementor-accordion-icon-left\" aria-hidden=\"true\">\n\t\t\t\t\t\t\t\t\t\t\t\t\t\t\t<span class=\"elementor-accordion-icon-closed\"><svg class=\"e-font-icon-svg e-far-file\" viewBox=\"0 0 384 512\" xmlns=\"http:\/\/www.w3.org\/2000\/svg\"><path d=\"M369.9 97.9L286 14C277 5 264.8-.1 252.1-.1H48C21.5 0 0 21.5 0 48v416c0 26.5 21.5 48 48 48h288c26.5 0 48-21.5 48-48V131.9c0-12.7-5.1-25-14.1-34zM332.1 128H256V51.9l76.1 76.1zM48 464V48h160v104c0 13.3 10.7 24 24 24h104v288H48z\"><\/path><\/svg><\/span>\n\t\t\t\t\t\t\t\t<span class=\"elementor-accordion-icon-opened\"><svg class=\"e-font-icon-svg e-fas-minus\" viewBox=\"0 0 448 512\" xmlns=\"http:\/\/www.w3.org\/2000\/svg\"><path d=\"M416 208H32c-17.67 0-32 14.33-32 32v32c0 17.67 14.33 32 32 32h384c17.67 0 32-14.33 32-32v-32c0-17.67-14.33-32-32-32z\"><\/path><\/svg><\/span>\n\t\t\t\t\t\t\t\t\t\t\t\t\t\t<\/span>\n\t\t\t\t\t\t\t\t\t\t\t\t<a class=\"elementor-accordion-title\" tabindex=\"0\">Podmienky<\/a>\n\t\t\t\t\t<\/div>\n\t\t\t\t\t<div id=\"elementor-tab-content-5292\" class=\"elementor-tab-content elementor-clearfix\" data-tab=\"2\" role=\"region\" aria-labelledby=\"elementor-tab-title-5292\"><p><a href=\"https:\/\/zaverecne-prace.ucimesaweby.sk\/baricova\/wp-content\/uploads\/2024\/04\/00_Podmienky-predmetu.pptx\">Podmienky predmetu<\/a><\/p><\/div>\n\t\t\t\t<\/div>\n\t\t\t\t\t\t\t<div class=\"elementor-accordion-item\">\n\t\t\t\t\t<div id=\"elementor-tab-title-5293\" class=\"elementor-tab-title\" data-tab=\"3\" role=\"button\" aria-controls=\"elementor-tab-content-5293\" aria-expanded=\"false\">\n\t\t\t\t\t\t\t\t\t\t\t\t\t<span class=\"elementor-accordion-icon elementor-accordion-icon-left\" aria-hidden=\"true\">\n\t\t\t\t\t\t\t\t\t\t\t\t\t\t\t<span class=\"elementor-accordion-icon-closed\"><svg class=\"e-font-icon-svg e-far-file\" viewBox=\"0 0 384 512\" xmlns=\"http:\/\/www.w3.org\/2000\/svg\"><path d=\"M369.9 97.9L286 14C277 5 264.8-.1 252.1-.1H48C21.5 0 0 21.5 0 48v416c0 26.5 21.5 48 48 48h288c26.5 0 48-21.5 48-48V131.9c0-12.7-5.1-25-14.1-34zM332.1 128H256V51.9l76.1 76.1zM48 464V48h160v104c0 13.3 10.7 24 24 24h104v288H48z\"><\/path><\/svg><\/span>\n\t\t\t\t\t\t\t\t<span class=\"elementor-accordion-icon-opened\"><svg class=\"e-font-icon-svg e-fas-minus\" viewBox=\"0 0 448 512\" xmlns=\"http:\/\/www.w3.org\/2000\/svg\"><path d=\"M416 208H32c-17.67 0-32 14.33-32 32v32c0 17.67 14.33 32 32 32h384c17.67 0 32-14.33 32-32v-32c0-17.67-14.33-32-32-32z\"><\/path><\/svg><\/span>\n\t\t\t\t\t\t\t\t\t\t\t\t\t\t<\/span>\n\t\t\t\t\t\t\t\t\t\t\t\t<a class=\"elementor-accordion-title\" tabindex=\"0\">Odpor\u00fa\u010dan\u00e1 literat\u00fara<\/a>\n\t\t\t\t\t<\/div>\n\t\t\t\t\t<div id=\"elementor-tab-content-5293\" class=\"elementor-tab-content elementor-clearfix\" data-tab=\"3\" role=\"region\" aria-labelledby=\"elementor-tab-title-5293\"><p style=\"text-align: left;\"><span style=\"color: #ffffff;\">KIMLI\u010cKA, \u0160. Princ\u00edpy informa\u010dn\u00fdch syst\u00e9mov. Bratislava: Slovensk\u00e1 technick\u00e1 univerzita, 2006.<\/span><br \/><span style=\"color: #ffffff;\">KU\u010cEROV\u00c1 H. Projektov\u00e1n\u00ed informa\u010dn\u00edch syst\u00e9m\u016f. Praha: Vy\u0161\u0161\u00ed odborn\u00e1 \u0161kola informa\u010dn\u00edch slu\u017eeb, 2004.<\/span><br \/><span style=\"color: #ffffff;\">POPPER, M. a J. KELEMEN, J. Expertn\u00e9 syst\u00e9my. Bratislava: Alfa, 1989.<\/span><br \/><span style=\"color: #ffffff;\">\u0160EFR\u00c1NEK, J. Inteligencia ako v\u00fdpo\u010det. Bratislava: Iris, 2000.<\/span><br \/><span style=\"color: #ffffff;\">LLOYD, J. W. Foundations of Logic Programming. S. l.: Springer-Verlas. 1987.<\/span><br \/><span style=\"color: #ffffff;\">KELEMEN, J. a kol. Z\u00e1klady umelej inteligencie. Bratislava: Alfa, 1992.<\/span><br \/><span style=\"color: #ffffff;\">JACKSON,\u2026 Introduction to expert systems. S. l.: Addison\u00adWesley, 2001.<\/span><br \/><span style=\"color: #ffffff;\">PAL\u00daCH, S. Algoritmick\u00e1 te\u00f3ria grafov. \u017dilina: \u017dilinsk\u00e1 univerzita v \u017diline, 2020.<\/span><br \/><span style=\"color: #ffffff;\">RACLAVSK\u00dd, J. \u00davod do logiky: klasick\u00e1 v\u00fdrokov\u00e1 logika. Praha: Masarykova univerzita, 2015.<\/span><br \/><span style=\"color: #ffffff;\">BIELIKOV\u00c1, M. a P. N\u00c1VRAT. Funkcion\u00e1lne a logick\u00e9 programovanie. Bratislava: STU, 2009.<\/span><br \/><span style=\"color: #ffffff;\">KVASNI\u010cKA a kol. \u00davod do te\u00f3rie neur\u00f3nov\u00fdch siet\u00ed. Bratislava: Iris, vydavate\u013estvo, 1997. ISBN: 8088778301. Dostupn\u00e9 na: http:\/\/www2.fiit.stuba.sk\/~kvasnicka\/Free%20books\/Uvod%20do%20teorie%20neuronovych%20sieti_all.pdf<\/span><br \/><span style=\"color: #ffffff;\">KELEMEN, J. a M. LIDAY. Expertn\u00e9 syst\u00e9my. Bratislava: SOFA, 1996.<\/span><br \/><span style=\"color: #ffffff;\">KVASNI\u010cKA a kol. Umel\u00e1 inteligencia a kognit\u00edvna veda I. Bratislava: Slovensk\u00e1 technick\u00e1 univerzita v Bratislave, 2009. Dostupn\u00e9 na: http:\/\/www2.fiit.stuba.sk\/~kvasnicka\/Free%20books\/Umela_inteligencia_a_kognitivna_veda_I.pdf<\/span><br \/><span style=\"color: #ffffff;\">POPPER, M. Expertn\u00e9 syst\u00e9my. Koncepcie, princ\u00edpy a architekt\u00fara, prostriedky reprezent\u00e1cie znalost\u00ed rozvinut\u00e9 a neklasick\u00e9 techniky odvodzovania, tvorba syst\u00e9mov. Bratislava: MFF UK, 2001. Dostupn\u00e9 na: https:\/\/fmfi-uk.hq.sk\/Informatika\/Expertne%20Systemy\/1\/prednasky\/kap01-04.pdf<\/span><br \/><span style=\"color: #ffffff;\">N\u00c1VRAT, P. a kol. Umel\u00e1 inteligencia. Bratislava: STU, 2007.<\/span><\/p><p style=\"text-align: left;\"><span style=\"color: #ffffff;\">\u00a0 \u00a0 \u00a0 \u00a0 \u00a0 \u00a0 \u00a0 \u00a0 \u00a0 \u00a0 \u00a0 \u00a0 \u00a0 \u00a0 \u00a0 \u00a0 \u00a0 \u00a0 \u00a0 \u00a0 \u00a0 \u00a0 \u00a0 \u00a0 \u00a0 \u00a0 \u00a0 \u00a0 \u00a0 \u00a0 \u00a0 <a style=\"color: #ffffff;\" href=\"https:\/\/zaverecne-prace.ucimesaweby.sk\/baricova\/wp-content\/uploads\/2024\/04\/Umela-inteligence-5_zmenseny.pdf\">Umela inteligence 5<\/a>.pdf \u00a0\u00a0 \u00a0\u00a0 \u00a0\u00a0 \u00a0\u00a0 \u00a0\u00a0 \u00a0\u00a0 \u00a0\u00a0 \u00a0\u00a0 \u00a0\u00a0 \u00a0\u00a0 \u00a0\u00a0 \u00a0\u00a0<a style=\"color: #ffffff;\" href=\"https:\/\/zaverecne-prace.ucimesaweby.sk\/baricova\/wp-content\/uploads\/2024\/04\/Umela-inteligence-6_zmenseny.pdf\">Umela inteligence 6.pdf<\/a><\/span><\/p><\/div>\n\t\t\t\t<\/div>\n\t\t\t\t\t\t\t\t<\/div>\n\t\t\t\t<\/div>\n\t\t\t\t<\/div>\n\t\t\t\t\t<\/div>\n\t\t\t\t<\/div>\n\t\t\t\t<\/div>\n\t\t","protected":false},"excerpt":{"rendered":"<p>\u00davod do umelej inteligencie a expertn\u00e9 syst\u00e9my Sylabus Sylaby k predmetu Podmienky Podmienky predmetu Odpor\u00fa\u010dan\u00e1 literat\u00fara KIMLI\u010cKA, \u0160. Princ\u00edpy informa\u010dn\u00fdch [&hellip;]<\/p>\n","protected":false},"author":2,"featured_media":0,"parent":0,"menu_order":0,"comment_status":"closed","ping_status":"closed","template":"","meta":{"site-sidebar-layout":"no-sidebar","site-content-layout":"","ast-site-content-layout":"full-width-container","site-content-style":"default","site-sidebar-style":"default","ast-global-header-display":"","ast-banner-title-visibility":"","ast-main-header-display":"","ast-hfb-above-header-display":"","ast-hfb-below-header-display":"","ast-hfb-mobile-header-display":"","site-post-title":"disabled","ast-breadcrumbs-content":"","ast-featured-img":"disabled","footer-sml-layout":"","theme-transparent-header-meta":"","adv-header-id-meta":"","stick-header-meta":"","header-above-stick-meta":"","header-main-stick-meta":"","header-below-stick-meta":"","astra-migrate-meta-layouts":"default","ast-page-background-enabled":"default","ast-page-background-meta":{"desktop":{"background-color":"var(--ast-global-color-4)","background-image":"","background-repeat":"repeat","background-position":"center center","background-size":"auto","background-attachment":"scroll","background-type":"","background-media":"","overlay-type":"","overlay-color":"","overlay-gradient":""},"tablet":{"background-color":"","background-image":"","background-repeat":"repeat","background-position":"center center","background-size":"auto","background-attachment":"scroll","background-type":"","background-media":"","overlay-type":"","overlay-color":"","overlay-gradient":""},"mobile":{"background-color":"","background-image":"","background-repeat":"repeat","background-position":"center center","background-size":"auto","background-attachment":"scroll","background-type":"","background-media":"","overlay-type":"","overlay-color":"","overlay-gradient":""}},"ast-content-background-meta":{"desktop":{"background-color":"var(--ast-global-color-5)","background-image":"","background-repeat":"repeat","background-position":"center center","background-size":"auto","background-attachment":"scroll","background-type":"","background-media":"","overlay-type":"","overlay-color":"","overlay-gradient":""},"tablet":{"background-color":"var(--ast-global-color-5)","background-image":"","background-repeat":"repeat","background-position":"center center","background-size":"auto","background-attachment":"scroll","background-type":"","background-media":"","overlay-type":"","overlay-color":"","overlay-gradient":""},"mobile":{"background-color":"var(--ast-global-color-5)","background-image":"","background-repeat":"repeat","background-position":"center center","background-size":"auto","background-attachment":"scroll","background-type":"","background-media":"","overlay-type":"","overlay-color":"","overlay-gradient":""}},"footnotes":""},"class_list":["post-330","page","type-page","status-publish","hentry"],"_links":{"self":[{"href":"https:\/\/zaverecne-prace.ucimesaweby.sk\/baricova\/wp-json\/wp\/v2\/pages\/330","targetHints":{"allow":["GET"]}}],"collection":[{"href":"https:\/\/zaverecne-prace.ucimesaweby.sk\/baricova\/wp-json\/wp\/v2\/pages"}],"about":[{"href":"https:\/\/zaverecne-prace.ucimesaweby.sk\/baricova\/wp-json\/wp\/v2\/types\/page"}],"author":[{"embeddable":true,"href":"https:\/\/zaverecne-prace.ucimesaweby.sk\/baricova\/wp-json\/wp\/v2\/users\/2"}],"replies":[{"embeddable":true,"href":"https:\/\/zaverecne-prace.ucimesaweby.sk\/baricova\/wp-json\/wp\/v2\/comments?post=330"}],"version-history":[{"count":20,"href":"https:\/\/zaverecne-prace.ucimesaweby.sk\/baricova\/wp-json\/wp\/v2\/pages\/330\/revisions"}],"predecessor-version":[{"id":452,"href":"https:\/\/zaverecne-prace.ucimesaweby.sk\/baricova\/wp-json\/wp\/v2\/pages\/330\/revisions\/452"}],"wp:attachment":[{"href":"https:\/\/zaverecne-prace.ucimesaweby.sk\/baricova\/wp-json\/wp\/v2\/media?parent=330"}],"curies":[{"name":"wp","href":"https:\/\/api.w.org\/{rel}","templated":true}]}}