{"id":154,"date":"2024-04-19T18:52:18","date_gmt":"2024-04-19T16:52:18","guid":{"rendered":"https:\/\/zaverecne-prace.ucimesaweby.sk\/baricova\/?page_id=154"},"modified":"2024-04-30T11:58:09","modified_gmt":"2024-04-30T09:58:09","slug":"elementor-154","status":"publish","type":"page","link":"https:\/\/zaverecne-prace.ucimesaweby.sk\/baricova\/elementor-154\/","title":{"rendered":"Zadanie 2"},"content":{"rendered":"\t\t<div data-elementor-type=\"wp-page\" data-elementor-id=\"154\" class=\"elementor elementor-154\">\n\t\t\t\t<div class=\"elementor-element elementor-element-631b085 e-flex e-con-boxed e-con e-parent\" data-id=\"631b085\" data-element_type=\"container\">\n\t\t\t\t\t<div class=\"e-con-inner\">\n\t\t\t\t<div class=\"elementor-element elementor-element-a4806ae elementor-widget elementor-widget-heading\" data-id=\"a4806ae\" data-element_type=\"widget\" data-widget_type=\"heading.default\">\n\t\t\t\t<div class=\"elementor-widget-container\">\n\t\t\t<style>\/*! elementor - v3.21.0 - 15-04-2024 *\/\n.elementor-heading-title{padding:0;margin:0;line-height:1}.elementor-widget-heading .elementor-heading-title[class*=elementor-size-]>a{color:inherit;font-size:inherit;line-height:inherit}.elementor-widget-heading .elementor-heading-title.elementor-size-small{font-size:15px}.elementor-widget-heading .elementor-heading-title.elementor-size-medium{font-size:19px}.elementor-widget-heading .elementor-heading-title.elementor-size-large{font-size:29px}.elementor-widget-heading .elementor-heading-title.elementor-size-xl{font-size:39px}.elementor-widget-heading .elementor-heading-title.elementor-size-xxl{font-size:59px}<\/style><h2 class=\"elementor-heading-title elementor-size-default\">Gener\u00e1tor viet<\/h2>\t\t<\/div>\n\t\t\t\t<\/div>\n\t\t\t\t<div class=\"elementor-element elementor-element-d7bf114 elementor-widget elementor-widget-spacer\" data-id=\"d7bf114\" data-element_type=\"widget\" data-widget_type=\"spacer.default\">\n\t\t\t\t<div class=\"elementor-widget-container\">\n\t\t\t<style>\/*! elementor - v3.21.0 - 15-04-2024 *\/\n.elementor-column .elementor-spacer-inner{height:var(--spacer-size)}.e-con{--container-widget-width:100%}.e-con-inner>.elementor-widget-spacer,.e-con>.elementor-widget-spacer{width:var(--container-widget-width,var(--spacer-size));--align-self:var(--container-widget-align-self,initial);--flex-shrink:0}.e-con-inner>.elementor-widget-spacer>.elementor-widget-container,.e-con>.elementor-widget-spacer>.elementor-widget-container{height:100%;width:100%}.e-con-inner>.elementor-widget-spacer>.elementor-widget-container>.elementor-spacer,.e-con>.elementor-widget-spacer>.elementor-widget-container>.elementor-spacer{height:100%}.e-con-inner>.elementor-widget-spacer>.elementor-widget-container>.elementor-spacer>.elementor-spacer-inner,.e-con>.elementor-widget-spacer>.elementor-widget-container>.elementor-spacer>.elementor-spacer-inner{height:var(--container-widget-height,var(--spacer-size))}.e-con-inner>.elementor-widget-spacer.elementor-widget-empty,.e-con>.elementor-widget-spacer.elementor-widget-empty{position:relative;min-height:22px;min-width:22px}.e-con-inner>.elementor-widget-spacer.elementor-widget-empty .elementor-widget-empty-icon,.e-con>.elementor-widget-spacer.elementor-widget-empty .elementor-widget-empty-icon{position:absolute;top:0;bottom:0;left:0;right:0;margin:auto;padding:0;width:22px;height:22px}<\/style>\t\t<div class=\"elementor-spacer\">\n\t\t\t<div class=\"elementor-spacer-inner\"><\/div>\n\t\t<\/div>\n\t\t\t\t<\/div>\n\t\t\t\t<\/div>\n\t\t\t\t<div class=\"elementor-element elementor-element-68fdb9c elementor-drop-cap-yes elementor-drop-cap-view-default elementor-widget elementor-widget-text-editor\" data-id=\"68fdb9c\" data-element_type=\"widget\" data-settings=\"{&quot;drop_cap&quot;:&quot;yes&quot;}\" data-widget_type=\"text-editor.default\">\n\t\t\t\t<div class=\"elementor-widget-container\">\n\t\t\t<style>\/*! elementor - v3.21.0 - 15-04-2024 *\/\n.elementor-widget-text-editor.elementor-drop-cap-view-stacked .elementor-drop-cap{background-color:#69727d;color:#fff}.elementor-widget-text-editor.elementor-drop-cap-view-framed .elementor-drop-cap{color:#69727d;border:3px solid;background-color:transparent}.elementor-widget-text-editor:not(.elementor-drop-cap-view-default) .elementor-drop-cap{margin-top:8px}.elementor-widget-text-editor:not(.elementor-drop-cap-view-default) .elementor-drop-cap-letter{width:1em;height:1em}.elementor-widget-text-editor .elementor-drop-cap{float:left;text-align:center;line-height:1;font-size:50px}.elementor-widget-text-editor .elementor-drop-cap-letter{display:inline-block}<\/style>\t\t\t\t<p><span style=\"color: #ffffff;\"><a style=\"color: #ffffff;\" href=\"https:\/\/zaverecne-prace.ucimesaweby.sk\/baricova\/wp-content\/uploads\/2024\/04\/Zadanie-c.2.docx\">Zadanie \u010d.2<\/a><\/span><\/p>\t\t\t\t\t\t<\/div>\n\t\t\t\t<\/div>\n\t\t\t\t<div class=\"elementor-element elementor-element-6d3d3a1 elementor-widget elementor-widget-shortcode\" data-id=\"6d3d3a1\" data-element_type=\"widget\" data-widget_type=\"shortcode.default\">\n\t\t\t\t<div class=\"elementor-widget-container\">\n\t\t\t\t\t<div class=\"elementor-shortcode\"><!DOCTYPE html>\n<html lang=\"sk\">\n<head>\n    <meta charset=\"UTF-8\">\n    <meta name=\"viewport\" content=\"width=device-width, initial-scale=1.0\">\n    <title>Gener\u00e1tor viet<\/title>\n<\/head>\n<body>\n    <h1 style=\"display: none;\">Gener\u00e1tor viet<\/h1>\n    <form style=\"display: flex; flex-direction: column; align-items: center;\">\n        <h2 style=\"color: white; font-size: 24px; margin-bottom: 20px;\">Zadajte men\u00e1 (oddelen\u00e9 \u010diarkou):<\/h2>\n        <input type=\"text\" id=\"mena\" name=\"mena\" oninput=\"checkFilled()\"><br><br>\n        <button type=\"button\" id=\"generate\" name=\"generate\" onclick=\"generateAndDownload()\" disabled>Generuj<\/button>\n    <\/form>\n\n    <script>\n        var generated = false; \/\/ Udr\u017eujeme stav, \u010di u\u017e boli vygenerovan\u00e9 vety\n\n        function checkFilled() {\n            var inputVal = document.getElementById(\"mena\").value;\n            if (inputVal !== \"\" && !generated) { \/\/ Tla\u010didlo \"Generuj\" je aktivovan\u00e9 iba ak s\u00fa zadan\u00e9 men\u00e1 a vety e\u0161te neboli vygenerovan\u00e9\n                document.getElementById(\"generate\").removeAttribute(\"disabled\");\n            } else {\n                document.getElementById(\"generate\").setAttribute(\"disabled\", \"disabled\");\n            }\n        }\n\n        function generateAndDownload() {\n            var mena = document.getElementById(\"mena\").value.split(\",\"); \/\/ Rozdel\u00edme zadan\u00e9 men\u00e1 pod\u013ea \u010diarky\n            var text = \"\"; \/\/ Inicializujeme pr\u00e1zdny re\u0165azec pre vytvorenie obsahu s\u00faboru\n\n            mena.forEach(function(meno) { \/\/ Pre ka\u017ed\u00e9 zadan\u00e9 meno\n                var vety = [\n                    \"Nie ka\u017ed\u00fd talentovan\u00fd(T) spisovate\u013e (S) je sl\u00e1vny(Sl)\",\n                    \"Niektor\u00ed sa prihl\u00e1sili(P) a nepri\u0161li(N)\",\n                    \"Kto seje vietor(V), ten \u017ene b\u00farku(B)\",\n                    \"V\u0161etko je dobr\u00e9(D) , \u010do dobre kon\u010d\u00ed(K)\",\n                    \"Niektor\u00ed \u00fa\u010dastn\u00edci(U) b\u00fdvaj\u00fa v hoteli(H)\",\n                    \"Niekto pri\u0161iel(P) a nezazvonil(Z)\",\n                    \"Posluch\u00e1\u010di prv\u00e9ho(P) a druh\u00e9ho(D) ro\u010dn\u00edku maj\u00fa z\u00e1pis(Z) 1. okt\u00f3bra\",\n                    \"Nie je pravda, \u017ee v\u0161etci odovzdali(O) svoje prihl\u00e1\u0161ky\",\n                    \"Niektor\u00ed \u0161tudenti(S) nie s\u00fa ani nadan\u00ed(N), ani pracovit\u00ed(P)\",\n                    \"Niektor\u00e9 listy(L) boli odoslan\u00e9(O) a niektor\u00e9 nie\",\n                    \"V\u0161etci zamestnanci (Z) pou\u017e\u00edvaj\u00fa v\u00fd\u0165ah (V)\",\n                    \"Niektor\u00ed m\u00fadri \u013eudia (M) s\u00fa leniv\u00ed (L)\",\n                    \"Nie ka\u017ed\u00fd \u010dlovek (C), ktor\u00fd ve\u013ea hovor\u00ed (H), nem\u00e1 \u010do poveda\u0165 (P)\",\n                    \"Iba zamestnanci (Z) pou\u017e\u00edvaj\u00fa v\u00fd\u0165ah (V)\",\n                    \"V\u0161etky borovice (B) s\u00fa st\u00e1le zelen\u00e9 (Z)\",\n                    \"Niekto tankuje benz\u00edn (B) a niekto naftu(N)\",\n                    \"Niekto tankuje benz\u00edn (B) ale aj naftu(N)\",\n                    \"Niektor\u00e9 \u017eaby (Z) nie s\u00fa zelen\u00e9 (Ze)\",\n                    \"Nie je pravda, \u017ee v\u0161etky \u017eaby(Z) s\u00fa zelen\u00e9 (Ze)\",\n                    \"Benz\u00ednov\u00e9 auto(B), ale aj naftov\u00e9 auto(N) mus\u00ed sp\u013a\u0148a\u0165 emisn\u00fa normu(E)\",\n                    \"Ak \u0161tudent(S) nez\u00edska dostatok bodov (B), nez\u00edska hodnotenie (H) a mus\u00ed opakova\u0165 predmet (O)\",\n                    \"Nie je pravda, \u017ee ak niekto zabudne heslo(H), nedok\u00e1\u017ee ho obnovi\u0165(O)\",\n                    \"Formula je splnite\u013en\u00e1(F) iba vtedy a len vtedy, ak exituje jej interpret\u00e1cia(I)\",\n                    \"Ka\u017ed\u00e9 indiv\u00edduum(I), ktor\u00e9 je opica(O), miluje ban\u00e1ny(B)\",\n                    \"Priatelia(P) ti daj\u00fa facku(F), iba vtedy a len vtedy, ke\u010f ich oklame\u0161(O)\",\n                    \"Nikto, kto neurobil vodi\u010dsk\u00fd preukaz(P), nem\u00f4\u017ee \u0161of\u00e9rova\u0165 vozidlo (V)\",\n                    \"Niektor\u00ed \u0161tudenti(S) s\u00fa inteligentn\u00ed (I) a tvrdo pracuj\u00faci (P)\",\n                    \"Niektor\u00e9 lieky(L) s\u00fa nebezpe\u010dn\u00e9(N), ak sa u\u017e\u00edvaj\u00fa v nadmernom mno\u017estve(M)\",\n                    \"Ka\u017ed\u00e9 ovocie(O) a zelenina(Z) je zdrav\u00e9(D) a v\u00fd\u017eivn\u00e9(V)\",\n                    \"\u010coko\u013evek vyvol\u00e1va p\u00f4\u017eitok(P) je nemor\u00e1lne (M), nez\u00e1konn\u00e9 (Z) alebo nezdrav\u00e9. (D)\",\n                    \"U\u010dite\u013e (U) je dobr\u00fd predn\u00e1\u0161aj\u00faci(P) vtedy a len vtedy ak je dobre informovan\u00fd(I) a z\u00e1rove\u0148 zauj\u00edmav\u00fd.(Z)\",\n                    \"V\u0161etko, \u010do sa leskne(L), nie je zlato (Z)\",\n                    \"Nie v\u0161etko \u010do sa leskne(L) je zlato(Z)\",\n                    \"\u017diadny n\u00e1v\u0161tevn\u00edk(N) nezostal na ve\u010deru (V)\",\n                    \"Automobil (A) star\u0161\u00ed ako 10 rokov(S) nebude opraven\u00fd (O), ak je v\u00e1\u017ene po\u0161koden\u00fd. (P)\",\n\t\t\t\t\t\"Niekto je \u0161\u0165astn\u00fd (S), ale nie je bohat\u00fd (B).\",\n\t\t\t\t\t\"\u017diadna rastlina (R) nie je zvieratko (Z).\",\n\t\t\t\t\t\"Niekto je star\u0161\u00ed ako 30 rokov (S), ale nie je d\u00f4chodca (D).\",\n\t\t\t\t\t\"Ka\u017ed\u00e9 die\u0165a (D), ktor\u00e9 sa hr\u00e1 vonku (V) m\u00f4\u017ee c\u00edti\u0165 rados\u0165 (R).\",\n\t\t\t\t\t\"Niekto vie hovori\u0165 po anglicky (A) a \u0161panielsky (\u0160).\",\n\t\t\t\t\t\"Ka\u017ed\u00fd pes (P) m\u00e1 chvost (C).\",\n\t\t\t\t\t\"Niekto m\u00e1 r\u00e1d hudbu (H) a \u0161port (S) z\u00e1rove\u0148.\",\n\t\t\t\t\t\"V\u0161etky kvety (K) s\u00fa kr\u00e1sne (Kr).\",\n\t\t\t\t\t\"Niektor\u00ed \u013eudia (L) maj\u00fa alergiu na rozto\u010de (A) a prach (P).\",\n\t\t\t\t\t\"Ka\u017ed\u00e9 auto (A) m\u00e1 volant (V) a pneumatiky (P).\",\n\t\t\t\t\t\"Niekto je vysok\u00fd (V) a chud\u00fd (Ch) z\u00e1rove\u0148.\",\n\t\t\t\t\t\"\u017diadna ryba (R) nie je cicavec (C).\",\n\t\t\t\t\t\"V\u0161etky knihy (K) s\u00fa  z\u00e1kladom vzdelania (V).\",\n\t\t\t\t\t\"Niekto je \u0161\u0165astn\u00fd (S), ale chudobn\u00fd (C) pri\u010dom chod\u00ed do pr\u00e1ce (P).\",\n\t\t\t\t\t\"Ka\u017ed\u00e9 die\u0165a (D) m\u00e1 rodi\u010da (R) a u\u010dite\u013ea (U).\",\n\t\t\t\t\t\"Niekto m\u00e1 r\u00e1d hudbu (H) a \u0161port (S) len vtedy, ak m\u00e1 talent (T).\",\n\t\t\t\t\t\"Niekto je \u0161\u0165astn\u00fd (S) len vtedy, ak je \u00faspe\u0161n\u00fd (U) a spokojn\u00fd (Sp).\",\n\t\t\t\t\t\"Ka\u017ed\u00fd \u0161tudent (S) sa u\u010d\u00ed (U) a zd\u00e1 sa, \u017ee m\u00e1 rad\u0161ej (R) matematiku (M) len vtedy, ak je inteligentn\u00fd (I).\",\n\t\t\t\t\t\"Niekto miluje \u010d\u00edtanie (C) a p\u00edsanie (P) len vtedy, ak je kreat\u00edvny (K).\",\n\t\t\t\t\t\"V\u0161etci umelci (U) s\u00fa \u0161\u0165astn\u00ed (S) len vtedy, ak maj\u00fa in\u0161pir\u00e1ciu (I) a tvoria diela (TD).\"\n                ];\n\n                \/\/ Funkcia pre generovanie 5 n\u00e1hodn\u00fdch, unik\u00e1tnych viet\n                function generujVety(pole) {\n                    var vybrane_vety = [];\n                    var usedIndexes = []; \/\/ Pole na uchov\u00e1vanie pou\u017eit\u00fdch indexov\n                    while (vybrane_vety.length < 5) {\n                        var index = Math.floor(Math.random() * pole.length);\n                        if (!usedIndexes.includes(index)) {\n                            vybrane_vety.push(pole[index]);\n                            usedIndexes.push(index);\n                        }\n                    }\n                    return vybrane_vety;\n                }\n\n                var vybrane_vety = generujVety(vety);\n\n                text += \"Vygenerovan\u00e9 vety pre \" + meno + \":\\n\"; \/\/ N\u00e1zov sekcie pre jednotliv\u00e9 meno\n                vybrane_vety.forEach(function(veta, index) {\n                    text += \"Veta \" + (index + 1) + \": \" + veta + \"\\n\"; \/\/ Prid\u00e1me vygenerovan\u00e9 vety\n                });\n\n                text += \"\\n\"; \/\/ Oddelenie sekci\u00ed pre jednotliv\u00e9 men\u00e1\n            });\n\n            \/\/ Vytvor s\u00fabor vo form\u00e1te .txt\n            var blob = new Blob([text], { type: \"text\/plain\" });\n            var url = URL.createObjectURL(blob);\n\n            \/\/ Vytvor a spusti\u0165 odkaz na s\u0165ahovanie\n            var a = document.createElement(\"a\");\n            a.href = url;\n            a.download = \"vygenerovane_vety.txt\"; \/\/ N\u00e1zov s\u00faboru\n            document.body.appendChild(a);\n            a.click();\n\n            \/\/ Uvo\u013eni\u0165 URL objektu po stiahnut\u00ed\n            URL.revokeObjectURL(url);\n\n            \/\/ Deaktivuj tla\u010didlo \"Generuj\" po vygenerovan\u00ed viet\n            document.getElementById(\"generate\").setAttribute(\"disabled\", \"disabled\");\n            generated = true; \/\/ Nastav\u00edme, \u017ee vety boli vygenerovan\u00e9\n        }\n    <\/script>\n\n<\/body>\n<\/html>\n<\/div>\n\t\t\t\t<\/div>\n\t\t\t\t<\/div>\n\t\t\t\t\t<\/div>\n\t\t\t\t<\/div>\n\t\t\t\t<\/div>\n\t\t","protected":false},"excerpt":{"rendered":"<p>Gener\u00e1tor viet Zadanie \u010d.2 Gener\u00e1tor viet Gener\u00e1tor viet Zadajte men\u00e1 (oddelen\u00e9 \u010diarkou): Generuj<\/p>\n","protected":false},"author":2,"featured_media":0,"parent":0,"menu_order":0,"comment_status":"closed","ping_status":"closed","template":"","meta":{"site-sidebar-layout":"no-sidebar","site-content-layout":"","ast-site-content-layout":"full-width-container","site-content-style":"default","site-sidebar-style":"default","ast-global-header-display":"","ast-banner-title-visibility":"","ast-main-header-display":"","ast-hfb-above-header-display":"","ast-hfb-below-header-display":"","ast-hfb-mobile-header-display":"","site-post-title":"disabled","ast-breadcrumbs-content":"","ast-featured-img":"disabled","footer-sml-layout":"","theme-transparent-header-meta":"","adv-header-id-meta":"","stick-header-meta":"","header-above-stick-meta":"","header-main-stick-meta":"","header-below-stick-meta":"","astra-migrate-meta-layouts":"default","ast-page-background-enabled":"default","ast-page-background-meta":{"desktop":{"background-color":"var(--ast-global-color-4)","background-image":"","background-repeat":"repeat","background-position":"center center","background-size":"auto","background-attachment":"scroll","background-type":"","background-media":"","overlay-type":"","overlay-color":"","overlay-gradient":""},"tablet":{"background-color":"","background-image":"","background-repeat":"repeat","background-position":"center center","background-size":"auto","background-attachment":"scroll","background-type":"","background-media":"","overlay-type":"","overlay-color":"","overlay-gradient":""},"mobile":{"background-color":"","background-image":"","background-repeat":"repeat","background-position":"center center","background-size":"auto","background-attachment":"scroll","background-type":"","background-media":"","overlay-type":"","overlay-color":"","overlay-gradient":""}},"ast-content-background-meta":{"desktop":{"background-color":"var(--ast-global-color-5)","background-image":"","background-repeat":"repeat","background-position":"center center","background-size":"auto","background-attachment":"scroll","background-type":"","background-media":"","overlay-type":"","overlay-color":"","overlay-gradient":""},"tablet":{"background-color":"var(--ast-global-color-5)","background-image":"","background-repeat":"repeat","background-position":"center center","background-size":"auto","background-attachment":"scroll","background-type":"","background-media":"","overlay-type":"","overlay-color":"","overlay-gradient":""},"mobile":{"background-color":"var(--ast-global-color-5)","background-image":"","background-repeat":"repeat","background-position":"center center","background-size":"auto","background-attachment":"scroll","background-type":"","background-media":"","overlay-type":"","overlay-color":"","overlay-gradient":""}},"footnotes":""},"class_list":["post-154","page","type-page","status-publish","hentry"],"_links":{"self":[{"href":"https:\/\/zaverecne-prace.ucimesaweby.sk\/baricova\/wp-json\/wp\/v2\/pages\/154","targetHints":{"allow":["GET"]}}],"collection":[{"href":"https:\/\/zaverecne-prace.ucimesaweby.sk\/baricova\/wp-json\/wp\/v2\/pages"}],"about":[{"href":"https:\/\/zaverecne-prace.ucimesaweby.sk\/baricova\/wp-json\/wp\/v2\/types\/page"}],"author":[{"embeddable":true,"href":"https:\/\/zaverecne-prace.ucimesaweby.sk\/baricova\/wp-json\/wp\/v2\/users\/2"}],"replies":[{"embeddable":true,"href":"https:\/\/zaverecne-prace.ucimesaweby.sk\/baricova\/wp-json\/wp\/v2\/comments?post=154"}],"version-history":[{"count":58,"href":"https:\/\/zaverecne-prace.ucimesaweby.sk\/baricova\/wp-json\/wp\/v2\/pages\/154\/revisions"}],"predecessor-version":[{"id":437,"href":"https:\/\/zaverecne-prace.ucimesaweby.sk\/baricova\/wp-json\/wp\/v2\/pages\/154\/revisions\/437"}],"wp:attachment":[{"href":"https:\/\/zaverecne-prace.ucimesaweby.sk\/baricova\/wp-json\/wp\/v2\/media?parent=154"}],"curies":[{"name":"wp","href":"https:\/\/api.w.org\/{rel}","templated":true}]}}